{"id":68643,"date":"2026-04-22T18:12:22","date_gmt":"2026-04-22T16:12:22","guid":{"rendered":"https:\/\/memorabilia-germany.de\/produkt\/2026-keepsake-pieces-of-the-past-roaring-20sone-time-edition-hobby-box\/"},"modified":"2026-04-22T18:28:23","modified_gmt":"2026-04-22T16:28:23","slug":"2026-keepsake-pieces-of-the-past-roaring-20sone-time-edition-hobby-box","status":"publish","type":"product","link":"https:\/\/memorabilia-germany.de\/fr\/produit\/2026-keepsake-pieces-of-the-past-roaring-20sone-time-edition-hobby-box\/","title":{"rendered":"2026 Keepsake Pieces of the Past Roaring 20&rsquo;s<\/br>One Time Edition (Hobby Box)"},"content":{"rendered":"<p style=\"text-align: center;\"><strong>Vous trouverez ici un aper\u00e7u de quelques-uns des noms c\u00e9l\u00e8bres de cette s\u00e9rie :<\/strong><\/p>\n<p style=\"text-align: center;\">Ernest Hemingway<br \/>\nAlbert Einstein<br \/>\nFranklin D. Roosevelt<br \/>\nWinston Churchill<br \/>\nAl Capone<br \/>\nCharlie Chaplin<br \/>\nNikola Tesla<br \/>\nMarie Curie<br \/>\nSigmund Freud<br \/>\nThomas Edison<br \/>\nNiels Bohr<br \/>\nHenry Ford<br \/>\nLucky Luciano<br \/>\nBugsy Siegel<br \/>\nAmelia Earhart<br \/>\nJoseph Pulitzer<br \/>\nHoward Carter<br \/>\nRoald Amundsen<br \/>\nMeyer Lansky<br \/>\nEdwin Hubble<br \/>\nJohn B. Watson<br \/>\nFrank Costello<br \/>\nWilliam Randolph Hearst<br \/>\nRichard Warren Sears<br \/>\nScott Fitzgerald<br \/>\nT.S. Eliot<br \/>\nLangston Hughes<br \/>\nRoger Babson<br \/>\nGeorge Paish<\/p>\n<p>Vous pouvez trouver plus de Trading Cards <strong><a href=\"https:\/\/memorabilia-germany.de\/fr\/trading-cards-2\/\">ici<\/a><\/strong>.<\/p>\n","protected":false},"excerpt":{"rendered":"<p><strong>Les \u00ab\u00a0Roaring 20&rsquo;s\u00a0\u00bb &#8211; une d\u00e9cennie qui r\u00e9sonne encore aujourd&rsquo;hui comme le son lointain du jazz dans un bar enfum\u00e9. C&rsquo;\u00e9tait l&rsquo;\u00e9poque de l&rsquo;effervescence, des extr\u00eames et de la joie de vivre \u00e0 l&rsquo;\u00e9tat pur. Entre les lumi\u00e8res scintillantes, les f\u00eates interdites et un monde en pleine mutation, une \u00e8re a vu le jour o\u00f9 les r\u00eaves \u00e9taient plus grands que jamais. L&rsquo;\u00e9l\u00e9gance c\u00f4toyait la r\u00e9bellion, le glamour le myst\u00e8re &#8211; et l&rsquo;histoire n&rsquo;\u00e9tait pas \u00e9crite, mais v\u00e9cue.   <\/strong><\/p>\n<p><strong>C&rsquo;est exactement ce sentiment que capturent les cartes de cette \u00e9dition. Plus que de simples objets de collection, elles sont des fragments d&rsquo;une \u00e9poque o\u00f9 chaque nuit semblait interminable et o\u00f9 chaque moment avait une signification. Chaque carte raconte sa propre histoire d&rsquo;un monde rempli d&rsquo;ic\u00f4nes, de l\u00e9gendes et de moments inoubliables.  <\/strong><\/p>\n<p><strong>Super Break, le leader am\u00e9ricain des Trading Cards de divertissement, offre dans cette \u00e9dition un acc\u00e8s exclusif aux l\u00e9gendes des Roaring 20&rsquo;s &#8211; captur\u00e9es dans des reliques rares, des autographes originaux et des documents exceptionnels avec une r\u00e9f\u00e9rence historique authentique.<\/strong><\/p>\n<ul style=\"list-style-type: square;\">\n<li>Contenu de la bo\u00eete : 1 Keepsake Relic Card (garantie)<\/li>\n<li>\u00c9tat : non ouvert et original sous film plastique<\/li>\n<li>Th\u00e8me : C\u00e9l\u00e9brit\u00e9s &amp; personnalit\u00e9s de l&rsquo;histoire (divertissement, politique, art, science, etc.)<\/li>\n<li>Film: Factory sealed sealed. La bo\u00eete est soud\u00e9e dans le film d&rsquo;origine du fabricant. <\/li>\n<li>Marque : Super Break<\/li>\n<li>Pays : \u00c9tats-Unis<\/li>\n<li>Trouvez des Relic Cards, des Autograph Cut et des documents manuscrits de personnalit\u00e9s c\u00e9l\u00e8bres comme Albert Einstein, Charlie Chaplin, Winston Churchill, Al Capone, Sigmund Freud ou Ernest Hemingway.<\/li>\n<li>La s\u00e9rie contient des reliques passionnantes telles que des titres d&rsquo;actions, des documents pr\u00e9sidentiels originaux, des reliques de krach boursier, des lettres manuscrites anciennes et bien plus encore !<\/li>\n<li>Trouvez \u00e9galement des Triples, Quadruples &amp; Jumbo Relics rares !<\/li>\n<\/ul>\n","protected":false},"featured_media":68624,"template":"","meta":{"_acf_changed":false,"ocean_post_layout":"","ocean_both_sidebars_style":"","ocean_both_sidebars_content_width":0,"ocean_both_sidebars_sidebars_width":0,"ocean_sidebar":"0","ocean_second_sidebar":"0","ocean_disable_margins":"enable","ocean_add_body_class":"","ocean_shortcode_before_top_bar":"","ocean_shortcode_after_top_bar":"","ocean_shortcode_before_header":"","ocean_shortcode_after_header":"","ocean_has_shortcode":"","ocean_shortcode_after_title":"","ocean_shortcode_before_footer_widgets":"","ocean_shortcode_after_footer_widgets":"","ocean_shortcode_before_footer_bottom":"","ocean_shortcode_after_footer_bottom":"","ocean_display_top_bar":"default","ocean_display_header":"default","ocean_header_style":"","ocean_center_header_left_menu":"0","ocean_custom_header_template":"0","ocean_custom_logo":0,"ocean_custom_retina_logo":0,"ocean_custom_logo_max_width":0,"ocean_custom_logo_tablet_max_width":0,"ocean_custom_logo_mobile_max_width":0,"ocean_custom_logo_max_height":0,"ocean_custom_logo_tablet_max_height":0,"ocean_custom_logo_mobile_max_height":0,"ocean_header_custom_menu":"0","ocean_menu_typo_font_family":"0","ocean_menu_typo_font_subset":"","ocean_menu_typo_font_size":0,"ocean_menu_typo_font_size_tablet":0,"ocean_menu_typo_font_size_mobile":0,"ocean_menu_typo_font_size_unit":"px","ocean_menu_typo_font_weight":"","ocean_menu_typo_font_weight_tablet":"","ocean_menu_typo_font_weight_mobile":"","ocean_menu_typo_transform":"","ocean_menu_typo_transform_tablet":"","ocean_menu_typo_transform_mobile":"","ocean_menu_typo_line_height":0,"ocean_menu_typo_line_height_tablet":0,"ocean_menu_typo_line_height_mobile":0,"ocean_menu_typo_line_height_unit":"","ocean_menu_typo_spacing":0,"ocean_menu_typo_spacing_tablet":0,"ocean_menu_typo_spacing_mobile":0,"ocean_menu_typo_spacing_unit":"","ocean_menu_link_color":"","ocean_menu_link_color_hover":"","ocean_menu_link_color_active":"","ocean_menu_link_background":"","ocean_menu_link_hover_background":"","ocean_menu_link_active_background":"","ocean_menu_social_links_bg":"","ocean_menu_social_hover_links_bg":"","ocean_menu_social_links_color":"","ocean_menu_social_hover_links_color":"","ocean_disable_title":"default","ocean_disable_heading":"default","ocean_post_title":"","ocean_post_subheading":"","ocean_post_title_style":"","ocean_post_title_background_color":"","ocean_post_title_background":0,"ocean_post_title_bg_image_position":"","ocean_post_title_bg_image_attachment":"","ocean_post_title_bg_image_repeat":"","ocean_post_title_bg_image_size":"","ocean_post_title_height":0,"ocean_post_title_bg_overlay":0.5,"ocean_post_title_bg_overlay_color":"","ocean_disable_breadcrumbs":"default","ocean_breadcrumbs_color":"","ocean_breadcrumbs_separator_color":"","ocean_breadcrumbs_links_color":"","ocean_breadcrumbs_links_hover_color":"","ocean_display_footer_widgets":"default","ocean_display_footer_bottom":"default","ocean_custom_footer_template":"0","ofc_enable_fullscreen":"disable","ofc_fullscreen_speed":0,"ofc_fullscreen_nav":"enable","ofc_fullscreen_nav_pos":"right","ofc_fullscreen_nav_color":"","ofc_fullscreen_nav_tooltip_color":"","ofc_fullscreen_responsive":0},"product_brand":[],"product_cat":[4371],"product_tag":[],"class_list":{"0":"post-68643","1":"product","2":"type-product","3":"status-publish","4":"has-post-thumbnail","6":"product_cat-2026-keepsake-pieces-of-the-past-roaring-20s-one-time-edition-hobby-box","7":"product_shipping_class-classe-dexpedition_a","9":"entry","10":"has-media","12":"first","13":"instock","14":"taxable","15":"shipping-taxable","16":"purchasable","17":"product-type-simple","18":"col","19":"span_1_of_4","20":"owp-content-center","21":"owp-thumbs-layout-horizontal","22":"owp-btn-normal","23":"owp-tabs-layout-horizontal"},"acf":[],"_links":{"self":[{"href":"https:\/\/memorabilia-germany.de\/fr\/wp-json\/wp\/v2\/product\/68643","targetHints":{"allow":["GET"]}}],"collection":[{"href":"https:\/\/memorabilia-germany.de\/fr\/wp-json\/wp\/v2\/product"}],"about":[{"href":"https:\/\/memorabilia-germany.de\/fr\/wp-json\/wp\/v2\/types\/product"}],"version-history":[{"count":0,"href":"https:\/\/memorabilia-germany.de\/fr\/wp-json\/wp\/v2\/product\/68643\/revisions"}],"wp:featuredmedia":[{"embeddable":true,"href":"https:\/\/memorabilia-germany.de\/fr\/wp-json\/wp\/v2\/media\/68624"}],"wp:attachment":[{"href":"https:\/\/memorabilia-germany.de\/fr\/wp-json\/wp\/v2\/media?parent=68643"}],"wp:term":[{"taxonomy":"product_brand","embeddable":true,"href":"https:\/\/memorabilia-germany.de\/fr\/wp-json\/wp\/v2\/product_brand?post=68643"},{"taxonomy":"product_cat","embeddable":true,"href":"https:\/\/memorabilia-germany.de\/fr\/wp-json\/wp\/v2\/product_cat?post=68643"},{"taxonomy":"product_tag","embeddable":true,"href":"https:\/\/memorabilia-germany.de\/fr\/wp-json\/wp\/v2\/product_tag?post=68643"}],"curies":[{"name":"wp","href":"https:\/\/api.w.org\/{rel}","templated":true}]}}