{"id":67896,"date":"2026-04-09T16:17:29","date_gmt":"2026-04-09T14:17:29","guid":{"rendered":"https:\/\/memorabilia-germany.de\/produkt\/nfl-graded-cards-mystery-boxdirty-slabs-suite-level-edition\/"},"modified":"2026-04-09T16:25:05","modified_gmt":"2026-04-09T14:25:05","slug":"nfl-graded-cards-mystery-boxdirty-slabs-suite-level-edition","status":"publish","type":"product","link":"https:\/\/memorabilia-germany.de\/fr\/produit\/nfl-graded-cards-mystery-boxdirty-slabs-suite-level-edition\/","title":{"rendered":"NFL Graded Cards Mystery Box<\/br>(Dirty Slabs \u2013 Suite Level Edition)"},"content":{"rendered":"","protected":false},"excerpt":{"rendered":"<p><strong>Suite Level \u2013 good view, better hits!<\/strong><\/p>\n<p><strong>Chaque bo\u00eete est scell\u00e9e et contient une NFL Trading Card en \u00ab\u00a0slab\u00a0\u00bb. Le grading des cartes a \u00e9t\u00e9 effectu\u00e9 par les soci\u00e9t\u00e9s de grading PSA, CGC ou Beckett, sans exception. <\/strong><\/p>\n<p><strong>De plus, vous trouverez dans cette \u00e9dition quelques Memorabilia NFL sign\u00e9s ! Des photographies XL aux maillots, en passant par les cartes \u00e0 collectionner et les Memorabilia sign\u00e9s, vos chances de gagner n&rsquo;ont jamais \u00e9t\u00e9 aussi bonnes ! Vous trouverez plus d&rsquo;informations ci-dessous.  <\/strong><\/p>\n<p><strong>Informations sur le produit :<\/strong><\/p>\n<ul style=\"padding-left: 25px; list-style-type: square;\">\n<li>Contenu de chaque bo\u00eete : 1 graded card dans un slab<\/li>\n<li>Suite Level Edition : cette \u00e9dition se caract\u00e9rise par un niveau de hit \u00e9lev\u00e9. Valeurs Chase jusqu&rsquo;\u00e0 4.500 <\/li>\n<li>Grading Companies de cette s\u00e9rie sont exclusivement : PSA, CGC et Beckett<\/li>\n<li>Cette s\u00e9rie contient uniquement des Trading Cards de topps, Panini et Upper Deck.<\/li>\n<li>High-Grades only : Toutes les Trading Cards grad\u00e9es de cette s\u00e9rie ont une Grading Note de 9 ou plus !<\/li>\n<li><strong>Opportunit\u00e9s :<\/strong>\n<ul style=\"padding-left: 30px; list-style-type: circle;\">\n<li><strong>Rookie Cards\/Parallels\/Inserts\/Numbered Cards<\/strong><\/li>\n<li><strong>On Card Autographs<\/strong><\/li>\n<li><strong>Memorabilia Cards<\/strong><\/li>\n<li><strong>Memorabilia NFL sign\u00e9s &amp; authentifi\u00e9s<\/strong><\/li>\n<li><strong>Vintage Trading Card Packs<\/strong><\/li>\n<li><strong>Surprise Redemption Vouchers (Hobby Boxes, casques NFL et quelques autres offres sp\u00e9ciales)<\/strong><\/li>\n<\/ul>\n<\/li>\n<li>Card Release Dates : une grande partie des cartes provient d&rsquo;\u00e9ditions modernes comme Donruss Optic, Flawless, Contenders, Chrome, Certified ou National Treasures. En fait, nous cachons aussi quelques vieux tr\u00e9sors dans les bo\u00eetes, qui peuvent remonter jusqu&rsquo;aux ann\u00e9es 70. <\/li>\n<li>Promesse \u00ab\u00a0No Trash\u00a0\u00bb : les bo\u00eetes ne contiennent pas de cartes de base ennuyeuses 08\/15 de joueurs al\u00e9atoires.<\/li>\n<li>Particularit\u00e9s :\n<ul style=\"padding-left: 30px; list-style-type: circle;\">\n<li>On Card Autograph Remarque : certaines bo\u00eetes peuvent cacher des cartes qui ont \u00e9t\u00e9 sign\u00e9es ult\u00e9rieurement \u00ab\u00a0sur carte\u00a0\u00bb par une star de la NFL. Ces cartes sont \u00e9galement s\u00e9curis\u00e9es dans un Grading Slab, mais il se peut que la carte n&rsquo;ait pas \u00e9t\u00e9 grad\u00e9e, mais que l&rsquo;\u00e9tiquette indique en revanche un Authentication Status et\/ou une Signature Grading Note (par ex. \u00ab\u00a0Beckett Witnessed\u00a0\u00bb\/Autograph 10). <\/li>\n<li>Vintage Card Grading Notes : certaines bo\u00eetes peuvent cacher des cartes grav\u00e9es qui ont \u00e9t\u00e9 publi\u00e9es avant 1990. Les notes de grading pour ces cartes peuvent \u00eatre inf\u00e9rieures au Grade 9, mais elles vous raviront certainement quand m\u00eame. <\/li>\n<\/ul>\n<\/li>\n<\/ul>\n","protected":false},"featured_media":68087,"template":"","meta":{"_acf_changed":false,"ocean_post_layout":"","ocean_both_sidebars_style":"","ocean_both_sidebars_content_width":0,"ocean_both_sidebars_sidebars_width":0,"ocean_sidebar":"0","ocean_second_sidebar":"0","ocean_disable_margins":"enable","ocean_add_body_class":"","ocean_shortcode_before_top_bar":"","ocean_shortcode_after_top_bar":"","ocean_shortcode_before_header":"","ocean_shortcode_after_header":"","ocean_has_shortcode":"","ocean_shortcode_after_title":"","ocean_shortcode_before_footer_widgets":"","ocean_shortcode_after_footer_widgets":"","ocean_shortcode_before_footer_bottom":"","ocean_shortcode_after_footer_bottom":"","ocean_display_top_bar":"default","ocean_display_header":"default","ocean_header_style":"","ocean_center_header_left_menu":"0","ocean_custom_header_template":"0","ocean_custom_logo":0,"ocean_custom_retina_logo":0,"ocean_custom_logo_max_width":0,"ocean_custom_logo_tablet_max_width":0,"ocean_custom_logo_mobile_max_width":0,"ocean_custom_logo_max_height":0,"ocean_custom_logo_tablet_max_height":0,"ocean_custom_logo_mobile_max_height":0,"ocean_header_custom_menu":"0","ocean_menu_typo_font_family":"0","ocean_menu_typo_font_subset":"","ocean_menu_typo_font_size":0,"ocean_menu_typo_font_size_tablet":0,"ocean_menu_typo_font_size_mobile":0,"ocean_menu_typo_font_size_unit":"px","ocean_menu_typo_font_weight":"","ocean_menu_typo_font_weight_tablet":"","ocean_menu_typo_font_weight_mobile":"","ocean_menu_typo_transform":"","ocean_menu_typo_transform_tablet":"","ocean_menu_typo_transform_mobile":"","ocean_menu_typo_line_height":0,"ocean_menu_typo_line_height_tablet":0,"ocean_menu_typo_line_height_mobile":0,"ocean_menu_typo_line_height_unit":"","ocean_menu_typo_spacing":0,"ocean_menu_typo_spacing_tablet":0,"ocean_menu_typo_spacing_mobile":0,"ocean_menu_typo_spacing_unit":"","ocean_menu_link_color":"","ocean_menu_link_color_hover":"","ocean_menu_link_color_active":"","ocean_menu_link_background":"","ocean_menu_link_hover_background":"","ocean_menu_link_active_background":"","ocean_menu_social_links_bg":"","ocean_menu_social_hover_links_bg":"","ocean_menu_social_links_color":"","ocean_menu_social_hover_links_color":"","ocean_disable_title":"default","ocean_disable_heading":"default","ocean_post_title":"","ocean_post_subheading":"","ocean_post_title_style":"","ocean_post_title_background_color":"","ocean_post_title_background":0,"ocean_post_title_bg_image_position":"","ocean_post_title_bg_image_attachment":"","ocean_post_title_bg_image_repeat":"","ocean_post_title_bg_image_size":"","ocean_post_title_height":0,"ocean_post_title_bg_overlay":0.5,"ocean_post_title_bg_overlay_color":"","ocean_disable_breadcrumbs":"default","ocean_breadcrumbs_color":"","ocean_breadcrumbs_separator_color":"","ocean_breadcrumbs_links_color":"","ocean_breadcrumbs_links_hover_color":"","ocean_display_footer_widgets":"default","ocean_display_footer_bottom":"default","ocean_custom_footer_template":"0","ofc_enable_fullscreen":"disable","ofc_fullscreen_speed":0,"ofc_fullscreen_nav":"enable","ofc_fullscreen_nav_pos":"right","ofc_fullscreen_nav_color":"","ofc_fullscreen_nav_tooltip_color":"","ofc_fullscreen_responsive":0},"product_brand":[],"product_cat":[4337],"product_tag":[],"class_list":{"0":"post-67896","1":"product","2":"type-product","3":"status-publish","4":"has-post-thumbnail","6":"product_cat-nfl-graded-cards-mystery-box-dirty-slabs-suite-level-edition","7":"product_shipping_class-classe-dexpedition_a","9":"entry","10":"has-media","12":"first","13":"instock","14":"taxable","15":"shipping-taxable","16":"purchasable","17":"product-type-simple","18":"col","19":"span_1_of_4","20":"owp-content-center","21":"owp-thumbs-layout-horizontal","22":"owp-btn-normal","23":"owp-tabs-layout-horizontal"},"acf":[],"_links":{"self":[{"href":"https:\/\/memorabilia-germany.de\/fr\/wp-json\/wp\/v2\/product\/67896","targetHints":{"allow":["GET"]}}],"collection":[{"href":"https:\/\/memorabilia-germany.de\/fr\/wp-json\/wp\/v2\/product"}],"about":[{"href":"https:\/\/memorabilia-germany.de\/fr\/wp-json\/wp\/v2\/types\/product"}],"version-history":[{"count":0,"href":"https:\/\/memorabilia-germany.de\/fr\/wp-json\/wp\/v2\/product\/67896\/revisions"}],"wp:featuredmedia":[{"embeddable":true,"href":"https:\/\/memorabilia-germany.de\/fr\/wp-json\/wp\/v2\/media\/68087"}],"wp:attachment":[{"href":"https:\/\/memorabilia-germany.de\/fr\/wp-json\/wp\/v2\/media?parent=67896"}],"wp:term":[{"taxonomy":"product_brand","embeddable":true,"href":"https:\/\/memorabilia-germany.de\/fr\/wp-json\/wp\/v2\/product_brand?post=67896"},{"taxonomy":"product_cat","embeddable":true,"href":"https:\/\/memorabilia-germany.de\/fr\/wp-json\/wp\/v2\/product_cat?post=67896"},{"taxonomy":"product_tag","embeddable":true,"href":"https:\/\/memorabilia-germany.de\/fr\/wp-json\/wp\/v2\/product_tag?post=67896"}],"curies":[{"name":"wp","href":"https:\/\/api.w.org\/{rel}","templated":true}]}}