{"id":66862,"date":"2026-02-27T15:42:39","date_gmt":"2026-02-27T14:42:39","guid":{"rendered":"https:\/\/memorabilia-germany.de\/produkt\/uefa-football-trading-cards-pocket-packgold-edition-20265-unopened-packs\/"},"modified":"2026-02-27T16:00:54","modified_gmt":"2026-02-27T15:00:54","slug":"uefa-football-trading-cards-pocket-packgold-edition-20265-unopened-packs","status":"publish","type":"product","link":"https:\/\/memorabilia-germany.de\/fr\/produit\/uefa-football-trading-cards-pocket-packgold-edition-20265-unopened-packs\/","title":{"rendered":"UEFA Football Trading Cards Pocket Pack<\/br>\u201cGold Edition 2026\u201d<\/br>(5 unopened packs)"},"content":{"rendered":"<p style=\"text-align: center;\"><strong>Tous les paquets de cette s\u00e9rie proviennent exclusivement des Trading Cards suivantes :<\/strong><\/p>\n<p style=\"text-align: center;\">2024\/25 Topps Finest UEFA Club Competitions Soccer (Hobby Box)<br \/>\n2026 Topps Chrome Premier League EPL Soccer (Hobby Box)<br \/>\n2024\/25 Topps Chrome Merlin UEFA Club Competitions Soccer (Hobby Box)<br \/>\n2023\/24 Panini Select FIFA Soccer (Hobby Box)<br \/>\n2022\/23 Topps Platinum UEFA Club Competitions Jamal Musiala (Hobby Box)<br \/>\n2025\/26 Topps UEFA Club Competitions Soccer Flagship Edition (Hobby Box)<br \/>\n2024\/25 Topps Chrome UEFA Club Competitions Soccer (Hobby Box)<br \/>\n2024-25 Topps Chrome Bundesliga Soccer (Hobby Box)<br \/>\n2025 Panini Prizm FIFA Club World Cup Soccer (Mega &amp; Blaster Box)<br \/>\n2023\/24 Topps Chrome Merlin UEFA Club Competitions Soccer (Hobby Box)<br \/>\n2020\/21 Topps Chrome Bundesliga Soccer (Hobby Box)<br \/>\n2023\/24 Topps Bundesliga Jade Edition Soccer (Hobby Box)<br \/>\n2021\/22 Topps Chrome Merlin UEFA Club Competitions Soccer (Hobby Box)<br \/>\n2023\/24 Panini Select La Liga Soccer (Hobby Box)<br \/>\n2022\/23 Topps Finest Bundesliga Soccer (Hobby Box)<br \/>\n2022\/23 Topps Chrome UEFA Club Competitions Soccer (Hobby Box)<br \/>\n2023\/24 Panini Select Premier League Soccer (Hobby Box)<br \/>\n2026 Topps Chrome Premier League EPL Soccer (Value Blaster Box)<br \/>\n2023\/24 Topps Chrome Merlin UEFA Club Competitions Soccer (Blaster Box)<br \/>\n2023\/24 Topps UEFA Club Competitions Jade Edition Soccer (Hobby Box)<br \/>\n2023\/24 Panini PRIZM Premier League (Hobby Box)<br \/>\n2022\/23 Topps Bundesliga Jade Edition Soccer (Hobby Box)<br \/>\n2024\/25 Topps Chrome Merlin UEFA Club Competitions Soccer (Blaster Box)<br \/>\n2024\/25 Topps Chrome UEFA Club Competitions Soccer (Blaster Box)<br \/>\n2023\/24 Panini Score Serie A Soccer (Retail Box)<br \/>\n2023\/24 Panini Score Premier League Soccer (Retail Box)<br \/>\n2023\/24 Panini PRIZM Premier League (Retail Box)<br \/>\n2023\/24 Topps Chrome UEFA Club Competitions Soccer (Blaster Box)<br \/>\n2023\/24 Panini Select Premier League Soccer (Mega &amp; Blaster Box)<br \/>\n2022\/23 Topps Chrome UEFA Club Competitions Soccer (Hobby Box Light)<br \/>\n2023\/24 Panini Select Serie A Soccer (Mega &amp; Blaster Box)<br \/>\n2023\/24 Panini Select FIFA Soccer (Mega &amp; Blaster Box)<br \/>\n2023\/24 Panini Select La Liga Soccer (Mega &amp; Blaster Box)<br \/>\n2023\/24 Panini Select Premier League Soccer (Mega &amp; Blaster Box)<br \/>\n2023\/24 Topps UEFA Superstars Soccer (Hobby Box)<\/p>\n<p>Comment fonctionne une Mystery Box ?<br \/>\nVous trouverez des informations \u00e0 ce sujet dans nos <strong><a href=\"https:\/\/memorabilia-germany.de\/fr\/sports-memorabilia-faq\/#memorabilia-mystery-box\"><u>FAQ<\/u><\/a><\/strong>!<\/p>\n","protected":false},"excerpt":{"rendered":"<p><strong>Cette s\u00e9rie est limit\u00e9e \u00e0 un total de 100 Football Trading Cards Pocket Packs. Chaque pack est scell\u00e9 et poss\u00e8de un num\u00e9ro de s\u00e9rie. Les packs contiennent des paquets non ouverts des \u00e9ditions de Trading Cards les plus exclusives au monde. Trouvez des paquets contenant des cartes de stars de la Ligue des champions, des meilleurs championnats europ\u00e9ens, des \u00e9quipes nationales et de l&rsquo;UEFA Europe et Conference League.<\/strong><br \/>\n<strong>Pour cette \u00e9dition, nous avons utilis\u00e9 les bo\u00eetes les plus excitantes de la saison en cours et, en point d&rsquo;orgue, nous avons ajout\u00e9 quelques \u00e9ditions des ann\u00e9es pr\u00e9c\u00e9dentes. De Finest \u00e0 Platinum et de Chrome \u00e0 Select, nous avons inclus toutes les meilleures marques de topps et Panini. De plus, dans deux packs de cette s\u00e9rie, vous pouvez obtenir un <a href=\"https:\/\/memorabilia-germany.de\/fr\/sports-memorabilia-faq\/#redemption\"><u>Redemption Voucher<\/u><\/a> pour un ballon de football d\u00e9dicac\u00e9 par la l\u00e9gende Pel\u00e9, ainsi qu&rsquo;une Mystery Box UEFA Football Modern Superstars.  <\/strong><\/p>\n<p><strong>Informations sur le produit :<\/strong><\/p>\n<ul style=\"list-style-type: square; margin-left: 20px;\">\n<li>Contenu de chaque pack : 5 paquets non ouverts datant de 2020 \u00e0 aujourd&rsquo;hui (voir la liste d\u00e9taill\u00e9e ci-dessous).<\/li>\n<li>Tous les paquets proviennent de bo\u00eetes \u00ab\u00a0factory sealed\u00a0\u00bb.<\/li>\n<li>Deux packs contiennent \u00e9galement un <a href=\"https:\/\/memorabilia-germany.de\/fr\/sports-memorabilia-faq\/#redemption\"><u>un Redemption Voucher<\/u><\/a> pour un ballon de football sign\u00e9 par Pel\u00e9 ou une Mystery Box de la s\u00e9rie UEFA Football Modern Superstars. Le ballon a \u00e9t\u00e9 authentifi\u00e9 par Beckett et dispose d&rsquo;un num\u00e9ro de s\u00e9rie. <\/li>\n<li>Trouvez les Trading Cards des stars actuelles du soccer comme Lamine Yamal, Erling Haaland, Lennart Karl, Cristiano Ronaldo, Florian Wirtz, Ronaldo, Jamal Musiala, Lionel Messi, Robert Lewandowski, Kylian Mbapp\u00e9, Arda G\u00fcler, Vinicius Junior, Harry Kane ou Pau Cubarsi ainsi que des l\u00e9gendes du football comme David Beckham ou Ronaldinho.<\/li>\n<\/ul>\n<p>&nbsp;<\/p>\n<p><strong>Highlight Chances :<\/strong><\/p>\n<ul style=\"list-style-type: square; margin-left: 20px;\">\n<li><a href=\"https:\/\/memorabilia-germany.de\/fr\/sports-memorabilia-faq\/#redemption\"><u>Redemption Voucher :<\/u><\/a> soccer sign\u00e9 Pel\u00e9 ou UEFA Football Modern Superstars Mystery Box<\/li>\n<li>2024\/25 Topps Finest UEFA Club Competitions Soccer Autograph &amp; Insert Cards:\n<ul style=\"list-style-type: circle;margin-left: 30px;\">\n<li>Bound By Origin Autograph Book Card<\/li>\n<li>Marks of Excellence<\/li>\n<li>Finest Rivals Dual Autographs<\/li>\n<li>Finest First Class Rookie Autographs<\/li>\n<li>Arrivals Autographs<\/li>\n<li>Finest Idols + The Man<\/li>\n<li>Prized Footballers Fusion Variations<\/li>\n<li>Finest Symphony<\/li>\n<\/ul>\n<\/li>\n<li>2026 Topps Chrome Premier League Soccer Autographs, Inserts &amp; Hobby Exclusives:\n<ul style=\"list-style-type: circle;margin-left: 30px;\">\n<li>A Cold and Rainy Night in Chrome<\/li>\n<li>Superstar Sensations &#8211; Autograph Edition<\/li>\n<li>Give Him His Flowers<\/li>\n<li>Zero Hours On-Card Autographs<\/li>\n<li>Cold Battle &#8211; Frozenfractor On-Card Dual Autograph<\/li>\n<li>Triple Platinum<\/li>\n<li>Chrome Anime + Genius Chrome<\/li>\n<\/ul>\n<\/li>\n<li>2022\/23 Topps Platinum UEFA Club Competitions Jamal Musiala Autographs:\n<ul style=\"list-style-type: circle;margin-left: 30px;\">\n<li>Icon Autographs (incl. Lionel Messi)<\/li>\n<li>Musiala Moments<\/li>\n<li>Wonderkid + Wunderkind Autos<\/li>\n<li>Current Stars<\/li>\n<li>Technique<\/li>\n<\/ul>\n<\/li>\n<li>2024\/25 Topps Chrome Merlin UEFA Club Competitions Soccer Autograph Cards &amp; Inserts:\n<ul style=\"list-style-type: circle;margin-left: 30px;\">\n<li>Merlin&rsquo;s Dual Match Ball Signature Cards<\/li>\n<li>Marks of Excellence On-Card Autographs<\/li>\n<li>Ageless Alchemy Autographs<\/li>\n<li>Mystics Nights Autographs, Sorcerers Autographs + Autograph Wizard Variations<\/li>\n<li>Renaissance Stained Glass + The Grail<\/li>\n<li>Merlin 1995 30th Anniversary Cards<\/li>\n<li>Merlin&rsquo;s Chosen One + Elite Society<\/li>\n<\/ul>\n<\/li>\n<li>2024\/25 Topps Chrome UEFA Club Competitions Soccer Autograph Cards, Limiteds &amp; Inserts:\n<ul style=\"list-style-type: circle;margin-left: 30px;\">\n<li>Marks of Excellence On Card Autographs<\/li>\n<li>Campeone Autograph Books<\/li>\n<li>Chrome Autographs (incl. Doubles + Triples)<\/li>\n<li>Quad Autograph Pundit Cards<\/li>\n<li>Wonderkids Autograph Variations + Future Stars Autographs<\/li>\n<li>Circle of Power + \u201cMunich at Night\u201d Inserts<\/li>\n<li>Topps Chrome White Noise SSPs<\/li>\n<li>TIFO + Shadow Etch<\/li>\n<li>Radiating Rookies + The Grail<\/li>\n<\/ul>\n<\/li>\n<li>2023\/24 Panini Select Soccer (FIFA, La Liga, Serie A + Premier League Editions !) Autographes, Memorabilia Cards &amp; Special Inserts:\n<ul style=\"list-style-type: circle;margin-left: 30px;\">\n<li>Pitchside Signatures<\/li>\n<li>Autographed Memorabilia + Memorabilia Gold<\/li>\n<li>Swatches Jumbo<\/li>\n<li>Stained Glass<\/li>\n<li>Artistic Impressions<\/li>\n<li>Visionary<\/li>\n<\/ul>\n<\/li>\n<li>2024\/25 Topps Chrome Bundesliga Soccer Autographs, Relics, Inserts &amp; Anniversary Specials:\n<ul style=\"list-style-type: circle;margin-left: 30px;\">\n<li>First Taste Autograph<\/li>\n<li>Chrome Autographs (incl. Doubles + Triples)<\/li>\n<li>Der Kaiser + Der Musiala + Der Wirtz Autographs<\/li>\n<li>Verve! Autograph <\/li>\n<li>History is Now Dual Autograph<\/li>\n<li>Ultrabeam Autograph<\/li>\n<li>Wild Jungle<\/li>\n<li>Coque de champion<\/li>\n<li>Diamond Etch + Top XI<\/li>\n<\/ul>\n<\/li>\n<\/ul>\n","protected":false},"featured_media":66809,"template":"","meta":{"_acf_changed":false,"ocean_post_layout":"","ocean_both_sidebars_style":"","ocean_both_sidebars_content_width":0,"ocean_both_sidebars_sidebars_width":0,"ocean_sidebar":"0","ocean_second_sidebar":"0","ocean_disable_margins":"enable","ocean_add_body_class":"","ocean_shortcode_before_top_bar":"","ocean_shortcode_after_top_bar":"","ocean_shortcode_before_header":"","ocean_shortcode_after_header":"","ocean_has_shortcode":"","ocean_shortcode_after_title":"","ocean_shortcode_before_footer_widgets":"","ocean_shortcode_after_footer_widgets":"","ocean_shortcode_before_footer_bottom":"","ocean_shortcode_after_footer_bottom":"","ocean_display_top_bar":"default","ocean_display_header":"default","ocean_header_style":"","ocean_center_header_left_menu":"0","ocean_custom_header_template":"0","ocean_custom_logo":0,"ocean_custom_retina_logo":0,"ocean_custom_logo_max_width":0,"ocean_custom_logo_tablet_max_width":0,"ocean_custom_logo_mobile_max_width":0,"ocean_custom_logo_max_height":0,"ocean_custom_logo_tablet_max_height":0,"ocean_custom_logo_mobile_max_height":0,"ocean_header_custom_menu":"0","ocean_menu_typo_font_family":"0","ocean_menu_typo_font_subset":"","ocean_menu_typo_font_size":0,"ocean_menu_typo_font_size_tablet":0,"ocean_menu_typo_font_size_mobile":0,"ocean_menu_typo_font_size_unit":"px","ocean_menu_typo_font_weight":"","ocean_menu_typo_font_weight_tablet":"","ocean_menu_typo_font_weight_mobile":"","ocean_menu_typo_transform":"","ocean_menu_typo_transform_tablet":"","ocean_menu_typo_transform_mobile":"","ocean_menu_typo_line_height":0,"ocean_menu_typo_line_height_tablet":0,"ocean_menu_typo_line_height_mobile":0,"ocean_menu_typo_line_height_unit":"","ocean_menu_typo_spacing":0,"ocean_menu_typo_spacing_tablet":0,"ocean_menu_typo_spacing_mobile":0,"ocean_menu_typo_spacing_unit":"","ocean_menu_link_color":"","ocean_menu_link_color_hover":"","ocean_menu_link_color_active":"","ocean_menu_link_background":"","ocean_menu_link_hover_background":"","ocean_menu_link_active_background":"","ocean_menu_social_links_bg":"","ocean_menu_social_hover_links_bg":"","ocean_menu_social_links_color":"","ocean_menu_social_hover_links_color":"","ocean_disable_title":"default","ocean_disable_heading":"default","ocean_post_title":"","ocean_post_subheading":"","ocean_post_title_style":"","ocean_post_title_background_color":"","ocean_post_title_background":0,"ocean_post_title_bg_image_position":"","ocean_post_title_bg_image_attachment":"","ocean_post_title_bg_image_repeat":"","ocean_post_title_bg_image_size":"","ocean_post_title_height":0,"ocean_post_title_bg_overlay":0.5,"ocean_post_title_bg_overlay_color":"","ocean_disable_breadcrumbs":"default","ocean_breadcrumbs_color":"","ocean_breadcrumbs_separator_color":"","ocean_breadcrumbs_links_color":"","ocean_breadcrumbs_links_hover_color":"","ocean_display_footer_widgets":"default","ocean_display_footer_bottom":"default","ocean_custom_footer_template":"0","ofc_enable_fullscreen":"disable","ofc_fullscreen_speed":0,"ofc_fullscreen_nav":"enable","ofc_fullscreen_nav_pos":"right","ofc_fullscreen_nav_color":"","ofc_fullscreen_nav_tooltip_color":"","ofc_fullscreen_responsive":0},"product_brand":[],"product_cat":[4235],"product_tag":[],"class_list":{"0":"post-66862","1":"product","2":"type-product","3":"status-publish","4":"has-post-thumbnail","6":"product_cat-uefa-football-trading-cards-pocket-pack-gold-edition-2026-5-unopened-packs","7":"product_shipping_class-classe-dexpedition_a","9":"entry","10":"has-media","12":"first","13":"instock","14":"taxable","15":"shipping-taxable","16":"purchasable","17":"product-type-simple","18":"col","19":"span_1_of_4","20":"owp-content-center","21":"owp-thumbs-layout-horizontal","22":"owp-btn-normal","23":"owp-tabs-layout-horizontal"},"acf":[],"_links":{"self":[{"href":"https:\/\/memorabilia-germany.de\/fr\/wp-json\/wp\/v2\/product\/66862","targetHints":{"allow":["GET"]}}],"collection":[{"href":"https:\/\/memorabilia-germany.de\/fr\/wp-json\/wp\/v2\/product"}],"about":[{"href":"https:\/\/memorabilia-germany.de\/fr\/wp-json\/wp\/v2\/types\/product"}],"version-history":[{"count":0,"href":"https:\/\/memorabilia-germany.de\/fr\/wp-json\/wp\/v2\/product\/66862\/revisions"}],"wp:featuredmedia":[{"embeddable":true,"href":"https:\/\/memorabilia-germany.de\/fr\/wp-json\/wp\/v2\/media\/66809"}],"wp:attachment":[{"href":"https:\/\/memorabilia-germany.de\/fr\/wp-json\/wp\/v2\/media?parent=66862"}],"wp:term":[{"taxonomy":"product_brand","embeddable":true,"href":"https:\/\/memorabilia-germany.de\/fr\/wp-json\/wp\/v2\/product_brand?post=66862"},{"taxonomy":"product_cat","embeddable":true,"href":"https:\/\/memorabilia-germany.de\/fr\/wp-json\/wp\/v2\/product_cat?post=66862"},{"taxonomy":"product_tag","embeddable":true,"href":"https:\/\/memorabilia-germany.de\/fr\/wp-json\/wp\/v2\/product_tag?post=66862"}],"curies":[{"name":"wp","href":"https:\/\/api.w.org\/{rel}","templated":true}]}}