{"id":65970,"date":"2026-02-09T16:29:58","date_gmt":"2026-02-09T15:29:58","guid":{"rendered":"https:\/\/memorabilia-germany.de\/?post_type=product&#038;p=65970"},"modified":"2026-02-09T19:02:10","modified_gmt":"2026-02-09T18:02:10","slug":"nba-trading-cards-pocket-packgold-edition-20265-unopened-packs","status":"publish","type":"product","link":"https:\/\/memorabilia-germany.de\/fr\/produit\/nba-trading-cards-pocket-packgold-edition-20265-unopened-packs\/","title":{"rendered":"NBA Trading Cards Pocket Pack<\/br>\u201cGold Edition 2026\u201d<\/br>(5 unopened packs)"},"content":{"rendered":"<p style=\"text-align: center;\"><strong>Tous les paquets de cette s\u00e9rie proviennent exclusivement des Trading Cards suivantes :<\/strong><br \/>\n&nbsp;<br \/>\n2025\/26 Topps Chrome NBA Basketball (Hobby Box)<br \/>\n2000\/01 Topps Gallery Premium NBA Basketball Cards (Hobby Box)<br \/>\n2006\/07 Upper Deck Basketball (Hobby &amp; Retail Box)<br \/>\n1997\/98 NBA Hoops (Hobby &amp; Retail Box)<br \/>\n2006\/07 Upper Deck Rookie Debut (Hobby &amp; Retail Box)<br \/>\n2024\/25 Panini Select Basketball (Hobby Box)<br \/>\n2025\/26 Topps NBA Basketball (Hobby Box)<br \/>\n2024\/25 Topps Chrome NBA Basketball (Hobby &amp; Blaster Box)<br \/>\n1996\/97 NBA Hoops (Retail Box)<br \/>\n2025\/26 Topps Holiday Basketball (Mega Box)<br \/>\n1990 Fleer Basketball Player Photo Cards (Wax Box)<br \/>\n1994\/95 Fleer Ultra Basketball (Hobby Box)<br \/>\n1993\/94 Fleer Basketball Cards (Hobby Box)<br \/>\n1994\/95 Upper Deck NBA Basketball Cards (Hobby Box)<br \/>\n2023\/24 Panini Prizm Basketball (Retail Box)<br \/>\n2024\/25 Panini Donruss Basketball (Retail Box)<br \/>\n1992\/93 SkyBox Basketball Cards (Hobby Box)<br \/>\n1992\/93 Fleer Ultra Basketball Cards (Wax Box)<br \/>\n1994 Skybox USA Basketball Trading Cards (Hobby Box)<br \/>\n1993\/94 SkyBox Premium Edition Basketball Cards (Hobby Box)<br \/>\n1990\/91 NBA HOOPS (Wax Box)<br \/>\n1991\/92 NBA HOOPS (Wax Box)<br \/>\n1992\/93 NBA HOOPS (Wax Box)<br \/>\n1993\/94 NBA HOOPS (Wax Box)<br \/>\n1994\/95 NBA HOOPS (Wax Box)<br \/>\n1993\/94 Topps Stadium Club Super Color Cards (Wax Box)<br \/>\n2025\/26 Topps Chrome NBA Basketball (Mega &amp; Blaster Box)<br \/>\n2024\/25 Panini Donruss Optic Basketball (Mega &amp; Retail Box)<br \/>\n2022\/23 Panini NBA Chronicles Draft Picks (Blaster Box)<br \/>\n1991\/92 Upper Deck NBA Basketball Cards Inaugural Edition (Hobby Box)<br \/>\n2024\/25 Panini Donruss Basketball (Retail &amp; Blaster Box)<br \/>\n1994\/95 Skybox Premium Basketball Cards (Hobby Box)<br \/>\n1990\/91 SkyBox Inaugural Edition Basketball Cards (Wax Box)<br \/>\n1991\/92 Skybox Basketball Cards (Wax Box)<br \/>\n1993\/94 SkyBox Premium Edition Basketball Cards (Hobby Box)<br \/>\n1994 Topps Stadium Club NBA Basketball Cards (Hobby Box)<br \/>\n1991 Fleer Basketball Player Photo Cards (Wax Box)<br \/>\n2025\/26 Topps NBA Basketball (Mega &amp; Blaster Box)<\/p>\n<p>Remarque : L&rsquo;\u00e9tat de tous les paquets de Trading Cards a \u00e9t\u00e9 contr\u00f4l\u00e9 par Memorabilia Germany et les Mystery Boxes contiennent toutes, sans exception, des paquets \u00e0 l&rsquo;\u00e9tat neuf qui n&rsquo;ont jamais \u00e9t\u00e9 ouverts. Veuillez n\u00e9anmoins noter que les cartes ont jusqu&rsquo;\u00e0 35 ans et que nous ne pouvons donc pas garantir leur \u00e9tat \u00e0 l&rsquo;int\u00e9rieur des paquets.<\/p>\n<p>Comment fonctionne une Mystery Box ?<br \/>\nVous trouverez des informations \u00e0 ce sujet dans nos <strong><a href=\"https:\/\/memorabilia-germany.de\/fr\/sports-memorabilia-faq\/#memorabilia-mystery-box\"><u>FAQ<\/u><\/a><\/strong>!<\/p>\n","protected":false},"excerpt":{"rendered":"<p><strong>Cette s\u00e9rie est limit\u00e9e \u00e0 un total de 100 Trading Cards Pocket Packs NBA. Chaque pack est scell\u00e9 et poss\u00e8de un num\u00e9ro de s\u00e9rie. Les packs contiennent des paquets non ouverts des \u00e9ditions de Trading Cards les plus exclusives d&rsquo;aujourd&rsquo;hui, ainsi que des \u00e9ditions \u00e9puis\u00e9es dans le monde entier depuis des d\u00e9cennies. Vous pouvez trouver des cartes rares des ann\u00e9es 80, 90 et 2000, comme celles de Kobe Bryant, Larry Bird, Michael Jordan ou Shaquille O&rsquo;Neal, ainsi que les derni\u00e8res Autograph Cards, Parallels et autres Inserts des superstars d&rsquo;aujourd&rsquo;hui ! <\/strong><\/p>\n<p><strong>De NBA HOOPS \u00e0 Topps Chrome et de Panini Select \u00e0 Upper Deck Rookie Debut, nous avons rassembl\u00e9 pour cette \u00e9dition des paquets de Trading Cards tr\u00e8s exclusifs de topps, Panini et Upper Deck. De plus, dans 2 packs de cette s\u00e9rie, vous pouvez gagner un <a href=\"https:\/\/memorabilia-germany.de\/fr\/sports-memorabilia-faq\/#redemption\"><u>Redemption Voucher<\/u><\/a> pour une Mystery Box NBA Modern Superstars et un Memorabilia sign\u00e9 Charles Barkley ! <\/strong><\/p>\n<p><strong>Informations sur le produit :<\/strong><\/p>\n<ul style=\"list-style-type: square;\">\n<li>Contenu de chaque pack : 5 packs non ouverts datant de la fin des ann\u00e9es 1980 jusqu&rsquo;\u00e0 la saison actuelle de la NBA (voir la liste d\u00e9taill\u00e9e ci-dessous).<\/li>\n<li>Tous les paquets proviennent de bo\u00eetes \u00ab\u00a0factory sealed\u00a0\u00bb.<\/li>\n<li>2 des 100 packs contiennent \u00e9galement un <a href=\"https:\/\/memorabilia-germany.de\/fr\/sports-memorabilia-faq\/#redemption\"><u>un Redemption Voucher<\/u><\/a> pour une casquette \u00ab\u00a0The Chuck Stop\u00a0\u00bb originale sign\u00e9e par Charles Barkley et authentifi\u00e9e par Beckett, ainsi que pour une Mystery Box de la s\u00e9rie NBA Modern Superstars !<\/li>\n<li>Trouvez les Trading Cards originales des stars de la NBA comme Michael Jordan, Cooper Flagg, LeBron James, Kobe Bryant, Shaquille O&rsquo;Neal, Larry Bird, Magic Johnson, Steph Curry, James Harden, Nikola Jokic, Dennis Rodman, Grant Hill, Giannis Antetokounmpo, Luka Doncic ou Victor Wembanyama.<\/li>\n<\/ul>\n<p>&nbsp;<br \/>\n<strong>Highlight Chances :<\/strong><\/p>\n<ul style=\"list-style-type: square;\">\n<li><a href=\"https:\/\/memorabilia-germany.de\/fr\/sports-memorabilia-faq\/#redemption\"><u>Redemption Voucher<\/u><\/a>: casquette originale sign\u00e9e \u00ab\u00a0The Chuck Stop\u00a0\u00bb avec autographe de Charles Barkley et authentification Beckett ou une Mystery Box de la s\u00e9rie NBA Modern Superstars !<\/li>\n<li>2025\/26 Topps Chrome NBA Basketball Super Short Print Inserts, Parallels &amp; Autographs :\n<ul style=\"list-style-type: circle;\">\n<li>NBA Gold Logoman Autograph Relics<\/li>\n<li>Topps Chrome Autographs, SkyWrite Signatures, Next Stop Signatures<\/li>\n<li>Topps Autograph Issue Rookies (incl. Cooper Flagg)<\/li>\n<li>Rock Stars, LET&rsquo;S Go, Ultra Violet All-Stars &amp; Radiating Rookies<\/li>\n<\/ul>\n<\/li>\n<li>2006\/07 Upper Deck LeBron James Memorabilia Cards :\n<ul style=\"list-style-type: circle;\">\n<li>\u00ab\u00a0UD Game Jerseys\u00a0\u00bb<\/li>\n<li>\u00ab\u00a0LeBrons Commercial Worn Memorabilia\u00a0\u00bb<\/li>\n<li>\u00ab\u00a0LeBrons Commercial Worn Memorabilia\u00a0\u00bb (Duals &amp; Quads : num\u00e9rot\u00e9s \u00e0 50 et 10)<\/li>\n<\/ul>\n<\/li>\n<li>2000\/01 Topps Gallery Autographs, Memorabilia Cards &amp; Parallels:\n<ul style=\"list-style-type: circle;\">\n<li>NBA Superstar Autographs<\/li>\n<li>Player Worn Jersey Memorabilia Cards<\/li>\n<li>Gallery Signatures, Rookie Originals &amp; Rookie Veterans<\/li>\n<li>Gallery Heritage + Charity Gallery<\/li>\n<\/ul>\n<\/li>\n<li>2006\/07 Upper Deck Rookie Debut Autographs, Memorabilia Cards &amp; Special Inserts:\n<ul style=\"list-style-type: circle;\">\n<li>Draft Duos SP Autographs<\/li>\n<li>Debut Ink Gold Signatures<\/li>\n<li>Materialization Memorabilia<\/li>\n<li>2006 Silver Spectrum + Gold<\/li>\n<\/ul>\n<\/li>\n<li>2024\/25 Panini Select Basketball Autographs, Inserts &amp; Memorabilia Cards:\n<ul style=\"list-style-type: circle;\">\n<li>Rookie Signatures + Prime Selections Signatures<\/li>\n<li>Signatures, In Flight Signatures &amp; Select Pairing Signatures<\/li>\n<li>Rookie Jersey Autographs Black Finite Prizms<\/li>\n<li>Jumbo Rookie Signature Swatches White Prizms<\/li>\n<li>Solar Eclipse, Color Wheels &amp; Visionary Inserts<\/li>\n<\/ul>\n<\/li>\n<li>1997\/98 NBA HOOPS Hobby Exclusives: Autograph Cards &amp; Special Inserts:\n<ul style=\"list-style-type: circle;\">\n<li>Autographics Signature Series, NBA Season 1997\/98<\/li>\n<li>Frequent Flyer Club<\/li>\n<li>1997 Special Prints<\/li>\n<li>Silky Smooth Inserts<\/li>\n<li>Premium Players, Rock N Fire &amp; And One (incl. Tim Duncan Rookies)<\/li>\n<\/ul>\n<\/li>\n<li>1996\/97 NBA HOOPS Autograph Cards &amp; Special Inserts:\n<ul style=\"list-style-type: circle;\">\n<li>Autographics Signature Series, NBA Season 1996\/97<\/li>\n<li>HIPnotized<\/li>\n<li>Head to Head + Headliners<\/li>\n<li>Grant Hill Z-Force (Inaugural Z-Force Edition!)<\/li>\n<\/ul>\n<\/li>\n<li>2024\/25 Donruss Optic Autographs &amp; Parallels:\n<ul style=\"list-style-type: circle;\">\n<li>Mega Box-Exclusive Signature Series Green<\/li>\n<li>Phazes, Mythical &amp; Downtown SSPs<\/li>\n<li>White Velocity, Express Lane, Splash! &amp; Optical Illusions <\/li>\n<\/ul>\n<\/li>\n<\/ul>\n","protected":false},"featured_media":65823,"template":"","meta":{"_acf_changed":false,"ocean_post_layout":"","ocean_both_sidebars_style":"","ocean_both_sidebars_content_width":0,"ocean_both_sidebars_sidebars_width":0,"ocean_sidebar":"0","ocean_second_sidebar":"0","ocean_disable_margins":"enable","ocean_add_body_class":"","ocean_shortcode_before_top_bar":"","ocean_shortcode_after_top_bar":"","ocean_shortcode_before_header":"","ocean_shortcode_after_header":"","ocean_has_shortcode":"","ocean_shortcode_after_title":"","ocean_shortcode_before_footer_widgets":"","ocean_shortcode_after_footer_widgets":"","ocean_shortcode_before_footer_bottom":"","ocean_shortcode_after_footer_bottom":"","ocean_display_top_bar":"default","ocean_display_header":"default","ocean_header_style":"","ocean_center_header_left_menu":"0","ocean_custom_header_template":"0","ocean_custom_logo":0,"ocean_custom_retina_logo":0,"ocean_custom_logo_max_width":0,"ocean_custom_logo_tablet_max_width":0,"ocean_custom_logo_mobile_max_width":0,"ocean_custom_logo_max_height":0,"ocean_custom_logo_tablet_max_height":0,"ocean_custom_logo_mobile_max_height":0,"ocean_header_custom_menu":"0","ocean_menu_typo_font_family":"0","ocean_menu_typo_font_subset":"","ocean_menu_typo_font_size":0,"ocean_menu_typo_font_size_tablet":0,"ocean_menu_typo_font_size_mobile":0,"ocean_menu_typo_font_size_unit":"px","ocean_menu_typo_font_weight":"","ocean_menu_typo_font_weight_tablet":"","ocean_menu_typo_font_weight_mobile":"","ocean_menu_typo_transform":"","ocean_menu_typo_transform_tablet":"","ocean_menu_typo_transform_mobile":"","ocean_menu_typo_line_height":0,"ocean_menu_typo_line_height_tablet":0,"ocean_menu_typo_line_height_mobile":0,"ocean_menu_typo_line_height_unit":"","ocean_menu_typo_spacing":0,"ocean_menu_typo_spacing_tablet":0,"ocean_menu_typo_spacing_mobile":0,"ocean_menu_typo_spacing_unit":"","ocean_menu_link_color":"","ocean_menu_link_color_hover":"","ocean_menu_link_color_active":"","ocean_menu_link_background":"","ocean_menu_link_hover_background":"","ocean_menu_link_active_background":"","ocean_menu_social_links_bg":"","ocean_menu_social_hover_links_bg":"","ocean_menu_social_links_color":"","ocean_menu_social_hover_links_color":"","ocean_disable_title":"default","ocean_disable_heading":"default","ocean_post_title":"","ocean_post_subheading":"","ocean_post_title_style":"","ocean_post_title_background_color":"","ocean_post_title_background":0,"ocean_post_title_bg_image_position":"","ocean_post_title_bg_image_attachment":"","ocean_post_title_bg_image_repeat":"","ocean_post_title_bg_image_size":"","ocean_post_title_height":0,"ocean_post_title_bg_overlay":0.5,"ocean_post_title_bg_overlay_color":"","ocean_disable_breadcrumbs":"default","ocean_breadcrumbs_color":"","ocean_breadcrumbs_separator_color":"","ocean_breadcrumbs_links_color":"","ocean_breadcrumbs_links_hover_color":"","ocean_display_footer_widgets":"default","ocean_display_footer_bottom":"default","ocean_custom_footer_template":"0","ofc_enable_fullscreen":"disable","ofc_fullscreen_speed":0,"ofc_fullscreen_nav":"enable","ofc_fullscreen_nav_pos":"right","ofc_fullscreen_nav_color":"","ofc_fullscreen_nav_tooltip_color":"","ofc_fullscreen_responsive":0},"product_brand":[],"product_cat":[4207],"product_tag":[],"class_list":{"0":"post-65970","1":"product","2":"type-product","3":"status-publish","4":"has-post-thumbnail","6":"product_cat-nba-trading-cards-pocket-pack-gold-edition-2026-5-unopened-packs","7":"product_shipping_class-classe-dexpedition_a","9":"entry","10":"has-media","12":"first","13":"instock","14":"taxable","15":"shipping-taxable","16":"purchasable","17":"product-type-simple","18":"col","19":"span_1_of_4","20":"owp-content-center","21":"owp-thumbs-layout-horizontal","22":"owp-btn-normal","23":"owp-tabs-layout-horizontal"},"acf":[],"_links":{"self":[{"href":"https:\/\/memorabilia-germany.de\/fr\/wp-json\/wp\/v2\/product\/65970","targetHints":{"allow":["GET"]}}],"collection":[{"href":"https:\/\/memorabilia-germany.de\/fr\/wp-json\/wp\/v2\/product"}],"about":[{"href":"https:\/\/memorabilia-germany.de\/fr\/wp-json\/wp\/v2\/types\/product"}],"version-history":[{"count":0,"href":"https:\/\/memorabilia-germany.de\/fr\/wp-json\/wp\/v2\/product\/65970\/revisions"}],"wp:featuredmedia":[{"embeddable":true,"href":"https:\/\/memorabilia-germany.de\/fr\/wp-json\/wp\/v2\/media\/65823"}],"wp:attachment":[{"href":"https:\/\/memorabilia-germany.de\/fr\/wp-json\/wp\/v2\/media?parent=65970"}],"wp:term":[{"taxonomy":"product_brand","embeddable":true,"href":"https:\/\/memorabilia-germany.de\/fr\/wp-json\/wp\/v2\/product_brand?post=65970"},{"taxonomy":"product_cat","embeddable":true,"href":"https:\/\/memorabilia-germany.de\/fr\/wp-json\/wp\/v2\/product_cat?post=65970"},{"taxonomy":"product_tag","embeddable":true,"href":"https:\/\/memorabilia-germany.de\/fr\/wp-json\/wp\/v2\/product_tag?post=65970"}],"curies":[{"name":"wp","href":"https:\/\/api.w.org\/{rel}","templated":true}]}}