{"id":65956,"date":"2026-02-09T15:37:47","date_gmt":"2026-02-09T14:37:47","guid":{"rendered":"https:\/\/memorabilia-germany.de\/?post_type=product&#038;p=65956"},"modified":"2026-02-09T18:20:22","modified_gmt":"2026-02-09T17:20:22","slug":"nba-trading-cards-mystery-boxold-school-edition-202610-unopened-packs","status":"publish","type":"product","link":"https:\/\/memorabilia-germany.de\/fr\/produit\/nba-trading-cards-mystery-boxold-school-edition-202610-unopened-packs\/","title":{"rendered":"NBA Trading Cards Mystery Box<\/br>\u00ab\u00a0Old School Edition 2026\u00a0\u00bb<\/br>(10 packs non ouverts)"},"content":{"rendered":"<p style=\"text-align: center;\"><strong>Tous les paquets de cette s\u00e9rie proviennent exclusivement des Trading Cards suivantes :<\/strong><\/p>\n<p style=\"text-align: center;\">1999\/2000 Upper Deck SP Authentic Basketball (Hobby Box)<br \/>\n1997\/98 NBA HOOPS (Hobby Box)<br \/>\n1996\/97 NBA HOOPS (Hobby Box)<br \/>\n1995\/96 NBA Hoops (Hobby Box)<br \/>\n1993\/94 Upper Deck NBA Basketball Cards (Hobby Box)<br \/>\n1992\/93 Upper Deck NBA Basketball Cards (Hobby Box)<br \/>\n1997\/98 NBA HOOPS (Retail Box)<br \/>\n1996\/97 NBA HOOPS (Retail Box)<br \/>\n1992 USA Basketball Cards Dream Team Edition (Hobby Box)<br \/>\n1989\/90 NBA HOOPS (Wax Box)<br \/>\n1994\/95 NBA HOOPS (Wax Box)<br \/>\n1999\/00 Fleer Skybox Impact Basketball (Hobby Box)<br \/>\n1994 Skybox USA Basketball Trading Cards (Hobby Box)<br \/>\n1993 Upper Deck Slam Dunk NBA Basketball (Hobby Box)<br \/>\n1996 USA Basketball Cards Deluxe Gold Edition (Hobby Box)<br \/>\n1992\/93 Topps NBA Basketball Picture Cards (Wax Box)<br \/>\n1990 Fleer Basketball Player Photo Cards (Wax Box)<br \/>\n1994\/95 Fleer Ultra Basketball (Hobby Box)<br \/>\n1993\/94 Fleer Basketball Cards (Hobby Box)<br \/>\n1994\/95 Upper Deck NBA Basketball Cards (Hobby Box)<br \/>\n1992\/93 SkyBox Basketball Cards (Hobby Box)<br \/>\n1992\/93 Fleer Ultra Basketball Cards (Wax Box)<br \/>\n1993\/94 SkyBox Premium Edition Basketball Cards (Hobby Box)<br \/>\n1990\/91 NBA HOOPS (Wax Box)<br \/>\n1991\/92 NBA HOOPS (Wax Box)<br \/>\n1992\/93 NBA HOOPS (Wax Box)<br \/>\n1993\/94 NBA HOOPS (Wax Box)<br \/>\n1993\/94 Topps Stadium Club Super Color Cards (Wax Box)<br \/>\n1991\/92 Upper Deck NBA Basketball Cards Inaugual Edition (Hobby Box)<br \/>\n1994\/95 Skybox Premium Basketball Cards (Hobby Box)<br \/>\n1990\/91 SkyBox Inaugural Edition Basketball Cards (Wax Box)<br \/>\n1991\/92 Skybox Basketball Cards (Wax Box)<br \/>\n1993\/94 SkyBox Premium Edition Basketball Cards (Hobby Box)<br \/>\n1994 Topps Stadium Club NBA Basketball Cards (Hobby Box)<br \/>\n1991 Fleer Basketball Player Photo Cards (Wax Box)<\/p>\n<p>Remarque : L&rsquo;\u00e9tat de tous les paquets de Trading Cards a \u00e9t\u00e9 contr\u00f4l\u00e9 par Memorabilia Germany et les Mystery Boxes contiennent toutes, sans exception, des paquets \u00e0 l&rsquo;\u00e9tat neuf qui n&rsquo;ont jamais \u00e9t\u00e9 ouverts. Veuillez n\u00e9anmoins noter que les cartes ont jusqu&rsquo;\u00e0 35 ans et que nous ne pouvons donc pas garantir leur \u00e9tat \u00e0 l&rsquo;int\u00e9rieur des paquets.<\/p>\n<p>Comment fonctionne une Mystery Box ?<br \/>\nVous trouverez des informations \u00e0 ce sujet dans nos <strong><a href=\"https:\/\/memorabilia-germany.de\/fr\/sports-memorabilia-faq\/#memorabilia-mystery-box\"><u>FAQ<\/u><\/a><\/strong>!<\/p>\n","protected":false},"excerpt":{"rendered":"<p><strong>Cette s\u00e9rie est disponible sur un total de 100 NBA Trading Cards <a href=\"https:\/\/memorabilia-germany.de\/fr\/sports-memorabilia-faq\/#memorabilia-mystery-box\"><u>Mystery Boxes<\/u><\/a> en \u00e9dition limit\u00e9e. Chaque bo\u00eete est scell\u00e9e et porte un num\u00e9ro de s\u00e9rie. Les cartons contiennent des colis non ouverts datant de la fin des ann\u00e9es 80 \u00e0 la fin des ann\u00e9es 90. Trouvez des paquets de bo\u00eetes \u00e9puis\u00e9es du pass\u00e9 dans le monde entier de marques telles que NBA HOOPS, SkyBox Premium, topps Stadium Club ou Upper Deck SP Authentics.  De plus, certaines bo\u00eetes contiennent des Memorabilia <a href=\"https:\/\/memorabilia-germany.de\/fr\/sports-memorabilia-faq\/#redemption\"><u>des Redemption Vouchers<\/u><\/a> pour des ballons de basket sign\u00e9s !<\/strong><\/p>\n<p><strong>Informations sur le produit :<\/strong><\/p>\n<ul style=\"list-style-type: square;\">\n<li>Contenu de chaque bo\u00eete : 10 paquets non ouverts de la fin des ann\u00e9es 1980 \u00e0 la fin des ann\u00e9es 1990 (voir liste d\u00e9taill\u00e9e ci-dessous)<\/li>\n<li>Tous les paquets proviennent de bo\u00eetes \u00ab\u00a0factory sealed\u00a0\u00bb.<\/li>\n<li>Orlando Magic Team Signed Special : 1 des 100 bo\u00eetes contient en plus un <a href=\"https:\/\/memorabilia-germany.de\/fr\/sports-memorabilia-faq\/#redemption\"><u>Redemption Voucher<\/u><\/a> pour un ballon de basket Orlando Magic sign\u00e9 par toute l&rsquo;\u00e9quipe du Magic d&rsquo;Orlando, dirig\u00e9e par la superstar de la NBA Grant Hill, \u00e0 la fin des ann\u00e9es 90.<\/li>\n<li>2 bo\u00eetes sur 100 contiennent \u00e9galement un Memorabilia <a href=\"https:\/\/memorabilia-germany.de\/fr\/sports-memorabilia-faq\/#redemption\"><u>Redemption Voucher<\/u><\/a> pour un ballon de basket NBA original sign\u00e9 par Wilson et d\u00e9dicac\u00e9 par Magic Johnson ou Larry Bird ! Les trois ballons ont \u00e9t\u00e9 authentifi\u00e9s par Beckett ou James Spence Authentication et ont un num\u00e9ro de s\u00e9rie qui peut \u00eatre v\u00e9rifi\u00e9 en ligne. <\/li>\n<li>Retrouvez les Trading Cards originales des stars de la NBA des ann\u00e9es 80 et 90 telles que Michael Jordan, Kobe Bryant, Shaquille O&rsquo;Neal, Larry Bird, Magic Johnson, Gary Payton, David Robinson, Charles Barkley, Grant Hill, Dennis Rodman, Patrick Ewing ou encore Hakeem. Olajuwon.<\/li>\n<\/ul>\n<p>&nbsp;<br \/>\n<strong>Highlight Chances :<\/strong><\/p>\n<ul style=\"list-style-type: square;\">\n<li><a href=\"https:\/\/memorabilia-germany.de\/fr\/sports-memorabilia-faq\/#redemption\"><strong><u>Redemption Vouchers:<\/u><\/strong><\/a> Orlando Magic Team Signed Basketball + ballons de basket Wilson d\u00e9dicac\u00e9s par Magic Johnson ou Larry Bird<\/li>\n<li>1999\/2000 Upper Deck Inserts et Memorabilia Cards:\n<ul style=\"list-style-type: circle;\">\n<li>Michael Jordan Final Floor Level 1<\/li>\n<li>Sign Of Times Autograph<\/li>\n<li>SP Buy Back Autograph Cards<\/li>\n<li>SP Supremacy Cards<\/li>\n<li>SP First Class Cards<\/li>\n<li>SP Athletic Cards<\/li>\n<li>SP Authentic Trade Cards<\/li>\n<li>Premier Powers<\/li>\n<li>Sign of the Times Gold<\/li>\n<\/ul>\n<\/li>\n<li>1997\/98 NBA HOOPS Hobby &amp; Retail Exclusives: Autograph Cards &amp; Special Inserts\n<ul style=\"list-style-type: circle;\">\n<li>Autographics Signature Series, NBA Season 1997\/98<\/li>\n<li>Frequent Flyer Club<\/li>\n<li>1997 Special Prints<\/li>\n<li>Silky Smooth Inserts<\/li>\n<li>Premium Players, Rock N Fire &amp; And One (incl. Tim Duncan Rookies)<\/li>\n<li>Dish &lsquo;N&rsquo; Swish<\/li>\n<\/ul>\n<\/li>\n<li>1996\/97 NBA HOOPS Autograph Cards &amp; Special Inserts:\n<ul style=\"list-style-type: circle;\">\n<li>Autographics Signature Series, NBA Season 1996\/97<\/li>\n<li>HIPnotized<\/li>\n<li>Head to Head + Headliners<\/li>\n<li>Grant Hill Z-Force (Inaugural Z-Force Edition!)<\/li>\n<\/ul>\n<\/li>\n<li>SkyBox 1992 Autograph Insert Cards : Magic Johnson &amp; David Robinson<\/li>\n<li>1992 Skybox USA Basketball Dream Team &amp; Special Inserts:\n<ul style=\"list-style-type: circle;\">\n<li>Autograph Exclusives: Magic Johnson &amp; David Robinson Dream Team Autographs<\/li>\n<li>Magic On Inserts (Magic Johnson\u2019s Dream Team Thoughts)<\/li>\n<li>1992 Olympic Team Plastics<\/li>\n<\/ul>\n<\/li>\n<li>1995\/96 NBA HOOPS Autograph Cards &amp; Special Inserts:\n<ul style=\"list-style-type: circle;\">\n<li>Grant Hill Slams Inserts + Tribute Cards<\/li>\n<li>Number Crunchers<\/li>\n<li>1995 NBA Hoops All-Time Rookie Team cards<\/li>\n<li>Block Party Inserts<\/li>\n<\/ul>\n<\/li>\n<li>1996\/97 Upper Deck USA Gold Edition Special Inserts:\n<ul style=\"list-style-type: circle;\">\n<li>Michael Jordan-American Made<\/li>\n<li>SP Die-cut Career Highlights<\/li>\n<li>Follow Your Dreams + USA Update Trade<\/li>\n<\/ul>\n<\/li>\n<li>1994\/95 NBA HOOPS Special Inserts:\n<ul style=\"list-style-type: circle;\">\n<li>Power Predator + Stat Power Ratings<\/li>\n<li>Magic&rsquo;s All-Rookie Team Cards Rookie Specials incl. Grant Hill &amp; Jason Kidd <\/li>\n<\/ul>\n<\/li>\n<li>1989 Michael Jordan Allstar Cards &amp; 1993 Michael Jordan Center Stage Cards<\/li>\n<li>Les Rookie Cards des stars de la NBA lors des drafts entre 1989 et 1999 !<\/li>\n<li>1992 Larry Bird &amp; Magic Johnson Retirement Inserts Cards<\/li>\n<li>1992 David Robinson SkyBox Lifestyle Cards<\/li>\n<li>Insert Cards de sous-ensembles l\u00e9gendaires comme les \u201cHOOPerstars\u201d, \u201cNumber Crunchers\u201d, \u201cRookie Headliners\u201d ou \u201cStay in School\u201d<\/li>\n<\/ul>\n","protected":false},"featured_media":65775,"template":"","meta":{"_acf_changed":false,"ocean_post_layout":"","ocean_both_sidebars_style":"","ocean_both_sidebars_content_width":0,"ocean_both_sidebars_sidebars_width":0,"ocean_sidebar":"0","ocean_second_sidebar":"0","ocean_disable_margins":"enable","ocean_add_body_class":"","ocean_shortcode_before_top_bar":"","ocean_shortcode_after_top_bar":"","ocean_shortcode_before_header":"","ocean_shortcode_after_header":"","ocean_has_shortcode":"","ocean_shortcode_after_title":"","ocean_shortcode_before_footer_widgets":"","ocean_shortcode_after_footer_widgets":"","ocean_shortcode_before_footer_bottom":"","ocean_shortcode_after_footer_bottom":"","ocean_display_top_bar":"default","ocean_display_header":"default","ocean_header_style":"","ocean_center_header_left_menu":"0","ocean_custom_header_template":"0","ocean_custom_logo":0,"ocean_custom_retina_logo":0,"ocean_custom_logo_max_width":0,"ocean_custom_logo_tablet_max_width":0,"ocean_custom_logo_mobile_max_width":0,"ocean_custom_logo_max_height":0,"ocean_custom_logo_tablet_max_height":0,"ocean_custom_logo_mobile_max_height":0,"ocean_header_custom_menu":"0","ocean_menu_typo_font_family":"0","ocean_menu_typo_font_subset":"","ocean_menu_typo_font_size":0,"ocean_menu_typo_font_size_tablet":0,"ocean_menu_typo_font_size_mobile":0,"ocean_menu_typo_font_size_unit":"px","ocean_menu_typo_font_weight":"","ocean_menu_typo_font_weight_tablet":"","ocean_menu_typo_font_weight_mobile":"","ocean_menu_typo_transform":"","ocean_menu_typo_transform_tablet":"","ocean_menu_typo_transform_mobile":"","ocean_menu_typo_line_height":0,"ocean_menu_typo_line_height_tablet":0,"ocean_menu_typo_line_height_mobile":0,"ocean_menu_typo_line_height_unit":"","ocean_menu_typo_spacing":0,"ocean_menu_typo_spacing_tablet":0,"ocean_menu_typo_spacing_mobile":0,"ocean_menu_typo_spacing_unit":"","ocean_menu_link_color":"","ocean_menu_link_color_hover":"","ocean_menu_link_color_active":"","ocean_menu_link_background":"","ocean_menu_link_hover_background":"","ocean_menu_link_active_background":"","ocean_menu_social_links_bg":"","ocean_menu_social_hover_links_bg":"","ocean_menu_social_links_color":"","ocean_menu_social_hover_links_color":"","ocean_disable_title":"default","ocean_disable_heading":"default","ocean_post_title":"","ocean_post_subheading":"","ocean_post_title_style":"","ocean_post_title_background_color":"","ocean_post_title_background":0,"ocean_post_title_bg_image_position":"","ocean_post_title_bg_image_attachment":"","ocean_post_title_bg_image_repeat":"","ocean_post_title_bg_image_size":"","ocean_post_title_height":0,"ocean_post_title_bg_overlay":0.5,"ocean_post_title_bg_overlay_color":"","ocean_disable_breadcrumbs":"default","ocean_breadcrumbs_color":"","ocean_breadcrumbs_separator_color":"","ocean_breadcrumbs_links_color":"","ocean_breadcrumbs_links_hover_color":"","ocean_display_footer_widgets":"default","ocean_display_footer_bottom":"default","ocean_custom_footer_template":"0","ofc_enable_fullscreen":"disable","ofc_fullscreen_speed":0,"ofc_fullscreen_nav":"enable","ofc_fullscreen_nav_pos":"right","ofc_fullscreen_nav_color":"","ofc_fullscreen_nav_tooltip_color":"","ofc_fullscreen_responsive":0},"product_brand":[],"product_cat":[4203],"product_tag":[],"class_list":{"0":"post-65956","1":"product","2":"type-product","3":"status-publish","4":"has-post-thumbnail","6":"product_cat-nba-trading-cards-mystery-box-old-school-edition-2026-10-unopened-packs","7":"product_shipping_class-classe-dexpedition_a","9":"entry","10":"has-media","12":"first","13":"instock","14":"taxable","15":"shipping-taxable","16":"purchasable","17":"product-type-simple","18":"col","19":"span_1_of_4","20":"owp-content-center","21":"owp-thumbs-layout-horizontal","22":"owp-btn-normal","23":"owp-tabs-layout-horizontal"},"acf":[],"_links":{"self":[{"href":"https:\/\/memorabilia-germany.de\/fr\/wp-json\/wp\/v2\/product\/65956","targetHints":{"allow":["GET"]}}],"collection":[{"href":"https:\/\/memorabilia-germany.de\/fr\/wp-json\/wp\/v2\/product"}],"about":[{"href":"https:\/\/memorabilia-germany.de\/fr\/wp-json\/wp\/v2\/types\/product"}],"version-history":[{"count":0,"href":"https:\/\/memorabilia-germany.de\/fr\/wp-json\/wp\/v2\/product\/65956\/revisions"}],"wp:featuredmedia":[{"embeddable":true,"href":"https:\/\/memorabilia-germany.de\/fr\/wp-json\/wp\/v2\/media\/65775"}],"wp:attachment":[{"href":"https:\/\/memorabilia-germany.de\/fr\/wp-json\/wp\/v2\/media?parent=65956"}],"wp:term":[{"taxonomy":"product_brand","embeddable":true,"href":"https:\/\/memorabilia-germany.de\/fr\/wp-json\/wp\/v2\/product_brand?post=65956"},{"taxonomy":"product_cat","embeddable":true,"href":"https:\/\/memorabilia-germany.de\/fr\/wp-json\/wp\/v2\/product_cat?post=65956"},{"taxonomy":"product_tag","embeddable":true,"href":"https:\/\/memorabilia-germany.de\/fr\/wp-json\/wp\/v2\/product_tag?post=65956"}],"curies":[{"name":"wp","href":"https:\/\/api.w.org\/{rel}","templated":true}]}}