{"id":65927,"date":"2026-02-09T16:19:06","date_gmt":"2026-02-09T15:19:06","guid":{"rendered":"https:\/\/memorabilia-germany.de\/?post_type=product&#038;p=65927"},"modified":"2026-02-23T17:48:07","modified_gmt":"2026-02-23T16:48:07","slug":"nba-trading-cards-mystery-boxmodern-superstars-alternate-edition-202610-unopened-packs","status":"publish","type":"product","link":"https:\/\/memorabilia-germany.de\/fr\/produit\/nba-trading-cards-mystery-boxmodern-superstars-alternate-edition-202610-unopened-packs\/","title":{"rendered":"NBA Trading Cards Mystery Box<\/br>\u201cModern Superstars Alternate Edition 2026\u201d<\/br>(10 unopened packs)"},"content":{"rendered":"<p style=\"text-align: center;\"><strong>Tous les paquets de cette s\u00e9rie proviennent exclusivement des Trading Cards suivantes :<\/strong><br \/>\n&nbsp;<br \/>\n2000\/01 Upper Deck SP Authentic Basketball Cards (Hobby Box)<br \/>\n2024\/25 Panini Donruss Optic Basketball (Hobby Box)<br \/>\n2005\/06 Upper Deck Basketball (Hobby Box)<br \/>\n1999\/2000 Upper Deck MVP Basketball (Hobby Box)<br \/>\n2024\/25 Panini Select Basketball (Hobby Box)<br \/>\n2000\/01 Upper Deck Pros &amp; Prospects Basketball (Hobby Box)<br \/>\n2006\/07 Topps Basketball (Rack Pack Box)<br \/>\n2002\/03 Topps NBA Basketball Cards (Retail Box)<br \/>\n2025\/26 Topps NBA Basketball (Hobby Box)<br \/>\n2025\/26 Topps Holiday Basketball (Mega Box)<br \/>\n2019\/20 Panini Hoops Premium Stock (Mega Box)<br \/>\n1999\/00 Fleer Skybox Impact Basketball (Hobby Box)<br \/>\n1990 Fleer Basketball Player Photo Cards (Wax Box)<br \/>\n1994\/95 Fleer Ultra Basketball (Hobby Box)<br \/>\n1993\/94 Fleer Basketball Cards (Hobby Box)<br \/>\n1994\/95 Upper Deck NBA Basketball Cards (Hobby Box)<br \/>\n2023\/24 Panini Prizm Basketball (Retail Box)<br \/>\n1992\/93 SkyBox Basketball Cards (Hobby Box)<br \/>\n1992\/93 Fleer Ultra Basketball Cards (Wax Box)<br \/>\n1994 Skybox USA Basketball Trading Cards (Hobby Box)<br \/>\n1993\/94 SkyBox Premium Edition Basketball Cards (Hobby Box)<br \/>\n1990\/91 NBA HOOPS (Wax Box)<br \/>\n1991\/92 NBA HOOPS (Wax Box)<br \/>\n1992\/93 NBA HOOPS (Wax Box)<br \/>\n1993\/94 NBA HOOPS (Wax Box)<br \/>\n1993\/94 Topps Stadium Club Super Color Cards (Wax Box)<br \/>\n2024\/25 Panini Donruss Optic Basketball (Mega &amp; Retail Box)<br \/>\n2022\/23 Panini NBA Chronicles Draft Picks (Blaster Box)<br \/>\n1991\/92 Upper Deck NBA Basketball Cards Inaugural Edition (Hobby Box)<br \/>\n2024\/25 Panini Select Basketball (Mega &amp; Blaster Box)<br \/>\n1994\/95 Skybox Premium Basketball Cards (Hobby Box)<br \/>\n1990\/91 SkyBox Inaugural Edition Basketball Cards (Wax Box)<br \/>\n1991\/92 Skybox Basketball Cards (Wax Box)<br \/>\n1993\/94 SkyBox Premium Edition Basketball Cards (Hobby Box)<br \/>\n1994 Topps Stadium Club NBA Basketball Cards (Hobby Box)<br \/>\n1991 Fleer Basketball Player Photo Cards (Wax Box)<br \/>\n2025\/26 Topps NBA Basketball (Mega &amp; Blaster Box)<\/p>\n<p><strong>Remarque :<\/strong> L&rsquo;\u00e9tat de tous les paquets de Trading Cards a \u00e9t\u00e9 contr\u00f4l\u00e9 par Memorabilia Germany et les Mystery Boxes contiennent toutes, sans exception, des paquets \u00e0 l&rsquo;\u00e9tat neuf qui n&rsquo;ont jamais \u00e9t\u00e9 ouverts. Veuillez n\u00e9anmoins noter que les cartes ont jusqu&rsquo;\u00e0 35 ans et que nous ne pouvons donc pas garantir leur \u00e9tat \u00e0 l&rsquo;int\u00e9rieur des paquets.<\/p>\n<p>Comment fonctionne une Mystery Box ?<br \/>\nVous trouverez des informations \u00e0 ce sujet dans nos <strong><a href=\"https:\/\/memorabilia-germany.de\/fr\/sports-memorabilia-faq\/#memorabilia-mystery-box\"><u>FAQ<\/u><\/a><\/strong>!<\/p>\n","protected":false},"excerpt":{"rendered":"<p><strong>Cette s\u00e9rie est disponible sur un total de 100 NBA Trading Cards <a href=\"https:\/\/memorabilia-germany.de\/fr\/sports-memorabilia-faq\/#memorabilia-mystery-box\"><u>Mystery Boxes<\/u><\/a> en \u00e9dition limit\u00e9e. Chaque bo\u00eete est scell\u00e9e et porte un num\u00e9ro de s\u00e9rie. Les bo\u00eetes contiennent des paquets non ouverts datant des ann\u00e9es 90 \u00e0 aujourd&rsquo;hui. Retrouvez des paquets de bo\u00eetes du pass\u00e9 \u00e9puis\u00e9es dans le monde entier ainsi que des bo\u00eetes modernes haut de gamme d&rsquo;aujourd&rsquo;hui. De Panini Donruss Optic \u00e0 Upper Deck MVP et de Panini Select \u00e0 Upper Deck SP Authentic.     De plus, certaines bo\u00eetes contiennent des Memorabilia <a href=\"https:\/\/memorabilia-germany.de\/fr\/sports-memorabilia-faq\/#redemption\"><u>des Redemption Vouchers<\/u><\/a> pour des ballons de basket sign\u00e9s !<\/strong><\/p>\n<p><strong>Informations sur le produit :<\/strong><\/p>\n<ul style=\"list-style-type: square;\">\n<li>Contenu de chaque bo\u00eete : 10 paquets non ouverts datant de 1990 \u00e0 aujourd&rsquo;hui (voir la liste d\u00e9taill\u00e9e ci-dessous).<\/li>\n<li>Tous les paquets proviennent de bo\u00eetes \u00ab\u00a0factory sealed\u00a0\u00bb.<\/li>\n<li>3 bo\u00eetes sur 100 contiennent \u00e9galement un Memorabilia <a href=\"https:\/\/memorabilia-germany.de\/fr\/sports-memorabilia-faq\/#redemption\"><u>Redemption Voucher<\/u><\/a> pour un ballon de basket NBA original sign\u00e9 par Wilson et d\u00e9dicac\u00e9 par Victor Wembanyama, Allen Iverson ou Shaquille O&rsquo;Neal ! Toutes les balles ont \u00e9t\u00e9 authentifi\u00e9es par Beckett ou James Spence Authentication et ont un num\u00e9ro de s\u00e9rie qui peut \u00eatre v\u00e9rifi\u00e9 en ligne.<\/li>\n<li>Trouvez les Trading Cards originales des stars de la NBA comme Michael Jordan, Cooper Flagg, LeBron James, Kobe Bryant, Shaquille O&rsquo;Neal, Larry Bird, Magic Johnson, Steph Curry, James Harden, Nikola Jokic, Dennis Rodman, Grant Hill, Giannis Antetokounmpo, Luka Doncic ou Victor Wembanyama.<\/li>\n<\/ul>\n<p>&nbsp;<br \/>\n<strong>Highlight Chances :<\/strong><\/p>\n<ul style=\"list-style-type: square;\">\n<li><a href=\"https:\/\/memorabilia-germany.de\/fr\/sports-memorabilia-faq\/#redemption\"><u>Redemption Vouchers: <\/u><\/a>Ballons de basket Wilson d\u00e9dicac\u00e9s par Victor Wembanyama, Allen Iverson (\u00ab\u00a0The Answer\u00a0\u00bb &#8211; inscription !) ou Shaquille O&rsquo;Neal<\/li>\n<li>2000\/01 Upper Deck SP Authentic Basketball Single &amp; Double \u201cSign of the Time\u201d Autograph Cards incl. Kobe Bryant &amp; Michael Jordan Authentics <\/li>\n<li>2000\/01 Upper Deck SP Authentic Basketball Autographs, Relics &amp; Inserts:\n<ul style=\"list-style-type: circle;\">\n<li>Buy Backs (SP Autographs)<\/li>\n<li>First Class<\/li>\n<li>Premier Powers<\/li>\n<li>SPectacular<\/li>\n<li>Special Forces<\/li>\n<li>Supremacy<\/li>\n<\/ul>\n<\/li>\n<li>2024\/25 Panini Donruss Optic Autographs, Parallels &amp; Inserts:\n<ul style=\"list-style-type: circle;\">\n<li>Black Pandora Rated Rookies Signatures<\/li>\n<li>Opti-Graphs Gold Vinyl Autographs<\/li>\n<li>Rookie Dual Signatures<\/li>\n<li>Downtown Vinyls &amp; Alter Ego Golds<\/li>\n<li>Elite Dominators, Rising Suns, Red Hot Rookies &amp; Net Marvels Inserts<\/li>\n<\/ul>\n<\/li>\n<li>2005\/06 Upper Deck Basketball Signature &amp; Memorabilia Cards incl. Michael Jordan &amp; LeBron James:\n<ul style=\"list-style-type: circle;\">\n<li>Signature Sensations<\/li>\n<li>Performance Clause Autograph Jersey Redemption<\/li>\n<li>UD Game Jerseys &amp; Materials<\/li>\n<li>Rookie Review Materials<\/li>\n<li>All-StarAuthentics &amp; NBA Game Patches<\/li>\n<li>Star Rookies &amp; Regular Player Gold Parallels<\/li>\n<\/ul>\n<\/li>\n<li>1999 Upper Deck MVP Autographs, Memorabilia Cards &amp; Special Inserts de 1999:\n<ul style=\"list-style-type: circle;\">\n<li>Michael Jordan Gold Scripts, Game Used Memorabilia Cards &amp; Autograph Pro Sign Cards<\/li>\n<li>Jordan\u2019s MVP Moments<\/li>\n<li>Pro Sign Autograph Cards &amp; Game Used Memorabilia Cards<\/li>\n<li>Gold Scripts, Super Scripts, Electrifying<\/li>\n<li>MVP Theatre, Jam Time, 21s Century &amp; Dynamics Inserts<\/li>\n<li>Draw Your Own Contest Cards<\/li>\n<\/ul>\n<\/li>\n<li>2024\/25 Panini Select Basketball Autographs, Inserts &amp; Memorabilia Cards:\n<ul style=\"list-style-type: circle;\">\n<li>Rookie Signatures + Prime Selections Signatures<\/li>\n<li>Signatures, In Flight Signatures &amp; Select Pairing Signatures<\/li>\n<li>Rookie Jersey Autographs Black Finite Prizms<\/li>\n<li>Jumbo Rookie Signature Swatches White Prizms<\/li>\n<li>Solar Eclipse, Color Wheels &amp; Visionary Inserts<\/li>\n<\/ul>\n<\/li>\n<li>2006\/07 Topps Basketball Rack Pack Box Autographs &amp; Relic Cards\n<ul style=\"list-style-type: circle;\">\n<li>2006 Marks of Excellence Autographs<\/li>\n<li>Own the Game Autographed Relics<\/li>\n<li>Clutch City Prospects Autographed Relics<\/li>\n<li>Larry Legend Variations + Larry Bird : The Missing Years Inserts<\/li>\n<li>Pride of the Program Triple Relics<\/li>\n<\/ul>\n<\/li>\n<li>1993 Michael Jordan Center Stage Cards<\/li>\n<li>1992 Larry Bird &amp; Magic Johnson Retirement Inserts Cards<\/li>\n<li>1994 Fleer Ultra Inside\/Outside Hobby-Exclusive Inserts<\/li>\n<\/ul>\n","protected":false},"featured_media":65727,"template":"","meta":{"_acf_changed":false,"ocean_post_layout":"","ocean_both_sidebars_style":"","ocean_both_sidebars_content_width":0,"ocean_both_sidebars_sidebars_width":0,"ocean_sidebar":"0","ocean_second_sidebar":"0","ocean_disable_margins":"enable","ocean_add_body_class":"","ocean_shortcode_before_top_bar":"","ocean_shortcode_after_top_bar":"","ocean_shortcode_before_header":"","ocean_shortcode_after_header":"","ocean_has_shortcode":"","ocean_shortcode_after_title":"","ocean_shortcode_before_footer_widgets":"","ocean_shortcode_after_footer_widgets":"","ocean_shortcode_before_footer_bottom":"","ocean_shortcode_after_footer_bottom":"","ocean_display_top_bar":"default","ocean_display_header":"default","ocean_header_style":"","ocean_center_header_left_menu":"0","ocean_custom_header_template":"0","ocean_custom_logo":0,"ocean_custom_retina_logo":0,"ocean_custom_logo_max_width":0,"ocean_custom_logo_tablet_max_width":0,"ocean_custom_logo_mobile_max_width":0,"ocean_custom_logo_max_height":0,"ocean_custom_logo_tablet_max_height":0,"ocean_custom_logo_mobile_max_height":0,"ocean_header_custom_menu":"0","ocean_menu_typo_font_family":"0","ocean_menu_typo_font_subset":"","ocean_menu_typo_font_size":0,"ocean_menu_typo_font_size_tablet":0,"ocean_menu_typo_font_size_mobile":0,"ocean_menu_typo_font_size_unit":"px","ocean_menu_typo_font_weight":"","ocean_menu_typo_font_weight_tablet":"","ocean_menu_typo_font_weight_mobile":"","ocean_menu_typo_transform":"","ocean_menu_typo_transform_tablet":"","ocean_menu_typo_transform_mobile":"","ocean_menu_typo_line_height":0,"ocean_menu_typo_line_height_tablet":0,"ocean_menu_typo_line_height_mobile":0,"ocean_menu_typo_line_height_unit":"","ocean_menu_typo_spacing":0,"ocean_menu_typo_spacing_tablet":0,"ocean_menu_typo_spacing_mobile":0,"ocean_menu_typo_spacing_unit":"","ocean_menu_link_color":"","ocean_menu_link_color_hover":"","ocean_menu_link_color_active":"","ocean_menu_link_background":"","ocean_menu_link_hover_background":"","ocean_menu_link_active_background":"","ocean_menu_social_links_bg":"","ocean_menu_social_hover_links_bg":"","ocean_menu_social_links_color":"","ocean_menu_social_hover_links_color":"","ocean_disable_title":"default","ocean_disable_heading":"default","ocean_post_title":"","ocean_post_subheading":"","ocean_post_title_style":"","ocean_post_title_background_color":"","ocean_post_title_background":0,"ocean_post_title_bg_image_position":"","ocean_post_title_bg_image_attachment":"","ocean_post_title_bg_image_repeat":"","ocean_post_title_bg_image_size":"","ocean_post_title_height":0,"ocean_post_title_bg_overlay":0.5,"ocean_post_title_bg_overlay_color":"","ocean_disable_breadcrumbs":"default","ocean_breadcrumbs_color":"","ocean_breadcrumbs_separator_color":"","ocean_breadcrumbs_links_color":"","ocean_breadcrumbs_links_hover_color":"","ocean_display_footer_widgets":"default","ocean_display_footer_bottom":"default","ocean_custom_footer_template":"0","ofc_enable_fullscreen":"disable","ofc_fullscreen_speed":0,"ofc_fullscreen_nav":"enable","ofc_fullscreen_nav_pos":"right","ofc_fullscreen_nav_color":"","ofc_fullscreen_nav_tooltip_color":"","ofc_fullscreen_responsive":0},"product_brand":[],"product_cat":[4199],"product_tag":[],"class_list":{"0":"post-65927","1":"product","2":"type-product","3":"status-publish","4":"has-post-thumbnail","6":"product_cat-nba-trading-cards-mystery-box-modern-superstars-alternate-edition-2026-10-unopened-packs","7":"product_shipping_class-classe-dexpedition_a","9":"entry","10":"has-media","12":"first","13":"instock","14":"taxable","15":"shipping-taxable","16":"purchasable","17":"product-type-simple","18":"col","19":"span_1_of_4","20":"owp-content-center","21":"owp-thumbs-layout-horizontal","22":"owp-btn-normal","23":"owp-tabs-layout-horizontal"},"acf":[],"_links":{"self":[{"href":"https:\/\/memorabilia-germany.de\/fr\/wp-json\/wp\/v2\/product\/65927","targetHints":{"allow":["GET"]}}],"collection":[{"href":"https:\/\/memorabilia-germany.de\/fr\/wp-json\/wp\/v2\/product"}],"about":[{"href":"https:\/\/memorabilia-germany.de\/fr\/wp-json\/wp\/v2\/types\/product"}],"version-history":[{"count":0,"href":"https:\/\/memorabilia-germany.de\/fr\/wp-json\/wp\/v2\/product\/65927\/revisions"}],"wp:featuredmedia":[{"embeddable":true,"href":"https:\/\/memorabilia-germany.de\/fr\/wp-json\/wp\/v2\/media\/65727"}],"wp:attachment":[{"href":"https:\/\/memorabilia-germany.de\/fr\/wp-json\/wp\/v2\/media?parent=65927"}],"wp:term":[{"taxonomy":"product_brand","embeddable":true,"href":"https:\/\/memorabilia-germany.de\/fr\/wp-json\/wp\/v2\/product_brand?post=65927"},{"taxonomy":"product_cat","embeddable":true,"href":"https:\/\/memorabilia-germany.de\/fr\/wp-json\/wp\/v2\/product_cat?post=65927"},{"taxonomy":"product_tag","embeddable":true,"href":"https:\/\/memorabilia-germany.de\/fr\/wp-json\/wp\/v2\/product_tag?post=65927"}],"curies":[{"name":"wp","href":"https:\/\/api.w.org\/{rel}","templated":true}]}}