{"id":65443,"date":"2026-01-12T15:28:45","date_gmt":"2026-01-12T14:28:45","guid":{"rendered":"https:\/\/memorabilia-germany.de\/produkt\/nba-used-teamwear-mystery-boxon-court-edition-find-lebron\/"},"modified":"2026-04-04T14:45:01","modified_gmt":"2026-04-04T12:45:01","slug":"nba-used-teamwear-mystery-boxon-court-edition-find-lebron","status":"publish","type":"product","link":"https:\/\/memorabilia-germany.de\/fr\/produit\/nba-used-teamwear-mystery-boxon-court-edition-find-lebron\/","title":{"rendered":"NBA Used Teamwear Mystery Box:<\/br>On Court Edition<\/br>(Find LeBron!)"},"content":{"rendered":"<p><strong>Plus d&rsquo;informations sur cette s\u00e9rie Team Issued NBA Teamwear Mystery Box :<\/strong><\/p>\n<ul style=\"list-style-type: square;\">\n<li>Les objets \u00e9taient r\u00e9partis al\u00e9atoirement dans les cartons.<\/li>\n<li>Les franchises NBA dont les tenues d&rsquo;\u00e9quipe figurent dans les Mystery Box de cette s\u00e9rie sont notamment : Los Angeles Lakers, Chicago Bulls, Boston Celtics, Detroit Pistons, New York Knicks, Brooklyn Nets, Golden State Warriors, Cleveland Cavaliers, Utah Jazz, Atlanta Hawks, Philadelphia 76ers.<\/li>\n<li>Tous les Memorabilia de cette Mystery Box ont \u00e9t\u00e9 v\u00e9rifi\u00e9s par l&rsquo;un des principaux Authenticators am\u00e9ricains du march\u00e9 et sont livr\u00e9s avec des caract\u00e9ristiques de s\u00e9curit\u00e9 num\u00e9rot\u00e9es en s\u00e9rie (Certificate of Authenticity et\/ou hologramme de s\u00e9curit\u00e9). Les authentificateurs sont exclusivement : Fanatics, PSA\/DNA ou MEARS.  Plus d&rsquo;infos sur ce th\u00e8me important Authentification vous trouverez <strong><a href=\"https:\/\/memorabilia-germany.de\/fr\/authentification-des-signatures\/\">ici<\/a><\/strong>.<\/li>\n<\/ul>\n<p>Comment fonctionne une <a href=\"https:\/\/memorabilia-germany.de\/fr\/sports-memorabilia-faq\/#memorabilia-mystery-box\"><u>Mystery Box<\/u><\/a>?<\/p>\n<p>Vous pouvez trouver des informations \u00e0 ce sujet dans notre <strong><a href=\"https:\/\/memorabilia-germany.de\/fr\/sports-memorabilia-faq\/#memorabilia-mystery-box\"><u>FAQ<\/u><\/a><\/strong>!<\/p>\n<p>Plus de Basketball Memorabilia vous trouverez <strong><a href=\"https:\/\/memorabilia-germany.de\/fr\/basket-ball-memorabilia\/\">ici<\/a><\/strong>.<\/p>\n","protected":false},"excerpt":{"rendered":"<p><strong>La raret\u00e9 absolue parmi les Mystery Box ! Cette s\u00e9rie est limit\u00e9e \u00e0 seulement 70 NBA Used Teamwear <a href=\"https:\/\/memorabilia-germany.de\/fr\/sports-memorabilia-faq\/#memorabilia-mystery-box\"><u>Mystery Boxes<\/u><\/a> sont limit\u00e9es. Chaque bo\u00eete contient une pi\u00e8ce originale de NBA Teamwear. Retrouvez des jerseys, des t-shirts, des sweats et m\u00eame des vestes qui ont \u00e9t\u00e9 fournis directement par les franchises NBA \u00e0 leurs joueurs et qui n&rsquo;ont pas \u00e9t\u00e9 distribu\u00e9s en tant que fan merchandising. De nombreuses pi\u00e8ces ont m\u00eame \u00e9t\u00e9 port\u00e9es par les stars de la NBA le jour du match.    <\/strong><\/p>\n<p><strong>Les points forts de la s\u00e9rie sont un maillot des Cavaliers LeBron James de la saison NBA 2016\/17, un maillot du Shaq du NBA All-Star Game 2003 \u00e0 Atlanta et un maillot Game-Worn de Dennis Schr\u00f6der que Dennis a port\u00e9 le 11 novembre 2024 lors du match des Brooklyn Nets contre les New Orleans Pelicans. Mais chaque bo\u00eete individuelle contient une pi\u00e8ce originale de la NBA ! Et cette s\u00e9rie de Mystery Box ne d\u00e9roge pas \u00e0 la r\u00e8gle : tous les objets ont \u00e9t\u00e9 authentifi\u00e9s par un leader du march\u00e9 am\u00e9ricain et chaque bo\u00eete poss\u00e8de un num\u00e9ro de s\u00e9rie.  <\/strong><\/p>\n<p><strong>Vue d\u2019ensemble rapide :<\/strong><\/p>\n<ul style=\"list-style-type: square;\">\n<li>Contenu de chaque bo\u00eete : v\u00eatement originales team-issued oder player-worn NBA. Les images vous donnent un petit aper\u00e7u du secret de la s\u00e9rie !<\/li>\n<li>Tous les articles sont des produits de marque de marques telles que Nike, Reebok, adidas ou Jordan. Toujours tels qu&rsquo;ils ont \u00e9t\u00e9 distribu\u00e9s \u00e0 l&rsquo;\u00e9quipe par la franchise NBA concern\u00e9e. <\/li>\n<li>Tous les articles sont des v\u00eatements de marque de qualit\u00e9, c&rsquo;est-\u00e0-dire des hauts. Certains surv\u00eatements sont complets et viennent avec le pantalon assorti. <\/li>\n<li>Find LeBron : une bo\u00eete de cette s\u00e9rie contient un maillot adidas Team-Issued LeBron James des Cleveland Cavaliers de la saison 2016\/17 de la NBA. Le maillot de LeBron comporte un patch Larry O&rsquo;Brien Trophy dans le cou, car les Cavs ont \u00e9t\u00e9 champions NBA en titre cette saison-l\u00e0 ! <\/li>\n<li>Autres points forts de cette s\u00e9rie Mystery Box : le maillot Shaquille O&rsquo;Neal Team-Issued All-Star Game du NBA All-Star Game disput\u00e9 le 9 f\u00e9vrier 2003 au Philips Arena d&rsquo;Atlanta (maillot Western Confernce\/Los Angeles Lakers) et un maillot Jordan Game-Worn Dennis Schr\u00f6der port\u00e9 par Dennis le 11 novembre 2024 lors du match opposant les Brooklyn Nets aux New Orleans Pelicans.<\/li>\n<\/ul>\n<p>Authentification des items (exclusivement) : Fanatics, PSA\/DNA ou MEARS.<\/p>\n","protected":false},"featured_media":65405,"template":"","meta":{"_acf_changed":false,"ocean_post_layout":"","ocean_both_sidebars_style":"","ocean_both_sidebars_content_width":0,"ocean_both_sidebars_sidebars_width":0,"ocean_sidebar":"0","ocean_second_sidebar":"0","ocean_disable_margins":"enable","ocean_add_body_class":"","ocean_shortcode_before_top_bar":"","ocean_shortcode_after_top_bar":"","ocean_shortcode_before_header":"","ocean_shortcode_after_header":"","ocean_has_shortcode":"","ocean_shortcode_after_title":"","ocean_shortcode_before_footer_widgets":"","ocean_shortcode_after_footer_widgets":"","ocean_shortcode_before_footer_bottom":"","ocean_shortcode_after_footer_bottom":"","ocean_display_top_bar":"default","ocean_display_header":"default","ocean_header_style":"","ocean_center_header_left_menu":"0","ocean_custom_header_template":"0","ocean_custom_logo":0,"ocean_custom_retina_logo":0,"ocean_custom_logo_max_width":0,"ocean_custom_logo_tablet_max_width":0,"ocean_custom_logo_mobile_max_width":0,"ocean_custom_logo_max_height":0,"ocean_custom_logo_tablet_max_height":0,"ocean_custom_logo_mobile_max_height":0,"ocean_header_custom_menu":"0","ocean_menu_typo_font_family":"0","ocean_menu_typo_font_subset":"","ocean_menu_typo_font_size":0,"ocean_menu_typo_font_size_tablet":0,"ocean_menu_typo_font_size_mobile":0,"ocean_menu_typo_font_size_unit":"px","ocean_menu_typo_font_weight":"","ocean_menu_typo_font_weight_tablet":"","ocean_menu_typo_font_weight_mobile":"","ocean_menu_typo_transform":"","ocean_menu_typo_transform_tablet":"","ocean_menu_typo_transform_mobile":"","ocean_menu_typo_line_height":0,"ocean_menu_typo_line_height_tablet":0,"ocean_menu_typo_line_height_mobile":0,"ocean_menu_typo_line_height_unit":"","ocean_menu_typo_spacing":0,"ocean_menu_typo_spacing_tablet":0,"ocean_menu_typo_spacing_mobile":0,"ocean_menu_typo_spacing_unit":"","ocean_menu_link_color":"","ocean_menu_link_color_hover":"","ocean_menu_link_color_active":"","ocean_menu_link_background":"","ocean_menu_link_hover_background":"","ocean_menu_link_active_background":"","ocean_menu_social_links_bg":"","ocean_menu_social_hover_links_bg":"","ocean_menu_social_links_color":"","ocean_menu_social_hover_links_color":"","ocean_disable_title":"default","ocean_disable_heading":"default","ocean_post_title":"","ocean_post_subheading":"","ocean_post_title_style":"","ocean_post_title_background_color":"","ocean_post_title_background":0,"ocean_post_title_bg_image_position":"","ocean_post_title_bg_image_attachment":"","ocean_post_title_bg_image_repeat":"","ocean_post_title_bg_image_size":"","ocean_post_title_height":0,"ocean_post_title_bg_overlay":0.5,"ocean_post_title_bg_overlay_color":"","ocean_disable_breadcrumbs":"default","ocean_breadcrumbs_color":"","ocean_breadcrumbs_separator_color":"","ocean_breadcrumbs_links_color":"","ocean_breadcrumbs_links_hover_color":"","ocean_display_footer_widgets":"default","ocean_display_footer_bottom":"default","ocean_custom_footer_template":"0","ofc_enable_fullscreen":"disable","ofc_fullscreen_speed":0,"ofc_fullscreen_nav":"enable","ofc_fullscreen_nav_pos":"right","ofc_fullscreen_nav_color":"","ofc_fullscreen_nav_tooltip_color":"","ofc_fullscreen_responsive":0},"product_brand":[],"product_cat":[4191],"product_tag":[],"class_list":{"0":"post-65443","1":"product","2":"type-product","3":"status-publish","4":"has-post-thumbnail","6":"product_cat-nba-used-teamwear-mystery-box-on-court-edition-find-lebron","7":"product_shipping_class-classe-dexpedition_a","9":"entry","10":"has-media","12":"first","13":"instock","14":"taxable","15":"shipping-taxable","16":"purchasable","17":"product-type-simple","18":"col","19":"span_1_of_4","20":"owp-content-center","21":"owp-thumbs-layout-horizontal","22":"owp-btn-normal","23":"owp-tabs-layout-horizontal"},"acf":[],"_links":{"self":[{"href":"https:\/\/memorabilia-germany.de\/fr\/wp-json\/wp\/v2\/product\/65443","targetHints":{"allow":["GET"]}}],"collection":[{"href":"https:\/\/memorabilia-germany.de\/fr\/wp-json\/wp\/v2\/product"}],"about":[{"href":"https:\/\/memorabilia-germany.de\/fr\/wp-json\/wp\/v2\/types\/product"}],"version-history":[{"count":0,"href":"https:\/\/memorabilia-germany.de\/fr\/wp-json\/wp\/v2\/product\/65443\/revisions"}],"wp:featuredmedia":[{"embeddable":true,"href":"https:\/\/memorabilia-germany.de\/fr\/wp-json\/wp\/v2\/media\/65405"}],"wp:attachment":[{"href":"https:\/\/memorabilia-germany.de\/fr\/wp-json\/wp\/v2\/media?parent=65443"}],"wp:term":[{"taxonomy":"product_brand","embeddable":true,"href":"https:\/\/memorabilia-germany.de\/fr\/wp-json\/wp\/v2\/product_brand?post=65443"},{"taxonomy":"product_cat","embeddable":true,"href":"https:\/\/memorabilia-germany.de\/fr\/wp-json\/wp\/v2\/product_cat?post=65443"},{"taxonomy":"product_tag","embeddable":true,"href":"https:\/\/memorabilia-germany.de\/fr\/wp-json\/wp\/v2\/product_tag?post=65443"}],"curies":[{"name":"wp","href":"https:\/\/api.w.org\/{rel}","templated":true}]}}