{"id":65007,"date":"2025-12-30T15:20:07","date_gmt":"2025-12-30T14:20:07","guid":{"rendered":"https:\/\/memorabilia-germany.de\/produkt\/taylor-swift-album-dedicace-the-life-of-a-showgirl\/"},"modified":"2025-12-30T15:25:33","modified_gmt":"2025-12-30T14:25:33","slug":"taylor-swift-album-dedicace-the-life-of-a-showgirl","status":"publish","type":"product","link":"https:\/\/memorabilia-germany.de\/fr\/produit\/taylor-swift-album-dedicace-the-life-of-a-showgirl\/","title":{"rendered":"TAYLOR SWIFT album d\u00e9dicac\u00e9<\/br> The Life of a Showgirl"},"content":{"rendered":"","protected":false},"excerpt":{"rendered":"<p><strong>Exemplaire d\u00e9dicac\u00e9 de l&rsquo;album \u00ab\u00a0The Life of a Showgirl\u00a0\u00bb. Autographe de la superstar Taylor Swift sur l&rsquo;insert du CD. <\/strong><\/p>\n<p><strong>Taylor Swift est l&rsquo;une des musiciennes les plus c\u00e9l\u00e8bres au monde. Elle est l&rsquo;artiste qui tourne le mieux et la musicienne la plus riche du monde. Sept de ses albums se sont vendus \u00e0 plus d&rsquo;un million d&rsquo;exemplaires rien qu&rsquo;aux \u00c9tats-Unis au cours de la premi\u00e8re semaine de leur sortie, ce qui fait d&rsquo;elle le seul record de tous les artistes musicaux dans le monde. Le magazine Rolling Stone classe Swift parmi les plus grands artistes de l&rsquo;histoire et elle est la seule artiste \u00e0 avoir \u00e9t\u00e9 \u00e9lue personne de l&rsquo;ann\u00e9e par le c\u00e9l\u00e8bre Time Magazine.   <\/strong><\/p>\n<p><strong>The Life of a Showgirl\u00a0\u00bb est le tout nouvel album de Taylor Swift, sorti en octobre 2025. Taylor Swift a d\u00e9clar\u00e9 que la musique de ce nouvel album a \u00e9t\u00e9 influenc\u00e9e par les exp\u00e9riences qu&rsquo;elle a v\u00e9cues lors de la tourn\u00e9e Eras et par sa relation avec Travis Kelce, le tight end de Kansas City. The Life of a Showgirl s&rsquo;est imm\u00e9diatement hiss\u00e9 en t\u00eate des charts en Europe, en Asie et aux \u00c9tats-Unis, et est \u00e9galement devenu l&rsquo;album am\u00e9ricain le plus rapidement vendu de tous les temps.   Tous les autographes des musiciens sont authentifi\u00e9s et poss\u00e8dent un num\u00e9ro de s\u00e9rie. Pour plus d&rsquo;informations, voir ci-dessous.<\/strong><\/p>\n<ul style=\"list-style-type: square;\">\n<li>Nom de l&rsquo;album : The Life of a Showgirl<\/li>\n<li>Type de support : CD<\/li>\n<li>Autographe : Taylor Swift, crayon de couleur noir<\/li>\n<li>Emplacement de l&rsquo;autographe : CD Insert<\/li>\n<li>Authentification : James Spence Authentication (avec num\u00e9ro de s\u00e9rie)<\/li>\n<li>Documents : Digital Certificate of Authenticity + hologramme de s\u00e9curit\u00e9 QR Code sur l&rsquo;inlet<\/li>\n<li>album d\u00e9dicac\u00e9 Chaque souvenir musical sign\u00e9 est v\u00e9rifi\u00e9 par l&rsquo;un des principaux authentificateurs am\u00e9ricains du march\u00e9 et est livr\u00e9 avec des \u00e9l\u00e9ments de s\u00e9curit\u00e9 num\u00e9rot\u00e9s en s\u00e9rie confirmant l&rsquo;authenticit\u00e9 de l&rsquo;autographe (certificat\/Letter of Authenticity et\/ou hologramme de s\u00e9curit\u00e9). Authenticator de musiciens autographes sont disponibles sur Memorabilia Germany exclusivement : <strong><a href=\"https:\/\/memorabilia-germany.de\/fr\/authentification-des-signatures\/#signature-authentication-beckett\">Beckett<\/a><\/strong>, <strong><a href=\"https:\/\/memorabilia-germany.de\/fr\/authentification-des-signatures\/#signature-authentication-james-spence\">James Spence Authentication<\/a><\/strong>, <strong><a href=\"https:\/\/memorabilia-germany.de\/fr\/authentification-des-signatures\/#signature-authentication-psa-dna\">PSA\/DNA<\/a><\/strong> ou <strong><a href=\"https:\/\/memorabilia-germany.de\/fr\/authentification-des-signatures\/#signature-authentication-fanatics\">Fanatics<\/a><\/strong>. Plus d&rsquo;infos sur ce th\u00e8me important Authentification vous trouverez <strong><a href=\"https:\/\/memorabilia-germany.de\/fr\/authentification-des-signatures\/\">ici<\/a><\/strong>.<\/li>\n<\/ul>\n<p>Vous pouvez trouver plus de souvenirs musicaux <strong><a href=\"https:\/\/memorabilia-germany.de\/fr\/musique-memorabilia\/\">ici<\/a><\/strong>.<\/p>\n","protected":false},"featured_media":64981,"template":"","meta":{"_acf_changed":false,"ocean_post_layout":"","ocean_both_sidebars_style":"","ocean_both_sidebars_content_width":0,"ocean_both_sidebars_sidebars_width":0,"ocean_sidebar":"0","ocean_second_sidebar":"0","ocean_disable_margins":"enable","ocean_add_body_class":"","ocean_shortcode_before_top_bar":"","ocean_shortcode_after_top_bar":"","ocean_shortcode_before_header":"","ocean_shortcode_after_header":"","ocean_has_shortcode":"","ocean_shortcode_after_title":"","ocean_shortcode_before_footer_widgets":"","ocean_shortcode_after_footer_widgets":"","ocean_shortcode_before_footer_bottom":"","ocean_shortcode_after_footer_bottom":"","ocean_display_top_bar":"default","ocean_display_header":"default","ocean_header_style":"","ocean_center_header_left_menu":"0","ocean_custom_header_template":"0","ocean_custom_logo":0,"ocean_custom_retina_logo":0,"ocean_custom_logo_max_width":0,"ocean_custom_logo_tablet_max_width":0,"ocean_custom_logo_mobile_max_width":0,"ocean_custom_logo_max_height":0,"ocean_custom_logo_tablet_max_height":0,"ocean_custom_logo_mobile_max_height":0,"ocean_header_custom_menu":"0","ocean_menu_typo_font_family":"0","ocean_menu_typo_font_subset":"","ocean_menu_typo_font_size":0,"ocean_menu_typo_font_size_tablet":0,"ocean_menu_typo_font_size_mobile":0,"ocean_menu_typo_font_size_unit":"px","ocean_menu_typo_font_weight":"","ocean_menu_typo_font_weight_tablet":"","ocean_menu_typo_font_weight_mobile":"","ocean_menu_typo_transform":"","ocean_menu_typo_transform_tablet":"","ocean_menu_typo_transform_mobile":"","ocean_menu_typo_line_height":0,"ocean_menu_typo_line_height_tablet":0,"ocean_menu_typo_line_height_mobile":0,"ocean_menu_typo_line_height_unit":"","ocean_menu_typo_spacing":0,"ocean_menu_typo_spacing_tablet":0,"ocean_menu_typo_spacing_mobile":0,"ocean_menu_typo_spacing_unit":"","ocean_menu_link_color":"","ocean_menu_link_color_hover":"","ocean_menu_link_color_active":"","ocean_menu_link_background":"","ocean_menu_link_hover_background":"","ocean_menu_link_active_background":"","ocean_menu_social_links_bg":"","ocean_menu_social_hover_links_bg":"","ocean_menu_social_links_color":"","ocean_menu_social_hover_links_color":"","ocean_disable_title":"default","ocean_disable_heading":"default","ocean_post_title":"","ocean_post_subheading":"","ocean_post_title_style":"","ocean_post_title_background_color":"","ocean_post_title_background":0,"ocean_post_title_bg_image_position":"","ocean_post_title_bg_image_attachment":"","ocean_post_title_bg_image_repeat":"","ocean_post_title_bg_image_size":"","ocean_post_title_height":0,"ocean_post_title_bg_overlay":0.5,"ocean_post_title_bg_overlay_color":"","ocean_disable_breadcrumbs":"default","ocean_breadcrumbs_color":"","ocean_breadcrumbs_separator_color":"","ocean_breadcrumbs_links_color":"","ocean_breadcrumbs_links_hover_color":"","ocean_display_footer_widgets":"default","ocean_display_footer_bottom":"default","ocean_custom_footer_template":"0","ofc_enable_fullscreen":"disable","ofc_fullscreen_speed":0,"ofc_fullscreen_nav":"enable","ofc_fullscreen_nav_pos":"right","ofc_fullscreen_nav_color":"","ofc_fullscreen_nav_tooltip_color":"","ofc_fullscreen_responsive":0},"product_brand":[],"product_cat":[4155],"product_tag":[],"class_list":{"0":"post-65007","1":"product","2":"type-product","3":"status-publish","4":"has-post-thumbnail","6":"product_cat-taylor-swift-album-dedicace-the-life-of-a-showgirl","7":"product_shipping_class-classe-dexpedition_a","9":"entry","10":"has-media","12":"first","13":"instock","14":"taxable","15":"shipping-taxable","16":"purchasable","17":"product-type-simple","18":"col","19":"span_1_of_4","20":"owp-content-center","21":"owp-thumbs-layout-horizontal","22":"owp-btn-normal","23":"owp-tabs-layout-horizontal"},"acf":[],"_links":{"self":[{"href":"https:\/\/memorabilia-germany.de\/fr\/wp-json\/wp\/v2\/product\/65007","targetHints":{"allow":["GET"]}}],"collection":[{"href":"https:\/\/memorabilia-germany.de\/fr\/wp-json\/wp\/v2\/product"}],"about":[{"href":"https:\/\/memorabilia-germany.de\/fr\/wp-json\/wp\/v2\/types\/product"}],"version-history":[{"count":0,"href":"https:\/\/memorabilia-germany.de\/fr\/wp-json\/wp\/v2\/product\/65007\/revisions"}],"wp:featuredmedia":[{"embeddable":true,"href":"https:\/\/memorabilia-germany.de\/fr\/wp-json\/wp\/v2\/media\/64981"}],"wp:attachment":[{"href":"https:\/\/memorabilia-germany.de\/fr\/wp-json\/wp\/v2\/media?parent=65007"}],"wp:term":[{"taxonomy":"product_brand","embeddable":true,"href":"https:\/\/memorabilia-germany.de\/fr\/wp-json\/wp\/v2\/product_brand?post=65007"},{"taxonomy":"product_cat","embeddable":true,"href":"https:\/\/memorabilia-germany.de\/fr\/wp-json\/wp\/v2\/product_cat?post=65007"},{"taxonomy":"product_tag","embeddable":true,"href":"https:\/\/memorabilia-germany.de\/fr\/wp-json\/wp\/v2\/product_tag?post=65007"}],"curies":[{"name":"wp","href":"https:\/\/api.w.org\/{rel}","templated":true}]}}