{"id":64334,"date":"2025-11-20T14:46:28","date_gmt":"2025-11-20T13:46:28","guid":{"rendered":"https:\/\/memorabilia-germany.de\/produkt\/mike-tyson-vs-evander-holyfield-brboxing-xxl-showcasegant-de-boxe-everlast-red\/"},"modified":"2025-12-04T12:19:46","modified_gmt":"2025-12-04T11:19:46","slug":"mike-tyson-vs-evander-holyfield-brboxing-xxl-showcasegant-de-boxe-everlast-red","status":"publish","type":"product","link":"https:\/\/memorabilia-germany.de\/fr\/produit\/mike-tyson-vs-evander-holyfield-brboxing-xxl-showcasegant-de-boxe-everlast-red\/","title":{"rendered":"MIKE TYSON vs EVANDER HOLYFIELD<\/br>Boxing XXL Showcase<\/br>Gants de boxe (Everlast) red"},"content":{"rendered":"","protected":false},"excerpt":{"rendered":"<p><strong>Boxing Showcase au format XXL en verre de s\u00e9curit\u00e9. Deux gants de boxe sign\u00e9s par Everlast dans l&rsquo;\u00e9tui. Autographe de Mike Tyson sur l&rsquo;un et autographe d&rsquo;Evander Holyfield sur l&rsquo;autre gant de boxe. Ce Showcase rend hommage \u00e0 la rivalit\u00e9 entre \u00ab\u00a0Iron\u00a0\u00bb Mike et \u00ab\u00a0Real Deal\u00a0\u00bb Holyfield. Une rivalit\u00e9 qui a \u00e9t\u00e9 marqu\u00e9e par un \u00e9norme scandale, mais qui s&rsquo;est tout de m\u00eame termin\u00e9e par une \u00e9troite amiti\u00e9 apr\u00e8s de nombreuses ann\u00e9es.     Pour plus d&rsquo;informations, voir ci-dessous.<\/strong><\/p>\n<p><strong>Mike Tyson vs. Evander Holyfield &#8211; le duel entre ces deux l\u00e9gendes de la boxe, qui s&rsquo;est d\u00e9roul\u00e9 entre 1996 et 1997 au MGM Grand Garden Arena de Las Vegas, est probablement l&rsquo;un des duels les plus l\u00e9gendaires de l&rsquo;histoire de la boxe. Bien que les deux boxeurs soient sans conteste les meilleurs poids lourds de tous les temps, Mike Tyson \u00e9tait le grand favori des bookmakers. Et ce, bien qu&rsquo;il soit sorti de prison seulement un an auparavant. Malgr\u00e9 cela, Holyfield a r\u00e9ussi \u00e0 remporter le premier combat, devenant ainsi le premier boxeur depuis Mohammed Ali \u00e0 devenir trois fois champion poids lourd.<br \/><!-- -->Le deuxi\u00e8me combat, sept mois plus tard, s&rsquo;est termin\u00e9 par le plus grand scandale de boxe de tous les temps : le \u00ab\u00a0Bite Fight\u00a0\u00bb a \u00e9t\u00e9 interrompu apr\u00e8s trois rounds parce que Tyson a arrach\u00e9 un morceau de l&rsquo;oreille de son adversaire et l&rsquo;a recrach\u00e9 sur le sol du ring de boxe. La soir\u00e9e s&rsquo;est termin\u00e9e dans le chaos le plus total, mais elle est en m\u00eame temps entr\u00e9e dans l&rsquo;histoire de la boxe.<br \/>\nMalgr\u00e9 tous ces incidents, les deux boxeurs sont aujourd&rsquo;hui li\u00e9s par une solide amiti\u00e9, bien des ann\u00e9es apr\u00e8s leurs carri\u00e8res l\u00e9gendaires.    <\/strong><\/p>\n<ul style=\"list-style-type: square;\">\n<li>Marque de gants de boxe : Everlast<\/li>\n<li>Mod\u00e8le : Red Boxing Glove, Full Size (fl\u00e8che gauche et droite)<\/li>\n<li>Autogramme: \u201cIron\u201c Mike Tyson + Evander Holyfield, schwarzer Farbstift<\/li>\n<li>Inscription : \u00ab\u00a0PHIL 4:13\u00a0\u00bb (Holyfield : r\u00e9f\u00e9rence au verset biblique Philippians 4:11-13 : \u00ab\u00a0I can do all things through Christ which strengthens me.\u00a0\u00bb).<\/li>\n<li>Authentification : Beckett Authentication (les deux gants, avec num\u00e9ro de s\u00e9rie)<\/li>\n<li>Documents : Digital Certificate of Authenticity + hologramme de s\u00e9curit\u00e9 QR Code sur le gant de boxe<\/li>\n<li>Statut du certificat : Witnessed (sign\u00e9 en pr\u00e9sence d&rsquo;un expert Beckett)<\/li>\n<li>Showcase XXL : environ 36 x 27 x 28 cm<\/li>\n<li>Support adapt\u00e9 inclus dans le Showcase pour une meilleure pr\u00e9sentation des gants sur deux niveaux.<\/li>\n<li>Les gants de boxe sont livr\u00e9s avec un Showcase de boxe \u00e0 des fins d&rsquo;exposition ; le Showcase est de qualit\u00e9 massive et robuste. Le verre est en acrylique. Le fond est de couleur noire et le panneau arri\u00e8re est orn\u00e9 d&rsquo;un miroir pour une mise en valeur id\u00e9ale des gants de boxe.  La Showcase est viss\u00e9e et se ferme compl\u00e8tement. La plaque nominative \u00e0 l&rsquo;avant est en aluminium.<\/li>\n<li>Tous les gants de boxe sign\u00e9s sont v\u00e9rifi\u00e9s par l&rsquo;un des principaux authentificateurs am\u00e9ricains du march\u00e9 et sont accompagn\u00e9s de caract\u00e9ristiques de s\u00e9curit\u00e9 num\u00e9rot\u00e9es en s\u00e9rie, qui confirment l&rsquo;authenticit\u00e9 des autographes (Certificate of Authenticity et\/ou hologramme de s\u00e9curit\u00e9). Authenticator d&rsquo;autographes de boxeurs sont disponibles chez <strong><a href=\"https:\/\/memorabilia-germany.de\/fr\/nous-memorabilia-germany\/\">Memorabilia Germany<\/a><\/strong> exclusivement : <strong><a href=\"https:\/\/memorabilia-germany.de\/fr\/authentification-des-signatures\/#signature-authentication-beckett\">Beckett<\/a><\/strong>, <strong><a href=\"https:\/\/memorabilia-germany.de\/fr\/authentification-des-signatures\/#signature-authentication-james-spence\">James Spence Authentication<\/a><\/strong>, <strong><a href=\"https:\/\/memorabilia-germany.de\/fr\/authentification-des-signatures\/#signature-authentication-psa-dna\">PSA\/DNA<\/a><\/strong> ou <strong><a href=\"https:\/\/memorabilia-germany.de\/fr\/authentification-des-signatures\/#signature-authentication-fanatics\">Fanatics<\/a><\/strong>. Plus d&rsquo;infos sur ce th\u00e8me important Authentification vous trouverez <strong><a href=\"https:\/\/memorabilia-germany.de\/fr\/authentification-des-signatures\/\">ici<\/a><\/strong>.<\/li>\n<\/ul>\n<p>Vous pouvez trouver plus de Boxing Showcases <strong><a href=\"https:\/\/memorabilia-germany.de\/fr\/produkt-kategorie\/boxe-memorabilia\/showcase-de-boxe\/\">ici<\/a><\/strong>.<\/p>\n","protected":false},"featured_media":64284,"template":"","meta":{"_acf_changed":false,"ocean_post_layout":"","ocean_both_sidebars_style":"","ocean_both_sidebars_content_width":0,"ocean_both_sidebars_sidebars_width":0,"ocean_sidebar":"0","ocean_second_sidebar":"0","ocean_disable_margins":"enable","ocean_add_body_class":"","ocean_shortcode_before_top_bar":"","ocean_shortcode_after_top_bar":"","ocean_shortcode_before_header":"","ocean_shortcode_after_header":"","ocean_has_shortcode":"","ocean_shortcode_after_title":"","ocean_shortcode_before_footer_widgets":"","ocean_shortcode_after_footer_widgets":"","ocean_shortcode_before_footer_bottom":"","ocean_shortcode_after_footer_bottom":"","ocean_display_top_bar":"default","ocean_display_header":"default","ocean_header_style":"","ocean_center_header_left_menu":"0","ocean_custom_header_template":"0","ocean_custom_logo":0,"ocean_custom_retina_logo":0,"ocean_custom_logo_max_width":0,"ocean_custom_logo_tablet_max_width":0,"ocean_custom_logo_mobile_max_width":0,"ocean_custom_logo_max_height":0,"ocean_custom_logo_tablet_max_height":0,"ocean_custom_logo_mobile_max_height":0,"ocean_header_custom_menu":"0","ocean_menu_typo_font_family":"0","ocean_menu_typo_font_subset":"","ocean_menu_typo_font_size":0,"ocean_menu_typo_font_size_tablet":0,"ocean_menu_typo_font_size_mobile":0,"ocean_menu_typo_font_size_unit":"px","ocean_menu_typo_font_weight":"","ocean_menu_typo_font_weight_tablet":"","ocean_menu_typo_font_weight_mobile":"","ocean_menu_typo_transform":"","ocean_menu_typo_transform_tablet":"","ocean_menu_typo_transform_mobile":"","ocean_menu_typo_line_height":0,"ocean_menu_typo_line_height_tablet":0,"ocean_menu_typo_line_height_mobile":0,"ocean_menu_typo_line_height_unit":"","ocean_menu_typo_spacing":0,"ocean_menu_typo_spacing_tablet":0,"ocean_menu_typo_spacing_mobile":0,"ocean_menu_typo_spacing_unit":"","ocean_menu_link_color":"","ocean_menu_link_color_hover":"","ocean_menu_link_color_active":"","ocean_menu_link_background":"","ocean_menu_link_hover_background":"","ocean_menu_link_active_background":"","ocean_menu_social_links_bg":"","ocean_menu_social_hover_links_bg":"","ocean_menu_social_links_color":"","ocean_menu_social_hover_links_color":"","ocean_disable_title":"default","ocean_disable_heading":"default","ocean_post_title":"","ocean_post_subheading":"","ocean_post_title_style":"","ocean_post_title_background_color":"","ocean_post_title_background":0,"ocean_post_title_bg_image_position":"","ocean_post_title_bg_image_attachment":"","ocean_post_title_bg_image_repeat":"","ocean_post_title_bg_image_size":"","ocean_post_title_height":0,"ocean_post_title_bg_overlay":0.5,"ocean_post_title_bg_overlay_color":"","ocean_disable_breadcrumbs":"default","ocean_breadcrumbs_color":"","ocean_breadcrumbs_separator_color":"","ocean_breadcrumbs_links_color":"","ocean_breadcrumbs_links_hover_color":"","ocean_display_footer_widgets":"default","ocean_display_footer_bottom":"default","ocean_custom_footer_template":"0","ofc_enable_fullscreen":"disable","ofc_fullscreen_speed":0,"ofc_fullscreen_nav":"enable","ofc_fullscreen_nav_pos":"right","ofc_fullscreen_nav_color":"","ofc_fullscreen_nav_tooltip_color":"","ofc_fullscreen_responsive":0},"product_brand":[],"product_cat":[4135],"product_tag":[],"class_list":{"0":"post-64334","1":"product","2":"type-product","3":"status-publish","4":"has-post-thumbnail","6":"product_cat-mike-tyson-vs-evander-holyfield-boxing-xxl-showcase-gants-de-boxe-everlast-red","7":"product_shipping_class-classe-dexpedition_a","9":"entry","10":"has-media","12":"first","13":"instock","14":"taxable","15":"shipping-taxable","16":"purchasable","17":"product-type-simple","18":"col","19":"span_1_of_4","20":"owp-content-center","21":"owp-thumbs-layout-horizontal","22":"owp-btn-normal","23":"owp-tabs-layout-horizontal"},"acf":[],"_links":{"self":[{"href":"https:\/\/memorabilia-germany.de\/fr\/wp-json\/wp\/v2\/product\/64334","targetHints":{"allow":["GET"]}}],"collection":[{"href":"https:\/\/memorabilia-germany.de\/fr\/wp-json\/wp\/v2\/product"}],"about":[{"href":"https:\/\/memorabilia-germany.de\/fr\/wp-json\/wp\/v2\/types\/product"}],"version-history":[{"count":0,"href":"https:\/\/memorabilia-germany.de\/fr\/wp-json\/wp\/v2\/product\/64334\/revisions"}],"wp:featuredmedia":[{"embeddable":true,"href":"https:\/\/memorabilia-germany.de\/fr\/wp-json\/wp\/v2\/media\/64284"}],"wp:attachment":[{"href":"https:\/\/memorabilia-germany.de\/fr\/wp-json\/wp\/v2\/media?parent=64334"}],"wp:term":[{"taxonomy":"product_brand","embeddable":true,"href":"https:\/\/memorabilia-germany.de\/fr\/wp-json\/wp\/v2\/product_brand?post=64334"},{"taxonomy":"product_cat","embeddable":true,"href":"https:\/\/memorabilia-germany.de\/fr\/wp-json\/wp\/v2\/product_cat?post=64334"},{"taxonomy":"product_tag","embeddable":true,"href":"https:\/\/memorabilia-germany.de\/fr\/wp-json\/wp\/v2\/product_tag?post=64334"}],"curies":[{"name":"wp","href":"https:\/\/api.w.org\/{rel}","templated":true}]}}