{"id":63167,"date":"2025-08-08T17:39:14","date_gmt":"2025-08-08T15:39:14","guid":{"rendered":"https:\/\/memorabilia-germany.de\/produkt\/1992-batman-returns-movie-photo-cards\/"},"modified":"2025-08-08T17:44:15","modified_gmt":"2025-08-08T15:44:15","slug":"1992-batman-returns-movie-photo-cards","status":"publish","type":"product","link":"https:\/\/memorabilia-germany.de\/fr\/produit\/1992-batman-returns-movie-photo-cards\/","title":{"rendered":"1992 Batman Returns Movie Photo Cards"},"content":{"rendered":"","protected":false},"excerpt":{"rendered":"<p><strong>Trading Cards Box scell\u00e9es pour le film \u00ab\u00a0Batman Returns\u00a0\u00bb, original de 1992. Parmi les fans du Chevalier Noir, le deuxi\u00e8me film Batman de Tim Burton, avec Michael Keaton, Michelle Pfeiffer et Danny DeVito dans les r\u00f4les principaux, est toujours consid\u00e9r\u00e9 comme l&rsquo;un des films les plus populaires. Cette bo\u00eete de Trading Cards a \u00e9t\u00e9 lanc\u00e9e par topps et est officiellement licenci\u00e9e par DC Comics.   Pour plus d&rsquo;informations, voir ci-dessous.<\/strong><\/p>\n<ul style=\"list-style-type: square;\">\n<li>Cat\u00e9gorie: Wax Box<\/li>\n<li>Contenu de la bo\u00eete : 36 paquets, 8 cartes + 1 Batman Returns Stadium Club Card par paquet<\/li>\n<li>\u00c9tat : non ouvert et scell\u00e9 dans du papier d&rsquo;aluminium<\/li>\n<li>Feuille : La Wax Box provient d\u2019un \u00e9tui \u00ab factory sealed \u00bb contenant plusieurs Wax Boxes et n\u2019a pas \u00e9t\u00e9 ouverte et scell\u00e9e dans du papier d\u2019aluminium par Memorabilia Germany pour prot\u00e9ger les cartes. Tous les paquets de la Wax Box sont \u00e9galement non ouverts et scell\u00e9s d\u2019origine. Tous les paquets de la Wax Box sont \u00e9galement non ouverts et scell\u00e9s d&rsquo;origine.<\/li>\n<li>Ann\u00e9e de publication : 1992 (licence Topps 1991)<\/li>\n<li>Marque: topps<\/li>\n<li>Pays : \u00c9tats-Unis<\/li>\n<li>Trouvez des cartes originales du classique Batman de 1992 avec des motifs de Michael Keaton en Batman, Michelle Pfeiffer en Catwoman, Christopher Walken en Max Shreck et Danny DeVito en Penguin.<\/li>\n<li>Les cartes comprennent Behind-the scenes-Material, des interviews, des Souvenir Inserts et bien d&rsquo;autres informations int\u00e9ressantes pour les fans nostalgiques de Batman et des films.<\/li>\n<li>Background Infos 1992 : Le prince Charles et Lady Diana se s\u00e9parent, la t\u00e9l\u00e9vision diffuse le dernier \u00e9pisode des Golden Girls et, dans les hit-parades, Michael Jackson, Madonna et Whitney Houston se disputent les meilleurs classements. Nos Trading Cards \u00ab\u00a0vintage\u00a0\u00bb sont un r\u00eave pour tout nostalgique et pour tout collectionneur, car il ne s&rsquo;agit pas de reproductions des cartes pr\u00e9c\u00e9dentes, mais tous les paquets sont originaux et datent de l&rsquo;\u00e9poque o\u00f9 ils ont \u00e9t\u00e9 publi\u00e9s.<\/li>\n<\/ul>\n<p>Tu trouveras plus de Trading Cards d&rsquo;autrefois <strong><br \/>\n  <a href=\"https:\/\/memorabilia-germany.de\/fr\/trading-cards\">ici<\/a><br \/>\n<\/strong>.<\/p>\n","protected":false},"featured_media":63133,"template":"","meta":{"_acf_changed":false,"ocean_post_layout":"","ocean_both_sidebars_style":"","ocean_both_sidebars_content_width":0,"ocean_both_sidebars_sidebars_width":0,"ocean_sidebar":"0","ocean_second_sidebar":"0","ocean_disable_margins":"enable","ocean_add_body_class":"","ocean_shortcode_before_top_bar":"","ocean_shortcode_after_top_bar":"","ocean_shortcode_before_header":"","ocean_shortcode_after_header":"","ocean_has_shortcode":"","ocean_shortcode_after_title":"","ocean_shortcode_before_footer_widgets":"","ocean_shortcode_after_footer_widgets":"","ocean_shortcode_before_footer_bottom":"","ocean_shortcode_after_footer_bottom":"","ocean_display_top_bar":"default","ocean_display_header":"default","ocean_header_style":"","ocean_center_header_left_menu":"0","ocean_custom_header_template":"0","ocean_custom_logo":0,"ocean_custom_retina_logo":0,"ocean_custom_logo_max_width":0,"ocean_custom_logo_tablet_max_width":0,"ocean_custom_logo_mobile_max_width":0,"ocean_custom_logo_max_height":0,"ocean_custom_logo_tablet_max_height":0,"ocean_custom_logo_mobile_max_height":0,"ocean_header_custom_menu":"0","ocean_menu_typo_font_family":"0","ocean_menu_typo_font_subset":"","ocean_menu_typo_font_size":0,"ocean_menu_typo_font_size_tablet":0,"ocean_menu_typo_font_size_mobile":0,"ocean_menu_typo_font_size_unit":"px","ocean_menu_typo_font_weight":"","ocean_menu_typo_font_weight_tablet":"","ocean_menu_typo_font_weight_mobile":"","ocean_menu_typo_transform":"","ocean_menu_typo_transform_tablet":"","ocean_menu_typo_transform_mobile":"","ocean_menu_typo_line_height":0,"ocean_menu_typo_line_height_tablet":0,"ocean_menu_typo_line_height_mobile":0,"ocean_menu_typo_line_height_unit":"","ocean_menu_typo_spacing":0,"ocean_menu_typo_spacing_tablet":0,"ocean_menu_typo_spacing_mobile":0,"ocean_menu_typo_spacing_unit":"","ocean_menu_link_color":"","ocean_menu_link_color_hover":"","ocean_menu_link_color_active":"","ocean_menu_link_background":"","ocean_menu_link_hover_background":"","ocean_menu_link_active_background":"","ocean_menu_social_links_bg":"","ocean_menu_social_hover_links_bg":"","ocean_menu_social_links_color":"","ocean_menu_social_hover_links_color":"","ocean_disable_title":"default","ocean_disable_heading":"default","ocean_post_title":"","ocean_post_subheading":"","ocean_post_title_style":"","ocean_post_title_background_color":"","ocean_post_title_background":0,"ocean_post_title_bg_image_position":"","ocean_post_title_bg_image_attachment":"","ocean_post_title_bg_image_repeat":"","ocean_post_title_bg_image_size":"","ocean_post_title_height":0,"ocean_post_title_bg_overlay":0.5,"ocean_post_title_bg_overlay_color":"","ocean_disable_breadcrumbs":"default","ocean_breadcrumbs_color":"","ocean_breadcrumbs_separator_color":"","ocean_breadcrumbs_links_color":"","ocean_breadcrumbs_links_hover_color":"","ocean_display_footer_widgets":"default","ocean_display_footer_bottom":"default","ocean_custom_footer_template":"0","ofc_enable_fullscreen":"disable","ofc_fullscreen_speed":0,"ofc_fullscreen_nav":"enable","ofc_fullscreen_nav_pos":"right","ofc_fullscreen_nav_color":"","ofc_fullscreen_nav_tooltip_color":"","ofc_fullscreen_responsive":0},"product_brand":[],"product_cat":[4104],"product_tag":[],"class_list":{"0":"post-63167","1":"product","2":"type-product","3":"status-publish","4":"has-post-thumbnail","6":"product_cat-1992-batman-returns-movie-photo-cards-fr","7":"product_shipping_class-classe-dexpedition_a","9":"entry","10":"has-media","12":"first","13":"instock","14":"taxable","15":"shipping-taxable","16":"purchasable","17":"product-type-simple","18":"col","19":"span_1_of_4","20":"owp-content-center","21":"owp-thumbs-layout-horizontal","22":"owp-btn-normal","23":"owp-tabs-layout-horizontal"},"acf":[],"_links":{"self":[{"href":"https:\/\/memorabilia-germany.de\/fr\/wp-json\/wp\/v2\/product\/63167","targetHints":{"allow":["GET"]}}],"collection":[{"href":"https:\/\/memorabilia-germany.de\/fr\/wp-json\/wp\/v2\/product"}],"about":[{"href":"https:\/\/memorabilia-germany.de\/fr\/wp-json\/wp\/v2\/types\/product"}],"version-history":[{"count":0,"href":"https:\/\/memorabilia-germany.de\/fr\/wp-json\/wp\/v2\/product\/63167\/revisions"}],"wp:featuredmedia":[{"embeddable":true,"href":"https:\/\/memorabilia-germany.de\/fr\/wp-json\/wp\/v2\/media\/63133"}],"wp:attachment":[{"href":"https:\/\/memorabilia-germany.de\/fr\/wp-json\/wp\/v2\/media?parent=63167"}],"wp:term":[{"taxonomy":"product_brand","embeddable":true,"href":"https:\/\/memorabilia-germany.de\/fr\/wp-json\/wp\/v2\/product_brand?post=63167"},{"taxonomy":"product_cat","embeddable":true,"href":"https:\/\/memorabilia-germany.de\/fr\/wp-json\/wp\/v2\/product_cat?post=63167"},{"taxonomy":"product_tag","embeddable":true,"href":"https:\/\/memorabilia-germany.de\/fr\/wp-json\/wp\/v2\/product_tag?post=63167"}],"curies":[{"name":"wp","href":"https:\/\/api.w.org\/{rel}","templated":true}]}}