{"id":63072,"date":"2025-08-08T16:12:28","date_gmt":"2025-08-08T14:12:28","guid":{"rendered":"https:\/\/memorabilia-germany.de\/produkt\/keepsake-bruce-lee-collection50th-anniversary-edition-hobby-box-series-2\/"},"modified":"2025-08-08T16:23:08","modified_gmt":"2025-08-08T14:23:08","slug":"keepsake-bruce-lee-collection50th-anniversary-edition-hobby-box-series-2","status":"publish","type":"product","link":"https:\/\/memorabilia-germany.de\/fr\/produit\/keepsake-bruce-lee-collection50th-anniversary-edition-hobby-box-series-2\/","title":{"rendered":"Keepsake Bruce Lee Collection<\/br>(50th Anniversary Edition Hobby Box &#8211; Series 2 !)"},"content":{"rendered":"","protected":false},"excerpt":{"rendered":"<p><strong>Bruce Lee &#8211; l&rsquo;homme, la l\u00e9gende ! Le \u00ab\u00a0roi du kung-fu\u00a0\u00bb est consid\u00e9r\u00e9 comme le plus grand artiste martial de tous les temps et a \u00e9t\u00e9 l&rsquo;un des artistes martiaux ayant eu le plus d&rsquo;influence dans l&rsquo;histoire du cin\u00e9ma. Entertainment Trading Card US leader du march\u00e9 Super Break d\u00e9die \u00e0 Bruce Lee cette fantastique \u00e9dition de Trading Cards \u00ab\u00a0Keepsake\u00a0\u00bb.  <\/strong><\/p>\n<p><strong>Pr\u00e9sent\u00e9e dans un \u00e9l\u00e9gant Hobby Box, cette collection propose des Trading Cards exclusives sur la l\u00e9gende de Bruce Lee.<\/strong><\/p>\n<p><strong>Les Relic Cards, les Cut Autographs et de nombreux autres Inserts int\u00e8grent des accessoires originaux issus des plateaux de tournage, des signatures et des \u0153uvres manuscrites.<\/strong><\/p>\n<p><strong>Ainsi, en plus des autographes et du mat\u00e9riel en plateau, il est possible de trouver directement des reliques spectaculaires de Bruce Lee. Des gants d&rsquo;entra\u00eenement, des cartes de membre du \u00ab\u00a0Jun Fan Gung Fu Institute\u00a0\u00bb ou des \u00e9crits adress\u00e9s \u00e0 l&rsquo;ami de Lee, Taky Kimura, pour ne citer que quelques exemples. Une \u00ab\u00a0qualit\u00e9 mus\u00e9e\u00a0\u00bb selon le fabricant !  <\/strong><\/p>\n<p><strong>Les Hobby Boxes sont issus de la s\u00e9rie 2, bien meilleure ! Les taux moyens de succ\u00e8s de ces bo\u00eetes sont bien sup\u00e9rieurs \u00e0 ceux de la premi\u00e8re s\u00e9rie. Chaque Hobby Box contient une pr\u00e9cieuse Bruce Lee Relic Trading Card, prot\u00e9g\u00e9e par un Hard Card Sleeve, ainsi qu&rsquo;un paquet scell\u00e9 de 5 autres Trading Cards. Au moins un hit est donc garanti ! De plus, chaque bo\u00eete contient un stand up pour pr\u00e9senter votre highlight de la bo\u00eete.    <\/strong><\/p>\n<ul style=\"list-style-type: square;\">\n<li>Contenu de la bo\u00eete : 1 Bruce Lee Relic Card dans un Hard Card Sleeve + Stand Up + Pack de 5 Bruce Lee Trading Cards (au moins 1 hit DANS CHAQUE BOITE)<\/li>\n<li>\u00c9tat : non ouvert et initialement scell\u00e9 dans du papier d&rsquo;aluminium<\/li>\n<li>Th\u00e8me : Bruce Lee<\/li>\n<li>D\u00e9jouer: Factory sealed. La bo\u00eete est scell\u00e9e dans le film d&rsquo;origine du fabricant.<\/li>\n<li>Marque : Super Break<\/li>\n<li>50th Anniversary Keepsake Series 2 (taux de succ\u00e8s nettement sup\u00e9rieur \u00e0 celui de la s\u00e9rie 1 !)<\/li>\n<li>Pays : \u00c9tats-Unis<\/li>\n<li>Chaque bo\u00eete dispose d&rsquo;un \u00e9clairage \u00ab\u00a0Luxury Jewelry Light\u00a0\u00bb !<\/li>\n<li>Trouvez des Relic Cards dans lesquelles ont \u00e9t\u00e9 incorpor\u00e9s des \u00e9l\u00e9ments des accessoires originaux utilis\u00e9s dans les films les plus populaires de Bruce Lee. Certaines cartes contiennent jusqu&rsquo;\u00e0 4 Relics ! <\/li>\n<li>L&rsquo;\u00e9dition comprend des Autographs, Relics &amp; Memorabilia Inserts qui contiennent des mat\u00e9riaux utilis\u00e9s pour la production des films de Bruce Lee : des lettres manuscrites adress\u00e9es \u00e0 des amis, des partenaires et des producteurs de films, ainsi que des parties des bobines originales des films, du mat\u00e9riel d&rsquo;arts martiaux appartenant personnellement \u00e0 Bruce Lee, et bien plus encore.<\/li>\n<li>Aper\u00e7u de Relic de cette \u00e9dition :\n<ul style=\"list-style-type: circle;\">\n<li>Fight Worn Relics<\/li>\n<li>Cut Autograph One of Ones<\/li>\n<li>Handwritten \u00ab\u00a0In My Hand\u00a0\u00bb Relics<\/li>\n<li>Gem Relics<\/li>\n<li>Jumbo Relics<\/li>\n<li>Dual, Triple &amp; Quad Relics<\/li>\n<li>Reels de films n\u00e9gatifs<\/li>\n<li>Personally used Relics<\/li>\n<\/ul>\n<\/li>\n<li>Bruce Lee Inserts : Diamants, rubis, opales, saphirs, or et jade<\/li>\n<\/ul>\n<p>Vous trouverez plus de Trading Cards <strong><a href=\"https:\/\/memorabilia-germany.de\/fr\/trading-cards\">ici<\/a><\/strong>.<\/p>\n","protected":false},"featured_media":63022,"template":"","meta":{"_acf_changed":false,"ocean_post_layout":"","ocean_both_sidebars_style":"","ocean_both_sidebars_content_width":0,"ocean_both_sidebars_sidebars_width":0,"ocean_sidebar":"0","ocean_second_sidebar":"0","ocean_disable_margins":"enable","ocean_add_body_class":"","ocean_shortcode_before_top_bar":"","ocean_shortcode_after_top_bar":"","ocean_shortcode_before_header":"","ocean_shortcode_after_header":"","ocean_has_shortcode":"","ocean_shortcode_after_title":"","ocean_shortcode_before_footer_widgets":"","ocean_shortcode_after_footer_widgets":"","ocean_shortcode_before_footer_bottom":"","ocean_shortcode_after_footer_bottom":"","ocean_display_top_bar":"default","ocean_display_header":"default","ocean_header_style":"","ocean_center_header_left_menu":"0","ocean_custom_header_template":"0","ocean_custom_logo":0,"ocean_custom_retina_logo":0,"ocean_custom_logo_max_width":0,"ocean_custom_logo_tablet_max_width":0,"ocean_custom_logo_mobile_max_width":0,"ocean_custom_logo_max_height":0,"ocean_custom_logo_tablet_max_height":0,"ocean_custom_logo_mobile_max_height":0,"ocean_header_custom_menu":"0","ocean_menu_typo_font_family":"0","ocean_menu_typo_font_subset":"","ocean_menu_typo_font_size":0,"ocean_menu_typo_font_size_tablet":0,"ocean_menu_typo_font_size_mobile":0,"ocean_menu_typo_font_size_unit":"px","ocean_menu_typo_font_weight":"","ocean_menu_typo_font_weight_tablet":"","ocean_menu_typo_font_weight_mobile":"","ocean_menu_typo_transform":"","ocean_menu_typo_transform_tablet":"","ocean_menu_typo_transform_mobile":"","ocean_menu_typo_line_height":0,"ocean_menu_typo_line_height_tablet":0,"ocean_menu_typo_line_height_mobile":0,"ocean_menu_typo_line_height_unit":"","ocean_menu_typo_spacing":0,"ocean_menu_typo_spacing_tablet":0,"ocean_menu_typo_spacing_mobile":0,"ocean_menu_typo_spacing_unit":"","ocean_menu_link_color":"","ocean_menu_link_color_hover":"","ocean_menu_link_color_active":"","ocean_menu_link_background":"","ocean_menu_link_hover_background":"","ocean_menu_link_active_background":"","ocean_menu_social_links_bg":"","ocean_menu_social_hover_links_bg":"","ocean_menu_social_links_color":"","ocean_menu_social_hover_links_color":"","ocean_disable_title":"default","ocean_disable_heading":"default","ocean_post_title":"","ocean_post_subheading":"","ocean_post_title_style":"","ocean_post_title_background_color":"","ocean_post_title_background":0,"ocean_post_title_bg_image_position":"","ocean_post_title_bg_image_attachment":"","ocean_post_title_bg_image_repeat":"","ocean_post_title_bg_image_size":"","ocean_post_title_height":0,"ocean_post_title_bg_overlay":0.5,"ocean_post_title_bg_overlay_color":"","ocean_disable_breadcrumbs":"default","ocean_breadcrumbs_color":"","ocean_breadcrumbs_separator_color":"","ocean_breadcrumbs_links_color":"","ocean_breadcrumbs_links_hover_color":"","ocean_display_footer_widgets":"default","ocean_display_footer_bottom":"default","ocean_custom_footer_template":"0","ofc_enable_fullscreen":"disable","ofc_fullscreen_speed":0,"ofc_fullscreen_nav":"enable","ofc_fullscreen_nav_pos":"right","ofc_fullscreen_nav_color":"","ofc_fullscreen_nav_tooltip_color":"","ofc_fullscreen_responsive":0},"product_brand":[],"product_cat":[4100],"product_tag":[],"class_list":{"0":"post-63072","1":"product","2":"type-product","3":"status-publish","4":"has-post-thumbnail","6":"product_cat-keepsake-bruce-lee-collection-50th-anniversary-edition-hobby-box-series-2-fr","7":"product_shipping_class-classe-dexpedition_a","9":"entry","10":"has-media","12":"first","13":"outofstock","14":"taxable","15":"shipping-taxable","16":"purchasable","17":"product-type-simple","18":"col","19":"span_1_of_4","20":"owp-content-center","21":"owp-thumbs-layout-horizontal","22":"owp-btn-normal","23":"owp-tabs-layout-horizontal"},"acf":[],"_links":{"self":[{"href":"https:\/\/memorabilia-germany.de\/fr\/wp-json\/wp\/v2\/product\/63072","targetHints":{"allow":["GET"]}}],"collection":[{"href":"https:\/\/memorabilia-germany.de\/fr\/wp-json\/wp\/v2\/product"}],"about":[{"href":"https:\/\/memorabilia-germany.de\/fr\/wp-json\/wp\/v2\/types\/product"}],"version-history":[{"count":0,"href":"https:\/\/memorabilia-germany.de\/fr\/wp-json\/wp\/v2\/product\/63072\/revisions"}],"wp:featuredmedia":[{"embeddable":true,"href":"https:\/\/memorabilia-germany.de\/fr\/wp-json\/wp\/v2\/media\/63022"}],"wp:attachment":[{"href":"https:\/\/memorabilia-germany.de\/fr\/wp-json\/wp\/v2\/media?parent=63072"}],"wp:term":[{"taxonomy":"product_brand","embeddable":true,"href":"https:\/\/memorabilia-germany.de\/fr\/wp-json\/wp\/v2\/product_brand?post=63072"},{"taxonomy":"product_cat","embeddable":true,"href":"https:\/\/memorabilia-germany.de\/fr\/wp-json\/wp\/v2\/product_cat?post=63072"},{"taxonomy":"product_tag","embeddable":true,"href":"https:\/\/memorabilia-germany.de\/fr\/wp-json\/wp\/v2\/product_tag?post=63072"}],"curies":[{"name":"wp","href":"https:\/\/api.w.org\/{rel}","templated":true}]}}