{"id":62994,"date":"2025-08-08T14:41:02","date_gmt":"2025-08-08T12:41:02","guid":{"rendered":"https:\/\/memorabilia-germany.de\/produkt\/keepsake-rambo-collectionpremiere-edition-hobby-box\/"},"modified":"2025-08-08T15:01:05","modified_gmt":"2025-08-08T13:01:05","slug":"keepsake-rambo-collectionpremiere-edition-hobby-box","status":"publish","type":"product","link":"https:\/\/memorabilia-germany.de\/fr\/produit\/keepsake-rambo-collectionpremiere-edition-hobby-box\/","title":{"rendered":"Keepsake Rambo Collection<\/br>(Premiere Edition Hobby Box)"},"content":{"rendered":"","protected":false},"excerpt":{"rendered":"<p><strong>Depuis la sortie du premier film de Rambo, \u00ab\u00a0First Blood\u00a0\u00bb, en 1982, John Rambo est consid\u00e9r\u00e9 comme l&rsquo;un des personnages de film les plus populaires de tous les temps. Le leader du march\u00e9 des Trading Cards US, Super Break, consacre cette fantastique \u00e9dition de Trading Cards \u00ab\u00a0Keepsake\u00a0\u00bb \u00e0 la franchise Rambo autour de Sylvester Stallone. <\/strong><\/p>\n<p><strong>Pr\u00e9sent\u00e9e dans un coffret de loisir cr\u00e9atif, cette collection propose des Trading Cards exclusives des films Rambo. Les Relic Cards et autres Inserts utilisent des accessoires originaux utilis\u00e9s sur le tournage des films. La s\u00e9rie comprend \u00e9galement des cartes contenant des storyboards \u00e9crits \u00e0 la main par les producteurs de Rambo et d&rsquo;autres documents en plateau passionnants.  <\/strong><\/p>\n<p><strong>Chaque Hobby Box contient une pr\u00e9cieuse Relic Trading Card prot\u00e9g\u00e9e par un Hard Card Sleeve ainsi qu&rsquo;un pack scell\u00e9 de 5 autres Trading Cards Rambo. Au moins un hit est donc garanti ! De plus, chaque bo\u00eete contient un stand up pour pr\u00e9senter votre highlight de la bo\u00eete.  <\/strong><\/p>\n<ul style=\"list-style-type: square;\">\n<li>Contenu de la bo\u00eete : 1 Rambo Relic Card dans un Hard Card Sleeve + Stand Up + Pack de 5 Trading Cards Rambo (au moins 1 hit DANS CHAQUE BOITE)<\/li>\n<li>\u00c9tat : non ouvert et initialement scell\u00e9 dans du papier d&rsquo;aluminium<\/li>\n<li>Th\u00e8me : Rambo<\/li>\n<li>D\u00e9jouer: Factory sealed. La bo\u00eete est scell\u00e9e dans le film d&rsquo;origine du fabricant.<\/li>\n<li>Marque : Super Break<\/li>\n<li>Pays : \u00c9tats-Unis<\/li>\n<li>Trouvez les Relic Cards qui contiennent des parties des accessoires originaux utilis\u00e9s dans Rambo I-III. Certaines cartes contiennent jusqu&rsquo;\u00e0 4 reliques ! <\/li>\n<li>L&rsquo;\u00e9dition comprend \u00e9galement des Relics &amp; Memorabilia Inserts, qui contiennent des mat\u00e9riaux utilis\u00e9s pour la production des films Rambo : storyboards manuscrits des producteurs du film, parties des bobines originales du film et bien plus encore.<\/li>\n<li>Trouvez des Relics Gem, des Jumbo Relics, des Laser SignaPatch Relics, des Dual Relics, des Triple Relics, des Quad Relics, des Movie Prop Relics, des Contact Strip Relics et des StoryBoard Relics dans ces bo\u00eetes de loisirs cr\u00e9atifs Keepsake.<\/li>\n<li>Rambo Inserts : Diamonds, Rubies, Emeralds, Sapphires, Topaz &amp; Onyx<\/li>\n<li>Cette s\u00e9rie contient des Triple Booklets rares, Dual + Triple + Quadruple Relics, Gold Relics, Autograph Specials, Fossil Relics, Dual Gems et bien plus encore !<\/li>\n<li>Outre John Rambo, d&rsquo;autres personnages populaires de la franchise Rambo, tels que Sam Trautman, Mitch Rogers, Co Bao ou Marshall Murdock, trouvent leur place dans cette collection.<\/li>\n<\/ul>\n<p>Vous trouverez plus de Trading Cards <strong><a href=\"https:\/\/memorabilia-germany.de\/fr\/trading-cards\">ici<\/a><\/strong>.<\/p>\n","protected":false},"featured_media":62946,"template":"","meta":{"_acf_changed":false,"ocean_post_layout":"","ocean_both_sidebars_style":"","ocean_both_sidebars_content_width":0,"ocean_both_sidebars_sidebars_width":0,"ocean_sidebar":"0","ocean_second_sidebar":"0","ocean_disable_margins":"enable","ocean_add_body_class":"","ocean_shortcode_before_top_bar":"","ocean_shortcode_after_top_bar":"","ocean_shortcode_before_header":"","ocean_shortcode_after_header":"","ocean_has_shortcode":"","ocean_shortcode_after_title":"","ocean_shortcode_before_footer_widgets":"","ocean_shortcode_after_footer_widgets":"","ocean_shortcode_before_footer_bottom":"","ocean_shortcode_after_footer_bottom":"","ocean_display_top_bar":"default","ocean_display_header":"default","ocean_header_style":"","ocean_center_header_left_menu":"0","ocean_custom_header_template":"0","ocean_custom_logo":0,"ocean_custom_retina_logo":0,"ocean_custom_logo_max_width":0,"ocean_custom_logo_tablet_max_width":0,"ocean_custom_logo_mobile_max_width":0,"ocean_custom_logo_max_height":0,"ocean_custom_logo_tablet_max_height":0,"ocean_custom_logo_mobile_max_height":0,"ocean_header_custom_menu":"0","ocean_menu_typo_font_family":"0","ocean_menu_typo_font_subset":"","ocean_menu_typo_font_size":0,"ocean_menu_typo_font_size_tablet":0,"ocean_menu_typo_font_size_mobile":0,"ocean_menu_typo_font_size_unit":"px","ocean_menu_typo_font_weight":"","ocean_menu_typo_font_weight_tablet":"","ocean_menu_typo_font_weight_mobile":"","ocean_menu_typo_transform":"","ocean_menu_typo_transform_tablet":"","ocean_menu_typo_transform_mobile":"","ocean_menu_typo_line_height":0,"ocean_menu_typo_line_height_tablet":0,"ocean_menu_typo_line_height_mobile":0,"ocean_menu_typo_line_height_unit":"","ocean_menu_typo_spacing":0,"ocean_menu_typo_spacing_tablet":0,"ocean_menu_typo_spacing_mobile":0,"ocean_menu_typo_spacing_unit":"","ocean_menu_link_color":"","ocean_menu_link_color_hover":"","ocean_menu_link_color_active":"","ocean_menu_link_background":"","ocean_menu_link_hover_background":"","ocean_menu_link_active_background":"","ocean_menu_social_links_bg":"","ocean_menu_social_hover_links_bg":"","ocean_menu_social_links_color":"","ocean_menu_social_hover_links_color":"","ocean_disable_title":"default","ocean_disable_heading":"default","ocean_post_title":"","ocean_post_subheading":"","ocean_post_title_style":"","ocean_post_title_background_color":"","ocean_post_title_background":0,"ocean_post_title_bg_image_position":"","ocean_post_title_bg_image_attachment":"","ocean_post_title_bg_image_repeat":"","ocean_post_title_bg_image_size":"","ocean_post_title_height":0,"ocean_post_title_bg_overlay":0.5,"ocean_post_title_bg_overlay_color":"","ocean_disable_breadcrumbs":"default","ocean_breadcrumbs_color":"","ocean_breadcrumbs_separator_color":"","ocean_breadcrumbs_links_color":"","ocean_breadcrumbs_links_hover_color":"","ocean_display_footer_widgets":"default","ocean_display_footer_bottom":"default","ocean_custom_footer_template":"0","ofc_enable_fullscreen":"disable","ofc_fullscreen_speed":0,"ofc_fullscreen_nav":"enable","ofc_fullscreen_nav_pos":"right","ofc_fullscreen_nav_color":"","ofc_fullscreen_nav_tooltip_color":"","ofc_fullscreen_responsive":0},"product_brand":[],"product_cat":[4096],"product_tag":[],"class_list":{"0":"post-62994","1":"product","2":"type-product","3":"status-publish","4":"has-post-thumbnail","6":"product_cat-keepsake-rambo-collection-premiere-edition-hobby-box-fr","7":"product_shipping_class-classe-dexpedition_a","9":"entry","10":"has-media","12":"first","13":"instock","14":"taxable","15":"shipping-taxable","16":"purchasable","17":"product-type-simple","18":"col","19":"span_1_of_4","20":"owp-content-center","21":"owp-thumbs-layout-horizontal","22":"owp-btn-normal","23":"owp-tabs-layout-horizontal"},"acf":[],"_links":{"self":[{"href":"https:\/\/memorabilia-germany.de\/fr\/wp-json\/wp\/v2\/product\/62994","targetHints":{"allow":["GET"]}}],"collection":[{"href":"https:\/\/memorabilia-germany.de\/fr\/wp-json\/wp\/v2\/product"}],"about":[{"href":"https:\/\/memorabilia-germany.de\/fr\/wp-json\/wp\/v2\/types\/product"}],"version-history":[{"count":0,"href":"https:\/\/memorabilia-germany.de\/fr\/wp-json\/wp\/v2\/product\/62994\/revisions"}],"wp:featuredmedia":[{"embeddable":true,"href":"https:\/\/memorabilia-germany.de\/fr\/wp-json\/wp\/v2\/media\/62946"}],"wp:attachment":[{"href":"https:\/\/memorabilia-germany.de\/fr\/wp-json\/wp\/v2\/media?parent=62994"}],"wp:term":[{"taxonomy":"product_brand","embeddable":true,"href":"https:\/\/memorabilia-germany.de\/fr\/wp-json\/wp\/v2\/product_brand?post=62994"},{"taxonomy":"product_cat","embeddable":true,"href":"https:\/\/memorabilia-germany.de\/fr\/wp-json\/wp\/v2\/product_cat?post=62994"},{"taxonomy":"product_tag","embeddable":true,"href":"https:\/\/memorabilia-germany.de\/fr\/wp-json\/wp\/v2\/product_tag?post=62994"}],"curies":[{"name":"wp","href":"https:\/\/api.w.org\/{rel}","templated":true}]}}