{"id":62295,"date":"2025-07-29T16:46:54","date_gmt":"2025-07-29T14:46:54","guid":{"rendered":"https:\/\/memorabilia-germany.de\/produkt\/pieces-x-keepsake-collectionhobby-box\/"},"modified":"2025-07-29T17:11:16","modified_gmt":"2025-07-29T15:11:16","slug":"pieces-x-keepsake-collectionhobby-box","status":"publish","type":"product","link":"https:\/\/memorabilia-germany.de\/fr\/produit\/pieces-x-keepsake-collectionhobby-box\/","title":{"rendered":"Pieces X Keepsake Collection<\/br>(Hobby Box)"},"content":{"rendered":"<p style=\"text-align: center;\"><strong>Vous trouverez ici un aper\u00e7u de quelques-uns des noms c\u00e9l\u00e8bres de cette s\u00e9rie :<\/strong><br \/>\n<strong>Sport Superstars (FIFA, NFL, NBA, MLB Boxing et autres)<\/strong><br \/>\nLionel Messi<br \/>\nPel\u00e9<br \/>\nStephen Curry<br \/>\nDan Marino<br \/>\nMagic Johnson<br \/>\nPatrick Mahomes<br \/>\n\u201cIron\u201d Mike Tyson<br \/>\nShedeur Sanders<br \/>\nLarry Bird<br \/>\nErling Haaland<br \/>\nAllen Iverson<br \/>\nFloyd Mayweather<br \/>\nSugar Ray Leonard<br \/>\nIchiro Suzuki<br \/>\nKen Griffey Jr.<\/p>\n<p style=\"text-align: center;\"><strong>Personnages historiques &amp; c\u00e9l\u00e9brit\u00e9s<\/strong><br \/>\nPythagore<br \/>\nGeorge Washington<br \/>\nAlbert Einstein<br \/>\nL\u00e9onard de Vinci<br \/>\nWolfgang Amadeus Mozart<br \/>\nDonald Trump<br \/>\nEnzo Ferrari<br \/>\nVincent Van Gogh<br \/>\nQueen Elisabeth II.<br \/>\nCharles Dickens<br \/>\nSir Lancelot<br \/>\nThomas Jefferson<br \/>\nAbraham Lincoln<br \/>\nBarack Obama<br \/>\nBenjamin Franklin<br \/>\nThomas Edison<br \/>\nCharles Darwin<br \/>\nAlexander Hamilton<br \/>\nDwight D. Eisenhower<\/p>\n<p>Vous trouverez plus de Trading Cards <strong><a href=\"https:\/\/memorabilia-germany.de\/fr\/trading-cards\">ici<\/a><\/strong>.<\/p>\n","protected":false},"excerpt":{"rendered":"<p><strong>Dans cette \u00e9dition, le leader am\u00e9ricain \u00e9tabli du march\u00e9 des Trading Cards de divertissement, Super Break, propose un m\u00e9lange passionnant de Trading Cards de stars du sport, de c\u00e9l\u00e9brit\u00e9s et de personnages historiques dans un Crossover de ses marques populaires \u00ab Keepsake \u00bb et \u00ab Pieces of the Past \u00bb. Trading Cards de personnes qui comptent parmi les meilleurs dans leur genre et qui ont atteint une renomm\u00e9e mondiale. <\/strong><\/p>\n<p><strong>Chaque Hobby Box contient 4 Trading Cards et garantit 4 hits : 1 Keepsake Relic Card et 3 Pieces Relic Cards. Au moins une bo\u00eete sur cinq contient un Keepsake Autograph ! <\/strong><\/p>\n<p><strong>Le line up de cette s\u00e9rie ne pourrait pas \u00eatre plus spectaculaire. Il comprend de nombreuses superstars et les noms des personnes les plus c\u00e9l\u00e8bres de tous les temps. Parmi eux, Lionel Messi, Leonardo Da Vinci, Donald Trump, Steph Curry, Albert Einstein, Larry Bird, Barack Obama et bien d&rsquo;autres !   Factory sealed. Pour plus d&rsquo;informations, voir ci-dessous.<\/strong><\/p>\n<ul style=\"list-style-type: square;\">\n<li>Contenu de la bo\u00eete : 1 Keepsake Relic Card + 3 Pieces Relic Cards (1 de 5 Autograph Chance)<\/li>\n<li>\u00c9tat : non ouvert et initialement scell\u00e9 dans du papier d&rsquo;aluminium<\/li>\n<li>Th\u00e8me : Sports Stars &amp; c\u00e9l\u00e9brit\u00e9s &amp; personnalit\u00e9s de l&rsquo;histoire (sport, politique, art, etc.)<\/li>\n<li>D\u00e9jouer: Factory sealed. La bo\u00eete est scell\u00e9e dans le film d&rsquo;origine du fabricant.<\/li>\n<li>Marque : Super Break<\/li>\n<li>Pays : \u00c9tats-Unis<\/li>\n<li>Autograph Chance : au moins 1 des 5 Hobby Boxes contient une Autograph Card de superstars comme Lionel Messi, Steph Curry, Allen Iverson ou Pel\u00e9 !<\/li>\n<li>La s\u00e9rie contient des reliques incroyables : pi\u00e8ces de monnaie anciennes, patchs en jersey, props de films, marques de cr\u00e9ateurs, gemmes, embl\u00e8mes de voitures, cadrans de montres et bien plus encore !<\/li>\n<li>Trouvez des Relic Cards &amp; Autograph Cards de superstars du sport, de c\u00e9l\u00e9brit\u00e9s et de personnages historiques comme Lionel Messi, Leonardo Da Vinci, Donald Trump, Steph Curry, Albert Einstein, Larry Bird, Barack Obama, Magic Johnson, George Washington et Pythagore.<\/li>\n<li>Cette s\u00e9rie contient des Triple Booklets rares, Dual + Triple + Quadruple Relics, Gold Relics, Autograph Specials, Fossil Relics, Dual Gems et bien plus encore !<\/li>\n<\/ul>\n","protected":false},"featured_media":62259,"template":"","meta":{"_acf_changed":false,"ocean_post_layout":"","ocean_both_sidebars_style":"","ocean_both_sidebars_content_width":0,"ocean_both_sidebars_sidebars_width":0,"ocean_sidebar":"0","ocean_second_sidebar":"0","ocean_disable_margins":"enable","ocean_add_body_class":"","ocean_shortcode_before_top_bar":"","ocean_shortcode_after_top_bar":"","ocean_shortcode_before_header":"","ocean_shortcode_after_header":"","ocean_has_shortcode":"","ocean_shortcode_after_title":"","ocean_shortcode_before_footer_widgets":"","ocean_shortcode_after_footer_widgets":"","ocean_shortcode_before_footer_bottom":"","ocean_shortcode_after_footer_bottom":"","ocean_display_top_bar":"default","ocean_display_header":"default","ocean_header_style":"","ocean_center_header_left_menu":"0","ocean_custom_header_template":"0","ocean_custom_logo":0,"ocean_custom_retina_logo":0,"ocean_custom_logo_max_width":0,"ocean_custom_logo_tablet_max_width":0,"ocean_custom_logo_mobile_max_width":0,"ocean_custom_logo_max_height":0,"ocean_custom_logo_tablet_max_height":0,"ocean_custom_logo_mobile_max_height":0,"ocean_header_custom_menu":"0","ocean_menu_typo_font_family":"0","ocean_menu_typo_font_subset":"","ocean_menu_typo_font_size":0,"ocean_menu_typo_font_size_tablet":0,"ocean_menu_typo_font_size_mobile":0,"ocean_menu_typo_font_size_unit":"px","ocean_menu_typo_font_weight":"","ocean_menu_typo_font_weight_tablet":"","ocean_menu_typo_font_weight_mobile":"","ocean_menu_typo_transform":"","ocean_menu_typo_transform_tablet":"","ocean_menu_typo_transform_mobile":"","ocean_menu_typo_line_height":0,"ocean_menu_typo_line_height_tablet":0,"ocean_menu_typo_line_height_mobile":0,"ocean_menu_typo_line_height_unit":"","ocean_menu_typo_spacing":0,"ocean_menu_typo_spacing_tablet":0,"ocean_menu_typo_spacing_mobile":0,"ocean_menu_typo_spacing_unit":"","ocean_menu_link_color":"","ocean_menu_link_color_hover":"","ocean_menu_link_color_active":"","ocean_menu_link_background":"","ocean_menu_link_hover_background":"","ocean_menu_link_active_background":"","ocean_menu_social_links_bg":"","ocean_menu_social_hover_links_bg":"","ocean_menu_social_links_color":"","ocean_menu_social_hover_links_color":"","ocean_disable_title":"default","ocean_disable_heading":"default","ocean_post_title":"","ocean_post_subheading":"","ocean_post_title_style":"","ocean_post_title_background_color":"","ocean_post_title_background":0,"ocean_post_title_bg_image_position":"","ocean_post_title_bg_image_attachment":"","ocean_post_title_bg_image_repeat":"","ocean_post_title_bg_image_size":"","ocean_post_title_height":0,"ocean_post_title_bg_overlay":0.5,"ocean_post_title_bg_overlay_color":"","ocean_disable_breadcrumbs":"default","ocean_breadcrumbs_color":"","ocean_breadcrumbs_separator_color":"","ocean_breadcrumbs_links_color":"","ocean_breadcrumbs_links_hover_color":"","ocean_display_footer_widgets":"default","ocean_display_footer_bottom":"default","ocean_custom_footer_template":"0","ofc_enable_fullscreen":"disable","ofc_fullscreen_speed":0,"ofc_fullscreen_nav":"enable","ofc_fullscreen_nav_pos":"right","ofc_fullscreen_nav_color":"","ofc_fullscreen_nav_tooltip_color":"","ofc_fullscreen_responsive":0},"product_brand":[],"product_cat":[4051],"product_tag":[],"class_list":{"0":"post-62295","1":"product","2":"type-product","3":"status-publish","4":"has-post-thumbnail","6":"product_cat-pieces-x-keepsake-collection-hobby-box-fr","7":"product_shipping_class-classe-dexpedition_a","9":"entry","10":"has-media","12":"first","13":"outofstock","14":"taxable","15":"shipping-taxable","16":"purchasable","17":"product-type-simple","18":"col","19":"span_1_of_4","20":"owp-content-center","21":"owp-thumbs-layout-horizontal","22":"owp-btn-normal","23":"owp-tabs-layout-horizontal"},"acf":[],"_links":{"self":[{"href":"https:\/\/memorabilia-germany.de\/fr\/wp-json\/wp\/v2\/product\/62295","targetHints":{"allow":["GET"]}}],"collection":[{"href":"https:\/\/memorabilia-germany.de\/fr\/wp-json\/wp\/v2\/product"}],"about":[{"href":"https:\/\/memorabilia-germany.de\/fr\/wp-json\/wp\/v2\/types\/product"}],"version-history":[{"count":0,"href":"https:\/\/memorabilia-germany.de\/fr\/wp-json\/wp\/v2\/product\/62295\/revisions"}],"wp:featuredmedia":[{"embeddable":true,"href":"https:\/\/memorabilia-germany.de\/fr\/wp-json\/wp\/v2\/media\/62259"}],"wp:attachment":[{"href":"https:\/\/memorabilia-germany.de\/fr\/wp-json\/wp\/v2\/media?parent=62295"}],"wp:term":[{"taxonomy":"product_brand","embeddable":true,"href":"https:\/\/memorabilia-germany.de\/fr\/wp-json\/wp\/v2\/product_brand?post=62295"},{"taxonomy":"product_cat","embeddable":true,"href":"https:\/\/memorabilia-germany.de\/fr\/wp-json\/wp\/v2\/product_cat?post=62295"},{"taxonomy":"product_tag","embeddable":true,"href":"https:\/\/memorabilia-germany.de\/fr\/wp-json\/wp\/v2\/product_tag?post=62295"}],"curies":[{"name":"wp","href":"https:\/\/api.w.org\/{rel}","templated":true}]}}