{"id":62250,"date":"2025-07-29T15:34:01","date_gmt":"2025-07-29T13:34:01","guid":{"rendered":"https:\/\/memorabilia-germany.de\/produkt\/keepsake-bellissimo-editionhobby-box\/"},"modified":"2025-10-05T19:33:08","modified_gmt":"2025-10-05T17:33:08","slug":"keepsake-bellissimo-editionhobby-box","status":"publish","type":"product","link":"https:\/\/memorabilia-germany.de\/fr\/produit\/keepsake-bellissimo-editionhobby-box\/","title":{"rendered":"Keepsake Bellissimo Edition<\/br>(Hobby Box)"},"content":{"rendered":"<p style=\"text-align: center;\"><strong>Voici un aper\u00e7u de quelques-uns des noms c\u00e9l\u00e8bres de cette s\u00e9rie :<\/strong><br \/>\nLeonardo Da Vinci<br \/>\nPablo Picasso<br \/>\nMichelangelo<br \/>\nWolfgang Amadeus Mozart<br \/>\nDonald Trump<br \/>\nMartin Luther King<br \/>\nNapol\u00e9on Bonaparte<br \/>\nReine Elizabeth II<br \/>\nMuhammad Ali<br \/>\nJohn F. Kennedy<br \/>\nVincent Van Gogh<br \/>\nClaude Monet<br \/>\nAlbert Einstein<br \/>\nJackie Kennedy<br \/>\nKing Arthur<br \/>\nClaude Monet<br \/>\nSalvador Dali<br \/>\nMahatma Gandhi<br \/>\nGeorge Washington<br \/>\nAl Capone<br \/>\nMickey Mantle<br \/>\nJackie Robinson<br \/>\nAbraham Lincoln<br \/>\nAndy Warhol<br \/>\nLou Gehrig<br \/>\nMarie-Antoinette (Autriche-Lorraine)<br \/>\nHenry Ford<br \/>\nThomas Edison<br \/>\nBarack Obama<br \/>\nNikola Tesla<br \/>\nJohn Dillinger<br \/>\nGeronimo<br \/>\nCaptain Blackbeard<br \/>\nHenry Hill<br \/>\nIndira Gandhi<\/p>\n<p>Vous trouverez plus de Trading Cards <strong><a href=\"https:\/\/memorabilia-germany.de\/fr\/trading-cards\">ici<\/a><\/strong>.<\/p>\n","protected":false},"excerpt":{"rendered":"<p><strong>Bellissimo ! Super Break, le leader am\u00e9ricain des Trading Cards de divertissement, propose dans cette \u00e9dition \u00ab\u00a0Keepsake\u00a0\u00bb un m\u00e9lange de Trading Cards de designers passionnants repr\u00e9sentant des personnalit\u00e9s du sport, de la politique, de l&rsquo;art, de la musique et d&rsquo;autres genres. Des Trading Cards de personnes qui ont marqu\u00e9 l&rsquo;histoire de l&rsquo;humanit\u00e9.  <\/strong><\/p>\n<p><strong>Chaque Hobby Box contient 2 Trading Cards : une Relic Card num\u00e9rot\u00e9e et une Base Card num\u00e9rot\u00e9e. Les cartes sont toujours num\u00e9rot\u00e9es et au maximum \u00ab\u00a0out of 99\u00a0\u00bb ou moins &#8211; jusqu&rsquo;aux \u00ab\u00a01 of 1 artworks\u00a0\u00bb sign\u00e9s ! Certaines bo\u00eetes de loisirs cachent \u00e9galement des Redemption Vouchers pour de pr\u00e9cieuses impressions sur toile d&rsquo;\u0153uvres telles que le chef-d&rsquo;\u0153uvre de L\u00e9onard de Vinci, \u00ab\u00a0La Joconde\u00a0\u00bb, \u00ab\u00a0Le Cri\u00a0\u00bb d&rsquo;Edvard Munch, \u00ab\u00a0Starry Night\u00a0\u00bb de Van Gogh ou \u00ab\u00a0La Cr\u00e9ation d&rsquo;Adam\u00a0\u00bb de Michel-Ange.  <\/strong><\/p>\n<p><strong>Le line up de cette s\u00e9rie ne pourrait pas \u00eatre plus spectaculaire. Elle comprend de nombreux grands noms de l&rsquo;histoire qui n&rsquo;ont plus besoin d&rsquo;\u00eatre pr\u00e9sent\u00e9s. On y trouve des figures historiques comme Leonardo Da Vinci, Pablo Picasso, Albert Einstein, mais aussi Mohammed Ali, Donald Trump ou Barack Obama !   Factory sealed. Pour plus d&rsquo;informations, voir ci-dessous.<\/strong><\/p>\n<ul style=\"list-style-type: square;\">\n<li>Contenu de la bo\u00eete : 1 Relic Card + 1 Base Card (au moins 1 Relic Card num\u00e9rot\u00e9e DANS CHAQUE BOITE)<\/li>\n<li>\u00c9tat : non ouvert et initialement scell\u00e9 dans du papier d&rsquo;aluminium<\/li>\n<li>Th\u00e8me : Les plus grands personnages de l&rsquo;histoire de l&rsquo;humanit\u00e9 (sport, politique, art, etc.)<\/li>\n<li>D\u00e9jouer: Factory sealed. La bo\u00eete est scell\u00e9e dans le film d&rsquo;origine du fabricant.<\/li>\n<li>Marque : Super Break<\/li>\n<li>Pays : \u00c9tats-Unis<\/li>\n<li>La s\u00e9rie comprend des Redemption Vouchers pour de pr\u00e9cieuses impressions sur toile en \u00e9dition limit\u00e9e (Canvas Prints) en l&rsquo;honneur du chef-d&rsquo;\u0153uvre de L\u00e9onard de Vinci, La Joconde, du Cri d&rsquo;Edvard Munch, de Starry Night de Van Gogh, de La Jeune Fille \u00e0 la boucle d&rsquo;oreille en perle de Johannes Vermeer ou de La Cr\u00e9ation d&rsquo;Adam de Michel-Ange de la chapelle Sixtine au Vatican !<\/li>\n<li>Trouvez des Relic Cards &amp; Autograph Artworks de personnalit\u00e9s modernes et historiques comme Leonardo Da Vinci, Pablo Picasso, Albert Einstein, mais aussi Muhammad Ali, Donald Trump ou Barack Obama.<\/li>\n<li>Cette s\u00e9rie contient des reliques rares Dual + Triple + Quadruple, des Jumbo Relic 1 of 1s, des Autograph Specials, des Canvas Specials, des Signed Artworks et bien plus encore !<\/li>\n<\/ul>\n","protected":false},"featured_media":62209,"template":"","meta":{"_acf_changed":false,"ocean_post_layout":"","ocean_both_sidebars_style":"","ocean_both_sidebars_content_width":0,"ocean_both_sidebars_sidebars_width":0,"ocean_sidebar":"0","ocean_second_sidebar":"0","ocean_disable_margins":"enable","ocean_add_body_class":"","ocean_shortcode_before_top_bar":"","ocean_shortcode_after_top_bar":"","ocean_shortcode_before_header":"","ocean_shortcode_after_header":"","ocean_has_shortcode":"","ocean_shortcode_after_title":"","ocean_shortcode_before_footer_widgets":"","ocean_shortcode_after_footer_widgets":"","ocean_shortcode_before_footer_bottom":"","ocean_shortcode_after_footer_bottom":"","ocean_display_top_bar":"default","ocean_display_header":"default","ocean_header_style":"","ocean_center_header_left_menu":"0","ocean_custom_header_template":"0","ocean_custom_logo":0,"ocean_custom_retina_logo":0,"ocean_custom_logo_max_width":0,"ocean_custom_logo_tablet_max_width":0,"ocean_custom_logo_mobile_max_width":0,"ocean_custom_logo_max_height":0,"ocean_custom_logo_tablet_max_height":0,"ocean_custom_logo_mobile_max_height":0,"ocean_header_custom_menu":"0","ocean_menu_typo_font_family":"0","ocean_menu_typo_font_subset":"","ocean_menu_typo_font_size":0,"ocean_menu_typo_font_size_tablet":0,"ocean_menu_typo_font_size_mobile":0,"ocean_menu_typo_font_size_unit":"px","ocean_menu_typo_font_weight":"","ocean_menu_typo_font_weight_tablet":"","ocean_menu_typo_font_weight_mobile":"","ocean_menu_typo_transform":"","ocean_menu_typo_transform_tablet":"","ocean_menu_typo_transform_mobile":"","ocean_menu_typo_line_height":0,"ocean_menu_typo_line_height_tablet":0,"ocean_menu_typo_line_height_mobile":0,"ocean_menu_typo_line_height_unit":"","ocean_menu_typo_spacing":0,"ocean_menu_typo_spacing_tablet":0,"ocean_menu_typo_spacing_mobile":0,"ocean_menu_typo_spacing_unit":"","ocean_menu_link_color":"","ocean_menu_link_color_hover":"","ocean_menu_link_color_active":"","ocean_menu_link_background":"","ocean_menu_link_hover_background":"","ocean_menu_link_active_background":"","ocean_menu_social_links_bg":"","ocean_menu_social_hover_links_bg":"","ocean_menu_social_links_color":"","ocean_menu_social_hover_links_color":"","ocean_disable_title":"default","ocean_disable_heading":"default","ocean_post_title":"","ocean_post_subheading":"","ocean_post_title_style":"","ocean_post_title_background_color":"","ocean_post_title_background":0,"ocean_post_title_bg_image_position":"","ocean_post_title_bg_image_attachment":"","ocean_post_title_bg_image_repeat":"","ocean_post_title_bg_image_size":"","ocean_post_title_height":0,"ocean_post_title_bg_overlay":0.5,"ocean_post_title_bg_overlay_color":"","ocean_disable_breadcrumbs":"default","ocean_breadcrumbs_color":"","ocean_breadcrumbs_separator_color":"","ocean_breadcrumbs_links_color":"","ocean_breadcrumbs_links_hover_color":"","ocean_display_footer_widgets":"default","ocean_display_footer_bottom":"default","ocean_custom_footer_template":"0","ofc_enable_fullscreen":"disable","ofc_fullscreen_speed":0,"ofc_fullscreen_nav":"enable","ofc_fullscreen_nav_pos":"right","ofc_fullscreen_nav_color":"","ofc_fullscreen_nav_tooltip_color":"","ofc_fullscreen_responsive":0},"product_brand":[],"product_cat":[4047],"product_tag":[],"class_list":{"0":"post-62250","1":"product","2":"type-product","3":"status-publish","4":"has-post-thumbnail","6":"product_cat-keepsake-bellissimo-edition-hobby-box-fr","7":"product_shipping_class-classe-dexpedition_a","9":"entry","10":"has-media","12":"first","13":"instock","14":"taxable","15":"shipping-taxable","16":"purchasable","17":"product-type-simple","18":"col","19":"span_1_of_4","20":"owp-content-center","21":"owp-thumbs-layout-horizontal","22":"owp-btn-normal","23":"owp-tabs-layout-horizontal"},"acf":[],"_links":{"self":[{"href":"https:\/\/memorabilia-germany.de\/fr\/wp-json\/wp\/v2\/product\/62250","targetHints":{"allow":["GET"]}}],"collection":[{"href":"https:\/\/memorabilia-germany.de\/fr\/wp-json\/wp\/v2\/product"}],"about":[{"href":"https:\/\/memorabilia-germany.de\/fr\/wp-json\/wp\/v2\/types\/product"}],"version-history":[{"count":0,"href":"https:\/\/memorabilia-germany.de\/fr\/wp-json\/wp\/v2\/product\/62250\/revisions"}],"wp:featuredmedia":[{"embeddable":true,"href":"https:\/\/memorabilia-germany.de\/fr\/wp-json\/wp\/v2\/media\/62209"}],"wp:attachment":[{"href":"https:\/\/memorabilia-germany.de\/fr\/wp-json\/wp\/v2\/media?parent=62250"}],"wp:term":[{"taxonomy":"product_brand","embeddable":true,"href":"https:\/\/memorabilia-germany.de\/fr\/wp-json\/wp\/v2\/product_brand?post=62250"},{"taxonomy":"product_cat","embeddable":true,"href":"https:\/\/memorabilia-germany.de\/fr\/wp-json\/wp\/v2\/product_cat?post=62250"},{"taxonomy":"product_tag","embeddable":true,"href":"https:\/\/memorabilia-germany.de\/fr\/wp-json\/wp\/v2\/product_tag?post=62250"}],"curies":[{"name":"wp","href":"https:\/\/api.w.org\/{rel}","templated":true}]}}