{"id":61822,"date":"2025-07-08T17:04:59","date_gmt":"2025-07-08T15:04:59","guid":{"rendered":"https:\/\/memorabilia-germany.de\/produkt\/florida-state-seminoles-2023-acc-championmaillot-signe-par-lequipenike-white-game-jersey\/"},"modified":"2025-07-08T17:09:25","modified_gmt":"2025-07-08T15:09:25","slug":"florida-state-seminoles-2023-acc-championmaillot-signe-par-lequipenike-white-game-jersey","status":"publish","type":"product","link":"https:\/\/memorabilia-germany.de\/fr\/produit\/florida-state-seminoles-2023-acc-championmaillot-signe-par-lequipenike-white-game-jersey\/","title":{"rendered":"FLORIDA STATE SEMINOLES (2023 ACC Champion)<\/br>maillot sign\u00e9 par l&rsquo;\u00e9quipe<\/br>Nike White Game Jersey"},"content":{"rendered":"","protected":false},"excerpt":{"rendered":"<p><strong>Maillot Football Am\u00e9ricain de Nike d\u00e9dicac\u00e9 par l&rsquo;\u00e9quipe invaincue de l&rsquo;ACC Championship des Florida State Seminoles de la saison 2023. Le maillot a \u00e9t\u00e9 sign\u00e9 par un total de 38 joueurs et entra\u00eeneurs, dont l&rsquo;entra\u00eeneur principal de la FSU, Mike Norrell, et un certain nombre de stars actuelles de la NFL. Tous les autographes Football Am\u00e9ricain sont authentifi\u00e9s et poss\u00e8dent un num\u00e9ro de s\u00e9rie.   Pour plus d&rsquo;informations, voir ci-dessous.<\/strong><\/p>\n<ul style=\"list-style-type: square;\">\n<li>Marque : Nike<\/li>\n<li>Mod\u00e8le : White Florida State Seminoles Game Jersey<\/li>\n<li>Type de maillot : <strong><a href=\"https:\/\/memorabilia-germany.de\/fr\/sports-memorabilia-faq\/#faq-jersey-types\">Authentic Jersey<\/a><\/strong> (NCAA College Football Am\u00e9ricain licensed)<\/li>\n<li>\u00c9quipe : Florida State Seminoles<\/li>\n<li>Les autographes sont sign\u00e9s : Team-signed, crayon de couleur noir (les 38 personnes). Les signatures comprennent l&rsquo;entra\u00eeneur principal Mike Norrell, Trey Benson, Keon Coleman, Jared Verse, Johnny Wilson, Dylan Brown, Akeen Dent, Rodney Hill, Kaleb Deloach, Lawrance Toafili, Conrad Hussey, Emile Aime, Jeremiah Byers, Blake Nicholson, Joshua Farmer, Braden Fisk et 22 autres joueurs des champions invaincus de l&rsquo;ACC. <\/li>\n<li>Inscriptions: Player Numbers<\/li>\n<li>Authentification : Beckett Authentication (avec num\u00e9ro de s\u00e9rie)<\/li>\n<li>Documents : Beckett Letter of Authenticity + hologramme de s\u00e9curit\u00e9 sur le Jersey (document pleine page avec photo et hologramme de s\u00e9curit\u00e9, environ DIN A4 avec signature d&rsquo;un dirigeant de Beckett sur papier de s\u00e9curit\u00e9 Beckett Authentication)<\/li>\n<li>Taille : L<\/li>\n<li>Tous les maillots sign\u00e9s sont v\u00e9rifi\u00e9s par l&rsquo;un des principaux authentificateurs am\u00e9ricains du march\u00e9 et sont livr\u00e9s avec des \u00e9l\u00e9ments de s\u00e9curit\u00e9 num\u00e9rot\u00e9s en s\u00e9rie qui confirment l&rsquo;authenticit\u00e9 de l&rsquo;autographe (Certificate of Authenticity et\/ou hologramme de s\u00e9curit\u00e9). Authenticator d&rsquo;autographes de la NFL sont disponibles chez <strong><a href=\"https:\/\/memorabilia-germany.de\/fr\/nous-memorabilia-germany\/\">Memorabilia Germany<\/a><\/strong> exclusivement : <strong><a href=\"https:\/\/memorabilia-germany.de\/fr\/authentification-des-signatures\/#signature-authentication-beckett\">Beckett<\/a><\/strong>, <strong><a href=\"https:\/\/memorabilia-germany.de\/fr\/authentification-des-signatures\/#signature-authentication-james-spence\">James Spence Authentication<\/a><\/strong>, <strong><a href=\"https:\/\/memorabilia-germany.de\/fr\/authentification-des-signatures\/#signature-authentication-psa-dna\">PSA\/DNA<\/a><\/strong> ou <strong><a href=\"https:\/\/memorabilia-germany.de\/fr\/authentification-des-signatures\/#signature-authentication-fanatics\">Fanatics<\/a><\/strong>. Plus d&rsquo;infos sur ce th\u00e8me important Authentification vous trouverez <strong><a href=\"https:\/\/memorabilia-germany.de\/fr\/authentification-des-signatures\/\">ici<\/a><\/strong>.<\/li>\n<\/ul>\n<p>Trouvez plus de maillots sign\u00e9s de l\u00e9gendes de la NFL <strong><a href=\"https:\/\/memorabilia-germany.de\/fr\/produkt-kategorie\/football-americain-memorabilia\/maillots-de-football-americain-signes\/\">ici<\/a><\/strong>.<\/p>\n","protected":false},"featured_media":61772,"template":"","meta":{"_acf_changed":false,"ocean_post_layout":"","ocean_both_sidebars_style":"","ocean_both_sidebars_content_width":0,"ocean_both_sidebars_sidebars_width":0,"ocean_sidebar":"0","ocean_second_sidebar":"0","ocean_disable_margins":"enable","ocean_add_body_class":"","ocean_shortcode_before_top_bar":"","ocean_shortcode_after_top_bar":"","ocean_shortcode_before_header":"","ocean_shortcode_after_header":"","ocean_has_shortcode":"","ocean_shortcode_after_title":"","ocean_shortcode_before_footer_widgets":"","ocean_shortcode_after_footer_widgets":"","ocean_shortcode_before_footer_bottom":"","ocean_shortcode_after_footer_bottom":"","ocean_display_top_bar":"default","ocean_display_header":"default","ocean_header_style":"","ocean_center_header_left_menu":"0","ocean_custom_header_template":"0","ocean_custom_logo":0,"ocean_custom_retina_logo":0,"ocean_custom_logo_max_width":0,"ocean_custom_logo_tablet_max_width":0,"ocean_custom_logo_mobile_max_width":0,"ocean_custom_logo_max_height":0,"ocean_custom_logo_tablet_max_height":0,"ocean_custom_logo_mobile_max_height":0,"ocean_header_custom_menu":"0","ocean_menu_typo_font_family":"0","ocean_menu_typo_font_subset":"","ocean_menu_typo_font_size":0,"ocean_menu_typo_font_size_tablet":0,"ocean_menu_typo_font_size_mobile":0,"ocean_menu_typo_font_size_unit":"px","ocean_menu_typo_font_weight":"","ocean_menu_typo_font_weight_tablet":"","ocean_menu_typo_font_weight_mobile":"","ocean_menu_typo_transform":"","ocean_menu_typo_transform_tablet":"","ocean_menu_typo_transform_mobile":"","ocean_menu_typo_line_height":0,"ocean_menu_typo_line_height_tablet":0,"ocean_menu_typo_line_height_mobile":0,"ocean_menu_typo_line_height_unit":"","ocean_menu_typo_spacing":0,"ocean_menu_typo_spacing_tablet":0,"ocean_menu_typo_spacing_mobile":0,"ocean_menu_typo_spacing_unit":"","ocean_menu_link_color":"","ocean_menu_link_color_hover":"","ocean_menu_link_color_active":"","ocean_menu_link_background":"","ocean_menu_link_hover_background":"","ocean_menu_link_active_background":"","ocean_menu_social_links_bg":"","ocean_menu_social_hover_links_bg":"","ocean_menu_social_links_color":"","ocean_menu_social_hover_links_color":"","ocean_disable_title":"default","ocean_disable_heading":"default","ocean_post_title":"","ocean_post_subheading":"","ocean_post_title_style":"","ocean_post_title_background_color":"","ocean_post_title_background":0,"ocean_post_title_bg_image_position":"","ocean_post_title_bg_image_attachment":"","ocean_post_title_bg_image_repeat":"","ocean_post_title_bg_image_size":"","ocean_post_title_height":0,"ocean_post_title_bg_overlay":0.5,"ocean_post_title_bg_overlay_color":"","ocean_disable_breadcrumbs":"default","ocean_breadcrumbs_color":"","ocean_breadcrumbs_separator_color":"","ocean_breadcrumbs_links_color":"","ocean_breadcrumbs_links_hover_color":"","ocean_display_footer_widgets":"default","ocean_display_footer_bottom":"default","ocean_custom_footer_template":"0","ofc_enable_fullscreen":"disable","ofc_fullscreen_speed":0,"ofc_fullscreen_nav":"enable","ofc_fullscreen_nav_pos":"right","ofc_fullscreen_nav_color":"","ofc_fullscreen_nav_tooltip_color":"","ofc_fullscreen_responsive":0},"product_brand":[],"product_cat":[4033],"product_tag":[],"class_list":{"0":"post-61822","1":"product","2":"type-product","3":"status-publish","4":"has-post-thumbnail","6":"product_cat-florida-state-seminoles-2023-acc-champion-maillot-signe-par-lequipe-nike-white-game-jersey","7":"product_shipping_class-classe-dexpedition_a","9":"entry","10":"has-media","12":"first","13":"instock","14":"taxable","15":"shipping-taxable","16":"purchasable","17":"product-type-simple","18":"col","19":"span_1_of_4","20":"owp-content-center","21":"owp-thumbs-layout-horizontal","22":"owp-btn-normal","23":"owp-tabs-layout-horizontal"},"acf":[],"_links":{"self":[{"href":"https:\/\/memorabilia-germany.de\/fr\/wp-json\/wp\/v2\/product\/61822","targetHints":{"allow":["GET"]}}],"collection":[{"href":"https:\/\/memorabilia-germany.de\/fr\/wp-json\/wp\/v2\/product"}],"about":[{"href":"https:\/\/memorabilia-germany.de\/fr\/wp-json\/wp\/v2\/types\/product"}],"version-history":[{"count":0,"href":"https:\/\/memorabilia-germany.de\/fr\/wp-json\/wp\/v2\/product\/61822\/revisions"}],"wp:featuredmedia":[{"embeddable":true,"href":"https:\/\/memorabilia-germany.de\/fr\/wp-json\/wp\/v2\/media\/61772"}],"wp:attachment":[{"href":"https:\/\/memorabilia-germany.de\/fr\/wp-json\/wp\/v2\/media?parent=61822"}],"wp:term":[{"taxonomy":"product_brand","embeddable":true,"href":"https:\/\/memorabilia-germany.de\/fr\/wp-json\/wp\/v2\/product_brand?post=61822"},{"taxonomy":"product_cat","embeddable":true,"href":"https:\/\/memorabilia-germany.de\/fr\/wp-json\/wp\/v2\/product_cat?post=61822"},{"taxonomy":"product_tag","embeddable":true,"href":"https:\/\/memorabilia-germany.de\/fr\/wp-json\/wp\/v2\/product_tag?post=61822"}],"curies":[{"name":"wp","href":"https:\/\/api.w.org\/{rel}","templated":true}]}}