{"id":61275,"date":"2025-06-14T15:34:21","date_gmt":"2025-06-14T13:34:21","guid":{"rendered":"https:\/\/memorabilia-germany.de\/produkt\/kobe-bryantbasketball-showcase-los-angeles-lakersballon-de-basket-signe-rookie-honor-edition\/"},"modified":"2025-06-14T15:40:49","modified_gmt":"2025-06-14T13:40:49","slug":"kobe-bryantbasketball-showcase-los-angeles-lakersballon-de-basket-signe-rookie-honor-edition","status":"publish","type":"product","link":"https:\/\/memorabilia-germany.de\/fr\/produit\/kobe-bryantbasketball-showcase-los-angeles-lakersballon-de-basket-signe-rookie-honor-edition\/","title":{"rendered":"KOBE BRYANT<\/br>Basketball Showcase (Los Angeles Lakers)<\/br>ballon de basket sign\u00e9, Rookie Honor Edition"},"content":{"rendered":"","protected":false},"excerpt":{"rendered":"<p><strong>Basket-ball Showcase en verre de s\u00e9curit\u00e9. Ballon de basket sign\u00e9 et en \u00e9dition limit\u00e9e avec logo NBA et Kobe Rookie Honor Panel de Spalding dans son \u00e9tui. Autographe de la l\u00e9gende de la NBA Kobe Bryant sur le ballon de basket. Un statut de certificat rare &#8211; Kobe Bryant a sign\u00e9 le ballon en 2001 devant un expert du leader de l&rsquo;authentification PSA\/DNA, ce qui \u00e9tait consid\u00e9r\u00e9 comme extr\u00eamement rare \u00e0 l&rsquo;\u00e9poque. Tous les autographes NBA sont authentifi\u00e9s et disposent d&rsquo;un num\u00e9ro de s\u00e9rie.<\/strong><br \/>\n<strong>Informations sur les prix : Les Memorabilia de Kobe Bryant sont consid\u00e9r\u00e9s par les sp\u00e9cialistes non seulement comme le point fort de toute collection, mais aussi comme un investissement financier. La raison en est la valeur marchande tr\u00e8s \u00e9lev\u00e9e des pi\u00e8ces sign\u00e9es, li\u00e9e au destin tragique de la superstar. En 2020, Kobe Bryant est mort dans un accident d&rsquo;h\u00e9licopt\u00e8re \u00e0 Calabasas, en Californie, avec sa fille Gianna et sept autres passagers. Le prix NBA All-Star MVP Award a \u00e9t\u00e9 renomm\u00e9 en son honneur. Le prix indiqu\u00e9 ici a \u00e9t\u00e9 soigneusement calcul\u00e9 et se compose de diff\u00e9rents facteurs, parmi lesquels le mod\u00e8le de balle, la qualit\u00e9 de la signature, l&rsquo;authentification et le fait d&rsquo;\u00eatre d\u00e9j\u00e0 enti\u00e8rement d\u00e9douan\u00e9 dans l&rsquo;UE ont jou\u00e9 un r\u00f4le. Pour plus d&rsquo;informations, voir ci-dessous.<\/strong><\/p>\n<ul style=\"list-style-type: square;\">\n<li>Marque de basket-ball : Spalding<\/li>\n<li>\u00c9quipe : Los Angeles Lakers<\/li>\n<li>Mod\u00e8le : Official NBA Game Ball, 1996 Rookie Honor Limited Edition Basketball, Full Size<\/li>\n<li>Autographe : Kobe Bryant, crayon de couleur noir<\/li>\n<li>Placement de la signature : sur toute la surface et au centre du panneau avant du ballon (au-dessus du logo Spalding).<\/li>\n<li>Authentification : PSA\/DNA (avec num\u00e9ro de s\u00e9rie)<\/li>\n<li>Date de signature : 22\/06\/2001 \u00e0 Streamwood, Illinois, USA<\/li>\n<li>Documents : Hologramme de s\u00e9curit\u00e9 de PSA\/DNA sur le ballon de basket (Digital Certificate of Authenticity only)<\/li>\n<li>Statut du certificat : In-the-presence (sign\u00e9 en pr\u00e9sence d&rsquo;un expert PSA\/DNA)<\/li>\n<li>Dimensions de la vitrine : environ 28 x 27,5 x 31 cm<\/li>\n<li>Trading Card et Porte-balle inclus<\/li>\n<li>Particularit\u00e9 de la balle : pour diverses raisons, il s&rsquo;agit d&rsquo;un exemplaire rare de la balle. L&rsquo;une des raisons est que le ballon indique que David J. Stern, d\u00e9c\u00e9d\u00e9 en 2020, est le commissaire de la NBA sous le logo de la NBA. Stern a \u00e9t\u00e9 commissaire de la NBA de 1984 \u00e0 2014 et est consid\u00e9r\u00e9 comme le p\u00e8re de la NBA moderne. Il a \u00e9t\u00e9 intronis\u00e9 au Basketball Hall of Fame en 2014. Une autre raison est qu&rsquo;il s&rsquo;agit d&rsquo;un mod\u00e8le de balle en \u00e9dition limit\u00e9e qui honore la s\u00e9lection NBA Draft de Kobe. Le ballon dispose d&rsquo;un panneau rare qui indique la saison des recrues de 1996-97. De plus, le panneau montre le c\u00e9l\u00e8bre num\u00e9ro 8 du joueur ainsi que la s\u00e9lection de Kobe \u00e0 la draft de 1996 : 1st Round, 13th Overall, LA Lakers (via Charlotte).  <\/li>\n<li>Le ballon de basket est livr\u00e9 avec une Basket-ball Showcase \u00e0 des fins d&rsquo;affichage ; la Showcase est de qualit\u00e9 solide et robuste. Le verre est en acrylique, le fond et la paroi arri\u00e8re sont noirs pour mettre id\u00e9alement en valeur le ballon de basket. La Showcase est viss\u00e9e et se ferme compl\u00e8tement. Le support de balle est \u00e9galement de qualit\u00e9 massive. La plaque nominative \u00e0 l&rsquo;avant est en aluminium.<\/li>\n<li>Chaque ballon de basket sign\u00e9 est v\u00e9rifi\u00e9 par l&rsquo;un des principaux authentificateurs am\u00e9ricains du march\u00e9 et est livr\u00e9 avec des \u00e9l\u00e9ments de s\u00e9curit\u00e9 num\u00e9rot\u00e9s en s\u00e9rie qui confirment l&rsquo;authenticit\u00e9 de l&rsquo;autographe (Certificate of Authenticity et\/ou hologramme de s\u00e9curit\u00e9). Authenticator d&rsquo;autographes de la NBA sont disponibles chez <strong><a href=\"https:\/\/memorabilia-germany.de\/fr\/nous-memorabilia-germany\/\">Memorabilia Germany<\/a><\/strong> exclusivement : <strong><a href=\"https:\/\/memorabilia-germany.de\/fr\/authentification-des-signatures\/#signature-authentication-beckett\">Beckett<\/a><\/strong>, <strong><a href=\"https:\/\/memorabilia-germany.de\/fr\/authentification-des-signatures\/#signature-authentication-james-spence\">James Spence Authentication<\/a><\/strong>, <strong><a href=\"https:\/\/memorabilia-germany.de\/fr\/authentification-des-signatures\/#signature-authentication-psa-dna\">PSA\/DNA<\/a><\/strong> ou <strong><a href=\"https:\/\/memorabilia-germany.de\/fr\/authentification-des-signatures\/#signature-authentication-fanatics\">Fanatics<\/a><\/strong>. Plus d&rsquo;infos sur ce th\u00e8me important Authentification vous trouverez <strong><a href=\"https:\/\/memorabilia-germany.de\/fr\/authentification-des-signatures\/\">ici<\/a><\/strong>.<\/li>\n<\/ul>\n<p>Vous trouverez d&rsquo;autres Basketball Showcase ici. <strong><a href=\"https:\/\/memorabilia-germany.de\/fr\/produkt-kategorie\/basket-ball-memorabilia\/basket-ball-showcase\/\">ici<\/a><\/strong>.<\/p>\n","protected":false},"featured_media":61220,"template":"","meta":{"_acf_changed":false,"ocean_post_layout":"","ocean_both_sidebars_style":"","ocean_both_sidebars_content_width":0,"ocean_both_sidebars_sidebars_width":0,"ocean_sidebar":"0","ocean_second_sidebar":"0","ocean_disable_margins":"enable","ocean_add_body_class":"","ocean_shortcode_before_top_bar":"","ocean_shortcode_after_top_bar":"","ocean_shortcode_before_header":"","ocean_shortcode_after_header":"","ocean_has_shortcode":"","ocean_shortcode_after_title":"","ocean_shortcode_before_footer_widgets":"","ocean_shortcode_after_footer_widgets":"","ocean_shortcode_before_footer_bottom":"","ocean_shortcode_after_footer_bottom":"","ocean_display_top_bar":"default","ocean_display_header":"default","ocean_header_style":"","ocean_center_header_left_menu":"0","ocean_custom_header_template":"0","ocean_custom_logo":0,"ocean_custom_retina_logo":0,"ocean_custom_logo_max_width":0,"ocean_custom_logo_tablet_max_width":0,"ocean_custom_logo_mobile_max_width":0,"ocean_custom_logo_max_height":0,"ocean_custom_logo_tablet_max_height":0,"ocean_custom_logo_mobile_max_height":0,"ocean_header_custom_menu":"0","ocean_menu_typo_font_family":"0","ocean_menu_typo_font_subset":"","ocean_menu_typo_font_size":0,"ocean_menu_typo_font_size_tablet":0,"ocean_menu_typo_font_size_mobile":0,"ocean_menu_typo_font_size_unit":"px","ocean_menu_typo_font_weight":"","ocean_menu_typo_font_weight_tablet":"","ocean_menu_typo_font_weight_mobile":"","ocean_menu_typo_transform":"","ocean_menu_typo_transform_tablet":"","ocean_menu_typo_transform_mobile":"","ocean_menu_typo_line_height":0,"ocean_menu_typo_line_height_tablet":0,"ocean_menu_typo_line_height_mobile":0,"ocean_menu_typo_line_height_unit":"","ocean_menu_typo_spacing":0,"ocean_menu_typo_spacing_tablet":0,"ocean_menu_typo_spacing_mobile":0,"ocean_menu_typo_spacing_unit":"","ocean_menu_link_color":"","ocean_menu_link_color_hover":"","ocean_menu_link_color_active":"","ocean_menu_link_background":"","ocean_menu_link_hover_background":"","ocean_menu_link_active_background":"","ocean_menu_social_links_bg":"","ocean_menu_social_hover_links_bg":"","ocean_menu_social_links_color":"","ocean_menu_social_hover_links_color":"","ocean_disable_title":"default","ocean_disable_heading":"default","ocean_post_title":"","ocean_post_subheading":"","ocean_post_title_style":"","ocean_post_title_background_color":"","ocean_post_title_background":0,"ocean_post_title_bg_image_position":"","ocean_post_title_bg_image_attachment":"","ocean_post_title_bg_image_repeat":"","ocean_post_title_bg_image_size":"","ocean_post_title_height":0,"ocean_post_title_bg_overlay":0.5,"ocean_post_title_bg_overlay_color":"","ocean_disable_breadcrumbs":"default","ocean_breadcrumbs_color":"","ocean_breadcrumbs_separator_color":"","ocean_breadcrumbs_links_color":"","ocean_breadcrumbs_links_hover_color":"","ocean_display_footer_widgets":"default","ocean_display_footer_bottom":"default","ocean_custom_footer_template":"0","ofc_enable_fullscreen":"disable","ofc_fullscreen_speed":0,"ofc_fullscreen_nav":"enable","ofc_fullscreen_nav_pos":"right","ofc_fullscreen_nav_color":"","ofc_fullscreen_nav_tooltip_color":"","ofc_fullscreen_responsive":0},"product_brand":[],"product_cat":[4017],"product_tag":[],"class_list":{"0":"post-61275","1":"product","2":"type-product","3":"status-publish","4":"has-post-thumbnail","6":"product_cat-kobe-bryant-basketball-showcase-los-angeles-lakers-basket-ball-signe-rookie-honor-edition","7":"product_shipping_class-classe-dexpedition_a","9":"entry","10":"has-media","12":"first","13":"instock","14":"taxable","15":"shipping-taxable","16":"purchasable","17":"product-type-simple","18":"col","19":"span_1_of_4","20":"owp-content-center","21":"owp-thumbs-layout-horizontal","22":"owp-btn-normal","23":"owp-tabs-layout-horizontal"},"acf":[],"_links":{"self":[{"href":"https:\/\/memorabilia-germany.de\/fr\/wp-json\/wp\/v2\/product\/61275","targetHints":{"allow":["GET"]}}],"collection":[{"href":"https:\/\/memorabilia-germany.de\/fr\/wp-json\/wp\/v2\/product"}],"about":[{"href":"https:\/\/memorabilia-germany.de\/fr\/wp-json\/wp\/v2\/types\/product"}],"version-history":[{"count":0,"href":"https:\/\/memorabilia-germany.de\/fr\/wp-json\/wp\/v2\/product\/61275\/revisions"}],"wp:featuredmedia":[{"embeddable":true,"href":"https:\/\/memorabilia-germany.de\/fr\/wp-json\/wp\/v2\/media\/61220"}],"wp:attachment":[{"href":"https:\/\/memorabilia-germany.de\/fr\/wp-json\/wp\/v2\/media?parent=61275"}],"wp:term":[{"taxonomy":"product_brand","embeddable":true,"href":"https:\/\/memorabilia-germany.de\/fr\/wp-json\/wp\/v2\/product_brand?post=61275"},{"taxonomy":"product_cat","embeddable":true,"href":"https:\/\/memorabilia-germany.de\/fr\/wp-json\/wp\/v2\/product_cat?post=61275"},{"taxonomy":"product_tag","embeddable":true,"href":"https:\/\/memorabilia-germany.de\/fr\/wp-json\/wp\/v2\/product_tag?post=61275"}],"curies":[{"name":"wp","href":"https:\/\/api.w.org\/{rel}","templated":true}]}}