{"id":61189,"date":"2025-06-11T21:37:56","date_gmt":"2025-06-11T19:37:56","guid":{"rendered":"https:\/\/memorabilia-germany.de\/produkt\/pieces-of-the-past-1800s-kaleidoscope-edition-hobby-box\/"},"modified":"2025-09-03T19:40:51","modified_gmt":"2025-09-03T17:40:51","slug":"pieces-of-the-past-1800s-kaleidoscope-edition-hobby-box","status":"publish","type":"product","link":"https:\/\/memorabilia-germany.de\/fr\/produit\/pieces-of-the-past-1800s-kaleidoscope-edition-hobby-box\/","title":{"rendered":"Pieces of the Past<\/br>(1800s Kaleidoscope Edition Hobby Box)"},"content":{"rendered":"<p style=\"text-align: center;\"><strong>Voici un aper\u00e7u de quelques-uns des noms c\u00e9l\u00e8bres de cette s\u00e9rie :<\/strong><br \/>\nGeorge Washington<br \/>\nAlbert Einstein<br \/>\nNapol\u00e9on Bonaparte<br \/>\nLudwig van Beethoven<br \/>\nAbraham Lincoln<br \/>\nClaude Monet<br \/>\nHarry Houdini<br \/>\nNikola Tesla<br \/>\nVincent Van Gogh<br \/>\nAlexander Hamilton<br \/>\nThomas Edison<br \/>\nThomas Jefferson<br \/>\nWyatt Earp<br \/>\nCharles Darwin<br \/>\nSamuel Colt<br \/>\nDoc Holliday<br \/>\nJesse James<br \/>\nBilly the Kid<br \/>\nMark Twain<br \/>\nCharles Dickens<br \/>\nHenry Ford<br \/>\nJohn D. Rockefeller<br \/>\nFrederick Douglass<br \/>\nMarie Curie<br \/>\nPT Barnum<br \/>\nOrvile Wright<br \/>\nAlexander Graham Bell<br \/>\nAlfred Nobel<br \/>\nSitting Bull<br \/>\nGeronimo<br \/>\nJames Naismith<br \/>\nAnnie Oakley<br \/>\nP. Morgan<br \/>\nCalamity Jane<\/p>\n<p>Vous trouverez plus de Trading Cards <strong><a href=\"https:\/\/memorabilia-germany.de\/fr\/trading-cards\">ici<\/a><\/strong>.<\/p>\n","protected":false},"excerpt":{"rendered":"<p><strong>Pieces of the Past Hobby Box de la \u00ab 1800s Kaleidoscope Edition \u00bb de Super Break. Super Break ou Super Products Inc. est l&rsquo;une des entreprises am\u00e9ricaines leaders sur le march\u00e9 des Relic &amp; Autograph Trading Cards de personnalit\u00e9s historiques et de stars c\u00e9l\u00e8bres du monde du spectacle.  <\/strong><\/p>\n<p><strong>Chaque Hobby Box contient 4 packs, chaque pack contient au moins 1 Relic Card. 4 Relic Cards des plus grands personnages historiques du  18. &amp; 19e si\u00e8cles sont donc garantis ! En outre, la s\u00e9rie contient des autographes coup\u00e9s, des Cracked Ice Foils 1 of 1s, des Quadruple Relics, des Jumbo Relics, des Gold Mirror Parallels et bien plus encore. <\/strong><\/p>\n<p><strong>Le line up de cette s\u00e9rie comprend de nombreux grands noms de l&rsquo;histoire qui n&rsquo;ont plus besoin d&rsquo;\u00eatre pr\u00e9sent\u00e9s. On y trouve des figures historiques telles qu&rsquo;Albert Einstein, George Washington, Napol\u00e9on Bonaparte, Vincent Van Gogh, Ludwig van Beethoven, Abraham Lincoln, Thomas Edison, Houdini, Mark Twain ou Claude Monet.  Factory sealed. Pour plus d&rsquo;informations, voir ci-dessous.<\/strong><\/p>\n<ul style=\"list-style-type: square;\">\n<li>Contenu de la bo\u00eete : 4 packs de 4 Trading Cards (au moins 4 Relic Cards DANS CHAQUE BOX)<\/li>\n<li>\u00c9tat : non ouvert et initialement scell\u00e9 dans du papier d&rsquo;aluminium<\/li>\n<li>Th\u00e8me : Personnalit\u00e9s historiques des 18e et 19e si\u00e8cles  <\/li>\n<li>D\u00e9jouer: Factory sealed. La bo\u00eete est scell\u00e9e dans le film d&rsquo;origine du fabricant.<\/li>\n<li>Date de publication : vers janvier 2025<\/li>\n<li>Marque : Super Break<\/li>\n<li>Pays : \u00c9tats-Unis<\/li>\n<li>La s\u00e9rie comprend des coupons de r\u00e9demption pour des documents historiques sign\u00e9s pleine page datant des ann\u00e9es 1800 !<\/li>\n<li>Trouvez des Relic Cards &amp; Cut Autographs de personnages historiques comme Albert Einstein, George Washington, Napol\u00e9on Bonaparte, Vincent Van Gogh, Ludwig van Beethoven, Abraham Lincoln, Mark Twain ou Claude Monet.<\/li>\n<li>Cette s\u00e9rie contient des reliques rares Dual + Triple + Quadruple, Cracked Ice Foils 1 of 1s, Autograph Specials, Gold Mirror Parallels, Limited Gold Rainbow Basics, Silver Mirror Rainbow Relics et bien plus encore !<\/li>\n<\/ul>\n","protected":false},"featured_media":61163,"template":"","meta":{"_acf_changed":false,"ocean_post_layout":"","ocean_both_sidebars_style":"","ocean_both_sidebars_content_width":0,"ocean_both_sidebars_sidebars_width":0,"ocean_sidebar":"0","ocean_second_sidebar":"0","ocean_disable_margins":"enable","ocean_add_body_class":"","ocean_shortcode_before_top_bar":"","ocean_shortcode_after_top_bar":"","ocean_shortcode_before_header":"","ocean_shortcode_after_header":"","ocean_has_shortcode":"","ocean_shortcode_after_title":"","ocean_shortcode_before_footer_widgets":"","ocean_shortcode_after_footer_widgets":"","ocean_shortcode_before_footer_bottom":"","ocean_shortcode_after_footer_bottom":"","ocean_display_top_bar":"default","ocean_display_header":"default","ocean_header_style":"","ocean_center_header_left_menu":"0","ocean_custom_header_template":"0","ocean_custom_logo":0,"ocean_custom_retina_logo":0,"ocean_custom_logo_max_width":0,"ocean_custom_logo_tablet_max_width":0,"ocean_custom_logo_mobile_max_width":0,"ocean_custom_logo_max_height":0,"ocean_custom_logo_tablet_max_height":0,"ocean_custom_logo_mobile_max_height":0,"ocean_header_custom_menu":"0","ocean_menu_typo_font_family":"0","ocean_menu_typo_font_subset":"","ocean_menu_typo_font_size":0,"ocean_menu_typo_font_size_tablet":0,"ocean_menu_typo_font_size_mobile":0,"ocean_menu_typo_font_size_unit":"px","ocean_menu_typo_font_weight":"","ocean_menu_typo_font_weight_tablet":"","ocean_menu_typo_font_weight_mobile":"","ocean_menu_typo_transform":"","ocean_menu_typo_transform_tablet":"","ocean_menu_typo_transform_mobile":"","ocean_menu_typo_line_height":0,"ocean_menu_typo_line_height_tablet":0,"ocean_menu_typo_line_height_mobile":0,"ocean_menu_typo_line_height_unit":"","ocean_menu_typo_spacing":0,"ocean_menu_typo_spacing_tablet":0,"ocean_menu_typo_spacing_mobile":0,"ocean_menu_typo_spacing_unit":"","ocean_menu_link_color":"","ocean_menu_link_color_hover":"","ocean_menu_link_color_active":"","ocean_menu_link_background":"","ocean_menu_link_hover_background":"","ocean_menu_link_active_background":"","ocean_menu_social_links_bg":"","ocean_menu_social_hover_links_bg":"","ocean_menu_social_links_color":"","ocean_menu_social_hover_links_color":"","ocean_disable_title":"default","ocean_disable_heading":"default","ocean_post_title":"","ocean_post_subheading":"","ocean_post_title_style":"","ocean_post_title_background_color":"","ocean_post_title_background":0,"ocean_post_title_bg_image_position":"","ocean_post_title_bg_image_attachment":"","ocean_post_title_bg_image_repeat":"","ocean_post_title_bg_image_size":"","ocean_post_title_height":0,"ocean_post_title_bg_overlay":0.5,"ocean_post_title_bg_overlay_color":"","ocean_disable_breadcrumbs":"default","ocean_breadcrumbs_color":"","ocean_breadcrumbs_separator_color":"","ocean_breadcrumbs_links_color":"","ocean_breadcrumbs_links_hover_color":"","ocean_display_footer_widgets":"default","ocean_display_footer_bottom":"default","ocean_custom_footer_template":"0","ofc_enable_fullscreen":"disable","ofc_fullscreen_speed":0,"ofc_fullscreen_nav":"enable","ofc_fullscreen_nav_pos":"right","ofc_fullscreen_nav_color":"","ofc_fullscreen_nav_tooltip_color":"","ofc_fullscreen_responsive":0},"product_brand":[],"product_cat":[4013],"product_tag":[],"class_list":{"0":"post-61189","1":"product","2":"type-product","3":"status-publish","4":"has-post-thumbnail","6":"product_cat-pieces-of-the-past-1800s-kaleidoscope-edition-hobby-box-fr","7":"product_shipping_class-classe-dexpedition_a","9":"entry","10":"has-media","12":"first","13":"instock","14":"taxable","15":"shipping-taxable","16":"purchasable","17":"product-type-simple","18":"col","19":"span_1_of_4","20":"owp-content-center","21":"owp-thumbs-layout-horizontal","22":"owp-btn-normal","23":"owp-tabs-layout-horizontal"},"acf":[],"_links":{"self":[{"href":"https:\/\/memorabilia-germany.de\/fr\/wp-json\/wp\/v2\/product\/61189","targetHints":{"allow":["GET"]}}],"collection":[{"href":"https:\/\/memorabilia-germany.de\/fr\/wp-json\/wp\/v2\/product"}],"about":[{"href":"https:\/\/memorabilia-germany.de\/fr\/wp-json\/wp\/v2\/types\/product"}],"version-history":[{"count":0,"href":"https:\/\/memorabilia-germany.de\/fr\/wp-json\/wp\/v2\/product\/61189\/revisions"}],"wp:featuredmedia":[{"embeddable":true,"href":"https:\/\/memorabilia-germany.de\/fr\/wp-json\/wp\/v2\/media\/61163"}],"wp:attachment":[{"href":"https:\/\/memorabilia-germany.de\/fr\/wp-json\/wp\/v2\/media?parent=61189"}],"wp:term":[{"taxonomy":"product_brand","embeddable":true,"href":"https:\/\/memorabilia-germany.de\/fr\/wp-json\/wp\/v2\/product_brand?post=61189"},{"taxonomy":"product_cat","embeddable":true,"href":"https:\/\/memorabilia-germany.de\/fr\/wp-json\/wp\/v2\/product_cat?post=61189"},{"taxonomy":"product_tag","embeddable":true,"href":"https:\/\/memorabilia-germany.de\/fr\/wp-json\/wp\/v2\/product_tag?post=61189"}],"curies":[{"name":"wp","href":"https:\/\/api.w.org\/{rel}","templated":true}]}}