{"id":61149,"date":"2025-06-11T18:20:39","date_gmt":"2025-06-11T16:25:31","guid":{"rendered":"https:\/\/memorabilia-germany.de\/produkt\/2014-topps-chrome-nfl-trading-cards\/"},"modified":"2025-06-11T18:25:33","modified_gmt":"2025-06-11T16:25:33","slug":"2014-topps-chrome-nfl-trading-cards","status":"publish","type":"product","link":"https:\/\/memorabilia-germany.de\/fr\/produit\/2014-topps-chrome-nfl-trading-cards\/","title":{"rendered":"2014 topps Chrome NFL Trading Cards"},"content":{"rendered":"","protected":false},"excerpt":{"rendered":"<p><strong>Bo\u00eete de cartes \u00e0 collectionner topps Chrome NFL de 2014 scell\u00e9e avec une chance d&rsquo;obtenir des autographes de la classe Rookie de futures l\u00e9gendes de la NFL comme Odell Beckham, Jr, Mike Evans, Aaron Donald ou Davante Adams.<\/strong><\/p>\n<p><strong>Pourquoi ne courent-ils pas la balle ? C&rsquo;est exactement l&rsquo;id\u00e9e qui est venue \u00e0 l&rsquo;esprit de presque tous les fans des Seahawks lorsque la saison 2014 de la NFL s&rsquo;est d\u00e9cid\u00e9e quasiment \u00e0 la derni\u00e8re seconde lors du Super Bowl XLIX. Seattle se trouvait \u00e0 la ligne de 1 yard avec une chance de gagner le Super Bowl assez s\u00fbrement avec un tochdown. Le running back Marshawn Lynch \u00e9tait pr\u00eat et les Seahawks&#8230; passent le ballon et sont intercept\u00e9s par le corner des Patriots Malcolm Butler. La saison entre imm\u00e9diatement dans l&rsquo;histoire &#8211; les Pats gagnent et le play call est consid\u00e9r\u00e9 comme le pire call de la NFL de tous les temps !<\/strong><\/p>\n<p><strong>La saison proprement dite s&rsquo;est d\u00e9roul\u00e9e de mani\u00e8re spectaculaire, comme d&rsquo;habitude. Aaron Rodgers, Big Ben Roethlisberger, Tom Brady, Peyton Manning, Michael Vick, Drew Brees. La ligue \u00e9tait remplie de quarterbacks l\u00e9gendaires. Et avec des rookies comme Jadeveon Clowney, Khalil Mack, Mike Evans, Derek Carr, Davante Adams ou Odell Beckham Jr. une classe de draft inhabituellement forte a \u00e9t\u00e9 ajout\u00e9e \u00e0 la ligue. Pour plus d&rsquo;informations, voir ci-dessous.<\/strong><\/p>\n<ul style=\"list-style-type: square;\">\n<li>Cat\u00e9gorie: Hobby Box<\/li>\n<li>Contenu de la bo\u00eete : 24 paquets, 4 cartes par paquet<\/li>\n<li>\u00c9tat : non ouvert et initialement scell\u00e9 dans du papier d&rsquo;aluminium<\/li>\n<li>D\u00e9jouer: Factory sealed. La bo\u00eete est scell\u00e9e dans le film d&rsquo;origine du fabricant.<\/li>\n<li>Ann\u00e9e de parution : 2014<\/li>\n<li>Marque: topps Chrome<\/li>\n<li>Pays : \u00c9tats-Unis<\/li>\n<li>Trouve les cartes originales des l\u00e9gendes de la NFL de 2014 comme Tom Brady, Aaron Rodgers, Drew Brees, J.J. Watt, Rob Gronkowski ou Tony Romo.<\/li>\n<li>Chaque Hobby Box contient au moins 1 Die-Cut Chrome Rookie Card !<\/li>\n<li>Autographes, Limited Inserts, Patch Cards Highlights &amp; Hobby Exclusives :\n<ul style=\"list-style-type: circle;\">\n<li>Rookie Autograph Patch Cards + Dual &amp; Triple Rookie Autographs<\/li>\n<li>1963 Topps Throwback Football SuperFractors<\/li>\n<li>1965 Topps Throwback Football SuperFractors<\/li>\n<li>1985 Topps Throwback Football Refractor Autographs<\/li>\n<li>Fantasy Focus Superfractors<\/li>\n<li>Chrome Rookie Die-Cut Refractor Autographs<\/li>\n<li>1,000 Yard Club &amp; 4,000 Yard Club Red Refractor Numbered Autographs<\/li>\n<li>Hobby Exclusive 4,000 Yard Club SuperFractor 1 of 1&rsquo;s<\/li>\n<\/ul>\n<\/li>\n<li>La s\u00e9rie est \u00e9galement remplie d&rsquo;autres cartes Parallels et de variations. Rookie et Veteran Variations, Hobby Exclusive Sepia-Tone Refractors, Blue Waves ou BCA Bordered Parallels, pour n&rsquo;en citer que quelques-unes. <\/li>\n<li>Trouve les rookie cards de la NFL Draft Class de 2014, consid\u00e9r\u00e9e comme l&rsquo;un des mill\u00e9simes les plus forts de tous les temps. Des joueurs comme Odell Beckham Jr, Davante Adams, Derek Carr, Khalil Mack, Aaron Donalds, Mike Evans ou Jadeveon Clowney ont rejoint la ligue.<\/li>\n<li>Background Infos 2014 : L&rsquo;Allemagne est enfin \u00e0 nouveau championne du monde de football ! Apr\u00e8s avoir inflig\u00e9 un cinglant 7-2 au Br\u00e9sil, pays h\u00f4te de la comp\u00e9tition, l&rsquo;\u00e9quipe d&rsquo;Allemagne est enfin couronn\u00e9e num\u00e9ro un mondiale \u00e0 Rio de Janeiro contre l&rsquo;Argentine, apr\u00e8s une longue attente. Au cin\u00e9ma, les Gardiens de la Galaxie ont conquis le c\u0153ur des spectateurs et en mati\u00e8re de musique, des artistes comme Beyonce, Ariana Grande, Eminem ou Coldplay sont en t\u00eate de liste. Nos Trading Cards \u00ab\u00a0vintage\u00a0\u00bb sont un r\u00eave pour tout nostalgique et pour tout collectionneur, car il ne s&rsquo;agit pas de reproductions des cartes pr\u00e9c\u00e9dentes, mais tous les paquets sont originaux et datent de l&rsquo;\u00e9poque o\u00f9 ils ont \u00e9t\u00e9 publi\u00e9s.<\/li>\n<\/ul>\n<p>&nbsp;<\/p>\n<p>Tu trouveras plus de Trading Cards d&rsquo;autrefois <strong><br \/>\n  <a href=\"https:\/\/memorabilia-germany.de\/fr\/trading-cards\">ici<\/a><br \/>\n<\/strong>.<\/p>\n","protected":false},"featured_media":61115,"template":"","meta":{"_acf_changed":false,"ocean_post_layout":"","ocean_both_sidebars_style":"","ocean_both_sidebars_content_width":0,"ocean_both_sidebars_sidebars_width":0,"ocean_sidebar":"0","ocean_second_sidebar":"0","ocean_disable_margins":"enable","ocean_add_body_class":"","ocean_shortcode_before_top_bar":"","ocean_shortcode_after_top_bar":"","ocean_shortcode_before_header":"","ocean_shortcode_after_header":"","ocean_has_shortcode":"","ocean_shortcode_after_title":"","ocean_shortcode_before_footer_widgets":"","ocean_shortcode_after_footer_widgets":"","ocean_shortcode_before_footer_bottom":"","ocean_shortcode_after_footer_bottom":"","ocean_display_top_bar":"default","ocean_display_header":"default","ocean_header_style":"","ocean_center_header_left_menu":"0","ocean_custom_header_template":"0","ocean_custom_logo":0,"ocean_custom_retina_logo":0,"ocean_custom_logo_max_width":0,"ocean_custom_logo_tablet_max_width":0,"ocean_custom_logo_mobile_max_width":0,"ocean_custom_logo_max_height":0,"ocean_custom_logo_tablet_max_height":0,"ocean_custom_logo_mobile_max_height":0,"ocean_header_custom_menu":"0","ocean_menu_typo_font_family":"0","ocean_menu_typo_font_subset":"","ocean_menu_typo_font_size":0,"ocean_menu_typo_font_size_tablet":0,"ocean_menu_typo_font_size_mobile":0,"ocean_menu_typo_font_size_unit":"px","ocean_menu_typo_font_weight":"","ocean_menu_typo_font_weight_tablet":"","ocean_menu_typo_font_weight_mobile":"","ocean_menu_typo_transform":"","ocean_menu_typo_transform_tablet":"","ocean_menu_typo_transform_mobile":"","ocean_menu_typo_line_height":0,"ocean_menu_typo_line_height_tablet":0,"ocean_menu_typo_line_height_mobile":0,"ocean_menu_typo_line_height_unit":"","ocean_menu_typo_spacing":0,"ocean_menu_typo_spacing_tablet":0,"ocean_menu_typo_spacing_mobile":0,"ocean_menu_typo_spacing_unit":"","ocean_menu_link_color":"","ocean_menu_link_color_hover":"","ocean_menu_link_color_active":"","ocean_menu_link_background":"","ocean_menu_link_hover_background":"","ocean_menu_link_active_background":"","ocean_menu_social_links_bg":"","ocean_menu_social_hover_links_bg":"","ocean_menu_social_links_color":"","ocean_menu_social_hover_links_color":"","ocean_disable_title":"default","ocean_disable_heading":"default","ocean_post_title":"","ocean_post_subheading":"","ocean_post_title_style":"","ocean_post_title_background_color":"","ocean_post_title_background":0,"ocean_post_title_bg_image_position":"","ocean_post_title_bg_image_attachment":"","ocean_post_title_bg_image_repeat":"","ocean_post_title_bg_image_size":"","ocean_post_title_height":0,"ocean_post_title_bg_overlay":0.5,"ocean_post_title_bg_overlay_color":"","ocean_disable_breadcrumbs":"default","ocean_breadcrumbs_color":"","ocean_breadcrumbs_separator_color":"","ocean_breadcrumbs_links_color":"","ocean_breadcrumbs_links_hover_color":"","ocean_display_footer_widgets":"default","ocean_display_footer_bottom":"default","ocean_custom_footer_template":"0","ofc_enable_fullscreen":"disable","ofc_fullscreen_speed":0,"ofc_fullscreen_nav":"enable","ofc_fullscreen_nav_pos":"right","ofc_fullscreen_nav_color":"","ofc_fullscreen_nav_tooltip_color":"","ofc_fullscreen_responsive":0},"product_brand":[],"product_cat":[4009],"product_tag":[],"class_list":{"0":"post-61149","1":"product","2":"type-product","3":"status-publish","4":"has-post-thumbnail","6":"product_cat-2014-topps-chrome-nfl-trading-cards-fr","7":"product_shipping_class-classe-dexpedition_a","9":"entry","10":"has-media","12":"first","13":"instock","14":"taxable","15":"shipping-taxable","16":"purchasable","17":"product-type-simple","18":"col","19":"span_1_of_4","20":"owp-content-center","21":"owp-thumbs-layout-horizontal","22":"owp-btn-normal","23":"owp-tabs-layout-horizontal"},"acf":[],"_links":{"self":[{"href":"https:\/\/memorabilia-germany.de\/fr\/wp-json\/wp\/v2\/product\/61149","targetHints":{"allow":["GET"]}}],"collection":[{"href":"https:\/\/memorabilia-germany.de\/fr\/wp-json\/wp\/v2\/product"}],"about":[{"href":"https:\/\/memorabilia-germany.de\/fr\/wp-json\/wp\/v2\/types\/product"}],"version-history":[{"count":0,"href":"https:\/\/memorabilia-germany.de\/fr\/wp-json\/wp\/v2\/product\/61149\/revisions"}],"wp:featuredmedia":[{"embeddable":true,"href":"https:\/\/memorabilia-germany.de\/fr\/wp-json\/wp\/v2\/media\/61115"}],"wp:attachment":[{"href":"https:\/\/memorabilia-germany.de\/fr\/wp-json\/wp\/v2\/media?parent=61149"}],"wp:term":[{"taxonomy":"product_brand","embeddable":true,"href":"https:\/\/memorabilia-germany.de\/fr\/wp-json\/wp\/v2\/product_brand?post=61149"},{"taxonomy":"product_cat","embeddable":true,"href":"https:\/\/memorabilia-germany.de\/fr\/wp-json\/wp\/v2\/product_cat?post=61149"},{"taxonomy":"product_tag","embeddable":true,"href":"https:\/\/memorabilia-germany.de\/fr\/wp-json\/wp\/v2\/product_tag?post=61149"}],"curies":[{"name":"wp","href":"https:\/\/api.w.org\/{rel}","templated":true}]}}