{"id":60973,"date":"2025-06-05T19:10:43","date_gmt":"2025-06-05T17:10:43","guid":{"rendered":"https:\/\/memorabilia-germany.de\/produkt\/isaiah-hartenstein-oklahoma-city-thundercustom-swingmancity-edition-style\/"},"modified":"2025-08-19T14:08:18","modified_gmt":"2025-08-19T12:08:18","slug":"isaiah-hartenstein-oklahoma-city-thundercustom-swingmancity-edition-style","status":"publish","type":"product","link":"https:\/\/memorabilia-germany.de\/fr\/produit\/isaiah-hartenstein-oklahoma-city-thundercustom-swingmancity-edition-style\/","title":{"rendered":"ISAIAH HARTENSTEIN (Oklahoma City Thunder)<\/br>Custom Swingman<\/br>(City Edition Style)"},"content":{"rendered":"","protected":false},"excerpt":{"rendered":"<p><strong>Maillot sign\u00e9 Oklahoma City Thunder avec l&rsquo;autographe d&rsquo;Isaiah Hartenstein. Tous les autographes NBA sont authentifi\u00e9s et disposent d&rsquo;un num\u00e9ro de s\u00e9rie. Pour plus d&rsquo;informations, voir ci-dessous.<\/strong><\/p>\n<ul style=\"list-style-type: square;\">\n<li style=\"list-style-type: none;\">\n<ul style=\"list-style-type: square;\">\n<li>Type de maillot : <strong><a href=\"https:\/\/memorabilia-germany.de\/fr\/sports-memorabilia-faq\/#faq-jersey-types\">Custom Jersey<\/a><\/strong> (Le maillot est annonc\u00e9 comme un maillot Nike Authentic, mais nous ne pouvons pas v\u00e9rifier le \u00ab statut Nike Authentic \u00bb final et vendons donc le maillot comme un maillot sans marque Custom au prix correspondant Custom Jerses ; la signature est bien s\u00fbr authentifi\u00e9e sans aucun doute)<\/li>\n<li>Mod\u00e8le : Swingman &#8211; City Edition<\/li>\n<li>Team: Oklahoma City Thunder<\/li>\n<li>Autographe : Isaiah Hartenstein, crayon de couleur noir<\/li>\n<li>Authentification : James Spence Authentication (avec num\u00e9ro de s\u00e9rie)<\/li>\n<li>Documents : Certificate of Authenticity + hologramme de s\u00e9curit\u00e9 sur le maillot<\/li>\n<li>Taille : 48 (L)<\/li>\n<li>Stock images : l&#8217;emplacement de la signature peut varier (toujours sur le dossard)<\/li>\n<\/ul>\n<\/li>\n<\/ul>\n<ul style=\"list-style-type: square;\">\n<li>Tous les maillots sign\u00e9s sont v\u00e9rifi\u00e9s par l&rsquo;un des principaux authentificateurs am\u00e9ricains du march\u00e9 et sont livr\u00e9s avec des \u00e9l\u00e9ments de s\u00e9curit\u00e9 num\u00e9rot\u00e9s en s\u00e9rie qui confirment l&rsquo;authenticit\u00e9 de l&rsquo;autographe (Certificate of Authenticity et\/ou hologramme de s\u00e9curit\u00e9). Authenticator d&rsquo;autographes de la NBA sont disponibles chez <strong><a href=\"https:\/\/memorabilia-germany.de\/fr\/nous-memorabilia-germany\/\">Memorabilia Germany<\/a><\/strong> exclusivement : <strong><a href=\"https:\/\/memorabilia-germany.de\/fr\/authentification-des-signatures\/#signature-authentication-beckett\">Beckett<\/a><\/strong>, <strong><a href=\"https:\/\/memorabilia-germany.de\/fr\/authentification-des-signatures\/#signature-authentication-james-spence\">James Spence Authentication<\/a><\/strong>, <strong><a href=\"https:\/\/memorabilia-germany.de\/fr\/authentification-des-signatures\/#signature-authentication-psa-dna\">PSA\/DNA<\/a><\/strong> ou <strong><a href=\"https:\/\/memorabilia-germany.de\/fr\/authentification-des-signatures\/#signature-authentication-fanatics\">Fanatics<\/a><\/strong>. Plus d&rsquo;infos sur ce th\u00e8me important Authentification vous trouverez <strong><a href=\"https:\/\/memorabilia-germany.de\/fr\/authentification-des-signatures\/\">ici<\/a><\/strong>.<\/li>\n<\/ul>\n<p>Tu trouveras plus de maillots sign\u00e9s par des l\u00e9gendes de la NBA <strong><br \/>\n  <a href=\"https:\/\/memorabilia-germany.de\/fr\/produkt-kategorie\/basket-ball-memorabilia\/maillots-de-basket-ball-signes\/\">ici<\/a><br \/>\n<\/strong>.<\/p>\n","protected":false},"featured_media":60943,"template":"","meta":{"_acf_changed":false,"ocean_post_layout":"","ocean_both_sidebars_style":"","ocean_both_sidebars_content_width":0,"ocean_both_sidebars_sidebars_width":0,"ocean_sidebar":"0","ocean_second_sidebar":"0","ocean_disable_margins":"enable","ocean_add_body_class":"","ocean_shortcode_before_top_bar":"","ocean_shortcode_after_top_bar":"","ocean_shortcode_before_header":"","ocean_shortcode_after_header":"","ocean_has_shortcode":"","ocean_shortcode_after_title":"","ocean_shortcode_before_footer_widgets":"","ocean_shortcode_after_footer_widgets":"","ocean_shortcode_before_footer_bottom":"","ocean_shortcode_after_footer_bottom":"","ocean_display_top_bar":"default","ocean_display_header":"default","ocean_header_style":"","ocean_center_header_left_menu":"0","ocean_custom_header_template":"0","ocean_custom_logo":0,"ocean_custom_retina_logo":0,"ocean_custom_logo_max_width":0,"ocean_custom_logo_tablet_max_width":0,"ocean_custom_logo_mobile_max_width":0,"ocean_custom_logo_max_height":0,"ocean_custom_logo_tablet_max_height":0,"ocean_custom_logo_mobile_max_height":0,"ocean_header_custom_menu":"0","ocean_menu_typo_font_family":"0","ocean_menu_typo_font_subset":"","ocean_menu_typo_font_size":0,"ocean_menu_typo_font_size_tablet":0,"ocean_menu_typo_font_size_mobile":0,"ocean_menu_typo_font_size_unit":"px","ocean_menu_typo_font_weight":"","ocean_menu_typo_font_weight_tablet":"","ocean_menu_typo_font_weight_mobile":"","ocean_menu_typo_transform":"","ocean_menu_typo_transform_tablet":"","ocean_menu_typo_transform_mobile":"","ocean_menu_typo_line_height":0,"ocean_menu_typo_line_height_tablet":0,"ocean_menu_typo_line_height_mobile":0,"ocean_menu_typo_line_height_unit":"","ocean_menu_typo_spacing":0,"ocean_menu_typo_spacing_tablet":0,"ocean_menu_typo_spacing_mobile":0,"ocean_menu_typo_spacing_unit":"","ocean_menu_link_color":"","ocean_menu_link_color_hover":"","ocean_menu_link_color_active":"","ocean_menu_link_background":"","ocean_menu_link_hover_background":"","ocean_menu_link_active_background":"","ocean_menu_social_links_bg":"","ocean_menu_social_hover_links_bg":"","ocean_menu_social_links_color":"","ocean_menu_social_hover_links_color":"","ocean_disable_title":"default","ocean_disable_heading":"default","ocean_post_title":"","ocean_post_subheading":"","ocean_post_title_style":"","ocean_post_title_background_color":"","ocean_post_title_background":0,"ocean_post_title_bg_image_position":"","ocean_post_title_bg_image_attachment":"","ocean_post_title_bg_image_repeat":"","ocean_post_title_bg_image_size":"","ocean_post_title_height":0,"ocean_post_title_bg_overlay":0.5,"ocean_post_title_bg_overlay_color":"","ocean_disable_breadcrumbs":"default","ocean_breadcrumbs_color":"","ocean_breadcrumbs_separator_color":"","ocean_breadcrumbs_links_color":"","ocean_breadcrumbs_links_hover_color":"","ocean_display_footer_widgets":"default","ocean_display_footer_bottom":"default","ocean_custom_footer_template":"0","ofc_enable_fullscreen":"disable","ofc_fullscreen_speed":0,"ofc_fullscreen_nav":"enable","ofc_fullscreen_nav_pos":"right","ofc_fullscreen_nav_color":"","ofc_fullscreen_nav_tooltip_color":"","ofc_fullscreen_responsive":0},"product_brand":[],"product_cat":[3997],"product_tag":[],"class_list":{"0":"post-60973","1":"product","2":"type-product","3":"status-publish","4":"has-post-thumbnail","6":"product_cat-isaiah-hartenstein-oklahoma-city-thunder-custom-swingman-city-edition-style-fr","7":"product_shipping_class-classe-dexpedition_a","9":"entry","10":"has-media","12":"first","13":"instock","14":"taxable","15":"shipping-taxable","16":"purchasable","17":"product-type-simple","18":"col","19":"span_1_of_4","20":"owp-content-center","21":"owp-thumbs-layout-horizontal","22":"owp-btn-normal","23":"owp-tabs-layout-horizontal"},"acf":[],"_links":{"self":[{"href":"https:\/\/memorabilia-germany.de\/fr\/wp-json\/wp\/v2\/product\/60973","targetHints":{"allow":["GET"]}}],"collection":[{"href":"https:\/\/memorabilia-germany.de\/fr\/wp-json\/wp\/v2\/product"}],"about":[{"href":"https:\/\/memorabilia-germany.de\/fr\/wp-json\/wp\/v2\/types\/product"}],"version-history":[{"count":0,"href":"https:\/\/memorabilia-germany.de\/fr\/wp-json\/wp\/v2\/product\/60973\/revisions"}],"wp:featuredmedia":[{"embeddable":true,"href":"https:\/\/memorabilia-germany.de\/fr\/wp-json\/wp\/v2\/media\/60943"}],"wp:attachment":[{"href":"https:\/\/memorabilia-germany.de\/fr\/wp-json\/wp\/v2\/media?parent=60973"}],"wp:term":[{"taxonomy":"product_brand","embeddable":true,"href":"https:\/\/memorabilia-germany.de\/fr\/wp-json\/wp\/v2\/product_brand?post=60973"},{"taxonomy":"product_cat","embeddable":true,"href":"https:\/\/memorabilia-germany.de\/fr\/wp-json\/wp\/v2\/product_cat?post=60973"},{"taxonomy":"product_tag","embeddable":true,"href":"https:\/\/memorabilia-germany.de\/fr\/wp-json\/wp\/v2\/product_tag?post=60973"}],"curies":[{"name":"wp","href":"https:\/\/api.w.org\/{rel}","templated":true}]}}