{"id":59024,"date":"2025-03-18T15:16:36","date_gmt":"2025-03-18T14:16:36","guid":{"rendered":"https:\/\/memorabilia-germany.de\/produkt\/signe-basketball-mystery-boxbasketball-kings-series-2025-bonus-jersey-chance\/"},"modified":"2026-04-04T14:53:22","modified_gmt":"2026-04-04T12:53:22","slug":"signe-basketball-mystery-boxbasketball-kings-series-2025-bonus-jersey-chance","status":"publish","type":"product","link":"https:\/\/memorabilia-germany.de\/fr\/produit\/signe-basketball-mystery-boxbasketball-kings-series-2025-bonus-jersey-chance\/","title":{"rendered":"Sign\u00e9 Basketball Mystery Box:<\/br>BASKETBALL KINGS SERIES 2025<\/br>(Bonus Jersey Chance!)"},"content":{"rendered":"<p><strong>En savoir plus sur cette Basketball Mystery Box s\u00e9rie :<\/strong><\/p>\n<ul style=\"list-style-type: square;\">\n<li>Toutes les bo\u00eetes de cette s\u00e9rie contiennent des ballons de marque Spalding ou Wilson. La s\u00e9rie comprend \u00e9galement de nombreuses \u00e9ditions sp\u00e9ciales comme les ballons de basket NBA \u00ab\u00a0ZI\/O Excel\u00a0\u00bb de Spalding ou les ballons de basket \u00ab\u00a0Gold Edition\u00a0\u00bb de Wilson. <\/li>\n<li>Ballons avec autographes de plusieurs joueurs NBA (2 ou plus) inclus dans cette s\u00e9rie !<\/li>\n<li>Les balles \u00e9taient r\u00e9parties al\u00e9atoirement dans les bo\u00eetes.<\/li>\n<li>Tous les Memorabilia dans un Basketball Mystery Box ont \u00e9t\u00e9 v\u00e9rifi\u00e9s par l&rsquo;un des principaux authentificateurs am\u00e9ricains du march\u00e9 et sont livr\u00e9s avec des \u00e9l\u00e9ments de s\u00e9curit\u00e9 num\u00e9rot\u00e9s en s\u00e9rie (Certificate of Authenticity et\/ou hologramme de s\u00e9curit\u00e9). Les authentifiants sont exclusivement : Beckett, James Spence Authentication, PSA\/DNA ou Fanatics. Plus d&rsquo;infos sur ce th\u00e8me important Authentification vous trouverez <strong><a href=\"https:\/\/memorabilia-germany.de\/fr\/authentification-des-signatures\/\">ici<\/a><\/strong>.<\/li>\n<li>Vous trouverez chez nous un aper\u00e7u COMPLET de la liste des joueurs inclus dans cette s\u00e9rie de Mystery Box :<\/li>\n<\/ul>\n<p style=\"text-align: center;\">Victor Wembanyama<br \/>\nDirk Nowitzki<br \/>\nScottie Pippen<br \/>\nStephen Curry<br \/>\nJayson Tatum<br \/>\nLarry Bird<br \/>\nFranz Wagner<br \/>\nShai Gilgeous-Alexander<br \/>\nShaquille O&rsquo;Neal<br \/>\nKareem Abdul-Jabbar<br \/>\nLuka Doncic<br \/>\nCharles Barkley<br \/>\nZaccharie Risacher<br \/>\n\u201cMagic\u201d Johnson<br \/>\nPaolo Banchero<br \/>\nCade Cunningham<br \/>\nAlex Sarr<br \/>\nZach Edey<br \/>\nGiannis Antetokounmpo<br \/>\nCarmelo Anthony<br \/>\nRon Holland II<br \/>\nDavid Robinson<br \/>\nZion Williamson<br \/>\nJa Morant<br \/>\nJerry \u00ab\u00a0The Logo\u00a0\u00bb West<br \/>\nTrae Young<br \/>\nJames Harden<br \/>\nDennis Rodman<br \/>\nDamian Lillard<br \/>\nAllen Iverson<br \/>\nBrandon Ingram<br \/>\nJalen Green<br \/>\nAmar&rsquo;e Stoudemire<br \/>\nJoe Dumars<br \/>\nCole Anthony<br \/>\nMaurice Cheeks<br \/>\nAustin Reaves<br \/>\nWalt Frazier<br \/>\nGary Payton<br \/>\nKristaps Porzingis<br \/>\nIsaiah Collier<br \/>\nKlay Thompson<br \/>\nRicky Barry<br \/>\nPatrick Williams<br \/>\nJason Kidd<br \/>\nJerry \u00ab\u00a0The Logo\u00a0\u00bb West<br \/>\nDonte DiVincenzo<br \/>\nDavid \u201cSkywalker\u201d Thompson<br \/>\nStephon Marbury<br \/>\nAlonzo Mourning<br \/>\nToni Kukoc<br \/>\nDemar Derozan<br \/>\nJohn Wall<br \/>\nMichael Cooper<br \/>\nDeandre Ayton<br \/>\nClyde Drexler<br \/>\nAndre Drummond<br \/>\nJonathan Kuminga<br \/>\nLarry Johnson<br \/>\nReggie Jackson<br \/>\nDikembe Mutombo<br \/>\nGlen Rice<br \/>\nSteve Francis<br \/>\nBlake Griffin<br \/>\nDamon Stoudamire<br \/>\nDominique Wilkins<br \/>\nBernard King<br \/>\nTim Hardaway<br \/>\nTyler Herro<br \/>\nShawn Kemp<br \/>\nHakeem Olajuwon<\/p>\n<p>Si une s\u00e9rie contient plus d&rsquo;un Basketball Memorabilia du m\u00eame joueur, vous recevrez une \u00ab\u00a0No Double Option\u00a0\u00bb. Cela signifie que vous ne recevrez certainement pas de joueur en double si vous achetez plus d&rsquo;une bo\u00eete.<\/p>\n<p>Comment fonctionne une Basketball Mystery Box?<\/p>\n<p>Vous pouvez trouver des informations \u00e0 ce sujet dans notre <strong><a href=\"https:\/\/memorabilia-germany.de\/fr\/sports-memorabilia-faq\/#memorabilia-mystery-box\"><u>FAQ<\/u><\/a><\/strong>!<\/p>\n<p>Plus de Basketball Memorabilia vous trouverez <strong><a href=\"https:\/\/memorabilia-germany.de\/fr\/basket-ball-memorabilia\/\">ici<\/a><\/strong>.<\/p>\n","protected":false},"excerpt":{"rendered":"<p><strong>Cette s\u00e9rie est limit\u00e9e \u00e0 un total de 100 basket-ball <a href=\"https:\/\/memorabilia-germany.de\/fr\/sports-memorabilia-faq\/#memorabilia-mystery-box\"><u>Bo\u00eetes myst\u00e8res<\/u><\/a> limit\u00e9e.<br \/>\nChaque bo\u00eete a un num\u00e9ro de s\u00e9rie.<br \/>\nTrouvez des ballons de basket sign\u00e9s par les superstars actuelles de la NBA comme Victor Wembanyama, Steph Curry, Jayson Tatum ou Luka Doncic et des l\u00e9gendes de la NBA comme Dirk Nowitzki ou Charles Barkley dans cette s\u00e9rie.<\/strong><\/p>\n<p><strong>Vue d\u2019ensemble rapide :<\/strong><\/p>\n<ul style=\"list-style-type: square;\">\n<li>Contenu de chaque bo\u00eete : ballon de basket sign\u00e9 (Full Size, marque : Spalding ou Wilson). Les images vous donnent un petit aper\u00e7u du secret de la s\u00e9rie !<\/li>\n<li>Tous les ballons de basket sont sign\u00e9s par au moins une star ou l\u00e9gende actuelle de la NBA. De plus, de nombreux ballons sont \u00e9galement sign\u00e9s avec des inscriptions par les joueurs !<\/li>\n<li>Sp\u00e9cial Draft NBA : la s\u00e9rie contient \u00e9galement quelques ballons sign\u00e9s par des joueurs de 1\u00e8re ronde de la Draft NBA 2024 lors de leur saison de rookie. Beaucoup d&rsquo;entre eux ont m\u00eame une inscription pour le choix de la draft ! <\/li>\n<li>Bonus Jersey Chance : certaines bo\u00eetes de cette s\u00e9rie contiennent \u00e9galement un <a href=\"https:\/\/memorabilia-germany.de\/fr\/sports-memorabilia-faq\/#faq-jersey-types\"><strong><u>Custom Jersey<\/u><\/strong><\/a> avec la signature originale d&rsquo;une star de la NBA gratuitement !<\/li>\n<li>Authentification des autographes (exclusivement) : <strong><a href=\"https:\/\/memorabilia-germany.de\/fr\/authentification-des-signatures\/#signature-authentication-beckett\">Beckett<\/a><\/strong>, <strong><a href=\"https:\/\/memorabilia-germany.de\/fr\/authentification-des-signatures\/#signature-authentication-james-spence\">James Spence Authentication<\/a><\/strong>, <strong><a href=\"https:\/\/memorabilia-germany.de\/fr\/authentification-des-signatures\/#signature-authentication-psa-dna\">PSA\/DNA<\/a><\/strong> ou <strong><a href=\"https:\/\/memorabilia-germany.de\/fr\/authentification-des-signatures\/#signature-authentication-fanatics\">Fanatics<\/a><\/strong>.<\/li>\n<\/ul>\n","protected":false},"featured_media":58987,"template":"","meta":{"_acf_changed":false,"ocean_post_layout":"","ocean_both_sidebars_style":"","ocean_both_sidebars_content_width":0,"ocean_both_sidebars_sidebars_width":0,"ocean_sidebar":"0","ocean_second_sidebar":"0","ocean_disable_margins":"enable","ocean_add_body_class":"","ocean_shortcode_before_top_bar":"","ocean_shortcode_after_top_bar":"","ocean_shortcode_before_header":"","ocean_shortcode_after_header":"","ocean_has_shortcode":"","ocean_shortcode_after_title":"","ocean_shortcode_before_footer_widgets":"","ocean_shortcode_after_footer_widgets":"","ocean_shortcode_before_footer_bottom":"","ocean_shortcode_after_footer_bottom":"","ocean_display_top_bar":"default","ocean_display_header":"default","ocean_header_style":"","ocean_center_header_left_menu":"0","ocean_custom_header_template":"0","ocean_custom_logo":0,"ocean_custom_retina_logo":0,"ocean_custom_logo_max_width":0,"ocean_custom_logo_tablet_max_width":0,"ocean_custom_logo_mobile_max_width":0,"ocean_custom_logo_max_height":0,"ocean_custom_logo_tablet_max_height":0,"ocean_custom_logo_mobile_max_height":0,"ocean_header_custom_menu":"0","ocean_menu_typo_font_family":"0","ocean_menu_typo_font_subset":"","ocean_menu_typo_font_size":0,"ocean_menu_typo_font_size_tablet":0,"ocean_menu_typo_font_size_mobile":0,"ocean_menu_typo_font_size_unit":"px","ocean_menu_typo_font_weight":"","ocean_menu_typo_font_weight_tablet":"","ocean_menu_typo_font_weight_mobile":"","ocean_menu_typo_transform":"","ocean_menu_typo_transform_tablet":"","ocean_menu_typo_transform_mobile":"","ocean_menu_typo_line_height":0,"ocean_menu_typo_line_height_tablet":0,"ocean_menu_typo_line_height_mobile":0,"ocean_menu_typo_line_height_unit":"","ocean_menu_typo_spacing":0,"ocean_menu_typo_spacing_tablet":0,"ocean_menu_typo_spacing_mobile":0,"ocean_menu_typo_spacing_unit":"","ocean_menu_link_color":"","ocean_menu_link_color_hover":"","ocean_menu_link_color_active":"","ocean_menu_link_background":"","ocean_menu_link_hover_background":"","ocean_menu_link_active_background":"","ocean_menu_social_links_bg":"","ocean_menu_social_hover_links_bg":"","ocean_menu_social_links_color":"","ocean_menu_social_hover_links_color":"","ocean_disable_title":"default","ocean_disable_heading":"default","ocean_post_title":"","ocean_post_subheading":"","ocean_post_title_style":"","ocean_post_title_background_color":"","ocean_post_title_background":0,"ocean_post_title_bg_image_position":"","ocean_post_title_bg_image_attachment":"","ocean_post_title_bg_image_repeat":"","ocean_post_title_bg_image_size":"","ocean_post_title_height":0,"ocean_post_title_bg_overlay":0.5,"ocean_post_title_bg_overlay_color":"","ocean_disable_breadcrumbs":"default","ocean_breadcrumbs_color":"","ocean_breadcrumbs_separator_color":"","ocean_breadcrumbs_links_color":"","ocean_breadcrumbs_links_hover_color":"","ocean_display_footer_widgets":"default","ocean_display_footer_bottom":"default","ocean_custom_footer_template":"0","ofc_enable_fullscreen":"disable","ofc_fullscreen_speed":0,"ofc_fullscreen_nav":"enable","ofc_fullscreen_nav_pos":"right","ofc_fullscreen_nav_color":"","ofc_fullscreen_nav_tooltip_color":"","ofc_fullscreen_responsive":0},"product_brand":[],"product_cat":[3893],"product_tag":[],"class_list":{"0":"post-59024","1":"product","2":"type-product","3":"status-publish","4":"has-post-thumbnail","6":"product_cat-signe-basketball-mystery-box-basketball-kings-series-2025-bonus-jersey-chance","7":"product_shipping_class-classe-dexpedition_a","9":"entry","10":"has-media","12":"first","13":"instock","14":"taxable","15":"shipping-taxable","16":"purchasable","17":"product-type-simple","18":"col","19":"span_1_of_4","20":"owp-content-center","21":"owp-thumbs-layout-horizontal","22":"owp-btn-normal","23":"owp-tabs-layout-horizontal"},"acf":[],"_links":{"self":[{"href":"https:\/\/memorabilia-germany.de\/fr\/wp-json\/wp\/v2\/product\/59024","targetHints":{"allow":["GET"]}}],"collection":[{"href":"https:\/\/memorabilia-germany.de\/fr\/wp-json\/wp\/v2\/product"}],"about":[{"href":"https:\/\/memorabilia-germany.de\/fr\/wp-json\/wp\/v2\/types\/product"}],"version-history":[{"count":0,"href":"https:\/\/memorabilia-germany.de\/fr\/wp-json\/wp\/v2\/product\/59024\/revisions"}],"wp:featuredmedia":[{"embeddable":true,"href":"https:\/\/memorabilia-germany.de\/fr\/wp-json\/wp\/v2\/media\/58987"}],"wp:attachment":[{"href":"https:\/\/memorabilia-germany.de\/fr\/wp-json\/wp\/v2\/media?parent=59024"}],"wp:term":[{"taxonomy":"product_brand","embeddable":true,"href":"https:\/\/memorabilia-germany.de\/fr\/wp-json\/wp\/v2\/product_brand?post=59024"},{"taxonomy":"product_cat","embeddable":true,"href":"https:\/\/memorabilia-germany.de\/fr\/wp-json\/wp\/v2\/product_cat?post=59024"},{"taxonomy":"product_tag","embeddable":true,"href":"https:\/\/memorabilia-germany.de\/fr\/wp-json\/wp\/v2\/product_tag?post=59024"}],"curies":[{"name":"wp","href":"https:\/\/api.w.org\/{rel}","templated":true}]}}