{"id":58849,"date":"2025-03-11T16:15:48","date_gmt":"2025-03-11T15:19:29","guid":{"rendered":"https:\/\/memorabilia-germany.de\/produkt\/coldplay-band-signed-album-signemoon-music\/"},"modified":"2025-03-11T16:19:29","modified_gmt":"2025-03-11T15:19:29","slug":"coldplay-band-signed-album-signemoon-music","status":"publish","type":"product","link":"https:\/\/memorabilia-germany.de\/fr\/produit\/coldplay-band-signed-album-signemoon-music\/","title":{"rendered":"COLDPLAY (band signed) album sign\u00e9<\/br>Moon Music"},"content":{"rendered":"","protected":false},"excerpt":{"rendered":"<p><strong>Exemplaire d\u00e9dicac\u00e9 de l&rsquo;album \u00ab\u00a0Moon Music\u00a0\u00bb. Autographes de l&rsquo;ensemble du groupe, c&rsquo;est-\u00e0-dire du chanteur Chris Martin, du guitariste Jonny Buckland, du bassiste Guy Berryman et du batteur Will Champion sur l&rsquo;insert du CD. <\/strong><\/p>\n<p><strong>Avec plus de 100 millions d&rsquo;albums vendus dans le monde, Coldplay est l&rsquo;un des groupes les plus populaires de tous les temps. Coldplay est le premier groupe \u00e0 avoir atteint plus de 90 millions d&rsquo;auditeurs mensuels sur Spotify. Le groupe britannique d\u00e9tient le record du nombre de Brit Awards remport\u00e9s et est \u00e9galement tr\u00e8s d\u00e9cor\u00e9 au niveau international, avec notamment 7 Grammy Awards remport\u00e9s \u00e0 ce jour.  <\/strong><\/p>\n<p><strong>Moon Music est le dixi\u00e8me album de Coldplay et est consid\u00e9r\u00e9 comme la deuxi\u00e8me partie du projet \u00ab\u00a0Music of the Spheres\u00a0\u00bb du groupe. L&rsquo;album a atteint la premi\u00e8re place des charts dans 16 pays, dont l&rsquo;Allemagne, l&rsquo;Australie, le Royaume-Uni et les \u00c9tats-Unis.  Tous les autographes des musiciens sont authentifi\u00e9s et poss\u00e8dent un num\u00e9ro de s\u00e9rie. Pour plus d&rsquo;informations, voir ci-dessous.<\/strong><\/p>\n<ul style=\"list-style-type: square;\">\n<li>Nom de l&rsquo;album : Moon Music<\/li>\n<li>Type de support : CD<\/li>\n<li>Autographes : Chris Martin, Jonny Buckland, Guy Berryman + Will Champion, crayon de couleur noir (tous les quatre)<\/li>\n<li>Placement des autographes : Insert CD<\/li>\n<li>Authentification : James Spence Authentication (avec num\u00e9ro de s\u00e9rie)<\/li>\n<li>Documents : Certificate of Authenticity + hologramme de s\u00e9curit\u00e9 sur l&rsquo;inlet<\/li>\n<li>album d\u00e9dicac\u00e9 Chaque souvenir musical sign\u00e9 est v\u00e9rifi\u00e9 par l&rsquo;un des principaux authentificateurs am\u00e9ricains du march\u00e9 et est livr\u00e9 avec des \u00e9l\u00e9ments de s\u00e9curit\u00e9 num\u00e9rot\u00e9s en s\u00e9rie confirmant l&rsquo;authenticit\u00e9 de l&rsquo;autographe (certificat\/Letter of Authenticity et\/ou hologramme de s\u00e9curit\u00e9). Authenticator de musiciens autographes sont disponibles sur Memorabilia Germany exclusivement : <strong><a href=\"https:\/\/memorabilia-germany.de\/fr\/authentification-des-signatures\/#signature-authentication-beckett\">Beckett<\/a><\/strong>, <strong><a href=\"https:\/\/memorabilia-germany.de\/fr\/authentification-des-signatures\/#signature-authentication-james-spence\">James Spence Authentication<\/a><\/strong>, <strong><a href=\"https:\/\/memorabilia-germany.de\/fr\/authentification-des-signatures\/#signature-authentication-psa-dna\">PSA\/DNA<\/a><\/strong> ou <strong><a href=\"https:\/\/memorabilia-germany.de\/fr\/authentification-des-signatures\/#signature-authentication-fanatics\">Fanatics<\/a><\/strong>. Plus d&rsquo;infos sur ce th\u00e8me important Authentification vous trouverez <strong><a href=\"https:\/\/memorabilia-germany.de\/fr\/authentification-des-signatures\/\">ici<\/a><\/strong>.<\/li>\n<\/ul>\n<p>Vous pouvez trouver plus de souvenirs musicaux <strong><a href=\"https:\/\/memorabilia-germany.de\/fr\/musique-memorabilia\/\">ici<\/a><\/strong>.<\/p>\n","protected":false},"featured_media":58823,"template":"","meta":{"_acf_changed":false,"ocean_post_layout":"","ocean_both_sidebars_style":"","ocean_both_sidebars_content_width":0,"ocean_both_sidebars_sidebars_width":0,"ocean_sidebar":"0","ocean_second_sidebar":"0","ocean_disable_margins":"enable","ocean_add_body_class":"","ocean_shortcode_before_top_bar":"","ocean_shortcode_after_top_bar":"","ocean_shortcode_before_header":"","ocean_shortcode_after_header":"","ocean_has_shortcode":"","ocean_shortcode_after_title":"","ocean_shortcode_before_footer_widgets":"","ocean_shortcode_after_footer_widgets":"","ocean_shortcode_before_footer_bottom":"","ocean_shortcode_after_footer_bottom":"","ocean_display_top_bar":"default","ocean_display_header":"default","ocean_header_style":"","ocean_center_header_left_menu":"0","ocean_custom_header_template":"0","ocean_custom_logo":0,"ocean_custom_retina_logo":0,"ocean_custom_logo_max_width":0,"ocean_custom_logo_tablet_max_width":0,"ocean_custom_logo_mobile_max_width":0,"ocean_custom_logo_max_height":0,"ocean_custom_logo_tablet_max_height":0,"ocean_custom_logo_mobile_max_height":0,"ocean_header_custom_menu":"0","ocean_menu_typo_font_family":"0","ocean_menu_typo_font_subset":"","ocean_menu_typo_font_size":0,"ocean_menu_typo_font_size_tablet":0,"ocean_menu_typo_font_size_mobile":0,"ocean_menu_typo_font_size_unit":"px","ocean_menu_typo_font_weight":"","ocean_menu_typo_font_weight_tablet":"","ocean_menu_typo_font_weight_mobile":"","ocean_menu_typo_transform":"","ocean_menu_typo_transform_tablet":"","ocean_menu_typo_transform_mobile":"","ocean_menu_typo_line_height":0,"ocean_menu_typo_line_height_tablet":0,"ocean_menu_typo_line_height_mobile":0,"ocean_menu_typo_line_height_unit":"","ocean_menu_typo_spacing":0,"ocean_menu_typo_spacing_tablet":0,"ocean_menu_typo_spacing_mobile":0,"ocean_menu_typo_spacing_unit":"","ocean_menu_link_color":"","ocean_menu_link_color_hover":"","ocean_menu_link_color_active":"","ocean_menu_link_background":"","ocean_menu_link_hover_background":"","ocean_menu_link_active_background":"","ocean_menu_social_links_bg":"","ocean_menu_social_hover_links_bg":"","ocean_menu_social_links_color":"","ocean_menu_social_hover_links_color":"","ocean_disable_title":"default","ocean_disable_heading":"default","ocean_post_title":"","ocean_post_subheading":"","ocean_post_title_style":"","ocean_post_title_background_color":"","ocean_post_title_background":0,"ocean_post_title_bg_image_position":"","ocean_post_title_bg_image_attachment":"","ocean_post_title_bg_image_repeat":"","ocean_post_title_bg_image_size":"","ocean_post_title_height":0,"ocean_post_title_bg_overlay":0.5,"ocean_post_title_bg_overlay_color":"","ocean_disable_breadcrumbs":"default","ocean_breadcrumbs_color":"","ocean_breadcrumbs_separator_color":"","ocean_breadcrumbs_links_color":"","ocean_breadcrumbs_links_hover_color":"","ocean_display_footer_widgets":"default","ocean_display_footer_bottom":"default","ocean_custom_footer_template":"0","ofc_enable_fullscreen":"disable","ofc_fullscreen_speed":0,"ofc_fullscreen_nav":"enable","ofc_fullscreen_nav_pos":"right","ofc_fullscreen_nav_color":"","ofc_fullscreen_nav_tooltip_color":"","ofc_fullscreen_responsive":0},"product_brand":[],"product_cat":[3884],"product_tag":[],"class_list":{"0":"post-58849","1":"product","2":"type-product","3":"status-publish","4":"has-post-thumbnail","6":"product_cat-coldplay-band-signed-album-signe-moon-music","7":"product_shipping_class-classe-dexpedition_b","9":"entry","10":"has-media","12":"first","13":"outofstock","14":"taxable","15":"shipping-taxable","16":"purchasable","17":"product-type-simple","18":"col","19":"span_1_of_4","20":"owp-content-center","21":"owp-thumbs-layout-horizontal","22":"owp-btn-normal","23":"owp-tabs-layout-horizontal"},"acf":[],"_links":{"self":[{"href":"https:\/\/memorabilia-germany.de\/fr\/wp-json\/wp\/v2\/product\/58849","targetHints":{"allow":["GET"]}}],"collection":[{"href":"https:\/\/memorabilia-germany.de\/fr\/wp-json\/wp\/v2\/product"}],"about":[{"href":"https:\/\/memorabilia-germany.de\/fr\/wp-json\/wp\/v2\/types\/product"}],"version-history":[{"count":0,"href":"https:\/\/memorabilia-germany.de\/fr\/wp-json\/wp\/v2\/product\/58849\/revisions"}],"wp:featuredmedia":[{"embeddable":true,"href":"https:\/\/memorabilia-germany.de\/fr\/wp-json\/wp\/v2\/media\/58823"}],"wp:attachment":[{"href":"https:\/\/memorabilia-germany.de\/fr\/wp-json\/wp\/v2\/media?parent=58849"}],"wp:term":[{"taxonomy":"product_brand","embeddable":true,"href":"https:\/\/memorabilia-germany.de\/fr\/wp-json\/wp\/v2\/product_brand?post=58849"},{"taxonomy":"product_cat","embeddable":true,"href":"https:\/\/memorabilia-germany.de\/fr\/wp-json\/wp\/v2\/product_cat?post=58849"},{"taxonomy":"product_tag","embeddable":true,"href":"https:\/\/memorabilia-germany.de\/fr\/wp-json\/wp\/v2\/product_tag?post=58849"}],"curies":[{"name":"wp","href":"https:\/\/api.w.org\/{rel}","templated":true}]}}