{"id":58079,"date":"2025-02-27T14:59:48","date_gmt":"2025-02-27T13:59:48","guid":{"rendered":"https:\/\/memorabilia-germany.de\/produkt\/1999-upper-deck-nfl-football-retail-pack\/"},"modified":"2025-02-27T15:04:13","modified_gmt":"2025-02-27T14:04:13","slug":"1999-upper-deck-nfl-football-retail-pack","status":"publish","type":"product","link":"https:\/\/memorabilia-germany.de\/fr\/produit\/1999-upper-deck-nfl-football-retail-pack\/","title":{"rendered":"1999 Upper Deck NFL Football, Retail Pack"},"content":{"rendered":"","protected":false},"excerpt":{"rendered":"<p><strong>Paquet non ouvert de NFL Trading Cards, original de 1999 avec une chance de gagner des cartes de maillot de jeu autographi\u00e9es. Des l\u00e9gendes comme Dan Marino, Kurt Warner, Rod Woodson ou un jeune Peyton Manning ont jou\u00e9 dans la NFL et les St. Louis Rams ont battu les Tennessee Titans au Super Bowl XXXIV \u00e0 la fin de la saison. Il s&rsquo;agissait de la premi\u00e8re saison officielle des Titans, la franchise ayant abandonn\u00e9 le nom de \u00ab\u00a0Oilers\u00a0\u00bb au d\u00e9but de la saison. Pour plus d&rsquo;informations, voir ci-dessous.<\/strong><\/p>\n<ul style=\"list-style-type: square;\">\n<li>Contenu du paquet : 10 cartes<\/li>\n<li>Ann\u00e9e de parution : 1999<\/li>\n<li>Marque : Upper Deck<\/li>\n<li>Pays : \u00c9tats-Unis<\/li>\n<li>Le paquet (\u00ab\u00a0Retail Pack\u00a0\u00bb) provient d&rsquo;une bo\u00eete ouverte. Memorabilia Germany ouvert, contenant un total de 24 paquets. Tous les paquets sont en parfait \u00e9tat malgr\u00e9 leur \u00e2ge.<\/li>\n<li>Autographed Game Jersey Cards dans cette s\u00e9rie !<\/li>\n<li>Autographs, Memorabilia &amp; Insert Cards dans cette s\u00e9rie (beaucoup sont num\u00e9rot\u00e9s diff\u00e9remment) :\n<ul style=\"list-style-type: circle;\">\n<li>Signed Upper Deck Game Jersey Cards<\/li>\n<li>Game Jersey Patch 1of1\u2019s<\/li>\n<li>Upper Deck Game Jersey Cards<\/li>\n<li>Quantum Silver + Gold Inserts<\/li>\n<li>TD Salute<\/li>\n<li>Highlight Zone<\/li>\n<li>Quarterback Class<\/li>\n<li>Strike Force<\/li>\n<li>Livewires<\/li>\n<\/ul>\n<\/li>\n<li>Retrouve les cartes originales des l\u00e9gendes de la NFL de 1999 comme Dan Marino, Kurt Warner, Rod Woodson ou Peyton Manning.<\/li>\n<li>La s\u00e9rie contient des cartes de recrues d&rsquo;une des meilleures classes de recrues de tous les temps ! Les cartes comprennent les premi\u00e8res cartes de superstars ult\u00e9rieures comme Donovan McNabb, Ricky Williams, Daunte Culpepper, Jevon Kearse, Akili Smith, Edgerrin James, Kevin Johnson, Torry Holt, Tim Couch, David Boston ou Peerless Price !<\/li>\n<li>Background Infos 1999 : En cette derni\u00e8re ann\u00e9e du 20e si\u00e8cle, l&rsquo;humanit\u00e9 se pr\u00e9pare \u00e0 entrer dans le mill\u00e9naire. Des rumeurs sur l&rsquo;effondrement des syst\u00e8mes informatiques et d&rsquo;autres sc\u00e9narios circulent, mais elles s&rsquo;av\u00e9reront fausses \u00e0 la fin de l&rsquo;ann\u00e9e. La l\u00e9gende du hockey sur glace Wayne Gretzky met un terme \u00e0 sa carri\u00e8re et reste \u00e0 ce jour consid\u00e9r\u00e9 comme le meilleur joueur de NHL de tous les temps. Les salles de cin\u00e9ma continuent de produire des classiques comme \u00ab\u00a0Blair Witch Project\u00a0\u00bb ou \u00ab\u00a0Matrix\u00a0\u00bb et les hit-parades accueillent des chansons de Britney Spears, des Backstreet Boys ou des Destiny&rsquo;s Child. Nos Trading Cards \u00ab\u00a0vintage\u00a0\u00bb sont un r\u00eave pour tout nostalgique et pour tout collectionneur, car il ne s&rsquo;agit pas de reproductions des cartes pr\u00e9c\u00e9dentes, mais tous les paquets sont originaux et datent de l&rsquo;\u00e9poque o\u00f9 ils ont \u00e9t\u00e9 publi\u00e9s.<\/li>\n<\/ul>\n<p>Tu trouveras plus de Trading Cards d&rsquo;autrefois <strong><br \/>\n  <a href=\"https:\/\/memorabilia-germany.de\/fr\/trading-cards\">ici<\/a><br \/>\n<\/strong>.<\/p>\n","protected":false},"featured_media":58050,"template":"","meta":{"_acf_changed":false,"ocean_post_layout":"","ocean_both_sidebars_style":"","ocean_both_sidebars_content_width":0,"ocean_both_sidebars_sidebars_width":0,"ocean_sidebar":"0","ocean_second_sidebar":"0","ocean_disable_margins":"enable","ocean_add_body_class":"","ocean_shortcode_before_top_bar":"","ocean_shortcode_after_top_bar":"","ocean_shortcode_before_header":"","ocean_shortcode_after_header":"","ocean_has_shortcode":"","ocean_shortcode_after_title":"","ocean_shortcode_before_footer_widgets":"","ocean_shortcode_after_footer_widgets":"","ocean_shortcode_before_footer_bottom":"","ocean_shortcode_after_footer_bottom":"","ocean_display_top_bar":"default","ocean_display_header":"default","ocean_header_style":"","ocean_center_header_left_menu":"0","ocean_custom_header_template":"0","ocean_custom_logo":0,"ocean_custom_retina_logo":0,"ocean_custom_logo_max_width":0,"ocean_custom_logo_tablet_max_width":0,"ocean_custom_logo_mobile_max_width":0,"ocean_custom_logo_max_height":0,"ocean_custom_logo_tablet_max_height":0,"ocean_custom_logo_mobile_max_height":0,"ocean_header_custom_menu":"0","ocean_menu_typo_font_family":"0","ocean_menu_typo_font_subset":"","ocean_menu_typo_font_size":0,"ocean_menu_typo_font_size_tablet":0,"ocean_menu_typo_font_size_mobile":0,"ocean_menu_typo_font_size_unit":"px","ocean_menu_typo_font_weight":"","ocean_menu_typo_font_weight_tablet":"","ocean_menu_typo_font_weight_mobile":"","ocean_menu_typo_transform":"","ocean_menu_typo_transform_tablet":"","ocean_menu_typo_transform_mobile":"","ocean_menu_typo_line_height":0,"ocean_menu_typo_line_height_tablet":0,"ocean_menu_typo_line_height_mobile":0,"ocean_menu_typo_line_height_unit":"","ocean_menu_typo_spacing":0,"ocean_menu_typo_spacing_tablet":0,"ocean_menu_typo_spacing_mobile":0,"ocean_menu_typo_spacing_unit":"","ocean_menu_link_color":"","ocean_menu_link_color_hover":"","ocean_menu_link_color_active":"","ocean_menu_link_background":"","ocean_menu_link_hover_background":"","ocean_menu_link_active_background":"","ocean_menu_social_links_bg":"","ocean_menu_social_hover_links_bg":"","ocean_menu_social_links_color":"","ocean_menu_social_hover_links_color":"","ocean_disable_title":"default","ocean_disable_heading":"default","ocean_post_title":"","ocean_post_subheading":"","ocean_post_title_style":"","ocean_post_title_background_color":"","ocean_post_title_background":0,"ocean_post_title_bg_image_position":"","ocean_post_title_bg_image_attachment":"","ocean_post_title_bg_image_repeat":"","ocean_post_title_bg_image_size":"","ocean_post_title_height":0,"ocean_post_title_bg_overlay":0.5,"ocean_post_title_bg_overlay_color":"","ocean_disable_breadcrumbs":"default","ocean_breadcrumbs_color":"","ocean_breadcrumbs_separator_color":"","ocean_breadcrumbs_links_color":"","ocean_breadcrumbs_links_hover_color":"","ocean_display_footer_widgets":"default","ocean_display_footer_bottom":"default","ocean_custom_footer_template":"0","ofc_enable_fullscreen":"disable","ofc_fullscreen_speed":0,"ofc_fullscreen_nav":"enable","ofc_fullscreen_nav_pos":"right","ofc_fullscreen_nav_color":"","ofc_fullscreen_nav_tooltip_color":"","ofc_fullscreen_responsive":0},"product_brand":[],"product_cat":[3832],"product_tag":[],"class_list":{"0":"post-58079","1":"product","2":"type-product","3":"status-publish","4":"has-post-thumbnail","6":"product_cat-1999-upper-deck-nfl-football-retail-pack-fr","7":"product_shipping_class-classe-dexpedition_b","9":"entry","10":"has-media","12":"first","13":"instock","14":"taxable","15":"shipping-taxable","16":"purchasable","17":"product-type-simple","18":"col","19":"span_1_of_4","20":"owp-content-center","21":"owp-thumbs-layout-horizontal","22":"owp-btn-normal","23":"owp-tabs-layout-horizontal"},"acf":[],"_links":{"self":[{"href":"https:\/\/memorabilia-germany.de\/fr\/wp-json\/wp\/v2\/product\/58079","targetHints":{"allow":["GET"]}}],"collection":[{"href":"https:\/\/memorabilia-germany.de\/fr\/wp-json\/wp\/v2\/product"}],"about":[{"href":"https:\/\/memorabilia-germany.de\/fr\/wp-json\/wp\/v2\/types\/product"}],"version-history":[{"count":0,"href":"https:\/\/memorabilia-germany.de\/fr\/wp-json\/wp\/v2\/product\/58079\/revisions"}],"wp:featuredmedia":[{"embeddable":true,"href":"https:\/\/memorabilia-germany.de\/fr\/wp-json\/wp\/v2\/media\/58050"}],"wp:attachment":[{"href":"https:\/\/memorabilia-germany.de\/fr\/wp-json\/wp\/v2\/media?parent=58079"}],"wp:term":[{"taxonomy":"product_brand","embeddable":true,"href":"https:\/\/memorabilia-germany.de\/fr\/wp-json\/wp\/v2\/product_brand?post=58079"},{"taxonomy":"product_cat","embeddable":true,"href":"https:\/\/memorabilia-germany.de\/fr\/wp-json\/wp\/v2\/product_cat?post=58079"},{"taxonomy":"product_tag","embeddable":true,"href":"https:\/\/memorabilia-germany.de\/fr\/wp-json\/wp\/v2\/product_tag?post=58079"}],"curies":[{"name":"wp","href":"https:\/\/api.w.org\/{rel}","templated":true}]}}