{"id":57955,"date":"2025-02-26T17:29:24","date_gmt":"2025-02-26T16:29:24","guid":{"rendered":"https:\/\/memorabilia-germany.de\/produkt\/2000-topps-nfl-football-cards-single-pack-hobby-box\/"},"modified":"2025-02-26T17:33:15","modified_gmt":"2025-02-26T16:33:15","slug":"2000-topps-nfl-football-cards-single-pack-hobby-box","status":"publish","type":"product","link":"https:\/\/memorabilia-germany.de\/fr\/produit\/2000-topps-nfl-football-cards-single-pack-hobby-box\/","title":{"rendered":"2000 topps NFL Football Cards, Single Pack (Hobby Box)"},"content":{"rendered":"","protected":false},"excerpt":{"rendered":"<p><strong>Paquet non ouvert de NFL Trading Cards, original de l&rsquo;ann\u00e9e 2000 avec une chance de gagner des Player Worn Pro Bowl Jersey Cards et des autographes du Hall of Fame. La saison 2000 est aujourd&rsquo;hui surtout connue pour sa draft. Au sixi\u00e8me tour, les New England Patriots ont rep\u00each\u00e9 un quarterback des Michigan Wolverines. Ce choix est probablement consid\u00e9r\u00e9 \u00e0 jamais comme le plus grand vol de l&rsquo;histoire de la draft. Le quarterback en question a remport\u00e9 sept fois le Super Bowl dans sa carri\u00e8re, six fois avec les Pats et une autre fois avec les Tampa Bay Buccaneers. Son nom est Tom Brady. Le Super Bowl de la saison 2000 a \u00e9t\u00e9 remport\u00e9 par les Baltimore Ravens, qui ont battu les New York Giants. Ray Lewis a \u00e9t\u00e9 \u00e9lu MVP du Super Bowl, une performance tr\u00e8s rare pour un linebacker !       <\/strong><\/p>\n<ul style=\"list-style-type: square;\">\n<li>Contenu du paquet : 10 cartes<\/li>\n<li>Ann\u00e9e de publication : 2000<\/li>\n<li>Marque: topps<\/li>\n<li>Pays : \u00c9tats-Unis<\/li>\n<li>Le paquet (\u00ab\u00a0Single Pack\u00a0\u00bb) provient d&rsquo;une \u00ab\u00a0Hobby Box\u00a0\u00bb ouverte par Memorabilia Germany, qui contient 36 paquets au total. Tous les paquets sont en parfait \u00e9tat malgr\u00e9 leur \u00e2ge.<\/li>\n<li>Johnny Unitas Autograph Cards dans cette s\u00e9rie !<\/li>\n<li>Player Worn Pro Bowl Jersey Cards et Hall of Fame Autographs dans cette s\u00e9rie !<\/li>\n<li>Topps 2000 NFL Memorabilia Cards, Autographs &amp; Special Inserts:\n<ul style=\"list-style-type: circle;\">\n<li>Johnny Unitas Chrome Reprints &amp; Autogtraphed Versions<\/li>\n<li>All-Pros Player Worn Pro Bowl Jersey Cards <\/li>\n<li>Hall of Fame Autographs<\/li>\n<li>Own the Game<\/li>\n<li>MVP Inserts<\/li>\n<li>Topps Combos<\/li>\n<li>Chrome Previews<\/li>\n<li>NFL Draft Picks<\/li>\n<\/ul>\n<\/li>\n<li>Retrouvez les cartes originales des l\u00e9gendes de la NFL de l&rsquo;ann\u00e9e 2000 comme Tom Brady, Peyton Manning, Daunte Culpepper, Marshall Faulk, Brett Favre ou Ray Lewis .<\/li>\n<li>Trouvez des cartes de recrues de la NFL Draft Class de 2000 avec des noms comme Shaun Alexander, Brian Urlacher, Jamal Lewis, Chad Pennington, Plaxico Burress, Reuben Droughns et Thomas Jones !<\/li>\n<li>Background Infos 2000 : Contrairement aux attentes de certaines sectes, le monde ne s&rsquo;est pas \u00e9croul\u00e9 lors du passage \u00e0 la nouvelle ann\u00e9e du mill\u00e9naire. Le monde de l&rsquo;informatique a \u00e9galement bien surv\u00e9cu \u00e0 la transition vers les ann\u00e9es 00. George W. Bush a succ\u00e9d\u00e9 \u00e0 Bill Clinton \u00e0 la pr\u00e9sidence des \u00c9tats-Unis et Bill Gates a quitt\u00e9 son poste de PDG de Microsoft. American Pie et American Beauty ont \u00e9t\u00e9 parmi les films les plus populaires au cin\u00e9ma et Destiny&rsquo;s Child, Linkin Park et les Black Eyed Peas se sont retrouv\u00e9s en t\u00eate des hit-parades. Nos Trading Cards \u00ab\u00a0vintage\u00a0\u00bb sont un r\u00eave pour tout nostalgique et pour tout collectionneur, car il ne s&rsquo;agit pas de reproductions des cartes pr\u00e9c\u00e9dentes, mais tous les paquets sont originaux et datent de l&rsquo;\u00e9poque o\u00f9 ils ont \u00e9t\u00e9 publi\u00e9s.<\/li>\n<\/ul>\n<p>Tu trouveras plus de Trading Cards d&rsquo;autrefois <strong><br \/>\n  <a href=\"https:\/\/memorabilia-germany.de\/fr\/trading-cards\">ici<\/a><br \/>\n<\/strong>.<\/p>\n","protected":false},"featured_media":57926,"template":"","meta":{"_acf_changed":false,"ocean_post_layout":"","ocean_both_sidebars_style":"","ocean_both_sidebars_content_width":0,"ocean_both_sidebars_sidebars_width":0,"ocean_sidebar":"0","ocean_second_sidebar":"0","ocean_disable_margins":"enable","ocean_add_body_class":"","ocean_shortcode_before_top_bar":"","ocean_shortcode_after_top_bar":"","ocean_shortcode_before_header":"","ocean_shortcode_after_header":"","ocean_has_shortcode":"","ocean_shortcode_after_title":"","ocean_shortcode_before_footer_widgets":"","ocean_shortcode_after_footer_widgets":"","ocean_shortcode_before_footer_bottom":"","ocean_shortcode_after_footer_bottom":"","ocean_display_top_bar":"default","ocean_display_header":"default","ocean_header_style":"","ocean_center_header_left_menu":"0","ocean_custom_header_template":"0","ocean_custom_logo":0,"ocean_custom_retina_logo":0,"ocean_custom_logo_max_width":0,"ocean_custom_logo_tablet_max_width":0,"ocean_custom_logo_mobile_max_width":0,"ocean_custom_logo_max_height":0,"ocean_custom_logo_tablet_max_height":0,"ocean_custom_logo_mobile_max_height":0,"ocean_header_custom_menu":"0","ocean_menu_typo_font_family":"0","ocean_menu_typo_font_subset":"","ocean_menu_typo_font_size":0,"ocean_menu_typo_font_size_tablet":0,"ocean_menu_typo_font_size_mobile":0,"ocean_menu_typo_font_size_unit":"px","ocean_menu_typo_font_weight":"","ocean_menu_typo_font_weight_tablet":"","ocean_menu_typo_font_weight_mobile":"","ocean_menu_typo_transform":"","ocean_menu_typo_transform_tablet":"","ocean_menu_typo_transform_mobile":"","ocean_menu_typo_line_height":0,"ocean_menu_typo_line_height_tablet":0,"ocean_menu_typo_line_height_mobile":0,"ocean_menu_typo_line_height_unit":"","ocean_menu_typo_spacing":0,"ocean_menu_typo_spacing_tablet":0,"ocean_menu_typo_spacing_mobile":0,"ocean_menu_typo_spacing_unit":"","ocean_menu_link_color":"","ocean_menu_link_color_hover":"","ocean_menu_link_color_active":"","ocean_menu_link_background":"","ocean_menu_link_hover_background":"","ocean_menu_link_active_background":"","ocean_menu_social_links_bg":"","ocean_menu_social_hover_links_bg":"","ocean_menu_social_links_color":"","ocean_menu_social_hover_links_color":"","ocean_disable_title":"default","ocean_disable_heading":"default","ocean_post_title":"","ocean_post_subheading":"","ocean_post_title_style":"","ocean_post_title_background_color":"","ocean_post_title_background":0,"ocean_post_title_bg_image_position":"","ocean_post_title_bg_image_attachment":"","ocean_post_title_bg_image_repeat":"","ocean_post_title_bg_image_size":"","ocean_post_title_height":0,"ocean_post_title_bg_overlay":0.5,"ocean_post_title_bg_overlay_color":"","ocean_disable_breadcrumbs":"default","ocean_breadcrumbs_color":"","ocean_breadcrumbs_separator_color":"","ocean_breadcrumbs_links_color":"","ocean_breadcrumbs_links_hover_color":"","ocean_display_footer_widgets":"default","ocean_display_footer_bottom":"default","ocean_custom_footer_template":"0","ofc_enable_fullscreen":"disable","ofc_fullscreen_speed":0,"ofc_fullscreen_nav":"enable","ofc_fullscreen_nav_pos":"right","ofc_fullscreen_nav_color":"","ofc_fullscreen_nav_tooltip_color":"","ofc_fullscreen_responsive":0},"product_brand":[],"product_cat":[3820],"product_tag":[],"class_list":{"0":"post-57955","1":"product","2":"type-product","3":"status-publish","4":"has-post-thumbnail","6":"product_cat-2000-topps-nfl-football-cards-single-pack-hobby-box-fr","7":"product_shipping_class-classe-dexpedition_b","9":"entry","10":"has-media","12":"first","13":"outofstock","14":"taxable","15":"shipping-taxable","16":"purchasable","17":"product-type-simple","18":"col","19":"span_1_of_4","20":"owp-content-center","21":"owp-thumbs-layout-horizontal","22":"owp-btn-normal","23":"owp-tabs-layout-horizontal"},"acf":[],"_links":{"self":[{"href":"https:\/\/memorabilia-germany.de\/fr\/wp-json\/wp\/v2\/product\/57955","targetHints":{"allow":["GET"]}}],"collection":[{"href":"https:\/\/memorabilia-germany.de\/fr\/wp-json\/wp\/v2\/product"}],"about":[{"href":"https:\/\/memorabilia-germany.de\/fr\/wp-json\/wp\/v2\/types\/product"}],"version-history":[{"count":0,"href":"https:\/\/memorabilia-germany.de\/fr\/wp-json\/wp\/v2\/product\/57955\/revisions"}],"wp:featuredmedia":[{"embeddable":true,"href":"https:\/\/memorabilia-germany.de\/fr\/wp-json\/wp\/v2\/media\/57926"}],"wp:attachment":[{"href":"https:\/\/memorabilia-germany.de\/fr\/wp-json\/wp\/v2\/media?parent=57955"}],"wp:term":[{"taxonomy":"product_brand","embeddable":true,"href":"https:\/\/memorabilia-germany.de\/fr\/wp-json\/wp\/v2\/product_brand?post=57955"},{"taxonomy":"product_cat","embeddable":true,"href":"https:\/\/memorabilia-germany.de\/fr\/wp-json\/wp\/v2\/product_cat?post=57955"},{"taxonomy":"product_tag","embeddable":true,"href":"https:\/\/memorabilia-germany.de\/fr\/wp-json\/wp\/v2\/product_tag?post=57955"}],"curies":[{"name":"wp","href":"https:\/\/api.w.org\/{rel}","templated":true}]}}