{"id":57410,"date":"2025-02-22T11:41:53","date_gmt":"2025-02-22T10:48:22","guid":{"rendered":"https:\/\/memorabilia-germany.de\/produkt\/2012-panini-nba-hoops-basketball-cardshobby-pack\/"},"modified":"2026-04-03T15:40:09","modified_gmt":"2026-04-03T13:40:09","slug":"2012-panini-nba-hoops-basketball-cardshobby-pack","status":"publish","type":"product","link":"https:\/\/memorabilia-germany.de\/fr\/produit\/2012-panini-nba-hoops-basketball-cardshobby-pack\/","title":{"rendered":"2012 Panini NBA HOOPS Basketball Cards<\/br>Hobby Pack"},"content":{"rendered":"","protected":false},"excerpt":{"rendered":"<p><strong>Paquet non ouvert de NBA Trading Cards, original de l&rsquo;ann\u00e9e 2012 avec une chance de gagner des autographes de champions, des cartes de recrues de l&rsquo;\u00e9quipe Kobe All Rookie et des signatures de recrues Impact. Des champions back2back ! Le Miami Heat, avec LeBron James et Dwyane Wade, a de nouveau r\u00e9ussi \u00e0 ramener la couronne NBA \u00e0 Miami lors de la saison 2012\/13. Les San Antonio Spurs ont \u00e9t\u00e9 battus en 7 matchs par Miami. Pour LeBron, il s&rsquo;agissait d&rsquo;une revanche tardive sur les finales perdues de 2007, qu&rsquo;il avait perdues en quatre matchs avec les Cavs, alors qu&rsquo;il \u00e9tait encore un jeune joueur. Tim Duncan s&rsquo;est empar\u00e9 de LeBron \u00e0 cette \u00e9poque, l&rsquo;a remerci\u00e9 pour la s\u00e9rie de finales et lui a pr\u00e9dit une grande carri\u00e8re en NBA. Il avait raison !      <\/strong><br \/>\n<strong>Outre LeBron et Wade, d&rsquo;autres grands noms se sont m\u00eal\u00e9s \u00e0 la liste des stars actives de la NBA, beaucoup sont encore en activit\u00e9 aujourd&rsquo;hui, d&rsquo;autres ont pris leur retraite : Kevin Durant, Carmelo Anthony, LaMarcus Aldridge, Steph Curry, Dwight Howard ou James Harden. Et bien s\u00fbr, Kobe Bryant \u00e9tait toujours actif.  Pour plus d&rsquo;informations, voir ci-dessous.<\/strong><\/p>\n<ul style=\"list-style-type: square;\">\n<li>Contenu du pack : 8 cartes<\/li>\n<li>Ann\u00e9e de publication : 2012<\/li>\n<li>Marque : NBA HOOPS (Panini)<\/li>\n<li>Pays : \u00c9tats-Unis<\/li>\n<li>Le colis (\u00ab Hobby Pack \u00bb) provient d&rsquo;une \u00ab Hobby Box \u00bb ouverte par Memorabilia Germany, qui contient un total de 36 colis. Tous les paquets sont en parfait \u00e9tat malgr\u00e9 leur \u00e2ge.<\/li>\n<li>Diverse HOOPS Autograph Subsets dans cette s\u00e9rie !<\/li>\n<li>Pour cette s\u00e9rie, des cartes HOOPS originales de 1989 ont \u00e9t\u00e9 \u00e9quip\u00e9es d&rsquo;autographes originaux des anciennes l\u00e9gendes de la NBA et frapp\u00e9es d&rsquo;un \u00ab\u00a0Recollection Collection Stamp\u00a0\u00bb !<\/li>\n<li>Double Draft Kobe Power : trouvez des cartes rookies de la draft 2011\/12 et 2012\/13 dans un set sp\u00e9cial Kobe. La classe Rookie d&rsquo;Anthony Davis, Damian Lillard et Kyrie Irving ! <\/li>\n<li>NBA HOOPS 2012 Autographs, Memorabilia Cards &amp; Parallel Highlights :\n<ul style=\"list-style-type: circle;\">\n<li>Rookie Impact Signatures<\/li>\n<li>Draft Night Signatures<\/li>\n<li>NBA Top Player Autographs<\/li>\n<li>Autographed 1989-90 HOOPS Recollection Collection<\/li>\n<li>One of One Artist\u2019s Proof Black Parallels<\/li>\n<li>Kobe All Rookies<\/li>\n<li>Durantula Cards<\/li>\n<li>Spark Plugs<\/li>\n<li>Board Members<\/li>\n<li>SP Miami Heat 2011\/12 Champions Card<\/li>\n<\/ul>\n<\/li>\n<li>Retrouvez les cartes originales des l\u00e9gendes de la NBA de 2012 comme Kobe Bryant, Steph Curry, Kevin Durant, James Harden, Carmelo Anthony ou LeBron James. <\/li>\n<li>La s\u00e9rie comprend \u00e9galement des cartes de recrues des superstars actuelles de la NBA issues de la draft NBA de 2012, comme Anthony Davis, Damian Lillard, Isaiah Thomas, Kawhi Leonard, Klay Thompson ou Kyrie Irving !<\/li>\n<li>Nos Trading Cards \u00ab\u00a0vintage\u00a0\u00bb sont un r\u00eave pour tout nostalgique et pour tout collectionneur, car il ne s&rsquo;agit pas de reproductions des cartes pr\u00e9c\u00e9dentes, mais tous les paquets sont originaux et datent de l&rsquo;\u00e9poque o\u00f9 ils ont \u00e9t\u00e9 publi\u00e9s.<\/li>\n<\/ul>\n<p>Tu trouveras plus de Trading Cards d&rsquo;autrefois <strong><br \/>\n  <a href=\"https:\/\/memorabilia-germany.de\/fr\/trading-cards\">ici<\/a><br \/>\n<\/strong>.<\/p>\n","protected":false},"featured_media":57380,"template":"","meta":{"_acf_changed":false,"ocean_post_layout":"","ocean_both_sidebars_style":"","ocean_both_sidebars_content_width":0,"ocean_both_sidebars_sidebars_width":0,"ocean_sidebar":"0","ocean_second_sidebar":"0","ocean_disable_margins":"enable","ocean_add_body_class":"","ocean_shortcode_before_top_bar":"","ocean_shortcode_after_top_bar":"","ocean_shortcode_before_header":"","ocean_shortcode_after_header":"","ocean_has_shortcode":"","ocean_shortcode_after_title":"","ocean_shortcode_before_footer_widgets":"","ocean_shortcode_after_footer_widgets":"","ocean_shortcode_before_footer_bottom":"","ocean_shortcode_after_footer_bottom":"","ocean_display_top_bar":"default","ocean_display_header":"default","ocean_header_style":"","ocean_center_header_left_menu":"0","ocean_custom_header_template":"0","ocean_custom_logo":0,"ocean_custom_retina_logo":0,"ocean_custom_logo_max_width":0,"ocean_custom_logo_tablet_max_width":0,"ocean_custom_logo_mobile_max_width":0,"ocean_custom_logo_max_height":0,"ocean_custom_logo_tablet_max_height":0,"ocean_custom_logo_mobile_max_height":0,"ocean_header_custom_menu":"0","ocean_menu_typo_font_family":"0","ocean_menu_typo_font_subset":"","ocean_menu_typo_font_size":0,"ocean_menu_typo_font_size_tablet":0,"ocean_menu_typo_font_size_mobile":0,"ocean_menu_typo_font_size_unit":"px","ocean_menu_typo_font_weight":"","ocean_menu_typo_font_weight_tablet":"","ocean_menu_typo_font_weight_mobile":"","ocean_menu_typo_transform":"","ocean_menu_typo_transform_tablet":"","ocean_menu_typo_transform_mobile":"","ocean_menu_typo_line_height":0,"ocean_menu_typo_line_height_tablet":0,"ocean_menu_typo_line_height_mobile":0,"ocean_menu_typo_line_height_unit":"","ocean_menu_typo_spacing":0,"ocean_menu_typo_spacing_tablet":0,"ocean_menu_typo_spacing_mobile":0,"ocean_menu_typo_spacing_unit":"","ocean_menu_link_color":"","ocean_menu_link_color_hover":"","ocean_menu_link_color_active":"","ocean_menu_link_background":"","ocean_menu_link_hover_background":"","ocean_menu_link_active_background":"","ocean_menu_social_links_bg":"","ocean_menu_social_hover_links_bg":"","ocean_menu_social_links_color":"","ocean_menu_social_hover_links_color":"","ocean_disable_title":"default","ocean_disable_heading":"default","ocean_post_title":"","ocean_post_subheading":"","ocean_post_title_style":"","ocean_post_title_background_color":"","ocean_post_title_background":0,"ocean_post_title_bg_image_position":"","ocean_post_title_bg_image_attachment":"","ocean_post_title_bg_image_repeat":"","ocean_post_title_bg_image_size":"","ocean_post_title_height":0,"ocean_post_title_bg_overlay":0.5,"ocean_post_title_bg_overlay_color":"","ocean_disable_breadcrumbs":"default","ocean_breadcrumbs_color":"","ocean_breadcrumbs_separator_color":"","ocean_breadcrumbs_links_color":"","ocean_breadcrumbs_links_hover_color":"","ocean_display_footer_widgets":"default","ocean_display_footer_bottom":"default","ocean_custom_footer_template":"0","ofc_enable_fullscreen":"disable","ofc_fullscreen_speed":0,"ofc_fullscreen_nav":"enable","ofc_fullscreen_nav_pos":"right","ofc_fullscreen_nav_color":"","ofc_fullscreen_nav_tooltip_color":"","ofc_fullscreen_responsive":0},"product_brand":[],"product_cat":[3783],"product_tag":[],"class_list":{"0":"post-57410","1":"product","2":"type-product","3":"status-publish","4":"has-post-thumbnail","6":"product_cat-2012-panini-nba-hoops-basketball-cards-hobby-pack-fr","7":"product_shipping_class-classe-dexpedition_b","9":"entry","10":"has-media","12":"first","13":"instock","14":"taxable","15":"shipping-taxable","16":"purchasable","17":"product-type-simple","18":"col","19":"span_1_of_4","20":"owp-content-center","21":"owp-thumbs-layout-horizontal","22":"owp-btn-normal","23":"owp-tabs-layout-horizontal"},"acf":[],"_links":{"self":[{"href":"https:\/\/memorabilia-germany.de\/fr\/wp-json\/wp\/v2\/product\/57410","targetHints":{"allow":["GET"]}}],"collection":[{"href":"https:\/\/memorabilia-germany.de\/fr\/wp-json\/wp\/v2\/product"}],"about":[{"href":"https:\/\/memorabilia-germany.de\/fr\/wp-json\/wp\/v2\/types\/product"}],"version-history":[{"count":0,"href":"https:\/\/memorabilia-germany.de\/fr\/wp-json\/wp\/v2\/product\/57410\/revisions"}],"wp:featuredmedia":[{"embeddable":true,"href":"https:\/\/memorabilia-germany.de\/fr\/wp-json\/wp\/v2\/media\/57380"}],"wp:attachment":[{"href":"https:\/\/memorabilia-germany.de\/fr\/wp-json\/wp\/v2\/media?parent=57410"}],"wp:term":[{"taxonomy":"product_brand","embeddable":true,"href":"https:\/\/memorabilia-germany.de\/fr\/wp-json\/wp\/v2\/product_brand?post=57410"},{"taxonomy":"product_cat","embeddable":true,"href":"https:\/\/memorabilia-germany.de\/fr\/wp-json\/wp\/v2\/product_cat?post=57410"},{"taxonomy":"product_tag","embeddable":true,"href":"https:\/\/memorabilia-germany.de\/fr\/wp-json\/wp\/v2\/product_tag?post=57410"}],"curies":[{"name":"wp","href":"https:\/\/api.w.org\/{rel}","templated":true}]}}