{"id":57260,"date":"2025-02-20T12:41:19","date_gmt":"2025-02-20T11:41:19","guid":{"rendered":"https:\/\/memorabilia-germany.de\/produkt\/1999-upper-deck-mvp-basketballsingle-pack-hobby-box\/"},"modified":"2025-11-16T14:03:52","modified_gmt":"2025-11-16T13:03:52","slug":"1999-upper-deck-mvp-basketballsingle-pack-hobby-box","status":"publish","type":"product","link":"https:\/\/memorabilia-germany.de\/fr\/produit\/1999-upper-deck-mvp-basketballsingle-pack-hobby-box\/","title":{"rendered":"1999 Upper Deck MVP Basketball<\/br>Single Pack (Hobby Box)"},"content":{"rendered":"","protected":false},"excerpt":{"rendered":"<p><strong>Paquet non ouvert NBA Trading Cards, original de 1999 avec une chance de Michael Jordan Gold Scripts, Pro Sign Autographs et Hobby Exclusive Game Used Memorabilia Cards. Des l\u00e9gendes comme Kobe Bryant, Kevin Garnett et Shaquille O&rsquo;Neal ont jou\u00e9 en NBA et la saison de la derni\u00e8re ann\u00e9e du vieux mill\u00e9naire a apport\u00e9 quelques changements. Charles Barkley a \u00e9t\u00e9 gri\u00e8vement bless\u00e9 mais a pu revenir pour un dernier match avant de prendre sa retraite, le l\u00e9gendaire Patrick Ewing a quitt\u00e9 les Knicks de New York pour Seattle et plusieurs \u00e9quipes ont emm\u00e9nag\u00e9 dans leurs nouveaux stades. Les Lakers et les Clippers ont \u00e9galement jou\u00e9 pour la premi\u00e8re fois dans leur nouvelle ar\u00e8ne, le Staples Center. Alors que les Clippers ont termin\u00e9 la saison r\u00e9guli\u00e8re comme la pire \u00e9quipe de la ligue, les Lakers ont r\u00e9ussi \u00e0 remporter la finale NBA contre l&rsquo;Indiana. Pour plus d&rsquo;informations, voir ci-dessous.<\/strong><\/p>\n<ul style=\"list-style-type: square;\">\n<li>Contenu du pack : 10 cartes<\/li>\n<li>Ann\u00e9e de parution : 1999<\/li>\n<li>Marke: Upper Deck MVP (Upper Deck)<\/li>\n<li>Pays : \u00c9tats-Unis<\/li>\n<li>Le paquet (\u00ab\u00a0Single Pack\u00a0\u00bb) provient d&rsquo;une bo\u00eete de Memorabilia Germany Hobby Box\u00a0\u00bb ouverte, contenant au total 28 paquets. Tous les paquets sont en parfait \u00e9tat malgr\u00e9 leur \u00e2ge.<\/li>\n<li>Trouver Michael Jordan Gold Scripts, Game Used Memorabilia Cards &amp; Autograph Pro Sign Cards dans cette s\u00e9rie !<\/li>\n<li>Jordan\u2019s MVP Moments Inserts dans cette s\u00e9rie !<\/li>\n<li>Retrouvez les cartes originales des l\u00e9gendes de la NBA de 1999 comme Kobe Bryant, Michael Jordan, Charles Barkley, Kevin Garnett, Patrick Ewing ou Shaquille O&rsquo;Neal. La s\u00e9rie comprend \u00e9galement des cartes de recrues des superstars de la NBA issues de la draft NBA de 1999 comme Shawn Marion, Steve Francis ou Andre Miller. <\/li>\n<li>MVP Autographs , Memorabilia Cards &amp; Special Inserts de 1999 :\n<ul style=\"list-style-type: circle;\">\n<li>Pro Sign Autograph Cards <\/li>\n<li>Game Used Memorabilia Cards<\/li>\n<li>Jordan\u2019s MVP Moments<\/li>\n<li>Gold Scripts<\/li>\n<li>Super Scripts<\/li>\n<li>Electrifying<\/li>\n<li>MVP Theatre<\/li>\n<li>Jam Time<\/li>\n<li>21s Century<\/li>\n<li>Dynamics Inserts<\/li>\n<li>Draw Your Own Contest Cards<\/li>\n<\/ul>\n<\/li>\n<li>Background Infos 1999 : En cette derni\u00e8re ann\u00e9e du 20e si\u00e8cle, l&rsquo;humanit\u00e9 se pr\u00e9pare \u00e0 entrer dans le mill\u00e9naire. Des rumeurs sur l&rsquo;effondrement des syst\u00e8mes informatiques et d&rsquo;autres sc\u00e9narios circulent, mais elles s&rsquo;av\u00e9reront fausses \u00e0 la fin de l&rsquo;ann\u00e9e. La l\u00e9gende du hockey sur glace Wayne Gretzky met un terme \u00e0 sa carri\u00e8re et reste \u00e0 ce jour consid\u00e9r\u00e9 comme le meilleur joueur de NHL de tous les temps. Les salles de cin\u00e9ma continuent de produire des classiques comme \u00ab\u00a0Blair Witch Project\u00a0\u00bb ou \u00ab\u00a0Matrix\u00a0\u00bb et les hit-parades accueillent des chansons de Britney Spears, des Backstreet Boys ou des Destiny&rsquo;s Child. Nos Trading Cards \u00ab\u00a0vintage\u00a0\u00bb sont un r\u00eave pour tout nostalgique et pour tout collectionneur, car il ne s&rsquo;agit pas de reproductions des cartes pr\u00e9c\u00e9dentes, mais tous les paquets sont originaux et datent de l&rsquo;\u00e9poque o\u00f9 ils ont \u00e9t\u00e9 publi\u00e9s.<\/li>\n<\/ul>\n<p>Tu trouveras plus de Trading Cards d&rsquo;autrefois <strong><br \/>\n  <a href=\"https:\/\/memorabilia-germany.de\/fr\/trading-cards-2\/\">ici<\/a><br \/>\n<\/strong>.<\/p>\n","protected":false},"featured_media":57231,"template":"","meta":{"_acf_changed":false,"ocean_post_layout":"","ocean_both_sidebars_style":"","ocean_both_sidebars_content_width":0,"ocean_both_sidebars_sidebars_width":0,"ocean_sidebar":"0","ocean_second_sidebar":"0","ocean_disable_margins":"enable","ocean_add_body_class":"","ocean_shortcode_before_top_bar":"","ocean_shortcode_after_top_bar":"","ocean_shortcode_before_header":"","ocean_shortcode_after_header":"","ocean_has_shortcode":"","ocean_shortcode_after_title":"","ocean_shortcode_before_footer_widgets":"","ocean_shortcode_after_footer_widgets":"","ocean_shortcode_before_footer_bottom":"","ocean_shortcode_after_footer_bottom":"","ocean_display_top_bar":"default","ocean_display_header":"default","ocean_header_style":"","ocean_center_header_left_menu":"0","ocean_custom_header_template":"0","ocean_custom_logo":0,"ocean_custom_retina_logo":0,"ocean_custom_logo_max_width":0,"ocean_custom_logo_tablet_max_width":0,"ocean_custom_logo_mobile_max_width":0,"ocean_custom_logo_max_height":0,"ocean_custom_logo_tablet_max_height":0,"ocean_custom_logo_mobile_max_height":0,"ocean_header_custom_menu":"0","ocean_menu_typo_font_family":"0","ocean_menu_typo_font_subset":"","ocean_menu_typo_font_size":0,"ocean_menu_typo_font_size_tablet":0,"ocean_menu_typo_font_size_mobile":0,"ocean_menu_typo_font_size_unit":"px","ocean_menu_typo_font_weight":"","ocean_menu_typo_font_weight_tablet":"","ocean_menu_typo_font_weight_mobile":"","ocean_menu_typo_transform":"","ocean_menu_typo_transform_tablet":"","ocean_menu_typo_transform_mobile":"","ocean_menu_typo_line_height":0,"ocean_menu_typo_line_height_tablet":0,"ocean_menu_typo_line_height_mobile":0,"ocean_menu_typo_line_height_unit":"","ocean_menu_typo_spacing":0,"ocean_menu_typo_spacing_tablet":0,"ocean_menu_typo_spacing_mobile":0,"ocean_menu_typo_spacing_unit":"","ocean_menu_link_color":"","ocean_menu_link_color_hover":"","ocean_menu_link_color_active":"","ocean_menu_link_background":"","ocean_menu_link_hover_background":"","ocean_menu_link_active_background":"","ocean_menu_social_links_bg":"","ocean_menu_social_hover_links_bg":"","ocean_menu_social_links_color":"","ocean_menu_social_hover_links_color":"","ocean_disable_title":"default","ocean_disable_heading":"default","ocean_post_title":"","ocean_post_subheading":"","ocean_post_title_style":"","ocean_post_title_background_color":"","ocean_post_title_background":0,"ocean_post_title_bg_image_position":"","ocean_post_title_bg_image_attachment":"","ocean_post_title_bg_image_repeat":"","ocean_post_title_bg_image_size":"","ocean_post_title_height":0,"ocean_post_title_bg_overlay":0.5,"ocean_post_title_bg_overlay_color":"","ocean_disable_breadcrumbs":"default","ocean_breadcrumbs_color":"","ocean_breadcrumbs_separator_color":"","ocean_breadcrumbs_links_color":"","ocean_breadcrumbs_links_hover_color":"","ocean_display_footer_widgets":"default","ocean_display_footer_bottom":"default","ocean_custom_footer_template":"0","ofc_enable_fullscreen":"disable","ofc_fullscreen_speed":0,"ofc_fullscreen_nav":"enable","ofc_fullscreen_nav_pos":"right","ofc_fullscreen_nav_color":"","ofc_fullscreen_nav_tooltip_color":"","ofc_fullscreen_responsive":0},"product_brand":[],"product_cat":[3771],"product_tag":[],"class_list":{"0":"post-57260","1":"product","2":"type-product","3":"status-publish","4":"has-post-thumbnail","6":"product_cat-1999-upper-deck-mvp-basketball-single-pack-hobby-box-fr","7":"product_shipping_class-classe-dexpedition_b","9":"entry","10":"has-media","12":"first","13":"instock","14":"taxable","15":"shipping-taxable","16":"purchasable","17":"product-type-simple","18":"col","19":"span_1_of_4","20":"owp-content-center","21":"owp-thumbs-layout-horizontal","22":"owp-btn-normal","23":"owp-tabs-layout-horizontal"},"acf":[],"_links":{"self":[{"href":"https:\/\/memorabilia-germany.de\/fr\/wp-json\/wp\/v2\/product\/57260","targetHints":{"allow":["GET"]}}],"collection":[{"href":"https:\/\/memorabilia-germany.de\/fr\/wp-json\/wp\/v2\/product"}],"about":[{"href":"https:\/\/memorabilia-germany.de\/fr\/wp-json\/wp\/v2\/types\/product"}],"version-history":[{"count":0,"href":"https:\/\/memorabilia-germany.de\/fr\/wp-json\/wp\/v2\/product\/57260\/revisions"}],"wp:featuredmedia":[{"embeddable":true,"href":"https:\/\/memorabilia-germany.de\/fr\/wp-json\/wp\/v2\/media\/57231"}],"wp:attachment":[{"href":"https:\/\/memorabilia-germany.de\/fr\/wp-json\/wp\/v2\/media?parent=57260"}],"wp:term":[{"taxonomy":"product_brand","embeddable":true,"href":"https:\/\/memorabilia-germany.de\/fr\/wp-json\/wp\/v2\/product_brand?post=57260"},{"taxonomy":"product_cat","embeddable":true,"href":"https:\/\/memorabilia-germany.de\/fr\/wp-json\/wp\/v2\/product_cat?post=57260"},{"taxonomy":"product_tag","embeddable":true,"href":"https:\/\/memorabilia-germany.de\/fr\/wp-json\/wp\/v2\/product_tag?post=57260"}],"curies":[{"name":"wp","href":"https:\/\/api.w.org\/{rel}","templated":true}]}}