{"id":57004,"date":"2025-02-19T13:41:46","date_gmt":"2025-02-19T12:47:00","guid":{"rendered":"https:\/\/memorabilia-germany.de\/produkt\/2002-topps-nba-basketball-cardsretail-pack\/"},"modified":"2026-04-03T15:40:08","modified_gmt":"2026-04-03T13:40:08","slug":"2002-topps-nba-basketball-cardsretail-pack","status":"publish","type":"product","link":"https:\/\/memorabilia-germany.de\/fr\/produit\/2002-topps-nba-basketball-cardsretail-pack\/","title":{"rendered":"2002 topps NBA Basketball Cards<\/br>Retail Pack"},"content":{"rendered":"","protected":false},"excerpt":{"rendered":"<p><strong>Paquet non ouvert de NBA Trading Cards, original de 2002 avec une chance d&rsquo;obtenir des autographes de Superstar et Shaq Attack Relic Memorabilia Cards. Le grand titre de la saison NBA 2002\/03 \u00e9tait probablement \u00ab\u00a0Michael Jordan&rsquo;s last dance\u00a0\u00bb &#8211; c&rsquo;\u00e9tait la derni\u00e8re saison du plus grand joueur de tous les temps, qui a attaqu\u00e9 une derni\u00e8re fois pour les Washington Wizards entre 2001 et 2003. Le 16 avril 2003, la l\u00e9gende a fait ses adieux d\u00e9finitifs au basket-ball actif lors du match \u00e0 Philadelphie. De plus, c&rsquo;\u00e9tait la premi\u00e8re saison depuis 1998\/99 que les Los Angeles Lakers ne participaient pas aux finales de la NBA. Les Spurs ont battu les Nets du New Jersey en 6 matchs et Tim Duncan a \u00e9t\u00e9 \u00e9lu MVP des finales.     Pour plus d&rsquo;informations, voir ci-dessous.<\/strong><\/p>\n<ul style=\"list-style-type: square;\">\n<li>Contenu du pack : 10 cartes<\/li>\n<li>Ann\u00e9e de publication : 2002<\/li>\n<li>Marque: topps<\/li>\n<li>Pays : \u00c9tats-Unis<\/li>\n<li>Le paquet (\u00ab\u00a0Retail Pack\u00a0\u00bb) provient d&rsquo;une bo\u00eete ouverte par Memorabilia Germany ouvert, contenant un total de 36 paquets. Tous les paquets sont en parfait \u00e9tat malgr\u00e9 leur \u00e2ge.<\/li>\n<li>La s\u00e9rie Retail brille avec de nombreux Autograph &amp; Memorabilia CardsShaq Attack, Slam Duncan ou Dirk Nowitzki Relics.<\/li>\n<li>Michael Jordan&rsquo;s Final Season Wizards Cards dans cette s\u00e9rie !<\/li>\n<li>Trouvez les cartes de recrue Yao Ming dans cette s\u00e9rie !<\/li>\n<li>Topps 2002 Autographs, Memorabilia Cards &amp; Parallels:\n<ul style=\"list-style-type: circle;\">\n<li>Superstar Autographs <\/li>\n<li>Shaq Attack + Slam Duncan Relics <\/li>\n<li>All-Star Remnants Relics<\/li>\n<li>Coast to Coast Inserts<\/li>\n<li>Verticality Inserts<\/li>\n<li>Top tandems<\/li>\n<li>Black Border Parallels<\/li>\n<li>Around the World<\/li>\n<\/ul>\n<\/li>\n<li>Retrouvez les cartes originales des l\u00e9gendes de la NBA de 2002 comme Kobe Bryant, Tim Duncan, Allen Iverson, Kevin Garnett, Shaquille O&rsquo;Neal, Dirk Nowitzki ou Michael Jordan. La s\u00e9rie comprend \u00e9galement des cartes de recrues de superstars NBA ult\u00e9rieures comme Yao Ming, Caron Butler ou Amar&rsquo;e Stoudemire ! <\/li>\n<li>Background Infos 2002 : L&rsquo;euro devient la monnaie officielle dans 12 des 15 pays de l&rsquo;UE. Le site web le plus visit\u00e9 au monde est AOL, mais le site moyen &#8211; petit fait amusant &#8211; mettait 16 secondes \u00e0 se charger. En Formule 1, Michael Schumacher devient champion du monde pour la cinqui\u00e8me fois et les fr\u00e8res Klitschko mettent \u00e0 terre tout ce qui ne peut pas courir assez vite.  <\/li>\n<\/ul>\n<p>Tu trouveras plus de Trading Cards d&rsquo;autrefois <strong><br \/>\n  <a href=\"https:\/\/memorabilia-germany.de\/fr\/trading-cards\">ici<\/a><br \/>\n<\/strong>.<\/p>\n","protected":false},"featured_media":56974,"template":"","meta":{"_acf_changed":false,"ocean_post_layout":"","ocean_both_sidebars_style":"","ocean_both_sidebars_content_width":0,"ocean_both_sidebars_sidebars_width":0,"ocean_sidebar":"0","ocean_second_sidebar":"0","ocean_disable_margins":"enable","ocean_add_body_class":"","ocean_shortcode_before_top_bar":"","ocean_shortcode_after_top_bar":"","ocean_shortcode_before_header":"","ocean_shortcode_after_header":"","ocean_has_shortcode":"","ocean_shortcode_after_title":"","ocean_shortcode_before_footer_widgets":"","ocean_shortcode_after_footer_widgets":"","ocean_shortcode_before_footer_bottom":"","ocean_shortcode_after_footer_bottom":"","ocean_display_top_bar":"default","ocean_display_header":"default","ocean_header_style":"","ocean_center_header_left_menu":"0","ocean_custom_header_template":"0","ocean_custom_logo":0,"ocean_custom_retina_logo":0,"ocean_custom_logo_max_width":0,"ocean_custom_logo_tablet_max_width":0,"ocean_custom_logo_mobile_max_width":0,"ocean_custom_logo_max_height":0,"ocean_custom_logo_tablet_max_height":0,"ocean_custom_logo_mobile_max_height":0,"ocean_header_custom_menu":"0","ocean_menu_typo_font_family":"0","ocean_menu_typo_font_subset":"","ocean_menu_typo_font_size":0,"ocean_menu_typo_font_size_tablet":0,"ocean_menu_typo_font_size_mobile":0,"ocean_menu_typo_font_size_unit":"px","ocean_menu_typo_font_weight":"","ocean_menu_typo_font_weight_tablet":"","ocean_menu_typo_font_weight_mobile":"","ocean_menu_typo_transform":"","ocean_menu_typo_transform_tablet":"","ocean_menu_typo_transform_mobile":"","ocean_menu_typo_line_height":0,"ocean_menu_typo_line_height_tablet":0,"ocean_menu_typo_line_height_mobile":0,"ocean_menu_typo_line_height_unit":"","ocean_menu_typo_spacing":0,"ocean_menu_typo_spacing_tablet":0,"ocean_menu_typo_spacing_mobile":0,"ocean_menu_typo_spacing_unit":"","ocean_menu_link_color":"","ocean_menu_link_color_hover":"","ocean_menu_link_color_active":"","ocean_menu_link_background":"","ocean_menu_link_hover_background":"","ocean_menu_link_active_background":"","ocean_menu_social_links_bg":"","ocean_menu_social_hover_links_bg":"","ocean_menu_social_links_color":"","ocean_menu_social_hover_links_color":"","ocean_disable_title":"default","ocean_disable_heading":"default","ocean_post_title":"","ocean_post_subheading":"","ocean_post_title_style":"","ocean_post_title_background_color":"","ocean_post_title_background":0,"ocean_post_title_bg_image_position":"","ocean_post_title_bg_image_attachment":"","ocean_post_title_bg_image_repeat":"","ocean_post_title_bg_image_size":"","ocean_post_title_height":0,"ocean_post_title_bg_overlay":0.5,"ocean_post_title_bg_overlay_color":"","ocean_disable_breadcrumbs":"default","ocean_breadcrumbs_color":"","ocean_breadcrumbs_separator_color":"","ocean_breadcrumbs_links_color":"","ocean_breadcrumbs_links_hover_color":"","ocean_display_footer_widgets":"default","ocean_display_footer_bottom":"default","ocean_custom_footer_template":"0","ofc_enable_fullscreen":"disable","ofc_fullscreen_speed":0,"ofc_fullscreen_nav":"enable","ofc_fullscreen_nav_pos":"right","ofc_fullscreen_nav_color":"","ofc_fullscreen_nav_tooltip_color":"","ofc_fullscreen_responsive":0},"product_brand":[],"product_cat":[1811],"product_tag":[],"class_list":{"0":"post-57004","1":"product","2":"type-product","3":"status-publish","4":"has-post-thumbnail","6":"product_cat-non-classe","7":"product_shipping_class-classe-dexpedition_b","9":"entry","10":"has-media","12":"first","13":"instock","14":"taxable","15":"shipping-taxable","16":"purchasable","17":"product-type-simple","18":"col","19":"span_1_of_4","20":"owp-content-center","21":"owp-thumbs-layout-horizontal","22":"owp-btn-normal","23":"owp-tabs-layout-horizontal"},"acf":[],"_links":{"self":[{"href":"https:\/\/memorabilia-germany.de\/fr\/wp-json\/wp\/v2\/product\/57004","targetHints":{"allow":["GET"]}}],"collection":[{"href":"https:\/\/memorabilia-germany.de\/fr\/wp-json\/wp\/v2\/product"}],"about":[{"href":"https:\/\/memorabilia-germany.de\/fr\/wp-json\/wp\/v2\/types\/product"}],"version-history":[{"count":0,"href":"https:\/\/memorabilia-germany.de\/fr\/wp-json\/wp\/v2\/product\/57004\/revisions"}],"wp:featuredmedia":[{"embeddable":true,"href":"https:\/\/memorabilia-germany.de\/fr\/wp-json\/wp\/v2\/media\/56974"}],"wp:attachment":[{"href":"https:\/\/memorabilia-germany.de\/fr\/wp-json\/wp\/v2\/media?parent=57004"}],"wp:term":[{"taxonomy":"product_brand","embeddable":true,"href":"https:\/\/memorabilia-germany.de\/fr\/wp-json\/wp\/v2\/product_brand?post=57004"},{"taxonomy":"product_cat","embeddable":true,"href":"https:\/\/memorabilia-germany.de\/fr\/wp-json\/wp\/v2\/product_cat?post=57004"},{"taxonomy":"product_tag","embeddable":true,"href":"https:\/\/memorabilia-germany.de\/fr\/wp-json\/wp\/v2\/product_tag?post=57004"}],"curies":[{"name":"wp","href":"https:\/\/api.w.org\/{rel}","templated":true}]}}