{"id":56951,"date":"2025-02-17T18:05:13","date_gmt":"2025-02-17T17:09:44","guid":{"rendered":"https:\/\/memorabilia-germany.de\/produkt\/2005-upper-deck-basketball-cardssingle-pack-hobby-box\/"},"modified":"2025-02-17T18:19:09","modified_gmt":"2025-02-17T17:19:09","slug":"2005-upper-deck-basketball-cardssingle-pack-hobby-box","status":"publish","type":"product","link":"https:\/\/memorabilia-germany.de\/fr\/produit\/2005-upper-deck-basketball-cardssingle-pack-hobby-box\/","title":{"rendered":"2005 Upper Deck Basketball Cards<\/br>Single Pack (Hobby Box)"},"content":{"rendered":"","protected":false},"excerpt":{"rendered":"<p><strong>Paquet non ouvert NBA Trading Cards, original de 2005 avec une chance de Lebron James Signature Sensations &amp; Michael Jordan Buy Backs.<\/strong><br \/>\n<strong>La saison 2005\/06 \u00e9tait la 60e saison anniversaire de la NBA. Le MVP de la saison a \u00e9t\u00e9 Steve Nash, qui a rencontr\u00e9 les Lakers avec les Suns d\u00e8s le premier tour des playoffs, avec Shaquille O&rsquo;Neal et Kobe Bryant, le meilleur marqueur de la saison. Malgr\u00e9 cela, Los Angeles a d\u00fb s&rsquo;avouer vaincu pendant plus de 7 matchs. Mais les Suns ont \u00e9galement re\u00e7u un billet pour la maison, d\u00e9livr\u00e9 par Dirk Nowitzki et les Dallas Mavericks. Dallas a remport\u00e9 la finale de conf\u00e9rence et s&rsquo;est finalement inclin\u00e9 en finale face au Miami Heat. Le MVP de la finale a \u00e9t\u00e9 Dwyane Wade.      Pour plus d&rsquo;informations, voir ci-dessous.<\/strong><\/p>\n<ul style=\"list-style-type: square;\">\n<li>Contenu du pack : 8 cartes<\/li>\n<li>Ann\u00e9e de publication : 2005<\/li>\n<li>Marque : Upper Deck<\/li>\n<li>Pays : \u00c9tats-Unis<\/li>\n<li>Le colis (\u00ab Hobby Pack \u00bb) provient d&rsquo;une \u00ab Hobby Box \u00bb ouverte par Memorabilia Germany, qui contient un total de 24 colis. Tous les paquets sont en parfait \u00e9tat malgr\u00e9 leur \u00e2ge.<\/li>\n<li>Cette s\u00e9rie est truff\u00e9e d&rsquo;Autograph &amp; Memorabilia Cardscomme Signature Sensations, All-Star Authentics ou Rookie Review Materials.<\/li>\n<li>Trouver LeBron James Autograph et Memorabilia Cards dans cette s\u00e9rie !<\/li>\n<li>Upper Deck 2005 MVP Autographs, Memorabilia Cards &amp; Parallels:\n<ul style=\"list-style-type: circle;\">\n<li>Signature Sensations <\/li>\n<li>Performance Clause Autograph Jersey Redemption <\/li>\n<li>Rookie Review Materials <\/li>\n<li>All-StarAuthentics <\/li>\n<li>Performance Clause Jersey Redemption<\/li>\n<li>UD Game Jerseys<\/li>\n<li>UD Game Patches<\/li>\n<li>UD Materials<\/li>\n<li>Star Rookies Gold Parallels<\/li>\n<li>Star Rookies Silver Spectrum Parallels<\/li>\n<li>Regular Player Gold Parallels<\/li>\n<\/ul>\n<\/li>\n<li>Retrouvez les cartes originales des l\u00e9gendes de la NBA de 2005 comme LeBron James, Kobe Bryant, Tim Duncan, Allen Iverson, Dwyane Wade, Shaquille O&rsquo;Neal ou Dirk Nowitzki. La s\u00e9rie comprend \u00e9galement des cartes de recrues de superstars NBA ult\u00e9rieures comme Andrew Bogut ou Chris Paul ! <\/li>\n<li>Background Infos 2005 : Bien que des \u00e9v\u00e9nements historiques se soient produits, comme l&rsquo;\u00e9lection de Joseph Ratzinger comme pape ou la premi\u00e8re mise en ligne de la plate-forme youtube, c&rsquo;est sans doute une catastrophe naturelle que beaucoup retiennent le plus lorsqu&rsquo;ils se rem\u00e9morent l&rsquo;ann\u00e9e 2005. L&rsquo;ouragan Katrina se forme fin ao\u00fbt au-dessus des Bahamas et est initialement consid\u00e9r\u00e9 comme \u00ab\u00a0mod\u00e9r\u00e9\u00a0\u00bb. Cependant, il mettra le cap sur les \u00c9tats-Unis et se transformera en tr\u00e8s peu de temps en l&rsquo;un des ouragans les plus violents jamais enregistr\u00e9s. En Louisiane et en Floride, l&rsquo;ouragan d\u00e9truira des r\u00e9gions enti\u00e8res et causera des destructions d&rsquo;une ampleur historique, en particulier dans la grande ville de la Nouvelle-Orl\u00e9ans.   <\/li>\n<\/ul>\n<p>Tu trouveras plus de Trading Cards d&rsquo;autrefois <strong><br \/>\n  <a href=\"https:\/\/memorabilia-germany.de\/fr\/trading-cards\">ici<\/a><br \/>\n<\/strong>.<\/p>\n","protected":false},"featured_media":56922,"template":"","meta":{"_acf_changed":false,"ocean_post_layout":"","ocean_both_sidebars_style":"","ocean_both_sidebars_content_width":0,"ocean_both_sidebars_sidebars_width":0,"ocean_sidebar":"0","ocean_second_sidebar":"0","ocean_disable_margins":"enable","ocean_add_body_class":"","ocean_shortcode_before_top_bar":"","ocean_shortcode_after_top_bar":"","ocean_shortcode_before_header":"","ocean_shortcode_after_header":"","ocean_has_shortcode":"","ocean_shortcode_after_title":"","ocean_shortcode_before_footer_widgets":"","ocean_shortcode_after_footer_widgets":"","ocean_shortcode_before_footer_bottom":"","ocean_shortcode_after_footer_bottom":"","ocean_display_top_bar":"default","ocean_display_header":"default","ocean_header_style":"","ocean_center_header_left_menu":"0","ocean_custom_header_template":"0","ocean_custom_logo":0,"ocean_custom_retina_logo":0,"ocean_custom_logo_max_width":0,"ocean_custom_logo_tablet_max_width":0,"ocean_custom_logo_mobile_max_width":0,"ocean_custom_logo_max_height":0,"ocean_custom_logo_tablet_max_height":0,"ocean_custom_logo_mobile_max_height":0,"ocean_header_custom_menu":"0","ocean_menu_typo_font_family":"0","ocean_menu_typo_font_subset":"","ocean_menu_typo_font_size":0,"ocean_menu_typo_font_size_tablet":0,"ocean_menu_typo_font_size_mobile":0,"ocean_menu_typo_font_size_unit":"px","ocean_menu_typo_font_weight":"","ocean_menu_typo_font_weight_tablet":"","ocean_menu_typo_font_weight_mobile":"","ocean_menu_typo_transform":"","ocean_menu_typo_transform_tablet":"","ocean_menu_typo_transform_mobile":"","ocean_menu_typo_line_height":0,"ocean_menu_typo_line_height_tablet":0,"ocean_menu_typo_line_height_mobile":0,"ocean_menu_typo_line_height_unit":"","ocean_menu_typo_spacing":0,"ocean_menu_typo_spacing_tablet":0,"ocean_menu_typo_spacing_mobile":0,"ocean_menu_typo_spacing_unit":"","ocean_menu_link_color":"","ocean_menu_link_color_hover":"","ocean_menu_link_color_active":"","ocean_menu_link_background":"","ocean_menu_link_hover_background":"","ocean_menu_link_active_background":"","ocean_menu_social_links_bg":"","ocean_menu_social_hover_links_bg":"","ocean_menu_social_links_color":"","ocean_menu_social_hover_links_color":"","ocean_disable_title":"default","ocean_disable_heading":"default","ocean_post_title":"","ocean_post_subheading":"","ocean_post_title_style":"","ocean_post_title_background_color":"","ocean_post_title_background":0,"ocean_post_title_bg_image_position":"","ocean_post_title_bg_image_attachment":"","ocean_post_title_bg_image_repeat":"","ocean_post_title_bg_image_size":"","ocean_post_title_height":0,"ocean_post_title_bg_overlay":0.5,"ocean_post_title_bg_overlay_color":"","ocean_disable_breadcrumbs":"default","ocean_breadcrumbs_color":"","ocean_breadcrumbs_separator_color":"","ocean_breadcrumbs_links_color":"","ocean_breadcrumbs_links_hover_color":"","ocean_display_footer_widgets":"default","ocean_display_footer_bottom":"default","ocean_custom_footer_template":"0","ofc_enable_fullscreen":"disable","ofc_fullscreen_speed":0,"ofc_fullscreen_nav":"enable","ofc_fullscreen_nav_pos":"right","ofc_fullscreen_nav_color":"","ofc_fullscreen_nav_tooltip_color":"","ofc_fullscreen_responsive":0},"product_brand":[],"product_cat":[3747],"product_tag":[],"class_list":{"0":"post-56951","1":"product","2":"type-product","3":"status-publish","4":"has-post-thumbnail","6":"product_cat-2005-upper-deck-basketball-cards-single-pack-hobby-box-fr","7":"product_shipping_class-classe-dexpedition_b","9":"entry","10":"has-media","12":"first","13":"instock","14":"taxable","15":"shipping-taxable","16":"purchasable","17":"product-type-simple","18":"col","19":"span_1_of_4","20":"owp-content-center","21":"owp-thumbs-layout-horizontal","22":"owp-btn-normal","23":"owp-tabs-layout-horizontal"},"acf":[],"_links":{"self":[{"href":"https:\/\/memorabilia-germany.de\/fr\/wp-json\/wp\/v2\/product\/56951","targetHints":{"allow":["GET"]}}],"collection":[{"href":"https:\/\/memorabilia-germany.de\/fr\/wp-json\/wp\/v2\/product"}],"about":[{"href":"https:\/\/memorabilia-germany.de\/fr\/wp-json\/wp\/v2\/types\/product"}],"version-history":[{"count":0,"href":"https:\/\/memorabilia-germany.de\/fr\/wp-json\/wp\/v2\/product\/56951\/revisions"}],"wp:featuredmedia":[{"embeddable":true,"href":"https:\/\/memorabilia-germany.de\/fr\/wp-json\/wp\/v2\/media\/56922"}],"wp:attachment":[{"href":"https:\/\/memorabilia-germany.de\/fr\/wp-json\/wp\/v2\/media?parent=56951"}],"wp:term":[{"taxonomy":"product_brand","embeddable":true,"href":"https:\/\/memorabilia-germany.de\/fr\/wp-json\/wp\/v2\/product_brand?post=56951"},{"taxonomy":"product_cat","embeddable":true,"href":"https:\/\/memorabilia-germany.de\/fr\/wp-json\/wp\/v2\/product_cat?post=56951"},{"taxonomy":"product_tag","embeddable":true,"href":"https:\/\/memorabilia-germany.de\/fr\/wp-json\/wp\/v2\/product_tag?post=56951"}],"curies":[{"name":"wp","href":"https:\/\/api.w.org\/{rel}","templated":true}]}}