{"id":56835,"date":"2025-02-17T15:34:14","date_gmt":"2025-02-17T14:39:24","guid":{"rendered":"https:\/\/memorabilia-germany.de\/produkt\/2000-upper-deck-sp-authentic-basketball-cardssingle-pack-hobby-box\/"},"modified":"2026-03-16T04:37:07","modified_gmt":"2026-03-16T03:37:07","slug":"2000-upper-deck-sp-authentic-basketball-cardssingle-pack-hobby-box","status":"publish","type":"product","link":"https:\/\/memorabilia-germany.de\/fr\/produit\/2000-upper-deck-sp-authentic-basketball-cardssingle-pack-hobby-box\/","title":{"rendered":"2000 Upper Deck SP Authentic Basketball Cards<\/br>Single Pack (Hobby Box)"},"content":{"rendered":"","protected":false},"excerpt":{"rendered":"<p><strong>Paquet non ouvert NBA Trading Cards, original de l&rsquo;ann\u00e9e 2000 avec une chance d&rsquo;obtenir des autographes de Michael Jordan, Dirk Nowitzki et Kobe Bryant Sign of the Times. Des l\u00e9gendes comme Allen Iverson, Reggie Miller et Kobe Bryant ont jou\u00e9 dans la NBA et m\u00eame au cours du nouveau mill\u00e9naire, les Lakers ont r\u00e9ussi \u00e0 remporter la finale NBA \u00e0 la fin de la saison. Back-to-back en tant que champion en titre. Cette fois contre les Philadelphia 76ers. Les Lakers de Shaq et Kobe ont \u00e9tabli un nouveau Postseason Record de 15-1, qui ne sera battu que lors de la saison 2016-17 par les Golden State Warriors. Pour plus d&rsquo;informations, voir ci-dessous.<\/strong><\/p>\n<ul style=\"list-style-type: square;\">\n<li>Contenu du pack : 5 cartes<\/li>\n<li>Ann\u00e9e de publication : 2000<\/li>\n<li>Marque : Upper Deck SP Authentic<\/li>\n<li>Pays : \u00c9tats-Unis<\/li>\n<li>Le colis (\u00ab Hobby Pack \u00bb) provient d&rsquo;une \u00ab Hobby Box \u00bb ouverte par Memorabilia Germany, qui contient un total de 24 colis. Tous les paquets sont en parfait \u00e9tat malgr\u00e9 leur \u00e2ge.<\/li>\n<li>Trouvez Sign of the Times Autograph Cards de l&rsquo;ann\u00e9e 2000 dans cette s\u00e9rie. Y compris des noms comme Michael Jordan, Shaq, Reggie Miller, Dirk Nowitzki ou Kobe Bryant. Des cartes grav\u00e9es de cette s\u00e9rie ont d\u00e9j\u00e0 rapport\u00e9 plus de 40.000 dollars lors de ventes aux ench\u00e8res ! Par pi\u00e8ce, bien s\u00fbr.   <\/li>\n<li>Trouvez des cartes Autograph Buy Back dans cette s\u00e9rie !<\/li>\n<li>SP Authentic Autograph &amp; Memorabilia Card Inserts:\n<ul style=\"list-style-type: circle;\">\n<li>Sign of the Times Autographs (incl. Doubles &amp; Triples)<\/li>\n<li>Sign of the Times Platinum<\/li>\n<li>Rookie F\/X Autographs<\/li>\n<li>Numbered Rookie F\/X Cards<\/li>\n<li>SP Athletic<\/li>\n<li>Buy Backs <\/li>\n<li>SPecial Forces<\/li>\n<li>SP Supremacy<\/li>\n<li>SP First Class<\/li>\n<li>Premier Powers<\/li>\n<li>SPectacular<\/li>\n<\/ul>\n<\/li>\n<li>Retrouvez les cartes originales des l\u00e9gendes de la NBA de l&rsquo;an 2000 comme Kobe Bryant, Allen Iverson, Shaquille O&rsquo;Neal, Michael Jordan ou Reggie Miller. La s\u00e9rie comprend \u00e9galement des cartes de recrue des superstars de la NBA ult\u00e9rieures du rep\u00eachage de la NBA 2000.<\/li>\n<li>Background Infos 2000 : Contrairement aux attentes de certaines sectes, le monde ne s&rsquo;est pas \u00e9croul\u00e9 lors du passage \u00e0 la nouvelle ann\u00e9e du mill\u00e9naire. Le monde de l&rsquo;informatique a \u00e9galement bien surv\u00e9cu \u00e0 la transition vers les ann\u00e9es 00. George W. Bush a succ\u00e9d\u00e9 \u00e0 Bill Clinton \u00e0 la pr\u00e9sidence des \u00c9tats-Unis et Bill Gates a quitt\u00e9 son poste de PDG de Microsoft. American Pie et American Beauty ont \u00e9t\u00e9 parmi les films les plus populaires au cin\u00e9ma et Destiny&rsquo;s Child, Linkin Park et les Black Eyed Peas se sont retrouv\u00e9s en t\u00eate des hit-parades. Nos Trading Cards \u00ab\u00a0vintage\u00a0\u00bb sont un r\u00eave pour tout nostalgique et pour tout collectionneur, car il ne s&rsquo;agit pas de reproductions des cartes pr\u00e9c\u00e9dentes, mais tous les paquets sont originaux et datent de l&rsquo;\u00e9poque o\u00f9 ils ont \u00e9t\u00e9 publi\u00e9s.<\/li>\n<\/ul>\n<p>Tu trouveras plus de Trading Cards d&rsquo;autrefois <strong><br \/>\n  <a href=\"https:\/\/memorabilia-germany.de\/fr\/trading-cards\">ici<\/a><br \/>\n<\/strong>.<\/p>\n","protected":false},"featured_media":56805,"template":"","meta":{"_acf_changed":false,"ocean_post_layout":"","ocean_both_sidebars_style":"","ocean_both_sidebars_content_width":0,"ocean_both_sidebars_sidebars_width":0,"ocean_sidebar":"0","ocean_second_sidebar":"0","ocean_disable_margins":"enable","ocean_add_body_class":"","ocean_shortcode_before_top_bar":"","ocean_shortcode_after_top_bar":"","ocean_shortcode_before_header":"","ocean_shortcode_after_header":"","ocean_has_shortcode":"","ocean_shortcode_after_title":"","ocean_shortcode_before_footer_widgets":"","ocean_shortcode_after_footer_widgets":"","ocean_shortcode_before_footer_bottom":"","ocean_shortcode_after_footer_bottom":"","ocean_display_top_bar":"default","ocean_display_header":"default","ocean_header_style":"","ocean_center_header_left_menu":"0","ocean_custom_header_template":"0","ocean_custom_logo":0,"ocean_custom_retina_logo":0,"ocean_custom_logo_max_width":0,"ocean_custom_logo_tablet_max_width":0,"ocean_custom_logo_mobile_max_width":0,"ocean_custom_logo_max_height":0,"ocean_custom_logo_tablet_max_height":0,"ocean_custom_logo_mobile_max_height":0,"ocean_header_custom_menu":"0","ocean_menu_typo_font_family":"0","ocean_menu_typo_font_subset":"","ocean_menu_typo_font_size":0,"ocean_menu_typo_font_size_tablet":0,"ocean_menu_typo_font_size_mobile":0,"ocean_menu_typo_font_size_unit":"px","ocean_menu_typo_font_weight":"","ocean_menu_typo_font_weight_tablet":"","ocean_menu_typo_font_weight_mobile":"","ocean_menu_typo_transform":"","ocean_menu_typo_transform_tablet":"","ocean_menu_typo_transform_mobile":"","ocean_menu_typo_line_height":0,"ocean_menu_typo_line_height_tablet":0,"ocean_menu_typo_line_height_mobile":0,"ocean_menu_typo_line_height_unit":"","ocean_menu_typo_spacing":0,"ocean_menu_typo_spacing_tablet":0,"ocean_menu_typo_spacing_mobile":0,"ocean_menu_typo_spacing_unit":"","ocean_menu_link_color":"","ocean_menu_link_color_hover":"","ocean_menu_link_color_active":"","ocean_menu_link_background":"","ocean_menu_link_hover_background":"","ocean_menu_link_active_background":"","ocean_menu_social_links_bg":"","ocean_menu_social_hover_links_bg":"","ocean_menu_social_links_color":"","ocean_menu_social_hover_links_color":"","ocean_disable_title":"default","ocean_disable_heading":"default","ocean_post_title":"","ocean_post_subheading":"","ocean_post_title_style":"","ocean_post_title_background_color":"","ocean_post_title_background":0,"ocean_post_title_bg_image_position":"","ocean_post_title_bg_image_attachment":"","ocean_post_title_bg_image_repeat":"","ocean_post_title_bg_image_size":"","ocean_post_title_height":0,"ocean_post_title_bg_overlay":0.5,"ocean_post_title_bg_overlay_color":"","ocean_disable_breadcrumbs":"default","ocean_breadcrumbs_color":"","ocean_breadcrumbs_separator_color":"","ocean_breadcrumbs_links_color":"","ocean_breadcrumbs_links_hover_color":"","ocean_display_footer_widgets":"default","ocean_display_footer_bottom":"default","ocean_custom_footer_template":"0","ofc_enable_fullscreen":"disable","ofc_fullscreen_speed":0,"ofc_fullscreen_nav":"enable","ofc_fullscreen_nav_pos":"right","ofc_fullscreen_nav_color":"","ofc_fullscreen_nav_tooltip_color":"","ofc_fullscreen_responsive":0},"product_brand":[],"product_cat":[3735],"product_tag":[],"class_list":{"0":"post-56835","1":"product","2":"type-product","3":"status-publish","4":"has-post-thumbnail","6":"product_cat-2000-upper-deck-sp-authentic-basketball-cards-single-pack-hobby-box-fr","7":"product_shipping_class-classe-dexpedition_b","9":"entry","10":"has-media","12":"first","13":"instock","14":"taxable","15":"shipping-taxable","16":"purchasable","17":"product-type-simple","18":"col","19":"span_1_of_4","20":"owp-content-center","21":"owp-thumbs-layout-horizontal","22":"owp-btn-normal","23":"owp-tabs-layout-horizontal"},"acf":[],"_links":{"self":[{"href":"https:\/\/memorabilia-germany.de\/fr\/wp-json\/wp\/v2\/product\/56835","targetHints":{"allow":["GET"]}}],"collection":[{"href":"https:\/\/memorabilia-germany.de\/fr\/wp-json\/wp\/v2\/product"}],"about":[{"href":"https:\/\/memorabilia-germany.de\/fr\/wp-json\/wp\/v2\/types\/product"}],"version-history":[{"count":0,"href":"https:\/\/memorabilia-germany.de\/fr\/wp-json\/wp\/v2\/product\/56835\/revisions"}],"wp:featuredmedia":[{"embeddable":true,"href":"https:\/\/memorabilia-germany.de\/fr\/wp-json\/wp\/v2\/media\/56805"}],"wp:attachment":[{"href":"https:\/\/memorabilia-germany.de\/fr\/wp-json\/wp\/v2\/media?parent=56835"}],"wp:term":[{"taxonomy":"product_brand","embeddable":true,"href":"https:\/\/memorabilia-germany.de\/fr\/wp-json\/wp\/v2\/product_brand?post=56835"},{"taxonomy":"product_cat","embeddable":true,"href":"https:\/\/memorabilia-germany.de\/fr\/wp-json\/wp\/v2\/product_cat?post=56835"},{"taxonomy":"product_tag","embeddable":true,"href":"https:\/\/memorabilia-germany.de\/fr\/wp-json\/wp\/v2\/product_tag?post=56835"}],"curies":[{"name":"wp","href":"https:\/\/api.w.org\/{rel}","templated":true}]}}