{"id":56699,"date":"2025-02-15T16:31:24","date_gmt":"2025-02-15T15:31:24","guid":{"rendered":"https:\/\/memorabilia-germany.de\/produkt\/1994-upper-deck-basketball-cardssingle-pack\/"},"modified":"2025-02-15T16:35:07","modified_gmt":"2025-02-15T15:35:07","slug":"1994-upper-deck-basketball-cardssingle-pack","status":"publish","type":"product","link":"https:\/\/memorabilia-germany.de\/fr\/produit\/1994-upper-deck-basketball-cardssingle-pack\/","title":{"rendered":"1994 Upper Deck Basketball Cards<\/br>Single Pack"},"content":{"rendered":"","protected":false},"excerpt":{"rendered":"<p><strong>Paquet non ouvert de NBA Trading Cards, originales de 1994. Des l\u00e9gendes comme David Robinson, Hakeem Olajuwon ou Michael Jordan ont jou\u00e9 dans la NBA et les Houston Rockets ont remport\u00e9 la finale de la NBA contre le Magic d&rsquo;Orlando \u00e0 la fin de la saison. Les Rockets \u00e9taient l&rsquo;\u00e9quipe la moins bien class\u00e9e, avec le \u00ab\u00a0ranking number 6\u00a0\u00bb, qui ait jamais r\u00e9ussi \u00e0 remporter les finales. De plus, la saison 1994 a connu de nombreux autres moments m\u00e9morables. Les Celtics ont jou\u00e9 leur dernier match au l\u00e9gendaire \u00ab\u00a0Boston Garden\u00a0\u00bb, tandis que les Bulls ont d\u00e9m\u00e9nag\u00e9 au \u00ab\u00a0United Center\u00a0\u00bb, bien connu aujourd&rsquo;hui. Tard dans la saison, Michael Jordan est revenu chez les Bulls apr\u00e8s avoir fait une incursion dans le monde du baseball. Sa d\u00e9claration : \u00ab\u00a0I&rsquo;m back\u00a0\u00bb &#8211; il n&rsquo;y a pas eu besoin d&rsquo;en dire plus. Comme les Bulls avaient d\u00e9j\u00e0 \u00ab\u00a0retir\u00e9\u00a0\u00bb le num\u00e9ro 23, Jordan est d&rsquo;abord entr\u00e9 sur le terrain avec le num\u00e9ro 45 sur son maillot, mais il est finalement revenu au num\u00e9ro 23 pendant les playoffs. Pour plus d&rsquo;informations, voir ci-dessous.<\/strong><\/p>\n<ul style=\"list-style-type: square;\">\n<li>Contenu du paquet : 12 cartes<\/li>\n<li>Ann\u00e9e de parution : 1994<\/li>\n<li>Marque : Upper Deck<\/li>\n<li>Pays : \u00c9tats-Unis<\/li>\n<li>S\u00e9rie : 2<\/li>\n<li>Le paquet (\u00ab\u00a0Single Pack\u00a0\u00bb) provient d&rsquo;une \u00ab\u00a0Hobby Box\u00a0\u00bb ouverte par Memorabilia Germany, qui contient 36 paquets au total. Tous les paquets sont en parfait \u00e9tat malgr\u00e9 leur \u00e2ge.<\/li>\n<li>Upper Deck Special Edition Insert Card dans chaque pack !<\/li>\n<li>Grant Hill Rookie Cards dans cette s\u00e9rie !<\/li>\n<li>Upper Deck Inserts 1994 :\n<ul style=\"list-style-type: circle;\">\n<li>Special Edition Gold Cards (incl. Michael Jordan, Shaq &amp; Scottie Pippen)<\/li>\n<li>Rookie Standouts<\/li>\n<li>Predictor Series<\/li>\n<li>Shawn Kemp Slam Dunk Stars<\/li>\n<\/ul>\n<\/li>\n<li>Retrouvez les sous-ensembles Upper Deck populaires de 1994, comme All-Rookie Team, All-NBA, USA Basketball, Draft Analysis &amp; Then and Now.<\/li>\n<li>Retrouve les cartes originales des l\u00e9gendes de la NBA de 1994 comme Michael Jordan, David Robinson, Shaquille O&rsquo;Neal ou Hakeem Olajuwon. La s\u00e9rie contient \u00e9galement des cartes de recrues de futures superstars de la NBA comme Grant Hill, Jason Kidd, Juwan Howard, Eddie Jones, ou Glenn Robinson.<\/li>\n<li>Background Infos 1994 : Nelson Mandela devient pr\u00e9sident de l&rsquo;Afrique du Sud, Sony lance la toute premi\u00e8re PlayStation au Japon, Michael Schumacher devient le premier champion du monde allemand de Formule 1 et la t\u00e9l\u00e9vision diffuse le premier \u00e9pisode de \u00ab\u00a0Friends\u00a0\u00bb. Nos Trading Cards \u00ab\u00a0vintage\u00a0\u00bb sont un r\u00eave pour tout nostalgique et pour tout collectionneur, car il ne s&rsquo;agit pas de reproductions des cartes pr\u00e9c\u00e9dentes, mais tous les paquets sont originaux et datent de l&rsquo;\u00e9poque o\u00f9 ils ont \u00e9t\u00e9 publi\u00e9s.<\/li>\n<\/ul>\n<p>Tu trouveras plus de Trading Cards d&rsquo;autrefois <strong><br \/>\n  <a href=\"https:\/\/memorabilia-germany.de\/fr\/trading-cards\">ici<\/a><br \/>\n<\/strong>.<\/p>\n","protected":false},"featured_media":56670,"template":"","meta":{"_acf_changed":false,"ocean_post_layout":"","ocean_both_sidebars_style":"","ocean_both_sidebars_content_width":0,"ocean_both_sidebars_sidebars_width":0,"ocean_sidebar":"0","ocean_second_sidebar":"0","ocean_disable_margins":"enable","ocean_add_body_class":"","ocean_shortcode_before_top_bar":"","ocean_shortcode_after_top_bar":"","ocean_shortcode_before_header":"","ocean_shortcode_after_header":"","ocean_has_shortcode":"","ocean_shortcode_after_title":"","ocean_shortcode_before_footer_widgets":"","ocean_shortcode_after_footer_widgets":"","ocean_shortcode_before_footer_bottom":"","ocean_shortcode_after_footer_bottom":"","ocean_display_top_bar":"default","ocean_display_header":"default","ocean_header_style":"","ocean_center_header_left_menu":"0","ocean_custom_header_template":"0","ocean_custom_logo":0,"ocean_custom_retina_logo":0,"ocean_custom_logo_max_width":0,"ocean_custom_logo_tablet_max_width":0,"ocean_custom_logo_mobile_max_width":0,"ocean_custom_logo_max_height":0,"ocean_custom_logo_tablet_max_height":0,"ocean_custom_logo_mobile_max_height":0,"ocean_header_custom_menu":"0","ocean_menu_typo_font_family":"0","ocean_menu_typo_font_subset":"","ocean_menu_typo_font_size":0,"ocean_menu_typo_font_size_tablet":0,"ocean_menu_typo_font_size_mobile":0,"ocean_menu_typo_font_size_unit":"px","ocean_menu_typo_font_weight":"","ocean_menu_typo_font_weight_tablet":"","ocean_menu_typo_font_weight_mobile":"","ocean_menu_typo_transform":"","ocean_menu_typo_transform_tablet":"","ocean_menu_typo_transform_mobile":"","ocean_menu_typo_line_height":0,"ocean_menu_typo_line_height_tablet":0,"ocean_menu_typo_line_height_mobile":0,"ocean_menu_typo_line_height_unit":"","ocean_menu_typo_spacing":0,"ocean_menu_typo_spacing_tablet":0,"ocean_menu_typo_spacing_mobile":0,"ocean_menu_typo_spacing_unit":"","ocean_menu_link_color":"","ocean_menu_link_color_hover":"","ocean_menu_link_color_active":"","ocean_menu_link_background":"","ocean_menu_link_hover_background":"","ocean_menu_link_active_background":"","ocean_menu_social_links_bg":"","ocean_menu_social_hover_links_bg":"","ocean_menu_social_links_color":"","ocean_menu_social_hover_links_color":"","ocean_disable_title":"default","ocean_disable_heading":"default","ocean_post_title":"","ocean_post_subheading":"","ocean_post_title_style":"","ocean_post_title_background_color":"","ocean_post_title_background":0,"ocean_post_title_bg_image_position":"","ocean_post_title_bg_image_attachment":"","ocean_post_title_bg_image_repeat":"","ocean_post_title_bg_image_size":"","ocean_post_title_height":0,"ocean_post_title_bg_overlay":0.5,"ocean_post_title_bg_overlay_color":"","ocean_disable_breadcrumbs":"default","ocean_breadcrumbs_color":"","ocean_breadcrumbs_separator_color":"","ocean_breadcrumbs_links_color":"","ocean_breadcrumbs_links_hover_color":"","ocean_display_footer_widgets":"default","ocean_display_footer_bottom":"default","ocean_custom_footer_template":"0","ofc_enable_fullscreen":"disable","ofc_fullscreen_speed":0,"ofc_fullscreen_nav":"enable","ofc_fullscreen_nav_pos":"right","ofc_fullscreen_nav_color":"","ofc_fullscreen_nav_tooltip_color":"","ofc_fullscreen_responsive":0},"product_brand":[],"product_cat":[3723],"product_tag":[],"class_list":{"0":"post-56699","1":"product","2":"type-product","3":"status-publish","4":"has-post-thumbnail","6":"product_cat-1994-upper-deck-basketball-cards-single-pack-fr","7":"product_shipping_class-classe-dexpedition_b","9":"entry","10":"has-media","12":"first","13":"instock","14":"taxable","15":"shipping-taxable","16":"purchasable","17":"product-type-simple","18":"col","19":"span_1_of_4","20":"owp-content-center","21":"owp-thumbs-layout-horizontal","22":"owp-btn-normal","23":"owp-tabs-layout-horizontal"},"acf":[],"_links":{"self":[{"href":"https:\/\/memorabilia-germany.de\/fr\/wp-json\/wp\/v2\/product\/56699","targetHints":{"allow":["GET"]}}],"collection":[{"href":"https:\/\/memorabilia-germany.de\/fr\/wp-json\/wp\/v2\/product"}],"about":[{"href":"https:\/\/memorabilia-germany.de\/fr\/wp-json\/wp\/v2\/types\/product"}],"version-history":[{"count":0,"href":"https:\/\/memorabilia-germany.de\/fr\/wp-json\/wp\/v2\/product\/56699\/revisions"}],"wp:featuredmedia":[{"embeddable":true,"href":"https:\/\/memorabilia-germany.de\/fr\/wp-json\/wp\/v2\/media\/56670"}],"wp:attachment":[{"href":"https:\/\/memorabilia-germany.de\/fr\/wp-json\/wp\/v2\/media?parent=56699"}],"wp:term":[{"taxonomy":"product_brand","embeddable":true,"href":"https:\/\/memorabilia-germany.de\/fr\/wp-json\/wp\/v2\/product_brand?post=56699"},{"taxonomy":"product_cat","embeddable":true,"href":"https:\/\/memorabilia-germany.de\/fr\/wp-json\/wp\/v2\/product_cat?post=56699"},{"taxonomy":"product_tag","embeddable":true,"href":"https:\/\/memorabilia-germany.de\/fr\/wp-json\/wp\/v2\/product_tag?post=56699"}],"curies":[{"name":"wp","href":"https:\/\/api.w.org\/{rel}","templated":true}]}}