{"id":54522,"date":"2025-01-11T14:37:02","date_gmt":"2025-01-11T13:37:02","guid":{"rendered":"https:\/\/memorabilia-germany.de\/produkt\/nfl-mini-helmet-mystery-box-down-to-business-2025\/"},"modified":"2025-01-11T14:50:29","modified_gmt":"2025-01-11T13:50:29","slug":"nfl-mini-helmet-mystery-box-down-to-business-2025","status":"publish","type":"product","link":"https:\/\/memorabilia-germany.de\/fr\/produit\/nfl-mini-helmet-mystery-box-down-to-business-2025\/","title":{"rendered":"NFL Mini Helmet Mystery Box: Down to Business 2025"},"content":{"rendered":"<p><strong>Plus d\u2019informations sur cette s\u00e9rie Mini Casque Mystery Box :<\/strong><\/p>\n<ul style=\"list-style-type: square;\">\n<li>Plus de la moiti\u00e9 des bo\u00eetes de cette s\u00e9rie contiennent des mini-casques NFL en \u00e9dition limit\u00e9e Riddell issus d&rsquo;\u00e9ditions telles que : \u00ab\u00a0Slate\u00a0\u00bb, \u00ab\u00a0Eclipse\u00a0\u00bb, \u00ab\u00a0Salute to Service\u00a0\u00bb, \u00ab\u00a0Camo\u00a0\u00bb, \u00ab\u00a0Flash\u00a0\u00bb \u00ab\u00a0AMP\u00a0\u00bb ou \u00ab\u00a0Matte\u00a0\u00bb. Tous les mini-casques sont des casques officiels des \u00e9quipes de la NFL. <\/li>\n<li>Les casques ont \u00e9t\u00e9 r\u00e9partis de mani\u00e8re al\u00e9atoire dans les bo\u00eetes.<\/li>\n<li>Tous les Memorabilia contenus dans une Mystery Box Mini Helm ont \u00e9t\u00e9 v\u00e9rifi\u00e9s par l&rsquo;un des principaux authentificateurs am\u00e9ricains du march\u00e9 et sont accompagn\u00e9s d&rsquo;\u00e9l\u00e9ments de s\u00e9curit\u00e9 num\u00e9rot\u00e9s en s\u00e9rie (Certificate of Authenticity et\/ou hologramme de s\u00e9curit\u00e9). Les authentifiants sont exclusivement : Beckett, James Spence Authentication, PSA\/DNA ou Fanatics. Plus d&rsquo;infos sur ce th\u00e8me important Authentification vous trouverez <strong><a href=\"https:\/\/memorabilia-germany.de\/fr\/authentification-des-signatures\/\">ici<\/a><\/strong>.<\/li>\n<li>Vous trouverez chez nous un aper\u00e7u COMPLET de la liste des joueurs inclus dans cette s\u00e9rie de Mystery Box :<\/li>\n<\/ul>\n<p style=\"text-align: center;\">Patrick Mahomes<br \/>\nJoe Montana<br \/>\nJordan Love<br \/>\nBo Nix<br \/>\nBaker Mayfield<br \/>\nJ.J. McCarthy<br \/>\nDak Prescott<br \/>\nJalen Hurts<br \/>\nD.K. Metcalf<br \/>\nAmon-Ra St Brown<br \/>\nJared Goff<br \/>\nO.J. Simpson<br \/>\nBijan Robinson<br \/>\nGeorge Kittle<br \/>\nJerry Rice<br \/>\nAlvin Kamara<br \/>\nTravis Kelce<br \/>\nMinkah Fitzpatrick<br \/>\nTyreek Hill<br \/>\nKyler Murray<br \/>\nNajee Harris<br \/>\nDrake Maye<br \/>\nTravis Etienne Jr.<br \/>\nAaron Jones<br \/>\nDavante Adams<br \/>\nJames Cook<br \/>\nMalik Nabers<br \/>\nPuka Nacua<br \/>\nMichael Pittman Jr.<br \/>\nJaxon Smith-Njigba<br \/>\nBrock Bowers<br \/>\nAdam Thielen<br \/>\nJayden Reed<br \/>\nDeion Sanders<br \/>\nOdell Beckham Jr.<br \/>\nLuke Kuechly<br \/>\nKyren Williams<br \/>\nTank Dell<br \/>\nJameson Williams<br \/>\nJerry Jeudy<br \/>\nTony Pollard<br \/>\nTee Higgins<br \/>\nTyler Conklin<br \/>\nDe\u2019Von Achane<br \/>\nTerry McLaurin<br \/>\nZay Flowers<br \/>\nTerry McLaurin<br \/>\nSam Darnold<br \/>\nKurt Warner<br \/>\nRicky Pearsall<br \/>\nNick Bosa<br \/>\nJakobi Meyers<br \/>\nAmari Cooper<br \/>\nJoey Bosa<br \/>\nDevon Witherspoon<br \/>\nChris Olave<br \/>\nAustin Ekeler<br \/>\nDarius Slayton<br \/>\nKeenan Allen<br \/>\nAaron Donald<br \/>\nJavonte Williams<br \/>\nEd McCaffrey<br \/>\nJaylen Waddle<br \/>\nJoe Theismann<br \/>\nRomeo Doubs<br \/>\nFrank Gore<br \/>\nDre Greenlaw<br \/>\nMike Singletary<br \/>\nDaunte Culpepper<br \/>\nTrevon Diggs<br \/>\nD.J. Moore<br \/>\nLeo Chenal<br \/>\nBob Griese<br \/>\nSteve Largent<br \/>\nRicky Williams\n<\/p>\n<p>\nSi une s\u00e9rie contient plus d&rsquo;un Memorabilia de football du m\u00eame joueur, vous obtiendrez une \u00ab\u00a0No Double Option\u00a0\u00bb. Cela signifie que vous ne recevrez certainement pas de joueur en double si vous achetez plus d&rsquo;une bo\u00eete.\n<\/p>\n<p>\nComment fonctionne un mini-casque Mystery Box?<br \/>\nVous trouverez des informations \u00e0 ce sujet dans nos <strong><a href=\"https:\/\/memorabilia-germany.de\/fr\/sport-memorabilia-faq\/#memorabilia-mystery-box\"><u>FAQ<\/u><\/a><\/strong>!\n<\/p>\n<p>\nTu trouveras plus de Memorabilia Football Am\u00e9ricain <strong><a href=\"https:\/\/memorabilia-germany.de\/fr\/football-americain-memorabilia\"><u>ici<\/u><\/a><\/strong>!<\/p>\n","protected":false},"excerpt":{"rendered":"<p><strong>Cette s\u00e9rie est limit\u00e9e \u00e0 un total de 100 mini casques <a href=\"https:\/\/memorabilia-germany.de\/fr\/sport-memorabilia-faq\/#memorabilia-mystery-box\"><u>Bo\u00eetes Myst\u00e8re<\/u><\/a> en \u00e9dition limit\u00e9e. Chaque bo\u00eete poss\u00e8de un num\u00e9ro de s\u00e9rie. Trouvez les casques NFL Mini des superstars de la NFL des 32 \u00e9quipes de la NFL ! Des noms comme Patrick Mahomes, Bo Nix ou Joe Montana dans cette s\u00e9rie ! <\/strong><\/p>\n<p><strong>Vue d\u2019ensemble rapide :<\/strong><\/p>\n<ul style=\"list-style-type: square;\">\n<li>Contenu de chaque bo\u00eete : mini casque NFL sous licence &amp; sign\u00e9 par Riddell. Les images vous donnent un petit aper\u00e7u du secret de la s\u00e9rie !<\/li>\n<li>Tous les casques sont sign\u00e9s par une star actuelle de la NFL ou une l\u00e9gende de la NFL. De plus, de nombreux casques sont sign\u00e9s par les joueurs !<\/li>\n<li>Plus de 50 des 100 bo\u00eetes de cette s\u00e9rie contiennent des casques en \u00e9dition limit\u00e9e (voir ci-dessous pour plus d&rsquo;informations).<\/li>\n<li>La s\u00e9rie comprend des mini-casques des 32 \u00e9quipes de la NFL.<\/li>\n<li>Authentification des autographes (exclusivement) : <strong><a href=\"https:\/\/memorabilia-germany.de\/fr\/authentification-des-signatures\/#signature-authentication-beckett\">Beckett<\/a><\/strong>, <strong><a href=\"https:\/\/memorabilia-germany.de\/fr\/authentification-des-signatures\/#signature-authentication-james-spence\">James Spence Authentication<\/a><\/strong>, <strong><a href=\"https:\/\/memorabilia-germany.de\/fr\/authentification-des-signatures\/#signature-authentication-psa-dna\">PSA\/DNA<\/a><\/strong> ou <strong><a href=\"https:\/\/memorabilia-germany.de\/fr\/authentification-des-signatures\/#signature-authentication-fanatics\">Fanatics<\/a><\/strong>.<\/li>\n<\/ul>\n","protected":false},"featured_media":40211,"template":"","meta":{"_acf_changed":false,"ocean_post_layout":"","ocean_both_sidebars_style":"","ocean_both_sidebars_content_width":0,"ocean_both_sidebars_sidebars_width":0,"ocean_sidebar":"0","ocean_second_sidebar":"0","ocean_disable_margins":"enable","ocean_add_body_class":"","ocean_shortcode_before_top_bar":"","ocean_shortcode_after_top_bar":"","ocean_shortcode_before_header":"","ocean_shortcode_after_header":"","ocean_has_shortcode":"","ocean_shortcode_after_title":"","ocean_shortcode_before_footer_widgets":"","ocean_shortcode_after_footer_widgets":"","ocean_shortcode_before_footer_bottom":"","ocean_shortcode_after_footer_bottom":"","ocean_display_top_bar":"default","ocean_display_header":"default","ocean_header_style":"","ocean_center_header_left_menu":"0","ocean_custom_header_template":"0","ocean_custom_logo":0,"ocean_custom_retina_logo":0,"ocean_custom_logo_max_width":0,"ocean_custom_logo_tablet_max_width":0,"ocean_custom_logo_mobile_max_width":0,"ocean_custom_logo_max_height":0,"ocean_custom_logo_tablet_max_height":0,"ocean_custom_logo_mobile_max_height":0,"ocean_header_custom_menu":"0","ocean_menu_typo_font_family":"0","ocean_menu_typo_font_subset":"","ocean_menu_typo_font_size":0,"ocean_menu_typo_font_size_tablet":0,"ocean_menu_typo_font_size_mobile":0,"ocean_menu_typo_font_size_unit":"px","ocean_menu_typo_font_weight":"","ocean_menu_typo_font_weight_tablet":"","ocean_menu_typo_font_weight_mobile":"","ocean_menu_typo_transform":"","ocean_menu_typo_transform_tablet":"","ocean_menu_typo_transform_mobile":"","ocean_menu_typo_line_height":0,"ocean_menu_typo_line_height_tablet":0,"ocean_menu_typo_line_height_mobile":0,"ocean_menu_typo_line_height_unit":"","ocean_menu_typo_spacing":0,"ocean_menu_typo_spacing_tablet":0,"ocean_menu_typo_spacing_mobile":0,"ocean_menu_typo_spacing_unit":"","ocean_menu_link_color":"","ocean_menu_link_color_hover":"","ocean_menu_link_color_active":"","ocean_menu_link_background":"","ocean_menu_link_hover_background":"","ocean_menu_link_active_background":"","ocean_menu_social_links_bg":"","ocean_menu_social_hover_links_bg":"","ocean_menu_social_links_color":"","ocean_menu_social_hover_links_color":"","ocean_disable_title":"default","ocean_disable_heading":"default","ocean_post_title":"","ocean_post_subheading":"","ocean_post_title_style":"","ocean_post_title_background_color":"","ocean_post_title_background":0,"ocean_post_title_bg_image_position":"","ocean_post_title_bg_image_attachment":"","ocean_post_title_bg_image_repeat":"","ocean_post_title_bg_image_size":"","ocean_post_title_height":0,"ocean_post_title_bg_overlay":0.5,"ocean_post_title_bg_overlay_color":"","ocean_disable_breadcrumbs":"default","ocean_breadcrumbs_color":"","ocean_breadcrumbs_separator_color":"","ocean_breadcrumbs_links_color":"","ocean_breadcrumbs_links_hover_color":"","ocean_display_footer_widgets":"default","ocean_display_footer_bottom":"default","ocean_custom_footer_template":"0","ofc_enable_fullscreen":"disable","ofc_fullscreen_speed":0,"ofc_fullscreen_nav":"enable","ofc_fullscreen_nav_pos":"right","ofc_fullscreen_nav_color":"","ofc_fullscreen_nav_tooltip_color":"","ofc_fullscreen_responsive":0},"product_brand":[],"product_cat":[3641],"product_tag":[],"class_list":{"0":"post-54522","1":"product","2":"type-product","3":"status-publish","4":"has-post-thumbnail","6":"product_cat-nfl-mini-helmet-mystery-box-down-to-business-2025-fr","7":"product_shipping_class-classe-dexpedition_a","9":"entry","10":"has-media","12":"first","13":"instock","14":"taxable","15":"shipping-taxable","16":"purchasable","17":"product-type-simple","18":"col","19":"span_1_of_4","20":"owp-content-center","21":"owp-thumbs-layout-horizontal","22":"owp-btn-normal","23":"owp-tabs-layout-horizontal"},"acf":[],"_links":{"self":[{"href":"https:\/\/memorabilia-germany.de\/fr\/wp-json\/wp\/v2\/product\/54522","targetHints":{"allow":["GET"]}}],"collection":[{"href":"https:\/\/memorabilia-germany.de\/fr\/wp-json\/wp\/v2\/product"}],"about":[{"href":"https:\/\/memorabilia-germany.de\/fr\/wp-json\/wp\/v2\/types\/product"}],"version-history":[{"count":0,"href":"https:\/\/memorabilia-germany.de\/fr\/wp-json\/wp\/v2\/product\/54522\/revisions"}],"wp:featuredmedia":[{"embeddable":true,"href":"https:\/\/memorabilia-germany.de\/fr\/wp-json\/wp\/v2\/media\/40211"}],"wp:attachment":[{"href":"https:\/\/memorabilia-germany.de\/fr\/wp-json\/wp\/v2\/media?parent=54522"}],"wp:term":[{"taxonomy":"product_brand","embeddable":true,"href":"https:\/\/memorabilia-germany.de\/fr\/wp-json\/wp\/v2\/product_brand?post=54522"},{"taxonomy":"product_cat","embeddable":true,"href":"https:\/\/memorabilia-germany.de\/fr\/wp-json\/wp\/v2\/product_cat?post=54522"},{"taxonomy":"product_tag","embeddable":true,"href":"https:\/\/memorabilia-germany.de\/fr\/wp-json\/wp\/v2\/product_tag?post=54522"}],"curies":[{"name":"wp","href":"https:\/\/api.w.org\/{rel}","templated":true}]}}