{"id":54197,"date":"2024-12-30T18:19:32","date_gmt":"2024-12-30T17:19:32","guid":{"rendered":"https:\/\/memorabilia-germany.de\/produkt\/nhl-hockey-sur-glace-trading-cards-mystery-box-modern-superstars-edition-2024-2510-packs-unopened\/"},"modified":"2026-02-12T13:09:40","modified_gmt":"2026-02-12T12:09:40","slug":"nhl-hockey-sur-glace-trading-cards-mystery-box-modern-superstars-edition-2024-2510-packs-unopened","status":"publish","type":"product","link":"https:\/\/memorabilia-germany.de\/fr\/produit\/nhl-hockey-sur-glace-trading-cards-mystery-box-modern-superstars-edition-2024-2510-packs-unopened\/","title":{"rendered":"NHL Hockey sur glace Trading Cards Mystery Box <\/br> \u00ab\u00a0Modern Superstars Edition 2024-25\u00a0\u00bb<\/br>(10 packs unopened)"},"content":{"rendered":"<p style=\"text-align: center;\"><strong>Tous les paquets de cette s\u00e9rie proviennent exclusivement des Trading Card Boxes suivantes :<\/strong><br \/>\n2024\/25 Upper Deck Artifacts Hockey (Hobby Box)<br \/>\n2013\/14 Panini Crown Royale Hockey (Hobby Box)<br \/>\n2009\/10 Upper Deck SP Authentic Hockey (Hobby Box)<br \/>\n2022\/23 Upper Deck SP Authentic Hockey (Hobby Box)<br \/>\n2024\/25 Upper Deck Hockey (Hobby Box)<br \/>\n2010\/11 Playoff Contenders Hockey (Hobby Box)<br \/>\n2012\/13 Panini Certified Hockey (Hobby Box)<br \/>\n2019\/20 Upper Deck Trilogy Hockey (Hobby Box)<br \/>\n1999\/00 Upper Deck SP Authentic Hockey (Hobby Box)<br \/>\n2000\/01 Upper Deck Series 1 Hockey (Hobby Box)<br \/>\n2017\/18 Upper Deck Series 2 Hockey (Hobby Box)<br \/>\n1998\/99 Upper Deck MVP Hockey (Hobby Box)<br \/>\n2019\/20 Upper Deck Synergy Hockey (Hobby Box)<br \/>\n2009\/10 Upper Deck O-Pee-Chee Hockey (Retail Box)<br \/>\n2024\/25 Upper Deck MVP Hockey (Hobby Box)<br \/>\n1996\/97 Upper Deck Hockey (Retail Box)<br \/>\n2024\/25 Upper Deck Artifacts Hockey (Blaster Box)<br \/>\n2001\/02 Topps Stadium Club Hockey (Retail Box)<br \/>\n2023\/24 Upper Deck SP Hockey (Blaster Box)<br \/>\n2024\/25 Upper Deck Hockey (Blaster Box)<br \/>\n2020\/21 Upper Deck Extended Series (Hobby Box)<br \/>\n1994\/95 Upper Deck SP Hockey (Hobby Box)<br \/>\n2024\/25 Upper Deck SP Hockey (Blaster Box)<br \/>\n2008\/09 Upper Deck Victory (Hobby Box)<br \/>\n2017\/18 Upper Deck O-Pee-Chee Hockey (Hobby Box)<br \/>\n1990\/91 Bowman Premier Edition Hockey Bubble Gum Cards (Wax Box)<br \/>\n2016\/17 Upper Deck MVP Hockey (Hobby Box)<br \/>\n1991\/92 Pinnacle U.S. Hockey (Wax Box)<br \/>\n2006\/07 Fleer Hockey (Hobby Box)<br \/>\n1994\/95 Classic Hockey Cards (Hobby Box)<br \/>\n1995\/96 Fleer Premiere Edition NHL Hockey (Hobby Box)<br \/>\n1993\/94 Fleer Ultra Hockey (Hobby Box)<br \/>\n2008\/09 Upper Deck MVP Hockey (Retail Box)\n<\/p>\n<p>Remarque : L&rsquo;\u00e9tat de tous les paquets de Trading Cards a \u00e9t\u00e9 contr\u00f4l\u00e9 par Memorabilia Germany et les Mystery Boxes contiennent toutes, sans exception, des paquets \u00e0 l&rsquo;\u00e9tat neuf qui n&rsquo;ont jamais \u00e9t\u00e9 ouverts. Veuillez n\u00e9anmoins noter que les cartes ont jusqu&rsquo;\u00e0 35 ans et que nous ne pouvons donc pas garantir leur \u00e9tat \u00e0 l&rsquo;int\u00e9rieur des paquets.<\/p>\n<p>Comment fonctionne une Mystery Box ?<br \/>\nVous trouverez des informations \u00e0 ce sujet dans nos <strong><a href=\"https:\/\/memorabilia-germany.de\/fr\/sports-memorabilia-faq\/#memorabilia-mystery-box\"><u>FAQ<\/u><\/a><\/strong>!<\/p>\n","protected":false},"excerpt":{"rendered":"<p><strong>Cette s\u00e9rie est disponible sur un total de 100 hockey sur glace NHL Trading Cards <a href=\"https:\/\/memorabilia-germany.de\/fr\/sports-memorabilia-faq\/#memorabilia-mystery-box\"><u>Bo\u00eetes Myst\u00e8re<\/u><\/a> en \u00e9dition limit\u00e9e. Chaque bo\u00eete est scell\u00e9e et porte un num\u00e9ro de s\u00e9rie. Les bo\u00eetes contiennent des paquets non ouverts d&rsquo;\u00e9ditions des ann\u00e9es 90, 2000 et 2010 \u00e9puis\u00e9es dans le monde entier. De plus, la s\u00e9rie est compl\u00e9t\u00e9e par de tout nouveaux paquets des marques de cartes \u00e0 collectionner les plus exclusives de la saison actuelle de 2024\/25.<\/strong><\/p>\n<p><strong>En outre, certaines bo\u00eetes contiennent <a href=\"https:\/\/memorabilia-germany.de\/fr\/sports-memorabilia-faq\/#redemption\"><u>des bons de r\u00e9demption<\/u><\/a> pour un Practice Used Reebok Jersey des New York Rangers port\u00e9 par un joueur des Rangers au Madison Square Garden et authentifi\u00e9 par Fanatics ainsi que pour d&rsquo;autres bo\u00eetes myst\u00e8res !<\/strong><\/p>\n<p><strong>Informations sur le produit :<\/strong><\/p>\n<ul style=\"list-style-type: square;\">\n<li>Contenu de chaque bo\u00eete : 10 paquets non ouverts datant de 1990 \u00e0 aujourd&rsquo;hui (voir la liste d\u00e9taill\u00e9e ci-dessous).<\/li>\n<li>Tous les paquets proviennent de bo\u00eetes \u00ab\u00a0factory sealed\u00a0\u00bb.<\/li>\n<li>3 bo\u00eetes sur 100 contiennent \u00e9galement un Memorabilia <a href=\"https:\/\/memorabilia-germany.de\/fr\/sports-memorabilia-faq\/#redemption\"><strong><u>Redemption Voucher<\/u><\/strong><\/a>. Un Voucher peut \u00eatre \u00e9chang\u00e9 contre un maillot Practice Used Reebok des New York Rangers port\u00e9 par un joueur des Rangers au Madison Square Garden ou contre une autre Mystery Box de la m\u00eame s\u00e9rie. Le maillot a \u00e9t\u00e9 authentifi\u00e9 par Fanatics et poss\u00e8de un num\u00e9ro de s\u00e9rie qui peut \u00eatre v\u00e9rifi\u00e9 en ligne.<\/li>\n<li>Trouvez les Trading Cards originaux des stars de la NHL des ann\u00e9es 90 \u00e0 la saison actuelle de 2024\/25. Les cartes comprennent des noms comme Wayne Gretzky, Jaromir Jagr, Mario Lemieux, Bobby Orr, Logan Stankoven, Leon Draisaitl, Sidney Crosby, Alexander Ovechkin, Joe Sakic, Steve Yzerman, Brett Hull, Connor McDavid, Mark Messier, David Pastrnak, Mike Modano, Connor Bedard ou Macklin Celebrini. <\/li>\n<\/ul>\n<p>&nbsp;<\/p>\n<p><strong>Highlight Chances :<\/strong><\/p>\n<ul style=\"list-style-type: square;\">\n<li><a href=\"https:\/\/memorabilia-germany.de\/fr\/sports-memorabilia-faq\/#redemption\"><strong><u>Redemption Vouchers<\/u><\/strong><\/a>: New York Rangers Practice Used Reebok Jersey du Madison Square Garden ainsi que pour d&rsquo;autres bo\u00eetes myst\u00e8res de la s\u00e9rie Modern Superstars de 2024\/25.<\/li>\n<li>2024\/25 Upper Deck Artifacts Premium Autographs, Memorabilia Cards &amp; Hobby Exclusives :\n<ul style=\"list-style-type: circle;\">\n<li>Rookie Relic Redemptions<\/li>\n<li>Admirable Impressions<\/li>\n<li>Arena Artifacts<\/li>\n<li>Fresco Signatures<\/li>\n<li>Signature Apparel<\/li>\n<li>Stanley Cup Showdown Jerseys + Patches<\/li>\n<li>Top Tier Rookie Signatures<\/li>\n<li>Tundra Teammates (Duos + Quads !)<\/li>\n<\/ul>\n<\/li>\n<li>2013\/14 Panini Crown Royale Fans of the Game Autographs! Hollywood Stars, Rock Stars + TV Personalities!<\/li>\n<li>2009\/10 Upper Deck SP Authentic Autograph Cards:\n<ul style=\"list-style-type: circle;\">\n<li>Sign of the Times<\/li>\n<li>The Champions<\/li>\n<li>Marks of Distinction<\/li>\n<li>Immortal Inks (y compris Wayne Gretzky, Bobby Orr, Mark Messier !)<\/li>\n<li>Prestigious Pairings<\/li>\n<li>Sign of the Times Duals + SP Chirography <\/li>\n<li>Prestigious Pairings<\/li>\n<\/ul>\n<\/li>\n<li>2024\/25 Upper Deck Hockey Inserts &amp; Parallels:\n<ul style=\"list-style-type: circle;\">\n<li>Hobby Exclusive #1 Pick Redemption<\/li>\n<li>UD Canvas Young Guns Black &amp; White Parallels<\/li>\n<li>City Satellites Gold Parallels<\/li>\n<li>Holotypes<\/li>\n<li>Population Counts<\/li>\n<li>Breaking News Printing Plates<\/li>\n<li>A-Lines Printing Plates<\/li>\n<\/ul>\n<\/li>\n<li>2009\/10 Upper Deck SP Authentic Patches, Special Inserts &amp; Holograms:\n<ul style=\"list-style-type: circle;\">\n<li>Patch Future Watch autographi\u00e9<\/li>\n<li>Rookie Review Autograph Patches<\/li>\n<li>SP Holo F\/X Die Cuts + SP Holo F\/X<\/li>\n<li>SP Essentials<\/li>\n<\/ul>\n<\/li>\n<li>2022\/23 Upper Deck Trilogy Autograph &amp; Memorabilia Cards:\n<ul style=\"list-style-type: circle;\">\n<li>Hard Signed Autographs (inkl. numbered Signature Puckstoppers NHL Shield Logo Parallels, 2021-22 Rookie Update Signature Pucks, AutoFocus Rookies &amp; Crystalized Signatures)<\/li>\n<li>Rookie Renditions &amp; Trilogy Generations (inkl. numbered Gold Auto Parallels, Patch Auto Parallels &amp; 1\/1 Purple Patch Autoparallels)<\/li>\n<li>Triple swatches d&rsquo;honneur : Tier 3 <\/li>\n<li>Triple Relics : Tier 3<\/li>\n<li>Rookie Premier + Frozen in Time &#8211; Black Ice Parallels: 1 of 1\u2019s<\/li>\n<\/ul>\n<\/li>\n<li>2012\/13 Panini Certified Autograph Cards &amp; Memorabilia Variations:\n<ul style=\"list-style-type: circle;\">\n<li>Freshman Fabrics<\/li>\n<li>Goalie Pulls<\/li>\n<li>Face Off Dual Sticks<\/li>\n<li>Path to the Cup<\/li>\n<li>Freshman Signature Rookies<\/li>\n<\/ul>\n<\/li>\n<li>2019\/20 Upper Deck Trilogy Autographs &amp; Inserts:\n<ul style=\"list-style-type: circle;\">\n<li>Rookie Renditions (inkl. 1\/1 Purple Auto Parallels, Jersey Parallels &amp; Patch Auto Parallels)<\/li>\n<li>Common, Rare &amp; Uncommon Rookies: Jersey + Auto Parallels<\/li>\n<li>Triple Rookies: Auto + Tag Patch Parallels<\/li>\n<li>Rookie &amp; All-Star Signature Pucks: NHL Logo Parallels<\/li>\n<li>Trophy Winner Signature Pucks: NHL Logo Parallels<\/li>\n<li>HHOF Signature Pucks: HHOF Parallels<\/li>\n<li>Update 2013-14 Signature Pucks: NHL Logo Parallels<\/li>\n<li>Hard-Signed Plexiglass, Honorary Triple Swatches &amp; Triple Relics!<\/li>\n<\/ul>\n<\/li>\n<li>2000\/01 Upper Deck Hockey:\n<ul style=\"list-style-type: circle;\">\n<li>Autographed 500 Goal Club: Piece of History Jersey Inserts (Wayne Gretzky!)<\/li>\n<li>UD Exclusive Game Jersey Patch + UD Exclusive Autographed Game Jersey<\/li>\n<li>Combo Game Jersey Cards, Fantastic Finishers &amp; Dignitaries<\/li>\n<\/ul>\n<\/li>\n<\/ul>\n","protected":false},"featured_media":55655,"template":"","meta":{"_acf_changed":false,"ocean_post_layout":"","ocean_both_sidebars_style":"","ocean_both_sidebars_content_width":0,"ocean_both_sidebars_sidebars_width":0,"ocean_sidebar":"0","ocean_second_sidebar":"0","ocean_disable_margins":"enable","ocean_add_body_class":"","ocean_shortcode_before_top_bar":"","ocean_shortcode_after_top_bar":"","ocean_shortcode_before_header":"","ocean_shortcode_after_header":"","ocean_has_shortcode":"","ocean_shortcode_after_title":"","ocean_shortcode_before_footer_widgets":"","ocean_shortcode_after_footer_widgets":"","ocean_shortcode_before_footer_bottom":"","ocean_shortcode_after_footer_bottom":"","ocean_display_top_bar":"default","ocean_display_header":"default","ocean_header_style":"","ocean_center_header_left_menu":"0","ocean_custom_header_template":"0","ocean_custom_logo":0,"ocean_custom_retina_logo":0,"ocean_custom_logo_max_width":0,"ocean_custom_logo_tablet_max_width":0,"ocean_custom_logo_mobile_max_width":0,"ocean_custom_logo_max_height":0,"ocean_custom_logo_tablet_max_height":0,"ocean_custom_logo_mobile_max_height":0,"ocean_header_custom_menu":"0","ocean_menu_typo_font_family":"0","ocean_menu_typo_font_subset":"","ocean_menu_typo_font_size":0,"ocean_menu_typo_font_size_tablet":0,"ocean_menu_typo_font_size_mobile":0,"ocean_menu_typo_font_size_unit":"px","ocean_menu_typo_font_weight":"","ocean_menu_typo_font_weight_tablet":"","ocean_menu_typo_font_weight_mobile":"","ocean_menu_typo_transform":"","ocean_menu_typo_transform_tablet":"","ocean_menu_typo_transform_mobile":"","ocean_menu_typo_line_height":0,"ocean_menu_typo_line_height_tablet":0,"ocean_menu_typo_line_height_mobile":0,"ocean_menu_typo_line_height_unit":"","ocean_menu_typo_spacing":0,"ocean_menu_typo_spacing_tablet":0,"ocean_menu_typo_spacing_mobile":0,"ocean_menu_typo_spacing_unit":"","ocean_menu_link_color":"","ocean_menu_link_color_hover":"","ocean_menu_link_color_active":"","ocean_menu_link_background":"","ocean_menu_link_hover_background":"","ocean_menu_link_active_background":"","ocean_menu_social_links_bg":"","ocean_menu_social_hover_links_bg":"","ocean_menu_social_links_color":"","ocean_menu_social_hover_links_color":"","ocean_disable_title":"default","ocean_disable_heading":"default","ocean_post_title":"","ocean_post_subheading":"","ocean_post_title_style":"","ocean_post_title_background_color":"","ocean_post_title_background":0,"ocean_post_title_bg_image_position":"","ocean_post_title_bg_image_attachment":"","ocean_post_title_bg_image_repeat":"","ocean_post_title_bg_image_size":"","ocean_post_title_height":0,"ocean_post_title_bg_overlay":0.5,"ocean_post_title_bg_overlay_color":"","ocean_disable_breadcrumbs":"default","ocean_breadcrumbs_color":"","ocean_breadcrumbs_separator_color":"","ocean_breadcrumbs_links_color":"","ocean_breadcrumbs_links_hover_color":"","ocean_display_footer_widgets":"default","ocean_display_footer_bottom":"default","ocean_custom_footer_template":"0","ofc_enable_fullscreen":"disable","ofc_fullscreen_speed":0,"ofc_fullscreen_nav":"enable","ofc_fullscreen_nav_pos":"right","ofc_fullscreen_nav_color":"","ofc_fullscreen_nav_tooltip_color":"","ofc_fullscreen_responsive":0},"product_brand":[],"product_cat":[3629],"product_tag":[],"class_list":{"0":"post-54197","1":"product","2":"type-product","3":"status-publish","4":"has-post-thumbnail","6":"product_cat-nhl-eishockey-trading-cards-mystery-box-modern-superstars-edition-2024-25-fr","7":"product_shipping_class-classe-dexpedition_a","9":"entry","10":"has-media","12":"first","13":"outofstock","14":"taxable","15":"shipping-taxable","16":"purchasable","17":"product-type-simple","18":"col","19":"span_1_of_4","20":"owp-content-center","21":"owp-thumbs-layout-horizontal","22":"owp-btn-normal","23":"owp-tabs-layout-horizontal"},"acf":[],"_links":{"self":[{"href":"https:\/\/memorabilia-germany.de\/fr\/wp-json\/wp\/v2\/product\/54197","targetHints":{"allow":["GET"]}}],"collection":[{"href":"https:\/\/memorabilia-germany.de\/fr\/wp-json\/wp\/v2\/product"}],"about":[{"href":"https:\/\/memorabilia-germany.de\/fr\/wp-json\/wp\/v2\/types\/product"}],"version-history":[{"count":0,"href":"https:\/\/memorabilia-germany.de\/fr\/wp-json\/wp\/v2\/product\/54197\/revisions"}],"wp:featuredmedia":[{"embeddable":true,"href":"https:\/\/memorabilia-germany.de\/fr\/wp-json\/wp\/v2\/media\/55655"}],"wp:attachment":[{"href":"https:\/\/memorabilia-germany.de\/fr\/wp-json\/wp\/v2\/media?parent=54197"}],"wp:term":[{"taxonomy":"product_brand","embeddable":true,"href":"https:\/\/memorabilia-germany.de\/fr\/wp-json\/wp\/v2\/product_brand?post=54197"},{"taxonomy":"product_cat","embeddable":true,"href":"https:\/\/memorabilia-germany.de\/fr\/wp-json\/wp\/v2\/product_cat?post=54197"},{"taxonomy":"product_tag","embeddable":true,"href":"https:\/\/memorabilia-germany.de\/fr\/wp-json\/wp\/v2\/product_tag?post=54197"}],"curies":[{"name":"wp","href":"https:\/\/api.w.org\/{rel}","templated":true}]}}