{"id":54071,"date":"2024-12-28T14:44:58","date_gmt":"2024-12-28T13:44:58","guid":{"rendered":"https:\/\/memorabilia-germany.de\/produkt\/nfl-trading-cards-pocket-pack-black-edition-2024-255-packs-unopened\/"},"modified":"2024-12-28T14:49:30","modified_gmt":"2024-12-28T13:49:30","slug":"nfl-trading-cards-pocket-pack-black-edition-2024-255-packs-unopened","status":"publish","type":"product","link":"https:\/\/memorabilia-germany.de\/fr\/produit\/nfl-trading-cards-pocket-pack-black-edition-2024-255-packs-unopened\/","title":{"rendered":"NFL Trading Cards Pocket Pack <\/br> \u00ab\u00a0Black Edition 2024-25\u00a0\u00bb<\/br>(5 packs unopened)"},"content":{"rendered":"<p style=\"text-align: center;\"><strong>Tous les paquets de cette s\u00e9rie proviennent exclusivement des Trading Card Boxes suivantes :<\/strong><br \/>\n2024 Panini Donruss Elite Football Am\u00e9ricain (Hobby Box)<br \/>\n2001 Upper Deck MVP Football (Hobby Box)<br \/>\n2004 Upper Deck Foundations Football (Hobby Box)<br \/>\n2001 Upper Deck Top Tier Football (Hobby Box)<br \/>\n2000 Topps Football (Hobby Box)<br \/>\n2024 Panini Prestige Football (Hobby H2 Box)<br \/>\n2024 Panini Score Football (Hobby Box)<br \/>\n1999 Topps Football Cards (Hobby Box)<br \/>\n1996\/97 Upper Deck Football (Hobby Box)<br \/>\n2008 Upper Deck SP Football (Retail Box)<br \/>\n2024 Panini Mosaic Football (Mega Box)<br \/>\n2024 Panini Score Football (Retail Box)<br \/>\n1990 Action Packed All-Madden Football (Hobby Box)<br \/>\n1999 Upper Deck Football (Retail Box)<br \/>\n2024 Panini Prestige Football (Retail Box)<br \/>\n2024 Panini Donruss Elite Football (Blaster Box)<br \/>\n2013 Panini Rookies &amp; Stars Football (Multi Box)<br \/>\n1993 Action Packed Monday Night Football (Hobby Box)<br \/>\n1995 Collector\u2019s Edge Black Label NFL Trading Cards (Hobby Box)<br \/>\n1990 NFL Pro Set \u2013 The Official NFL Card (Wax Box)<br \/>\n1993 Bowman Football (Hobby Box)<br \/>\n1996 Score Select Football (Hobby Box)<br \/>\n1991 NFL Pacific Pro Football Plus Player Cards (Wax Box)<br \/>\n1994 Classic\u2019s NFL Experience Collection (Hobby Box)<br \/>\n1991 Upper Deck NFL Football Premiere Edition (Hobby Box)<br \/>\n1996 Donruss Football (Retail Box)<br \/>\n1992 Upper Deck NFL Football Cards (Hobby Box)<br \/>\n1989 Pro Set Football Cards (Wax Box)<br \/>\n1992 Topps Football Picture Cards (Wax Box)<br \/>\n1990 Score NFL Football (Wax Box)<br \/>\n1991 Pinnacle NFL Football Player Cards (Hobby Box)<br \/>\n1994 Skybox Premium Football (Hobby Box)<br \/>\n1996 Leaf Football Cards (Hobby Box)<br \/>\n1991 Upper Deck NFL Football Premiere Edition (Hobby Box)<br \/>\n1992 Topps Stadium Club Football (Hobby Box)\n<\/p>\n<p><strong>Remarque<\/strong> : L&rsquo;\u00e9tat de tous les paquets de Trading Cards a \u00e9t\u00e9 contr\u00f4l\u00e9 par Memorabilia Germany et les Mystery Boxes contiennent toutes, sans exception, des paquets \u00e0 l&rsquo;\u00e9tat neuf qui n&rsquo;ont jamais \u00e9t\u00e9 ouverts. Veuillez n\u00e9anmoins noter que les cartes ont jusqu&rsquo;\u00e0 35 ans et que nous ne pouvons donc pas garantir leur \u00e9tat \u00e0 l&rsquo;int\u00e9rieur des paquets.<\/p>\n<p>Comment fonctionne un Mystery Box?<br \/>\nVous trouverez des informations \u00e0 ce sujet dans nos <strong><a href=\"https:\/\/memorabilia-germany.de\/fr\/sport-memorabilia-faq\/#memorabilia-mystery-box\"><u>FAQ<\/u><\/a><\/strong>!<\/p>\n","protected":false},"excerpt":{"rendered":"<p><strong>Cette s\u00e9rie est limit\u00e9e \u00e0 un total de 100 NFL Trading Cards Pocket Packs. Chaque pack est scell\u00e9 et poss\u00e8de un num\u00e9ro de s\u00e9rie. Les packs contiennent des paquets non ouverts des \u00e9ditions de cartes \u00e0 collectionner les plus exclusives d&rsquo;aujourd&rsquo;hui, ainsi que des \u00e9ditions \u00e9puis\u00e9es dans le monde entier depuis des d\u00e9cennies. Vous pouvez trouver ici des cartes rares des ann\u00e9es 80, 90 et 2000, par exemple de Joe Montana, Tom Brady, Peyton Manning ou Dan Marino, ainsi que les derni\u00e8res Autograph Cards, Parallels ou autres Inserts des superstars d&rsquo;aujourd&rsquo;hui !<\/strong><\/p>\n<p><strong>Information produit :<\/strong><\/p>\n<ul style=\"list-style-type: square;\">\n<li>Contenu de chaque pack : 5 paquets non ouverts datant de la fin des ann\u00e9es 1980 jusqu&rsquo;\u00e0 la saison actuelle de la NFL (voir la liste d\u00e9taill\u00e9e ci-dessous).<\/li>\n<li>Tous les paquets proviennent exclusivement de bo\u00eetes \u00ab\u00a0factory sealed\u00a0\u00bb.<\/li>\n<li>Trouvez les Trading Cards originaux des stars de la NFL des ann\u00e9es 80 \u00e0 la saison actuelle de 2024-25. Les cartes comprennent des noms comme Joe Montana, Tom Brady, Dan Marino, Patrick Mahomes, Peyton Manning, Bo Nix, Caleb Williams, John Elway, Christian McCaffrey, DK Metcalf, Aaron Rodgers, Drew Brees, Rob Gronkowski, CJ Stroud, Travis Kelce, Joe Burrow ou Jayden Daniels.<\/li>\n<\/ul>\n<p>&nbsp;<\/p>\n<p><strong>Highlight Chances:<\/strong><\/p>\n<ul style=\"list-style-type: square;\">\n<li>2024 Panini Donruss Elite Autographs, Memorabilia Cards &amp; Rookie Parallels:\n<ul style=\"list-style-type: circle;\">\n<li>Pen Pals Signatures (incl. Doubles, Triples &amp; Quads!)<\/li>\n<li>Turn of the Century Autographs<\/li>\n<li>Passing the Torch Signatures<\/li>\n<li>Rookie Status Die-Cut Parallels (incl. Bo Nix, Caleb Williams, Michael Penix Jr. &amp; Jayden Daniels)<\/li>\n<li>Throwback Threads (singles &amp; doubles)<\/li>\n<li>Spellbounds + First Class<\/li>\n<\/ul>\n<\/li>\n<li>2001 Upper Deck MVP Football Am\u00e9ricain Autographs, Memorabilia Cards &amp; Souvenirs :\n<ul style=\"list-style-type: circle;\">\n<li>NFL Stars Game Worn College Jersey Campus Classics <\/li>\n<li>Autograph Parallels incl. Peyton Manning, Drew Brees &amp; Troy Aikman <\/li>\n<li>Souvenir MVP Memorabilia Cards<\/li>\n<li>Simple + Double Game Used Football Am\u00e9ricain Autographs<\/li>\n<li>American Hero Pat Tillman + Drew Brees Rookie Cards<\/li>\n<\/ul>\n<\/li>\n<li>2004 Upper Deck Foundations Autographs, Limited Edition Jersey Inserts &amp; Patch Cards :\n<ul style=\"list-style-type: circle;\">\n<li>Rookie Foundations Rainbow Silver numbered to 10<\/li>\n<li>Rookie Foundations Autographed Patches numbered to 25<\/li>\n<li>Dual Endorsements Autographs: Rookie + Rookie &amp; Rookie + Veteran<\/li>\n<li>Signature Foundations<\/li>\n<li>Rookie Cards with a piece of a 2004 Rookie Photo Shoot worn jersey<\/li>\n<\/ul>\n<\/li>\n<li>2001 Upper Deck Top Tier Football Memorabilia Cards &amp; Numbered RC\u2019s:\n<ul style=\"list-style-type: circle;\">\n<li>Multiple Swatch Memorabilia Cards<\/li>\n<li>Tri-Stars Triple Ball Cards<\/li>\n<li>Then and Now Combo Jersey Cards<\/li>\n<li>Home and Away Combo Jersey Cards<\/li>\n<li>Two of a Kind Dual Ball Cards<\/li>\n<li>Rookie Duo Combo Ball Cards<\/li>\n<\/ul>\n<\/li>\n<li>2000 Topps Football Autographs, Memorabilia Cards &amp; Parallels:\n<ul style=\"list-style-type: circle;\">\n<li>Hall of Fame Autographs<\/li>\n<li>Player Worn Pro Bowl Jersey Cards<\/li>\n<li>Johnny Unitas Reprints &amp; Autographs<\/li>\n<li>NFL Superstar Autographs<\/li>\n<li>MVP Promotions<\/li>\n<li>Rookie Premier Autographs<\/li>\n<\/ul>\n<\/li>\n<\/ul>\n","protected":false},"featured_media":55604,"template":"","meta":{"_acf_changed":false,"ocean_post_layout":"","ocean_both_sidebars_style":"","ocean_both_sidebars_content_width":0,"ocean_both_sidebars_sidebars_width":0,"ocean_sidebar":"0","ocean_second_sidebar":"0","ocean_disable_margins":"enable","ocean_add_body_class":"","ocean_shortcode_before_top_bar":"","ocean_shortcode_after_top_bar":"","ocean_shortcode_before_header":"","ocean_shortcode_after_header":"","ocean_has_shortcode":"","ocean_shortcode_after_title":"","ocean_shortcode_before_footer_widgets":"","ocean_shortcode_after_footer_widgets":"","ocean_shortcode_before_footer_bottom":"","ocean_shortcode_after_footer_bottom":"","ocean_display_top_bar":"default","ocean_display_header":"default","ocean_header_style":"","ocean_center_header_left_menu":"0","ocean_custom_header_template":"0","ocean_custom_logo":0,"ocean_custom_retina_logo":0,"ocean_custom_logo_max_width":0,"ocean_custom_logo_tablet_max_width":0,"ocean_custom_logo_mobile_max_width":0,"ocean_custom_logo_max_height":0,"ocean_custom_logo_tablet_max_height":0,"ocean_custom_logo_mobile_max_height":0,"ocean_header_custom_menu":"0","ocean_menu_typo_font_family":"0","ocean_menu_typo_font_subset":"","ocean_menu_typo_font_size":0,"ocean_menu_typo_font_size_tablet":0,"ocean_menu_typo_font_size_mobile":0,"ocean_menu_typo_font_size_unit":"px","ocean_menu_typo_font_weight":"","ocean_menu_typo_font_weight_tablet":"","ocean_menu_typo_font_weight_mobile":"","ocean_menu_typo_transform":"","ocean_menu_typo_transform_tablet":"","ocean_menu_typo_transform_mobile":"","ocean_menu_typo_line_height":0,"ocean_menu_typo_line_height_tablet":0,"ocean_menu_typo_line_height_mobile":0,"ocean_menu_typo_line_height_unit":"","ocean_menu_typo_spacing":0,"ocean_menu_typo_spacing_tablet":0,"ocean_menu_typo_spacing_mobile":0,"ocean_menu_typo_spacing_unit":"","ocean_menu_link_color":"","ocean_menu_link_color_hover":"","ocean_menu_link_color_active":"","ocean_menu_link_background":"","ocean_menu_link_hover_background":"","ocean_menu_link_active_background":"","ocean_menu_social_links_bg":"","ocean_menu_social_hover_links_bg":"","ocean_menu_social_links_color":"","ocean_menu_social_hover_links_color":"","ocean_disable_title":"default","ocean_disable_heading":"default","ocean_post_title":"","ocean_post_subheading":"","ocean_post_title_style":"","ocean_post_title_background_color":"","ocean_post_title_background":0,"ocean_post_title_bg_image_position":"","ocean_post_title_bg_image_attachment":"","ocean_post_title_bg_image_repeat":"","ocean_post_title_bg_image_size":"","ocean_post_title_height":0,"ocean_post_title_bg_overlay":0.5,"ocean_post_title_bg_overlay_color":"","ocean_disable_breadcrumbs":"default","ocean_breadcrumbs_color":"","ocean_breadcrumbs_separator_color":"","ocean_breadcrumbs_links_color":"","ocean_breadcrumbs_links_hover_color":"","ocean_display_footer_widgets":"default","ocean_display_footer_bottom":"default","ocean_custom_footer_template":"0","ofc_enable_fullscreen":"disable","ofc_fullscreen_speed":0,"ofc_fullscreen_nav":"enable","ofc_fullscreen_nav_pos":"right","ofc_fullscreen_nav_color":"","ofc_fullscreen_nav_tooltip_color":"","ofc_fullscreen_responsive":0},"product_brand":[],"product_cat":[3625],"product_tag":[],"class_list":{"0":"post-54071","1":"product","2":"type-product","3":"status-publish","4":"has-post-thumbnail","6":"product_cat-nfl-trading-cards-pocket-pack-black-edition-2024-25-5-packs-unopened","7":"product_shipping_class-classe-dexpedition_a","9":"entry","10":"has-media","12":"first","13":"instock","14":"taxable","15":"shipping-taxable","16":"purchasable","17":"product-type-simple","18":"col","19":"span_1_of_4","20":"owp-content-center","21":"owp-thumbs-layout-horizontal","22":"owp-btn-normal","23":"owp-tabs-layout-horizontal"},"acf":[],"_links":{"self":[{"href":"https:\/\/memorabilia-germany.de\/fr\/wp-json\/wp\/v2\/product\/54071","targetHints":{"allow":["GET"]}}],"collection":[{"href":"https:\/\/memorabilia-germany.de\/fr\/wp-json\/wp\/v2\/product"}],"about":[{"href":"https:\/\/memorabilia-germany.de\/fr\/wp-json\/wp\/v2\/types\/product"}],"version-history":[{"count":0,"href":"https:\/\/memorabilia-germany.de\/fr\/wp-json\/wp\/v2\/product\/54071\/revisions"}],"wp:featuredmedia":[{"embeddable":true,"href":"https:\/\/memorabilia-germany.de\/fr\/wp-json\/wp\/v2\/media\/55604"}],"wp:attachment":[{"href":"https:\/\/memorabilia-germany.de\/fr\/wp-json\/wp\/v2\/media?parent=54071"}],"wp:term":[{"taxonomy":"product_brand","embeddable":true,"href":"https:\/\/memorabilia-germany.de\/fr\/wp-json\/wp\/v2\/product_brand?post=54071"},{"taxonomy":"product_cat","embeddable":true,"href":"https:\/\/memorabilia-germany.de\/fr\/wp-json\/wp\/v2\/product_cat?post=54071"},{"taxonomy":"product_tag","embeddable":true,"href":"https:\/\/memorabilia-germany.de\/fr\/wp-json\/wp\/v2\/product_tag?post=54071"}],"curies":[{"name":"wp","href":"https:\/\/api.w.org\/{rel}","templated":true}]}}