{"id":53928,"date":"2024-12-27T17:37:03","date_gmt":"2024-12-27T16:37:03","guid":{"rendered":"https:\/\/memorabilia-germany.de\/produkt\/nfl-trading-cards-mystery-box-modern-superstars-edition-2024-2510-packs-unopened\/"},"modified":"2026-04-03T02:07:23","modified_gmt":"2026-04-03T00:07:23","slug":"nfl-trading-cards-mystery-box-modern-superstars-edition-2024-2510-packs-unopened","status":"publish","type":"product","link":"https:\/\/memorabilia-germany.de\/fr\/produit\/nfl-trading-cards-mystery-box-modern-superstars-edition-2024-2510-packs-unopened\/","title":{"rendered":"NFL Trading Cards Mystery Box <\/br> \u00ab\u00a0Modern Superstars Edition 2024-25\u00a0\u00bb<\/br>(10 packs unopened)"},"content":{"rendered":"<p style=\"text-align: center;\"><strong>Alle P\u00e4ckchen dieser Serie stammen ausschlie\u00dflich aus folgenden Trading Card Boxes:<\/strong><br \/>\n2024 Panini Certified Football (Hobby Box)<br \/>\n2001 Upper Deck MVP Football (Hobby Box)<br \/>\n2004 Upper Deck Foundations Football (Hobby Box)<br \/>\n1988 Topps Football Picture &amp; Bubble Gum Cards (Wax Box)<br \/>\n2024 Panini Donruss Elite Football (Hobby Box)<br \/>\n2000 Topps Football (Hobby Box)<br \/>\n2024 Panini Prestige Football (Hobby H2 Box)<br \/>\n2016 Panini Donruss Optic Football (Mega Box)<br \/>\n2012 Upper Deck SP Authentic Football (Hobby Box)<br \/>\n2024 Panini Score Football (Hobby Box)<br \/>\n1999 Topps Football Cards (Hobby Box)<br \/>\n1996\/97 Upper Deck Football (Hobby Box)<br \/>\n2008 Upper Deck SP Football (Retail Box)<br \/>\n2024 Panini Mosaic Football (Mega Box)<br \/>\n2024 Panini Score Football (Retail Box)<br \/>\n1990 Action Packed All-Madden Football (Hobby Box)<br \/>\n1999 Upper Deck Football (Retail Box)<br \/>\n2024 Panini Prestige Football (Retail Box)<br \/>\n2024 Panini Donruss Elite Football (Blaster Box)<br \/>\n2013 Panini Rookies &amp; Stars Football (Multi Box)<br \/>\n1993 Action Packed Monday Night Football (Hobby Box)<br \/>\n1995 Collector\u2019s Edge Black Label NFL Trading Cards (Hobby Box)<br \/>\n1990 NFL Pro Set \u2013 The Official NFL Card (Wax Box)<br \/>\n1993 Bowman Football (Hobby Box)<br \/>\n1996 Score Select Football (Hobby Box)<br \/>\n1991 NFL Pacific Pro Football Plus Player Cards (Wax Box)<br \/>\n1994 Classic\u2019s NFL Experience Collection (Hobby Box)<br \/>\n1991 Upper Deck NFL Football Premiere Edition (Hobby Box)<br \/>\n1996 Donruss Football (Retail Box)<br \/>\n1992 Upper Deck NFL Football Cards (Hobby Box)<br \/>\n1989 Pro Set Football Cards (Wax Box)<br \/>\n1992 Topps Football Picture Cards (Wax Box)<br \/>\n1990 Score NFL Football (Wax Box)<br \/>\n1991 Pinnacle NFL Football Player Cards (Hobby Box)<br \/>\n1994 Skybox Premium Football (Hobby Box)<br \/>\n1996 Leaf Football Cards (Hobby Box)<br \/>\n1991 Upper Deck NFL Football Am\u00e9ricain Premiere Edition (Hobby Box)<br \/>\n1992 Topps Stadium Club Football (Hobby Box)<\/p>\n<p><strong>Remarque<\/strong> : L&rsquo;\u00e9tat de tous les paquets de Trading Cards a \u00e9t\u00e9 contr\u00f4l\u00e9 par Memorabilia Germany et les Mystery Boxes contiennent toutes, sans exception, des paquets \u00e0 l&rsquo;\u00e9tat neuf qui n&rsquo;ont jamais \u00e9t\u00e9 ouverts. Veuillez n\u00e9anmoins noter que les cartes ont jusqu&rsquo;\u00e0 35 ans et que nous ne pouvons donc pas garantir leur \u00e9tat \u00e0 l&rsquo;int\u00e9rieur des paquets.<\/p>\n<p>Comment fonctionne un Mystery Box?<br \/>\nVous trouverez des informations \u00e0 ce sujet dans nos <strong><a href=\"https:\/\/memorabilia-germany.de\/fr\/sport-memorabilia-faq\/#memorabilia-mystery-box\"><u>FAQ<\/u><\/a><\/strong>!<\/p>\n","protected":false},"excerpt":{"rendered":"<p><strong>Cette s\u00e9rie est disponible sur un total de 100 NFL Football Am\u00e9ricain Trading Cards <a href=\"https:\/\/memorabilia-germany.de\/fr\/sport-memorabilia-faq\/#memorabilia-mystery-box\"><u>Bo\u00eetes Myst\u00e8re<\/u><\/a> en \u00e9dition limit\u00e9e. Chaque bo\u00eete est scell\u00e9e et porte un num\u00e9ro de s\u00e9rie. Les bo\u00eetes contiennent des paquets non ouverts d&rsquo;\u00e9ditions \u00e9puis\u00e9es dans le monde entier des ann\u00e9es 80, 90, 2000 et 2010. De plus, la s\u00e9rie est compl\u00e9t\u00e9e par de tout nouveaux paquets des marques de cartes \u00e0 collectionner les plus exclusives de la saison actuelle (2024-25).<br \/>\nRetrouvez des paquets issus de bo\u00eetes du pass\u00e9 \u00e9puis\u00e9es dans le monde entier ainsi que des bo\u00eetes haut de gamme ultramodernes d&rsquo;aujourd&rsquo;hui. De Certified \u00e0 MVP et de Donruss Optic \u00e0 Elite, nous avons s\u00e9lectionn\u00e9 des paquets de cartes \u00e0 collectionner topps, Panini et Upper Deck particuli\u00e8rement exclusifs pour cette \u00e9dition. De plus, certaines bo\u00eetes contiennent Memorabilia <a href=\"https:\/\/memorabilia-germany.de\/fr\/sports-memorabilia-faq\/#redemption\"><u>Des coupons de r\u00e9demption<\/u><\/a> pour des ballons de football ou des mini-casques d\u00e9dicac\u00e9s !  <\/strong><\/p>\n<p><strong>Information produit :<\/strong><\/p>\n<ul style=\"list-style-type: square;\">\n<li>Contenu de chaque bo\u00eete : 10 paquets non ouverts datant de 1988 \u00e0 aujourd&rsquo;hui (voir la liste d\u00e9taill\u00e9e ci-dessous).<\/li>\n<li>Tous les paquets proviennent exclusivement de bo\u00eetes \u00ab\u00a0factory sealed\u00a0\u00bb.<\/li>\n<li>3 bo\u00eetes sur 100 contiennent \u00e9galement un Memorabilia <a href=\"https:\/\/memorabilia-germany.de\/fr\/sports-memorabilia-faq\/#redemption\"><strong><u>Redemption Voucher<\/u><\/strong><\/a>. Un Voucher peut \u00eatre \u00e9chang\u00e9 contre un Buffalo Bills Football Am\u00e9ricain d\u00e9dicac\u00e9 avec la signature et l&rsquo;inscription de la l\u00e9gende de la NFL O.J. Simpson. Les deux autres Voucher peuvent \u00eatre \u00e9chang\u00e9s contre un mini casque d\u00e9dicac\u00e9 par Jordan Love ou George Kittle.   Tous les objets ont \u00e9t\u00e9 authentifi\u00e9s par Beckett et ont un num\u00e9ro de s\u00e9rie qui peut \u00eatre v\u00e9rifi\u00e9 en ligne.<\/li>\n<li>Trouvez les Trading Cards originaux des stars de la NFL des ann\u00e9es 80 \u00e0 la saison actuelle de 2024-25. Les cartes comprennent des noms comme Joe Montana, Tom Brady, Dan Marino, Patrick Mahomes, Peyton Manning, Bo Nix, Caleb Williams, John Elway, Christian McCaffrey, DK Metcalf, Aaron Rodgers, Drew Brees, Rob Gronkowski, CJ Stroud, Travis Kelce, Joe Burrow ou Jayden Daniels.<\/li>\n<\/ul>\n<p>&nbsp;<\/p>\n<p><strong>Highlight Chances:<\/strong><\/p>\n<ul style=\"list-style-type: square;\">\n<li style=\"list-style-type: none;\">\n<ul style=\"list-style-type: square;\">\n<li><a href=\"https:\/\/memorabilia-germany.de\/fr\/sports-memorabilia-faq\/#redemption\"><strong><u>Vouchers de r\u00e9demption<\/u><\/strong><\/a>: Buffalo Bills Full Size Football Am\u00e9ricain avec autographe de O.J. Simpson, mini casques des Green Bay Packers et San Francisco 49ers avec autographes de Jordan Love et George Kittle.<\/li>\n<li>2024 Panini Certified Football Am\u00e9ricain Autographs, Memorabilia Cards &amp; Parallels:\n<ul style=\"list-style-type: circle;\">\n<li>Signatures de tissu Freshman<\/li>\n<li>Signatures certifi\u00e9es Canton<\/li>\n<li>Pi\u00e8ce du jeu Signatures<\/li>\n<li>Rookie Signatures<\/li>\n<li>Certifications pour d\u00e9butants<\/li>\n<li>The Mighty &amp; Night Moves Super Short Prints<\/li>\n<\/ul>\n<\/li>\n<li>2001 Upper Deck MVP Football Am\u00e9ricain Autographs, Memorabilia Cards &amp; Souvenirs :\n<ul style=\"list-style-type: circle;\">\n<li>NFL Stars Game Worn College Jersey Campus Classics<\/li>\n<li>Autograph Parallels incl. Peyton Manning, Drew Brees &amp; Troy Aikman <\/li>\n<li>Souvenir MVP Memorabilia Cards<\/li>\n<li>Simple + Double Game Used Football Am\u00e9ricain Autographs<\/li>\n<li>American Hero Pat Tillman + Drew Brees Rookie Cards<\/li>\n<\/ul>\n<\/li>\n<li>2004 Upper Deck Foundations Autographs, Limited Edition Jersey Inserts &amp; Patch Cards :\n<ul style=\"list-style-type: circle;\">\n<li>Rookie Foundations Rainbow Silver numbered to 10<\/li>\n<li>Rookie Foundations Autographed Patches numbered to 25<\/li>\n<li>Dual Endorsements Autographs: Rookie + Rookie &amp; Rookie + Veteran<\/li>\n<li>Signature Foundations<\/li>\n<li>Rookie Cards with a piece of a 2004 Rookie Photo Shoot worn jersey<\/li>\n<\/ul>\n<\/li>\n<li>2024 Panini Donruss Elite Autographs, Memorabilia Cards &amp; Rookie Parallels:\n<ul style=\"list-style-type: circle;\">\n<li>Signatures Pen Pals (y compris les doubles, triples et quadruples !)<\/li>\n<li>Tournant du si\u00e8cle Autographes<\/li>\n<li>Passer les signatures de la Torche<\/li>\n<li>Rookie Status Die-Cut Parallels (incl. Bo Nix, Caleb Williams, Michael Penix Jr. &amp; Jayden Daniels)<\/li>\n<li>Throwback Threads (singles &amp; doubles)<\/li>\n<li>Spellbounds + Premi\u00e8re classe<\/li>\n<\/ul>\n<\/li>\n<li>2000 Topps Football Am\u00e9ricain Autographs, Memorabilia Cards &amp; Parallels:\n<ul style=\"list-style-type: circle;\">\n<li>Hall of Fame Autographs<\/li>\n<li>Player Worn Pro Bowl Jersey Cards<\/li>\n<li>Johnny Unitas Reprints &amp; Autographs<\/li>\n<li>Autographes de superstars de la NFL<\/li>\n<li>MVP Promotions<\/li>\n<li>Rookie Premier Autographs<\/li>\n<\/ul>\n<\/li>\n<li>1988 topps NFL Football Am\u00e9ricain Highlight Cards &amp; Inserts:\n<ul style=\"list-style-type: circle;\">\n<li>1988 Super Rookies (inkl. Bo Jackson)<\/li>\n<li>1,000 Yard Club<\/li>\n<li>Joe Montana Cover Cards<\/li>\n<li>Team Leader + AllPro<\/li>\n<\/ul>\n<\/li>\n<\/ul>\n<\/li>\n<\/ul>\n","protected":false},"featured_media":55539,"template":"","meta":{"_acf_changed":false,"ocean_post_layout":"","ocean_both_sidebars_style":"","ocean_both_sidebars_content_width":0,"ocean_both_sidebars_sidebars_width":0,"ocean_sidebar":"0","ocean_second_sidebar":"0","ocean_disable_margins":"enable","ocean_add_body_class":"","ocean_shortcode_before_top_bar":"","ocean_shortcode_after_top_bar":"","ocean_shortcode_before_header":"","ocean_shortcode_after_header":"","ocean_has_shortcode":"","ocean_shortcode_after_title":"","ocean_shortcode_before_footer_widgets":"","ocean_shortcode_after_footer_widgets":"","ocean_shortcode_before_footer_bottom":"","ocean_shortcode_after_footer_bottom":"","ocean_display_top_bar":"default","ocean_display_header":"default","ocean_header_style":"","ocean_center_header_left_menu":"0","ocean_custom_header_template":"0","ocean_custom_logo":0,"ocean_custom_retina_logo":0,"ocean_custom_logo_max_width":0,"ocean_custom_logo_tablet_max_width":0,"ocean_custom_logo_mobile_max_width":0,"ocean_custom_logo_max_height":0,"ocean_custom_logo_tablet_max_height":0,"ocean_custom_logo_mobile_max_height":0,"ocean_header_custom_menu":"0","ocean_menu_typo_font_family":"0","ocean_menu_typo_font_subset":"","ocean_menu_typo_font_size":0,"ocean_menu_typo_font_size_tablet":0,"ocean_menu_typo_font_size_mobile":0,"ocean_menu_typo_font_size_unit":"px","ocean_menu_typo_font_weight":"","ocean_menu_typo_font_weight_tablet":"","ocean_menu_typo_font_weight_mobile":"","ocean_menu_typo_transform":"","ocean_menu_typo_transform_tablet":"","ocean_menu_typo_transform_mobile":"","ocean_menu_typo_line_height":0,"ocean_menu_typo_line_height_tablet":0,"ocean_menu_typo_line_height_mobile":0,"ocean_menu_typo_line_height_unit":"","ocean_menu_typo_spacing":0,"ocean_menu_typo_spacing_tablet":0,"ocean_menu_typo_spacing_mobile":0,"ocean_menu_typo_spacing_unit":"","ocean_menu_link_color":"","ocean_menu_link_color_hover":"","ocean_menu_link_color_active":"","ocean_menu_link_background":"","ocean_menu_link_hover_background":"","ocean_menu_link_active_background":"","ocean_menu_social_links_bg":"","ocean_menu_social_hover_links_bg":"","ocean_menu_social_links_color":"","ocean_menu_social_hover_links_color":"","ocean_disable_title":"default","ocean_disable_heading":"default","ocean_post_title":"","ocean_post_subheading":"","ocean_post_title_style":"","ocean_post_title_background_color":"","ocean_post_title_background":0,"ocean_post_title_bg_image_position":"","ocean_post_title_bg_image_attachment":"","ocean_post_title_bg_image_repeat":"","ocean_post_title_bg_image_size":"","ocean_post_title_height":0,"ocean_post_title_bg_overlay":0.5,"ocean_post_title_bg_overlay_color":"","ocean_disable_breadcrumbs":"default","ocean_breadcrumbs_color":"","ocean_breadcrumbs_separator_color":"","ocean_breadcrumbs_links_color":"","ocean_breadcrumbs_links_hover_color":"","ocean_display_footer_widgets":"default","ocean_display_footer_bottom":"default","ocean_custom_footer_template":"0","ofc_enable_fullscreen":"disable","ofc_fullscreen_speed":0,"ofc_fullscreen_nav":"enable","ofc_fullscreen_nav_pos":"right","ofc_fullscreen_nav_color":"","ofc_fullscreen_nav_tooltip_color":"","ofc_fullscreen_responsive":0},"product_brand":[],"product_cat":[3617],"product_tag":[],"class_list":{"0":"post-53928","1":"product","2":"type-product","3":"status-publish","4":"has-post-thumbnail","6":"product_cat-nfl-trading-cards-mystery-box-modern-superstars-edition-2024-25-10-packs-non-retires","7":"product_shipping_class-classe-dexpedition_a","9":"entry","10":"has-media","12":"first","13":"instock","14":"taxable","15":"shipping-taxable","16":"purchasable","17":"product-type-simple","18":"col","19":"span_1_of_4","20":"owp-content-center","21":"owp-thumbs-layout-horizontal","22":"owp-btn-normal","23":"owp-tabs-layout-horizontal"},"acf":[],"_links":{"self":[{"href":"https:\/\/memorabilia-germany.de\/fr\/wp-json\/wp\/v2\/product\/53928","targetHints":{"allow":["GET"]}}],"collection":[{"href":"https:\/\/memorabilia-germany.de\/fr\/wp-json\/wp\/v2\/product"}],"about":[{"href":"https:\/\/memorabilia-germany.de\/fr\/wp-json\/wp\/v2\/types\/product"}],"version-history":[{"count":0,"href":"https:\/\/memorabilia-germany.de\/fr\/wp-json\/wp\/v2\/product\/53928\/revisions"}],"wp:featuredmedia":[{"embeddable":true,"href":"https:\/\/memorabilia-germany.de\/fr\/wp-json\/wp\/v2\/media\/55539"}],"wp:attachment":[{"href":"https:\/\/memorabilia-germany.de\/fr\/wp-json\/wp\/v2\/media?parent=53928"}],"wp:term":[{"taxonomy":"product_brand","embeddable":true,"href":"https:\/\/memorabilia-germany.de\/fr\/wp-json\/wp\/v2\/product_brand?post=53928"},{"taxonomy":"product_cat","embeddable":true,"href":"https:\/\/memorabilia-germany.de\/fr\/wp-json\/wp\/v2\/product_cat?post=53928"},{"taxonomy":"product_tag","embeddable":true,"href":"https:\/\/memorabilia-germany.de\/fr\/wp-json\/wp\/v2\/product_tag?post=53928"}],"curies":[{"name":"wp","href":"https:\/\/api.w.org\/{rel}","templated":true}]}}