{"id":53206,"date":"2024-11-30T18:12:18","date_gmt":"2024-11-30T17:12:18","guid":{"rendered":"https:\/\/memorabilia-germany.de\/produkt\/uefa-football-trading-cards-mystery-box-modern-superstars-edition-2024-2510-packs-unopened\/"},"modified":"2024-12-04T14:22:39","modified_gmt":"2024-12-04T13:22:39","slug":"uefa-football-trading-cards-mystery-box-modern-superstars-edition-2024-2510-packs-unopened","status":"publish","type":"product","link":"https:\/\/memorabilia-germany.de\/fr\/produit\/uefa-football-trading-cards-mystery-box-modern-superstars-edition-2024-2510-packs-unopened\/","title":{"rendered":"UEFA Football Trading Cards Mystery Box <\/br> \u00ab\u00a0Modern Superstars Edition 2024-25\u00a0\u00bb<\/br>(10 packs unopened)"},"content":{"rendered":"<p style=\"text-align: center;\"><strong>Alle P\u00e4ckchen dieser Serie stammen ausschlie\u00dflich aus folgenden Trading Card Boxes:<\/strong><br \/>\n2023\/24 Panini Donruss FIFA Soccer (Hobby Box)<br \/>\n2023\/24 Panini Select FIFA Soccer (Hobby Box)<br \/>\n2023\/24 Panini Select La Liga Soccer (Hobby Box)<br \/>\n2023\/24 Topps Chrome UEFA Club Competitions Soccer (Hobby Box)<br \/>\n2023\/24 Topps Chrome Bundesliga Soccer (Hobby Box)<br \/>\n2023\/24 Panini Select Premier League Soccer (Hobby Box)<br \/>\n2023\/24 Panini Select Serie A Soccer (Hobby Box)<br \/>\n2023\/24 Panini PRIZM Premier League (Hobby Box)<br \/>\n2023\/24 X-Whip Topps UEFA Champions League Gold (Hobby Box)<br \/>\n2023\/24 Topps Bundesliga Jade Edition Soccer (Hobby Box)<br \/>\n2023\/24 Panini Score Serie A Soccer (Retail Box)<br \/>\n2023\/24 Topps UEFA Club Competitions Soccer (Hobby Box)<br \/>\n2023\/24 Panini Score FIFA Soccer (Retail Box)<br \/>\n2023\/24 Panini Score Premier League Soccer (Retail Box)<br \/>\n2023\/24 Panini PRIZM Premier League (Retail Box)<br \/>\n2023\/24 Panini PRIZM Premier League (Blaster Box)<br \/>\n2023\/24 Topps Chrome UEFA Club Competitions Soccer (Blaster Box)<br \/>\n2023\/24 Topps UEFA Club Competitions Soccer (Blaster Box)<br \/>\n2023\/24 Panini Select Premier League Soccer (Mega &amp; Blaster Box)<br \/>\n2023\/24 Panini Select Serie A Soccer (Mega &amp; Blaster Box)<br \/>\n2023\/24 Panini Select FIFA Soccer (Mega &amp; Blaster Box)<br \/>\n2023\/24 Panini Select La Liga Soccer (Mega &amp; Blaster Box)<br \/>\n2023\/24 Panini Donruss Soccer (Blaster Box)<br \/>\n2023\/24 Topps UEFA Superstars Soccer (Hobby Box)\n<\/p>\n<p>Comment fonctionne un Mystery Box?<br \/>\nVous trouverez des informations \u00e0 ce sujet dans nos <strong><a href=\"https:\/\/memorabilia-germany.de\/fr\/sport-memorabilia-faq\/#memorabilia-mystery-box\"><u>FAQ<\/u><\/a><\/strong>!<\/p>\n","protected":false},"excerpt":{"rendered":"<p><strong>Cette s\u00e9rie est disponible sur un total de 100 football Trading Cards <a href=\"https:\/\/memorabilia-germany.de\/fr\/sport-memorabilia-faq\/#memorabilia-mystery-box\"><u>Bo\u00eetes myst\u00e8res<\/u><\/a> en \u00e9dition limit\u00e9e. Chaque bo\u00eete est scell\u00e9e et porte un num\u00e9ro de s\u00e9rie. Les bo\u00eetes contiennent des paquets non ouverts des \u00e9ditions de Trading Cards les plus exclusives au monde. Trouvez des paquets contenant des cartes de stars de la Ligue des champions, des meilleurs championnats europ\u00e9ens, des \u00e9quipes nationales et de l&rsquo;UEFA Europe et Conference League. De Donruss \u00e0 PRIZM et de Chrome \u00e0 Select, nous avons toutes les meilleures marques de topps et Panini. De plus, certaines bo\u00eetes contiennent Memorabilia <a href=\"https:\/\/memorabilia-germany.de\/fr\/sports-memorabilia-faq\/#redemption\"><u>Bons d&rsquo;achat Redemption<\/u><\/a> pour un maillot d\u00e9dicac\u00e9 par la l\u00e9gende br\u00e9silienne Pel\u00e9 et pour d&rsquo;autres bo\u00eetes myst\u00e8res ! <\/strong><\/p>\n<p><strong>Information produit :<\/strong><\/p>\n<ul style=\"list-style-type: square;\">\n<li>Contenu de chaque bo\u00eete : 10 paquets non ouverts des s\u00e9ries de cartes les plus r\u00e9centes (voir la liste d\u00e9taill\u00e9e ci-dessous).<\/li>\n<li>Tous les paquets proviennent exclusivement de bo\u00eetes \u00ab\u00a0factory sealed\u00a0\u00bb.<\/li>\n<li>3 bo\u00eetes sur 100 contiennent en plus un <a href=\"https:\/\/memorabilia-germany.de\/fr\/sports-memorabilia-faq\/#redemption\"><strong><u>Redemption Voucher<\/u><\/strong><\/a> pour un maillot original d\u00e9dicac\u00e9 par la l\u00e9gende du football Pel\u00e9 ou un autre Mystery Box de cette s\u00e9rie. Le maillot a \u00e9t\u00e9 authentifi\u00e9 par PSA\/DNA et poss\u00e8de un num\u00e9ro de s\u00e9rie qui peut \u00eatre v\u00e9rifi\u00e9 en ligne. <\/li>\n<li>Trouvez Trading Cards des stars actuelles du football comme Erling Haaland, Jamal Musiala, Florian Wirtz, Ronaldo, Messi, Robert Lewandowski, Lamine Yamal, Kylian Mbapp\u00e9, Jude Bellingham, Rodri, Riccardo Calafiori, Vinicius Junior, Harry Kane ou Rafael Le\u00e3o ainsi que des l\u00e9gendes du football comme David Beckham ou Ronaldinho.<\/li>\n<\/ul>\n<p>&nbsp;<\/p>\n<p><strong>Highlight Chances:<\/strong><\/p>\n<ul style=\"list-style-type: square;\">\n<li><a href=\"https:\/\/memorabilia-germany.de\/fr\/sports-memorabilia-faq\/#redemption\"><strong><u>Vouchers de r\u00e9demption<\/u><\/strong><\/a>: Br\u00e9sil Custom Maillot d\u00e9dicac\u00e9 par Pel\u00e9 ainsi que pour d&rsquo;autres bo\u00eetes myst\u00e8res de la s\u00e9rie Modern Superstars de 2024\/25.<\/li>\n<li>2023\/24 Panini Donruss FIFA Soccer Autograph, Memorabilia Cards &amp; Hobby Exclusive Parallels:\n<ul style=\"list-style-type: circle;\">\n<li>Signature Series<\/li>\n<li>Beautiful Game + Beautiful Game Duals<\/li>\n<li>Kit Kings + Kit Series<\/li>\n<li>Optic Rated Rookies (incl. Lamine Yamal)<\/li>\n<li>Kaboom ! + Night Moves <\/li>\n<li>Crunch Time, Net Marvels + Pitch Kings<\/li>\n<\/ul>\n<\/li>\n<li>2023\/24 Panini Select Soccer (FIFA, La Liga, Serie A + Premier League Editions !) Autographes, Memorabilia Cards &amp; Special Inserts:\n<ul style=\"list-style-type: circle;\">\n<li>Pitchside Signatures<\/li>\n<li>Autographed Memorabilia + Memorabilia Gold<\/li>\n<li>Swatches Jumbo<\/li>\n<li>Stained Glass<\/li>\n<li>Artistic Impressions<\/li>\n<li>Visionary<\/li>\n<\/ul>\n<\/li>\n<li>2023\/24 Topps Chrome UEFA Club Competitions Soccer Autograph Cards:\n<ul style=\"list-style-type: circle;\">\n<li>Chrome Autographs (incl. Doubles + Triples)<\/li>\n<li>Shadow Etch Autograph Variations<\/li>\n<li>Golazo Autograph Variation<\/li>\n<li>All-Time Scorers UCL Triple Autograph Book<\/li>\n<li>1998 Topps Chrome Shooting Stars Autograph Variation<\/li>\n<li>Wonderkids Autograph Variations<\/li>\n<li>Black Lazer + Future Kids Autographs<\/li>\n<\/ul>\n<\/li>\n<li>2023\/24 Topps Chrome UEFA Club Competitions Soccer Inserts + Limiteds :\n<ul style=\"list-style-type: circle;\">\n<li>Chrome Trophy<\/li>\n<li>White Noise<\/li>\n<li>Hobby Masters<\/li>\n<li>TIFO<\/li>\n<li>Shadow Etch<\/li>\n<li>London&rsquo;s Calling (2024 UCL Final inspired)<\/li>\n<li>Starball Debuts<\/li>\n<li>Pulsar Refractors, Legendary Base Card Short Prints &amp; Hero Variations<\/li>\n<\/ul>\n<\/li>\n<li>2023\/24 Topps Chrome Bundesliga Soccer Autographs, Relics, Inserts &amp; Anniversary Specials :\n<ul style=\"list-style-type: circle;\">\n<li>Time Travelers Autographs<\/li>\n<li>Top XI Autographs<\/li>\n<li>Ultrabeam Autographs<\/li>\n<li>1963 Topps Autograph (Anniversary Exclusives)<\/li>\n<li>Chrome Autographs (incl. Doubles + Triples)<\/li>\n<li>Diamond Anniversary Base Relics<\/li>\n<li>Titans + Hobby Masters<\/li>\n<li>LET&rsquo;S GO<\/li>\n<\/ul>\n<\/li>\n<li>2023\/24 Topps Gold UEFA Club Competitions Soccer Match-Worn Golden Relics + Future Stars Rookies (incl. Lamine Yamal) !<\/li>\n<\/ul>\n","protected":false},"featured_media":55768,"template":"","meta":{"_acf_changed":false,"ocean_post_layout":"","ocean_both_sidebars_style":"","ocean_both_sidebars_content_width":0,"ocean_both_sidebars_sidebars_width":0,"ocean_sidebar":"0","ocean_second_sidebar":"0","ocean_disable_margins":"enable","ocean_add_body_class":"","ocean_shortcode_before_top_bar":"","ocean_shortcode_after_top_bar":"","ocean_shortcode_before_header":"","ocean_shortcode_after_header":"","ocean_has_shortcode":"","ocean_shortcode_after_title":"","ocean_shortcode_before_footer_widgets":"","ocean_shortcode_after_footer_widgets":"","ocean_shortcode_before_footer_bottom":"","ocean_shortcode_after_footer_bottom":"","ocean_display_top_bar":"default","ocean_display_header":"default","ocean_header_style":"","ocean_center_header_left_menu":"0","ocean_custom_header_template":"0","ocean_custom_logo":0,"ocean_custom_retina_logo":0,"ocean_custom_logo_max_width":0,"ocean_custom_logo_tablet_max_width":0,"ocean_custom_logo_mobile_max_width":0,"ocean_custom_logo_max_height":0,"ocean_custom_logo_tablet_max_height":0,"ocean_custom_logo_mobile_max_height":0,"ocean_header_custom_menu":"0","ocean_menu_typo_font_family":"0","ocean_menu_typo_font_subset":"","ocean_menu_typo_font_size":0,"ocean_menu_typo_font_size_tablet":0,"ocean_menu_typo_font_size_mobile":0,"ocean_menu_typo_font_size_unit":"px","ocean_menu_typo_font_weight":"","ocean_menu_typo_font_weight_tablet":"","ocean_menu_typo_font_weight_mobile":"","ocean_menu_typo_transform":"","ocean_menu_typo_transform_tablet":"","ocean_menu_typo_transform_mobile":"","ocean_menu_typo_line_height":0,"ocean_menu_typo_line_height_tablet":0,"ocean_menu_typo_line_height_mobile":0,"ocean_menu_typo_line_height_unit":"","ocean_menu_typo_spacing":0,"ocean_menu_typo_spacing_tablet":0,"ocean_menu_typo_spacing_mobile":0,"ocean_menu_typo_spacing_unit":"","ocean_menu_link_color":"","ocean_menu_link_color_hover":"","ocean_menu_link_color_active":"","ocean_menu_link_background":"","ocean_menu_link_hover_background":"","ocean_menu_link_active_background":"","ocean_menu_social_links_bg":"","ocean_menu_social_hover_links_bg":"","ocean_menu_social_links_color":"","ocean_menu_social_hover_links_color":"","ocean_disable_title":"default","ocean_disable_heading":"default","ocean_post_title":"","ocean_post_subheading":"","ocean_post_title_style":"","ocean_post_title_background_color":"","ocean_post_title_background":0,"ocean_post_title_bg_image_position":"","ocean_post_title_bg_image_attachment":"","ocean_post_title_bg_image_repeat":"","ocean_post_title_bg_image_size":"","ocean_post_title_height":0,"ocean_post_title_bg_overlay":0.5,"ocean_post_title_bg_overlay_color":"","ocean_disable_breadcrumbs":"default","ocean_breadcrumbs_color":"","ocean_breadcrumbs_separator_color":"","ocean_breadcrumbs_links_color":"","ocean_breadcrumbs_links_hover_color":"","ocean_display_footer_widgets":"default","ocean_display_footer_bottom":"default","ocean_custom_footer_template":"0","ofc_enable_fullscreen":"disable","ofc_fullscreen_speed":0,"ofc_fullscreen_nav":"enable","ofc_fullscreen_nav_pos":"right","ofc_fullscreen_nav_color":"","ofc_fullscreen_nav_tooltip_color":"","ofc_fullscreen_responsive":0},"product_brand":[],"product_cat":[3593],"product_tag":[],"class_list":{"0":"post-53206","1":"product","2":"type-product","3":"status-publish","4":"has-post-thumbnail","6":"product_cat-uefa-football-trading-cards-mystery-box-modern-superstars-edition-2024-25-10-packs-unopened","7":"product_shipping_class-classe-dexpedition_a","9":"entry","10":"has-media","12":"first","13":"outofstock","14":"taxable","15":"shipping-taxable","16":"product-type-simple","17":"col","18":"span_1_of_4","19":"owp-content-center","20":"owp-thumbs-layout-horizontal","21":"owp-btn-normal","22":"owp-tabs-layout-horizontal"},"acf":[],"_links":{"self":[{"href":"https:\/\/memorabilia-germany.de\/fr\/wp-json\/wp\/v2\/product\/53206","targetHints":{"allow":["GET"]}}],"collection":[{"href":"https:\/\/memorabilia-germany.de\/fr\/wp-json\/wp\/v2\/product"}],"about":[{"href":"https:\/\/memorabilia-germany.de\/fr\/wp-json\/wp\/v2\/types\/product"}],"version-history":[{"count":0,"href":"https:\/\/memorabilia-germany.de\/fr\/wp-json\/wp\/v2\/product\/53206\/revisions"}],"wp:featuredmedia":[{"embeddable":true,"href":"https:\/\/memorabilia-germany.de\/fr\/wp-json\/wp\/v2\/media\/55768"}],"wp:attachment":[{"href":"https:\/\/memorabilia-germany.de\/fr\/wp-json\/wp\/v2\/media?parent=53206"}],"wp:term":[{"taxonomy":"product_brand","embeddable":true,"href":"https:\/\/memorabilia-germany.de\/fr\/wp-json\/wp\/v2\/product_brand?post=53206"},{"taxonomy":"product_cat","embeddable":true,"href":"https:\/\/memorabilia-germany.de\/fr\/wp-json\/wp\/v2\/product_cat?post=53206"},{"taxonomy":"product_tag","embeddable":true,"href":"https:\/\/memorabilia-germany.de\/fr\/wp-json\/wp\/v2\/product_tag?post=53206"}],"curies":[{"name":"wp","href":"https:\/\/api.w.org\/{rel}","templated":true}]}}