{"id":52999,"date":"2024-11-29T17:36:41","date_gmt":"2024-11-29T16:36:41","guid":{"rendered":"https:\/\/memorabilia-germany.de\/produkt\/nba-trading-cards-mystery-box-modern-superstars-alternate-edition-2024-2510-unopened-packs\/"},"modified":"2025-05-19T17:11:50","modified_gmt":"2025-05-19T15:11:50","slug":"nba-trading-cards-mystery-box-modern-superstars-alternate-edition-2024-2510-unopened-packs","status":"publish","type":"product","link":"https:\/\/memorabilia-germany.de\/fr\/produit\/nba-trading-cards-mystery-box-modern-superstars-alternate-edition-2024-2510-unopened-packs\/","title":{"rendered":"NBA Trading Cards Mystery Box <\/br> \u00ab\u00a0Modern Superstars ALTERNATE Edition 2024-25\u00a0\u00bb<\/br>(10 unopened packs)"},"content":{"rendered":"<p style=\"text-align: center;\"><strong>Tous les paquets de cette s\u00e9rie proviennent exclusivement des Trading Cards Boxes suivantes :<\/strong><\/br><br \/>\n2000\/01 Upper Deck SP Authentic Basketball (Hobby Box)<br \/>\n2005\/06 Upper Deck Basketball (Hobby Box)<br \/>\n2023\/24 Donruss Optic Basketball (Hobby Box)<br \/>\n2023\/24 NBA HOOPS (Hobby Box)<br \/>\n2002\/03 Topps Basketball (Retail Box)<br \/>\n1992\/93 Upper Deck NBA Basketball Cards (Hobby Box)<br \/>\n1990 Fleer Basketball Player Photo Cards (Wax Box)<br \/>\n1994\/95 Fleer Ultra Basketball (Hobby Box)<br \/>\n2023\/24 Panini Select Basketball (Mega Box)<br \/>\n2023\/24 Panini Donruss Basketball (Retail Box)<br \/>\n1993\/94 Fleer Basketball Cards (Hobby Box)<br \/>\n1994\/95 Upper Deck NBA Basketball Cards (Hobby Box)<br \/>\n2023\/24 Panini Prizm Basketball (Blaster Box)<br \/>\n2023\/24 NBA HOOPS (Retail Box)<br \/>\n2023\/24 Panini Donruss Optic Basketball Cards (Blaster Box)<br \/>\n1992\/93 SkyBox Basketball Cards (Hobby Box)<br \/>\n1993\/94 SkyBox Premium Edition Basketball Cards (Hobby Box)<br \/>\n1990\/91 NBA HOOPS (Wax Box)<br \/>\n1991\/92 NBA HOOPS (Wax Box)<br \/>\n1992\/93 NBA HOOPS (Wax Box)<br \/>\n1993\/94 NBA HOOPS (Wax Box)<br \/>\n2023\/24 NBA HOOPS (Blaster Box)<br \/>\n1991\/92 Upper Deck NBA Basketball Cards Inaugual Edition (Hobby Box)<br \/>\n1994\/95 Skybox Premium Basketball Cards (Hobby Box)<br \/>\n1990\/91 SkyBox Inaugural Edition Basketball Cards (Wax Box)<br \/>\n1993\/94 SkyBox Premium Edition Basketball Cards (Hobby Box)<br \/>\n1994 Topps Stadium Club NBA Basketball Cards (Hobby Box)<br \/>\n1991 Fleer Basketball Player Photo Cards (Wax Box)\n<\/p>\n<p><strong>Remarque :<\/strong> Tous les paquets de cartes \u00e0 collectionner ont \u00e9t\u00e9 v\u00e9rifi\u00e9s par Memorabilia Germany et les bo\u00eetes myst\u00e8res contiennent toutes des paquets \u00e0 l&rsquo;\u00e9tat neuf qui n&rsquo;ont jamais \u00e9t\u00e9 ouverts. Veuillez n\u00e9anmoins noter que les cartes ont jusqu&rsquo;\u00e0 35 ans et que nous ne pouvons donc pas garantir leur \u00e9tat \u00e0 l&rsquo;int\u00e9rieur des paquets.<\/p>\n<p>Comment fonctionne un Mystery Box?<br \/>\nVous trouverez des informations \u00e0 ce sujet dans nos <strong><a href=\"https:\/\/memorabilia-germany.de\/fr\/sport-memorabilia-faq\/#memorabilia-mystery-box\"><u>FAQ<\/u><\/a><\/strong>!<\/p>\n","protected":false},"excerpt":{"rendered":"<p><strong>Cette s\u00e9rie est disponible sur un total de 100 NBA Trading Cards <a href=\"https:\/\/memorabilia-germany.de\/fr\/sport-memorabilia-faq\/#memorabilia-mystery-box\"><u>Mystery Boxes<\/u><\/a> limit\u00e9e. Chaque bo\u00eete est scell\u00e9e et porte un num\u00e9ro de s\u00e9rie. Les cartons contiennent des colis non ouverts des ann\u00e9es 90 \u00e0 aujourd&rsquo;hui. Trouvez des packages de bo\u00eetes du pass\u00e9 qui ont \u00e9t\u00e9 \u00e9puis\u00e9es dans le monde entier ainsi que des High-End Boxen haut de gamme modernes d&rsquo;aujourd&rsquo;hui. De Donruss Optic \u00e0 Upper Deck SP et de Fleer Ultra \u00e0 NBA HOOPS. De plus, certaines bo\u00eetes contiennent Memorabilia <a href=\"https:\/\/memorabilia-germany.de\/fr\/sports-memorabilia-faq\/#redemption\"><u>Bons de r\u00e9demption<\/u><\/a> pour des ballons de basket sign\u00e9s !<\/strong><\/p>\n<p><strong>Information produit :<\/strong><\/p>\n<ul style=\"list-style-type: square;\">\n<li>Contenu de chaque bo\u00eete : 10 paquets non ouverts datant de 1990 \u00e0 aujourd&rsquo;hui (voir la liste d\u00e9taill\u00e9e ci-dessous).<\/li>\n<li>Tous les paquets proviennent exclusivement de bo\u00eetes \u00ab\u00a0factory sealed\u00a0\u00bb.<\/li>\n<li>3 des 100 bo\u00eetes contiennent \u00e9galement un Memorabilia <a href=\"https:\/\/memorabilia-germany.de\/fr\/sports-memorabilia-faq\/#redemption\"><strong><u>Redemption Voucher<\/u><\/strong><\/a> pour un ballon de basket NBA original sign\u00e9 par Wilson et d\u00e9dicac\u00e9 par Franz Wagner, Giannis Antetokounmpo ou Shaquille O&rsquo;Neal ! Toutes les balles ont \u00e9t\u00e9 authentifi\u00e9es par Beckett ou James Spence Authentication et poss\u00e8dent un num\u00e9ro de s\u00e9rie qui peut \u00eatre v\u00e9rifi\u00e9 en ligne.<\/li>\n<li>Retrouvez les Trading Cards originales de stars de la NBA comme Michael Jordan, LeBron James, Kobe Bryant, Shaquille O&rsquo;Neal, Larry Bird, Magic Johnson, Ja Morant, Steph Curry, James Harden, Nikola Jokic, Dennis Rodman, Grant Hill, Giannis Antetokounmpo ou Luka. Doncic.<\/li>\n<\/ul>\n<p>&nbsp;<\/p>\n<p><strong>Highlight Chances:<\/strong><\/p>\n<ul style=\"list-style-type: square;\">\n<li><a href=\"https:\/\/memorabilia-germany.de\/fr\/sports-memorabilia-faq\/#redemption\"><strong><u>Vouchers Redemption<\/u><\/strong><\/a>: Ballons de basket Wilson d\u00e9dicac\u00e9s par Franz Wagner, Giannis Antetokounmpo ou Shaquille O&rsquo;Neal<\/li>\n<li>2000\/01 Upper Deck SP Authentic Basketball Single &amp; Double \u00ab\u00a0Sign of the Time\u00a0\u00bb Autograph Cards incl. Kobe Bryant &amp; Michael Jordan Authentics <\/li>\n<li>2000\/01 Upper Deck SP Authentic Basketball Autographs, Relics &amp; Inserts:\n<ul style=\"list-style-type: circle;\">\n<li>Buy Backs (SP Autographs)<\/li>\n<li>First Class<\/li>\n<li>Premier Powers<\/li>\n<li>SPectacular<\/li>\n<li>Special Forces<\/li>\n<li>Supremacy<\/li>\n<\/ul>\n<\/li>\n<li>2005\/06 Upper Deck Basketball Signature &amp; Memorabilia Cards incl. Michael Jordan &amp; LeBron James :\n<ul style=\"list-style-type: circle;\">\n<li>Signature Sensations<\/li>\n<li>Performance Clause Autograph Jersey Redemption<\/li>\n<li>UD Game Jerseys &amp; Materials<\/li>\n<li>Rookie Review Materials<\/li>\n<li>All-StarAuthentics &amp; NBA Game Patches<\/li>\n<li>Star Rookies &amp; Regular Player Gold Parallels<\/li>\n<\/ul>\n<\/li>\n<li>2023\/24 Panini Donruss Optic Hobby-Exclusive Autographs, Parallels &amp; Inserts:\n<ul style=\"list-style-type: circle;\">\n<li>Rated Rookie Signatures (incl. Victor Wembanyama)<\/li>\n<li>Rookie Dual Signatures (incl. Victor Wembanyama)<\/li>\n<li>Les slammy ! SSP en or <\/li>\n<li>Optix SSPs<\/li>\n<li>Photon Parallels &amp; SPPs<\/li>\n<li>Elite Dominators, The Rookies, Lights Out &amp; Raining 3s<\/li>\n<li>Rising Suns + Red Hot Rookies Pink Velocity<\/li>\n<li>One-of-One Gold Vinyls<\/li>\n<\/ul>\n<\/li>\n<li>2023\/24 NBA HOOPS Autographs &amp; Inserts:\n<ul style=\"list-style-type: circle;\">\n<li>Hoops Art Signatures, Rookie Inks &amp; Hot Signatures Rookies (incl. Victor Wembanyama)<\/li>\n<li>Attack the Rack Artist Proof, Sheesh Holo Artist Proof + Ignitions (incl. hobby-exclusive JAM-tastics, Hoops Throwbacks, Spark Plugs &amp; HIPnotizeds)<\/li>\n<li>Presentations, Extreme Team &amp; Road to the Final Hobby Exclusives<\/li>\n<li>One-of-one Artist Proof Black Parallels<\/li>\n<\/ul>\n<\/li>\n<li>2002\/03 Topps Basketball Autographs &amp; Inserts:\n<ul style=\"list-style-type: circle;\">\n<li>Superstar Autographs<\/li>\n<li>Slam Duncan &amp; Shaq Attack Relics<\/li>\n<\/ul>\n<\/li>\n<li>1993 Michael Jordan Center Stage Cards<\/li>\n<li>1992 Larry Bird &amp; Magic Johnson Retirement Insert Cards<\/li>\n<li>1994 Fleer Ultra Inside\/Outside Hobby-Exclusive Inserts<\/li>\n<\/ul>\n","protected":false},"featured_media":55162,"template":"","meta":{"_acf_changed":false,"ocean_post_layout":"","ocean_both_sidebars_style":"","ocean_both_sidebars_content_width":0,"ocean_both_sidebars_sidebars_width":0,"ocean_sidebar":"0","ocean_second_sidebar":"0","ocean_disable_margins":"enable","ocean_add_body_class":"","ocean_shortcode_before_top_bar":"","ocean_shortcode_after_top_bar":"","ocean_shortcode_before_header":"","ocean_shortcode_after_header":"","ocean_has_shortcode":"","ocean_shortcode_after_title":"","ocean_shortcode_before_footer_widgets":"","ocean_shortcode_after_footer_widgets":"","ocean_shortcode_before_footer_bottom":"","ocean_shortcode_after_footer_bottom":"","ocean_display_top_bar":"default","ocean_display_header":"default","ocean_header_style":"","ocean_center_header_left_menu":"0","ocean_custom_header_template":"0","ocean_custom_logo":0,"ocean_custom_retina_logo":0,"ocean_custom_logo_max_width":0,"ocean_custom_logo_tablet_max_width":0,"ocean_custom_logo_mobile_max_width":0,"ocean_custom_logo_max_height":0,"ocean_custom_logo_tablet_max_height":0,"ocean_custom_logo_mobile_max_height":0,"ocean_header_custom_menu":"0","ocean_menu_typo_font_family":"0","ocean_menu_typo_font_subset":"","ocean_menu_typo_font_size":0,"ocean_menu_typo_font_size_tablet":0,"ocean_menu_typo_font_size_mobile":0,"ocean_menu_typo_font_size_unit":"px","ocean_menu_typo_font_weight":"","ocean_menu_typo_font_weight_tablet":"","ocean_menu_typo_font_weight_mobile":"","ocean_menu_typo_transform":"","ocean_menu_typo_transform_tablet":"","ocean_menu_typo_transform_mobile":"","ocean_menu_typo_line_height":0,"ocean_menu_typo_line_height_tablet":0,"ocean_menu_typo_line_height_mobile":0,"ocean_menu_typo_line_height_unit":"","ocean_menu_typo_spacing":0,"ocean_menu_typo_spacing_tablet":0,"ocean_menu_typo_spacing_mobile":0,"ocean_menu_typo_spacing_unit":"","ocean_menu_link_color":"","ocean_menu_link_color_hover":"","ocean_menu_link_color_active":"","ocean_menu_link_background":"","ocean_menu_link_hover_background":"","ocean_menu_link_active_background":"","ocean_menu_social_links_bg":"","ocean_menu_social_hover_links_bg":"","ocean_menu_social_links_color":"","ocean_menu_social_hover_links_color":"","ocean_disable_title":"default","ocean_disable_heading":"default","ocean_post_title":"","ocean_post_subheading":"","ocean_post_title_style":"","ocean_post_title_background_color":"","ocean_post_title_background":0,"ocean_post_title_bg_image_position":"","ocean_post_title_bg_image_attachment":"","ocean_post_title_bg_image_repeat":"","ocean_post_title_bg_image_size":"","ocean_post_title_height":0,"ocean_post_title_bg_overlay":0.5,"ocean_post_title_bg_overlay_color":"","ocean_disable_breadcrumbs":"default","ocean_breadcrumbs_color":"","ocean_breadcrumbs_separator_color":"","ocean_breadcrumbs_links_color":"","ocean_breadcrumbs_links_hover_color":"","ocean_display_footer_widgets":"default","ocean_display_footer_bottom":"default","ocean_custom_footer_template":"0","ofc_enable_fullscreen":"disable","ofc_fullscreen_speed":0,"ofc_fullscreen_nav":"enable","ofc_fullscreen_nav_pos":"right","ofc_fullscreen_nav_color":"","ofc_fullscreen_nav_tooltip_color":"","ofc_fullscreen_responsive":0},"product_brand":[],"product_cat":[3580],"product_tag":[],"class_list":{"0":"post-52999","1":"product","2":"type-product","3":"status-publish","4":"has-post-thumbnail","6":"product_cat-nba-trading-cards-mystery-box-modern-superstars-alternate-edition-2024-25-10-unopened-packs-fr","7":"product_shipping_class-classe-dexpedition_a","9":"entry","10":"has-media","12":"first","13":"outofstock","14":"taxable","15":"shipping-taxable","16":"purchasable","17":"product-type-simple","18":"col","19":"span_1_of_4","20":"owp-content-center","21":"owp-thumbs-layout-horizontal","22":"owp-btn-normal","23":"owp-tabs-layout-horizontal"},"acf":[],"_links":{"self":[{"href":"https:\/\/memorabilia-germany.de\/fr\/wp-json\/wp\/v2\/product\/52999","targetHints":{"allow":["GET"]}}],"collection":[{"href":"https:\/\/memorabilia-germany.de\/fr\/wp-json\/wp\/v2\/product"}],"about":[{"href":"https:\/\/memorabilia-germany.de\/fr\/wp-json\/wp\/v2\/types\/product"}],"version-history":[{"count":0,"href":"https:\/\/memorabilia-germany.de\/fr\/wp-json\/wp\/v2\/product\/52999\/revisions"}],"wp:featuredmedia":[{"embeddable":true,"href":"https:\/\/memorabilia-germany.de\/fr\/wp-json\/wp\/v2\/media\/55162"}],"wp:attachment":[{"href":"https:\/\/memorabilia-germany.de\/fr\/wp-json\/wp\/v2\/media?parent=52999"}],"wp:term":[{"taxonomy":"product_brand","embeddable":true,"href":"https:\/\/memorabilia-germany.de\/fr\/wp-json\/wp\/v2\/product_brand?post=52999"},{"taxonomy":"product_cat","embeddable":true,"href":"https:\/\/memorabilia-germany.de\/fr\/wp-json\/wp\/v2\/product_cat?post=52999"},{"taxonomy":"product_tag","embeddable":true,"href":"https:\/\/memorabilia-germany.de\/fr\/wp-json\/wp\/v2\/product_tag?post=52999"}],"curies":[{"name":"wp","href":"https:\/\/api.w.org\/{rel}","templated":true}]}}