{"id":52748,"date":"2024-11-21T16:55:52","date_gmt":"2024-11-21T15:55:52","guid":{"rendered":"https:\/\/memorabilia-germany.de\/produkt\/maillot-de-basket-ball-mystery-box-2024-25-buzzer-beater-series-special-chances\/"},"modified":"2025-03-18T15:52:18","modified_gmt":"2025-03-18T14:52:18","slug":"maillot-de-basket-ball-mystery-box-2024-25-buzzer-beater-series-special-chances","status":"publish","type":"product","link":"https:\/\/memorabilia-germany.de\/fr\/produit\/maillot-de-basket-ball-mystery-box-2024-25-buzzer-beater-series-special-chances\/","title":{"rendered":"Maillot de basket-ball Mystery Box:<\/br>2024-25 BUZZER BEATER Series (Special Chances !)"},"content":{"rendered":"<p><strong>Plus d&rsquo;informations sur cette s\u00e9rie de maillots Mystery Box :<\/strong><\/p>\n<ul style=\"list-style-type: square;\">\n<li>Remarque : les maillots de basket-ball Custom sont des maillots d\u00e9dicac\u00e9s \u00e0 collectionner ou \u00e0 encadrer, qui n&rsquo;affichent pas les logos ou les \u00e9tiquettes des \u00e9quipes. Vous trouverez les diff\u00e9rences avec les maillots Authentic <a href=\"https:\/\/memorabilia-germany.de\/fr\/sports-memorabilia-faq\/#faq-jersey-types\"><strong><u>ici<\/u><\/strong><\/a>.<u><\/u><\/li>\n<li>Les maillots ont \u00e9t\u00e9 r\u00e9partis de mani\u00e8re al\u00e9atoire dans les bo\u00eetes.<\/li>\n<li>Tous les Memorabilia contenus dans une Mystery Box ont \u00e9t\u00e9 v\u00e9rifi\u00e9s par l&rsquo;un des principaux authentificateurs am\u00e9ricains et sont accompagn\u00e9s d&rsquo;\u00e9l\u00e9ments de s\u00e9curit\u00e9 num\u00e9rot\u00e9s en s\u00e9rie (Certificate of Authenticity et\/ou hologramme de s\u00e9curit\u00e9). Les authentifiants sont exclusivement : Beckett, James Spence Authentication, PSA\/DNA ou Fanatics. Plus d&rsquo;infos sur ce th\u00e8me important Authentification vous trouverez <strong><a href=\"https:\/\/memorabilia-germany.de\/fr\/authentification-des-signatures\/\">ici<\/a><\/strong>.<\/li>\n<li>Vous trouverez chez nous un aper\u00e7u COMPLET de la liste des joueurs inclus dans cette s\u00e9rie de Mystery Box :<\/li>\n<\/ul>\n<p style=\"text-align: center;\">Victor Wembanyama<br \/>\nScottie Pippen<br \/>\nStephen Curry<br \/>\nJayson Tatum et Luka Doncic Sp\u00e9cial Inserts<br \/>\nCharles Barkley<br \/>\nNikola Jokic<br \/>\nDirk Nowitzki<br \/>\nLarry Bird<br \/>\nShaquille O&rsquo;Neal<br \/>\nShai Gilgeous-Alexander<br \/>\nChet Holmgren<br \/>\nMagic Johnson<br \/>\nDennis Rodman<br \/>\nGiannis Antetokounmpo<br \/>\nKevin Durant<br \/>\nJa Morant<br \/>\nFranz Wagner<br \/>\nZach Edey<br \/>\nPaolo Banchero<br \/>\nJalen Brunson<br \/>\nAllen Iverson<br \/>\nKevon Looney<br \/>\nJerry West<br \/>\nTrae Young<br \/>\nKristaps Porzingis<br \/>\nDamian Lillard<br \/>\nGary Payton<br \/>\nGary Payton II<br \/>\nAustin Reaves<br \/>\nTony Parker<br \/>\nTrey Murphy III<br \/>\nClint Capela<br \/>\nDesmond Bane<br \/>\nZach LaVine<br \/>\nPatrick Williams<br \/>\nBam Adebayo<br \/>\nAlexandre Sarr<br \/>\nMatas Buzelis<br \/>\nDerrick White<br \/>\nCedric Maxwell<br \/>\nToni Kukoc<br \/>\nJoe Dumars<br \/>\nChristian Braun<br \/>\nGail Goodrich<br \/>\nTyler Herro<br \/>\nJrue Holiday<br \/>\nChris Mullin<br \/>\nAlonzo Mourning<br \/>\nPenny Hardaway<br \/>\nLarry Johnson<br \/>\nRobert Horry<br \/>\nGrayson Allen<br \/>\nDamon Stoudamire<br \/>\nDominique Wilkins<br \/>\nCorey Kispert<br \/>\nRichaun Holmes<br \/>\nJohn Collins<br \/>\nShawn Kemp<br \/>\nChauncey Billups<br \/>\nGlen Rice<br \/>\nMichael Cooper<br \/>\nAyo Dosunmu<br \/>\nBernard King<br \/>\nArtis Gilmore<br \/>\nSteve Nash\n<\/p>\n<p>Si une s\u00e9rie contient plus d&rsquo;un Basketball Memorabilia du m\u00eame joueur, vous recevrez une \u00ab\u00a0No Double Option\u00a0\u00bb. Cela signifie que vous ne recevrez certainement pas de joueur en double si vous achetez plus d&rsquo;une bo\u00eete.<\/p>\n<p>Comment fonctionne une Mystery Box pour maillot de foot ?<\/p>\n<p>Vous pouvez trouver des informations \u00e0 ce sujet dans notre <strong><a href=\"https:\/\/memorabilia-germany.de\/fr\/sports-memorabilia-faq\/#memorabilia-mystery-box\"><u>FAQ<\/u><\/a><\/strong>!<\/p>\n<p>Quelle est la diff\u00e9rence entre les maillots Custom et les maillots Authentic ?<\/p>\n<p>Vous pouvez trouver des informations \u00e0 ce sujet dans notre <strong><a href=\"https:\/\/memorabilia-germany.de\/fr\/sports-memorabilia-faq\/#faq-jersey-types\"><u>FAQ<\/u><\/a><\/strong>!<\/p>\n<p>Plus de Basketball Memorabilia vous trouverez <strong><a href=\"https:\/\/memorabilia-germany.de\/fr\/basket-ball-memorabilia\/\">ici<\/a><\/strong>.<\/p>\n","protected":false},"excerpt":{"rendered":"<p><strong>Cette s\u00e9rie est limit\u00e9e \u00e0 un total de 100 maillots <a href=\"https:\/\/memorabilia-germany.de\/fr\/sports-memorabilia-faq\/#memorabilia-mystery-box\"><u>Bo\u00eetes myst\u00e8res<\/u><\/a> limit\u00e9es.<br \/>\nChaque bo\u00eete a un num\u00e9ro de s\u00e9rie.<br \/>\nRetrouvez les maillots de basket sign\u00e9s des superstars actuelles de la NBA comme Victor Wembanyama, Steph Curry ou Nikola Jokic et des l\u00e9gendes de la NBA comme Charles Barkley ou Magic Johnson dans cette s\u00e9rie.<\/strong><\/p>\n<p><strong>Vue d\u2019ensemble rapide :<\/strong><\/p>\n<ul style=\"list-style-type: square;\">\n<li>Contenu de chaque bo\u00eete : maillot de foot sign\u00e9 <a href=\"https:\/\/memorabilia-germany.de\/fr\/sports-memorabilia-faq\/#faq-jersey-types\"><strong><u>Custom maillot de basket-ball<\/u><\/strong><\/a>. Les images vous donnent un petit aper\u00e7u du secret de la s\u00e9rie !<\/li>\n<li>Tous les maillots sont sign\u00e9s par au moins une star actuelle de la NBA ou une l\u00e9gende de la NBA. De plus, de nombreux maillots sont sign\u00e9s par les joueurs !<\/li>\n<li>Special Chances : certaines bo\u00eetes contiennent des maillots NBA sign\u00e9s par Nike, Jordan et Mitchell &amp; Ness, notamment de clubs comme les Golden State Warriors, Orlando Magic, Chicago Bulls ou Los Angeles Lakers, avec les autographes des joueurs.<\/li>\n<li>Trouvez l&rsquo;un des deux Special Inserts, sign\u00e9 par Jayson Tatum et Luka Doncic, en plus d&rsquo;un maillot dans deux des bo\u00eetes !<\/li>\n<li>Authentification des autographes (exclusivement) : <strong><a href=\"https:\/\/memorabilia-germany.de\/fr\/authentification-des-signatures\/#signature-authentication-beckett\">Beckett<\/a><\/strong>, <strong><a href=\"https:\/\/memorabilia-germany.de\/fr\/authentification-des-signatures\/#signature-authentication-james-spence\">James Spence Authentication<\/a><\/strong>, <strong><a href=\"https:\/\/memorabilia-germany.de\/fr\/authentification-des-signatures\/#signature-authentication-psa-dna\">PSA\/DNA<\/a><\/strong> ou <strong><a href=\"https:\/\/memorabilia-germany.de\/fr\/authentification-des-signatures\/#signature-authentication-fanatics\">Fanatics<\/a><\/strong>.<\/li>\n<\/ul>\n","protected":false},"featured_media":52664,"template":"","meta":{"_acf_changed":false,"ocean_post_layout":"","ocean_both_sidebars_style":"","ocean_both_sidebars_content_width":0,"ocean_both_sidebars_sidebars_width":0,"ocean_sidebar":"0","ocean_second_sidebar":"0","ocean_disable_margins":"enable","ocean_add_body_class":"","ocean_shortcode_before_top_bar":"","ocean_shortcode_after_top_bar":"","ocean_shortcode_before_header":"","ocean_shortcode_after_header":"","ocean_has_shortcode":"","ocean_shortcode_after_title":"","ocean_shortcode_before_footer_widgets":"","ocean_shortcode_after_footer_widgets":"","ocean_shortcode_before_footer_bottom":"","ocean_shortcode_after_footer_bottom":"","ocean_display_top_bar":"default","ocean_display_header":"default","ocean_header_style":"","ocean_center_header_left_menu":"0","ocean_custom_header_template":"0","ocean_custom_logo":0,"ocean_custom_retina_logo":0,"ocean_custom_logo_max_width":0,"ocean_custom_logo_tablet_max_width":0,"ocean_custom_logo_mobile_max_width":0,"ocean_custom_logo_max_height":0,"ocean_custom_logo_tablet_max_height":0,"ocean_custom_logo_mobile_max_height":0,"ocean_header_custom_menu":"0","ocean_menu_typo_font_family":"0","ocean_menu_typo_font_subset":"","ocean_menu_typo_font_size":0,"ocean_menu_typo_font_size_tablet":0,"ocean_menu_typo_font_size_mobile":0,"ocean_menu_typo_font_size_unit":"px","ocean_menu_typo_font_weight":"","ocean_menu_typo_font_weight_tablet":"","ocean_menu_typo_font_weight_mobile":"","ocean_menu_typo_transform":"","ocean_menu_typo_transform_tablet":"","ocean_menu_typo_transform_mobile":"","ocean_menu_typo_line_height":0,"ocean_menu_typo_line_height_tablet":0,"ocean_menu_typo_line_height_mobile":0,"ocean_menu_typo_line_height_unit":"","ocean_menu_typo_spacing":0,"ocean_menu_typo_spacing_tablet":0,"ocean_menu_typo_spacing_mobile":0,"ocean_menu_typo_spacing_unit":"","ocean_menu_link_color":"","ocean_menu_link_color_hover":"","ocean_menu_link_color_active":"","ocean_menu_link_background":"","ocean_menu_link_hover_background":"","ocean_menu_link_active_background":"","ocean_menu_social_links_bg":"","ocean_menu_social_hover_links_bg":"","ocean_menu_social_links_color":"","ocean_menu_social_hover_links_color":"","ocean_disable_title":"default","ocean_disable_heading":"default","ocean_post_title":"","ocean_post_subheading":"","ocean_post_title_style":"","ocean_post_title_background_color":"","ocean_post_title_background":0,"ocean_post_title_bg_image_position":"","ocean_post_title_bg_image_attachment":"","ocean_post_title_bg_image_repeat":"","ocean_post_title_bg_image_size":"","ocean_post_title_height":0,"ocean_post_title_bg_overlay":0.5,"ocean_post_title_bg_overlay_color":"","ocean_disable_breadcrumbs":"default","ocean_breadcrumbs_color":"","ocean_breadcrumbs_separator_color":"","ocean_breadcrumbs_links_color":"","ocean_breadcrumbs_links_hover_color":"","ocean_display_footer_widgets":"default","ocean_display_footer_bottom":"default","ocean_custom_footer_template":"0","ofc_enable_fullscreen":"disable","ofc_fullscreen_speed":0,"ofc_fullscreen_nav":"enable","ofc_fullscreen_nav_pos":"right","ofc_fullscreen_nav_color":"","ofc_fullscreen_nav_tooltip_color":"","ofc_fullscreen_responsive":0},"product_brand":[],"product_cat":[3560],"product_tag":[],"class_list":{"0":"post-52748","1":"product","2":"type-product","3":"status-publish","4":"has-post-thumbnail","6":"product_cat-maillot-de-basket-ball-mystery-box-2024-25-buzzer-beater-series-special-chances","7":"product_shipping_class-classe-dexpedition_a","9":"entry","10":"has-media","12":"first","13":"outofstock","14":"taxable","15":"shipping-taxable","16":"product-type-simple","17":"col","18":"span_1_of_4","19":"owp-content-center","20":"owp-thumbs-layout-horizontal","21":"owp-btn-normal","22":"owp-tabs-layout-horizontal"},"acf":[],"_links":{"self":[{"href":"https:\/\/memorabilia-germany.de\/fr\/wp-json\/wp\/v2\/product\/52748","targetHints":{"allow":["GET"]}}],"collection":[{"href":"https:\/\/memorabilia-germany.de\/fr\/wp-json\/wp\/v2\/product"}],"about":[{"href":"https:\/\/memorabilia-germany.de\/fr\/wp-json\/wp\/v2\/types\/product"}],"version-history":[{"count":0,"href":"https:\/\/memorabilia-germany.de\/fr\/wp-json\/wp\/v2\/product\/52748\/revisions"}],"wp:featuredmedia":[{"embeddable":true,"href":"https:\/\/memorabilia-germany.de\/fr\/wp-json\/wp\/v2\/media\/52664"}],"wp:attachment":[{"href":"https:\/\/memorabilia-germany.de\/fr\/wp-json\/wp\/v2\/media?parent=52748"}],"wp:term":[{"taxonomy":"product_brand","embeddable":true,"href":"https:\/\/memorabilia-germany.de\/fr\/wp-json\/wp\/v2\/product_brand?post=52748"},{"taxonomy":"product_cat","embeddable":true,"href":"https:\/\/memorabilia-germany.de\/fr\/wp-json\/wp\/v2\/product_cat?post=52748"},{"taxonomy":"product_tag","embeddable":true,"href":"https:\/\/memorabilia-germany.de\/fr\/wp-json\/wp\/v2\/product_tag?post=52748"}],"curies":[{"name":"wp","href":"https:\/\/api.w.org\/{rel}","templated":true}]}}