{"id":52733,"date":"2024-11-21T15:19:32","date_gmt":"2024-11-21T14:19:32","guid":{"rendered":"https:\/\/memorabilia-germany.de\/produkt\/football-americain-maillot-mystery-box-2024-25-man-in-motion-series-special-insert-chances\/"},"modified":"2026-02-02T13:18:40","modified_gmt":"2026-02-02T12:18:40","slug":"football-americain-maillot-mystery-box-2024-25-man-in-motion-series-special-insert-chances","status":"publish","type":"product","link":"https:\/\/memorabilia-germany.de\/fr\/produit\/football-americain-maillot-mystery-box-2024-25-man-in-motion-series-special-insert-chances\/","title":{"rendered":"Football Am\u00e9ricain Maillot Mystery Box: 2024-25 MAN IN MOTION Series(Special Insert Chances !)"},"content":{"rendered":"<p><strong>Plus d&rsquo;informations sur cette s\u00e9rie de maillots Mystery Box :<\/strong><\/p>\n<ul style=\"list-style-type: square;\">\n<li>Remarque : les maillots de Football Am\u00e9ricain Custom sont des maillots d\u00e9dicac\u00e9s \u00e0 collectionner ou \u00e0 encadrer, qui ne pr\u00e9sentent pas les logos ou les \u00e9tiquettes des \u00e9quipes. Vous trouverez les diff\u00e9rences avec les maillots Authentic <a href=\"https:\/\/memorabilia-germany.de\/fr\/sports-memorabilia-faq\/#faq-jersey-types\"><strong><u>ici<\/u><\/strong><\/a>.<u><\/u><\/li>\n<li>Les maillots ont \u00e9t\u00e9 r\u00e9partis de mani\u00e8re al\u00e9atoire dans les bo\u00eetes.<\/li>\n<li>Tous les Memorabilia contenus dans une Mystery Box ont \u00e9t\u00e9 v\u00e9rifi\u00e9s par l&rsquo;un des principaux authentificateurs am\u00e9ricains et sont accompagn\u00e9s d&rsquo;\u00e9l\u00e9ments de s\u00e9curit\u00e9 num\u00e9rot\u00e9s en s\u00e9rie (Certificate of Authenticity et\/ou hologramme de s\u00e9curit\u00e9). Les authentifiants sont exclusivement : Beckett, James Spence Authentication, PSA\/DNA ou Fanatics. Plus d&rsquo;infos sur ce th\u00e8me important Authentification vous trouverez <strong><a href=\"https:\/\/memorabilia-germany.de\/fr\/authentification-des-signatures\/\">ici<\/a><\/strong>.<\/li>\n<li>Vous trouverez chez nous un aper\u00e7u COMPLET de la liste des joueurs inclus dans cette s\u00e9rie de Mystery Box :<\/li>\n<\/ul>\n<p style=\"text-align: center;\">Brock Purdy<br \/>\nJordan Love<br \/>\nDan Marino<br \/>\nBrett Favre, Barry Sanders and C. J. Stroud Special Inserts<br \/>\nJa&rsquo;Marr Chase<br \/>\nBo Nix<br \/>\nAmon-Ra St. Brown<br \/>\nJustin Jefferson<br \/>\nChristian McCaffrey<br \/>\nJohn Elway<br \/>\nDavante Adams<br \/>\nTua Tagovailoa<br \/>\nTravis Kelce<br \/>\nDak Prescott<br \/>\nTyreek Hill<br \/>\nBaker Mayfield<br \/>\nRicky Pearsall<br \/>\nAlvin Kamara<br \/>\nJustin Fields<br \/>\nBijan Robinson<br \/>\nCeeDee Lamb<br \/>\nD.K. Metcalf<br \/>\nAidan Hutchinson<br \/>\nTee Higgins<br \/>\nMarquise \u201cHollywood\u201d Brown<br \/>\nTony Pollard<br \/>\nDeebo Samuel<br \/>\nOdell Beckham Jr.<br \/>\nGarrett Wilson<br \/>\nCooper Kupp<br \/>\nJames Cook<br \/>\nDeAndre Hopkins<br \/>\nJakobi Meyers<br \/>\nTank Dell<br \/>\nJerry Jeudy<br \/>\nJaxon Smith-Njigba<br \/>\nTrevon Diggs<br \/>\nDeshaun Watson<br \/>\nDavid Montgomery<br \/>\nDaniel Jones<br \/>\nMinkah Fitzpatrick<br \/>\nKenneth Walker III<br \/>\nJoe Mixon<br \/>\nBob Lilly<br \/>\nKyren Williams<br \/>\nJordan Davis<br \/>\nSteve Largent<br \/>\nBrian Urlacher<br \/>\nChristian Watson<br \/>\nDrake London<br \/>\nCharvarius Ward<br \/>\nNolan Smith Jr.<br \/>\nKeeanu Benton<br \/>\nJustin Tucker<br \/>\nMel Renfro<br \/>\nDrew Bledsoe<br \/>\nMichael Vick<br \/>\nDaunte Culpepper<br \/>\nWarren Moon<br \/>\nRicky Williams<br \/>\nEarl Campbell<br \/>\nMike Singletary<br \/>\nJoe Theismann\n<\/p>\n<p>Si une s\u00e9rie contient plus d&rsquo;un Memorabilia de football du m\u00eame joueur, vous obtiendrez une \u00ab\u00a0No Double Option\u00a0\u00bb. Cela signifie que vous ne recevrez certainement pas de joueur en double si vous achetez plus d&rsquo;une bo\u00eete.<\/p>\n<p>Comment fonctionne une Mystery Box pour maillot de foot ?<\/p>\n<p>Vous pouvez trouver des informations \u00e0 ce sujet dans notre <strong><a href=\"https:\/\/memorabilia-germany.de\/fr\/sports-memorabilia-faq\/#memorabilia-mystery-box\"><u>FAQ<\/u><\/a><\/strong>!<\/p>\n<p>Quelle est la diff\u00e9rence entre les maillots Custom et les maillots Authentic ?<\/p>\n<p>Vous pouvez trouver des informations \u00e0 ce sujet dans notre <strong><a href=\"https:\/\/memorabilia-germany.de\/fr\/sports-memorabilia-faq\/#faq-jersey-types\"><u>FAQ<\/u><\/a><\/strong>!<\/p>\n<p>Vous pouvez trouver plus de Football Am\u00e9ricain Memorabilia <strong><a href=\"https:\/\/memorabilia-germany.de\/fr\/football-americain-memorabilia\/\">ici<\/a><\/strong>.<\/p>\n","protected":false},"excerpt":{"rendered":"<p><strong>Cette s\u00e9rie est limit\u00e9e \u00e0 un total de 100 maillots <a href=\"https:\/\/memorabilia-germany.de\/fr\/sports-memorabilia-faq\/#memorabilia-mystery-box\"><u>Bo\u00eetes Myst\u00e8re<\/u><\/a> limit\u00e9es.<br \/>\nChaque bo\u00eete a un num\u00e9ro de s\u00e9rie.<br \/>\nTrouvez les maillots sign\u00e9s Football Am\u00e9ricain des superstars actuelles de la NFL comme Jordan Love, Christian McCaffrey ou Travis Kelce et des l\u00e9gendes de la NFL comme Dan Marino ou John Elway dans cette s\u00e9rie.<\/strong><\/p>\n<p><strong>Vue d\u2019ensemble rapide :<\/strong><\/p>\n<ul style=\"list-style-type: square;\">\n<li>Contenu de chaque bo\u00eete : maillot de foot sign\u00e9 <a href=\"https:\/\/memorabilia-germany.de\/fr\/sports-memorabilia-faq\/#faq-jersey-types\"><strong><u>Custom Football Maillot Am\u00e9ricain<\/u><\/strong><\/a>. Les images vous donnent un petit aper\u00e7u du secret de la s\u00e9rie !<\/li>\n<li>Tous les maillots sont sign\u00e9s par au moins une star actuelle de la NFL ou une l\u00e9gende de la NFL. De plus, de nombreux maillots sont sign\u00e9s par les joueurs !<\/li>\n<li>Trouvez l&rsquo;un des trois Special Inserts, sign\u00e9 par Brett Favre, Barry Sanders et C. J. Stroud en plus d&rsquo;un maillot dans trois des bo\u00eetes !<\/li>\n<li>Authentification des autographes (exclusivement) : <strong><a href=\"https:\/\/memorabilia-germany.de\/fr\/authentification-des-signatures\/#signature-authentication-beckett\">Beckett<\/a><\/strong>, <strong><a href=\"https:\/\/memorabilia-germany.de\/fr\/authentification-des-signatures\/#signature-authentication-james-spence\">James Spence Authentication<\/a><\/strong>, <strong><a href=\"https:\/\/memorabilia-germany.de\/fr\/authentification-des-signatures\/#signature-authentication-psa-dna\">PSA\/DNA<\/a><\/strong> ou <strong><a href=\"https:\/\/memorabilia-germany.de\/fr\/authentification-des-signatures\/#signature-authentication-fanatics\">Fanatics<\/a><\/strong>.<\/li>\n<\/ul>\n","protected":false},"featured_media":65644,"template":"","meta":{"_acf_changed":false,"ocean_post_layout":"","ocean_both_sidebars_style":"","ocean_both_sidebars_content_width":0,"ocean_both_sidebars_sidebars_width":0,"ocean_sidebar":"0","ocean_second_sidebar":"0","ocean_disable_margins":"enable","ocean_add_body_class":"","ocean_shortcode_before_top_bar":"","ocean_shortcode_after_top_bar":"","ocean_shortcode_before_header":"","ocean_shortcode_after_header":"","ocean_has_shortcode":"","ocean_shortcode_after_title":"","ocean_shortcode_before_footer_widgets":"","ocean_shortcode_after_footer_widgets":"","ocean_shortcode_before_footer_bottom":"","ocean_shortcode_after_footer_bottom":"","ocean_display_top_bar":"default","ocean_display_header":"default","ocean_header_style":"","ocean_center_header_left_menu":"0","ocean_custom_header_template":"0","ocean_custom_logo":0,"ocean_custom_retina_logo":0,"ocean_custom_logo_max_width":0,"ocean_custom_logo_tablet_max_width":0,"ocean_custom_logo_mobile_max_width":0,"ocean_custom_logo_max_height":0,"ocean_custom_logo_tablet_max_height":0,"ocean_custom_logo_mobile_max_height":0,"ocean_header_custom_menu":"0","ocean_menu_typo_font_family":"0","ocean_menu_typo_font_subset":"","ocean_menu_typo_font_size":0,"ocean_menu_typo_font_size_tablet":0,"ocean_menu_typo_font_size_mobile":0,"ocean_menu_typo_font_size_unit":"px","ocean_menu_typo_font_weight":"","ocean_menu_typo_font_weight_tablet":"","ocean_menu_typo_font_weight_mobile":"","ocean_menu_typo_transform":"","ocean_menu_typo_transform_tablet":"","ocean_menu_typo_transform_mobile":"","ocean_menu_typo_line_height":0,"ocean_menu_typo_line_height_tablet":0,"ocean_menu_typo_line_height_mobile":0,"ocean_menu_typo_line_height_unit":"","ocean_menu_typo_spacing":0,"ocean_menu_typo_spacing_tablet":0,"ocean_menu_typo_spacing_mobile":0,"ocean_menu_typo_spacing_unit":"","ocean_menu_link_color":"","ocean_menu_link_color_hover":"","ocean_menu_link_color_active":"","ocean_menu_link_background":"","ocean_menu_link_hover_background":"","ocean_menu_link_active_background":"","ocean_menu_social_links_bg":"","ocean_menu_social_hover_links_bg":"","ocean_menu_social_links_color":"","ocean_menu_social_hover_links_color":"","ocean_disable_title":"default","ocean_disable_heading":"default","ocean_post_title":"","ocean_post_subheading":"","ocean_post_title_style":"","ocean_post_title_background_color":"","ocean_post_title_background":0,"ocean_post_title_bg_image_position":"","ocean_post_title_bg_image_attachment":"","ocean_post_title_bg_image_repeat":"","ocean_post_title_bg_image_size":"","ocean_post_title_height":0,"ocean_post_title_bg_overlay":0.5,"ocean_post_title_bg_overlay_color":"","ocean_disable_breadcrumbs":"default","ocean_breadcrumbs_color":"","ocean_breadcrumbs_separator_color":"","ocean_breadcrumbs_links_color":"","ocean_breadcrumbs_links_hover_color":"","ocean_display_footer_widgets":"default","ocean_display_footer_bottom":"default","ocean_custom_footer_template":"0","ofc_enable_fullscreen":"disable","ofc_fullscreen_speed":0,"ofc_fullscreen_nav":"enable","ofc_fullscreen_nav_pos":"right","ofc_fullscreen_nav_color":"","ofc_fullscreen_nav_tooltip_color":"","ofc_fullscreen_responsive":0},"product_brand":[],"product_cat":[3557],"product_tag":[],"class_list":{"0":"post-52733","1":"product","2":"type-product","3":"status-publish","4":"has-post-thumbnail","6":"product_cat-football-americain-maillot-mystery-box-2024-25-man-in-motion-series-special-insert-chances","7":"product_shipping_class-classe-dexpedition_a","9":"entry","10":"has-media","12":"first","13":"instock","14":"taxable","15":"shipping-taxable","16":"purchasable","17":"product-type-simple","18":"col","19":"span_1_of_4","20":"owp-content-center","21":"owp-thumbs-layout-horizontal","22":"owp-btn-normal","23":"owp-tabs-layout-horizontal"},"acf":[],"_links":{"self":[{"href":"https:\/\/memorabilia-germany.de\/fr\/wp-json\/wp\/v2\/product\/52733","targetHints":{"allow":["GET"]}}],"collection":[{"href":"https:\/\/memorabilia-germany.de\/fr\/wp-json\/wp\/v2\/product"}],"about":[{"href":"https:\/\/memorabilia-germany.de\/fr\/wp-json\/wp\/v2\/types\/product"}],"version-history":[{"count":0,"href":"https:\/\/memorabilia-germany.de\/fr\/wp-json\/wp\/v2\/product\/52733\/revisions"}],"wp:featuredmedia":[{"embeddable":true,"href":"https:\/\/memorabilia-germany.de\/fr\/wp-json\/wp\/v2\/media\/65644"}],"wp:attachment":[{"href":"https:\/\/memorabilia-germany.de\/fr\/wp-json\/wp\/v2\/media?parent=52733"}],"wp:term":[{"taxonomy":"product_brand","embeddable":true,"href":"https:\/\/memorabilia-germany.de\/fr\/wp-json\/wp\/v2\/product_brand?post=52733"},{"taxonomy":"product_cat","embeddable":true,"href":"https:\/\/memorabilia-germany.de\/fr\/wp-json\/wp\/v2\/product_cat?post=52733"},{"taxonomy":"product_tag","embeddable":true,"href":"https:\/\/memorabilia-germany.de\/fr\/wp-json\/wp\/v2\/product_tag?post=52733"}],"curies":[{"name":"wp","href":"https:\/\/api.w.org\/{rel}","templated":true}]}}