{"id":50916,"date":"2024-08-08T16:46:52","date_gmt":"2024-08-08T15:26:06","guid":{"rendered":"https:\/\/memorabilia-germany.de\/produkt\/b-b-king-the-king-of-the-bluesguitare-signee-les-paul-epiphone\/"},"modified":"2024-08-08T17:34:29","modified_gmt":"2024-08-08T15:34:29","slug":"b-b-king-the-king-of-the-bluesguitare-signee-les-paul-epiphone","status":"publish","type":"product","link":"https:\/\/memorabilia-germany.de\/fr\/produit\/b-b-king-the-king-of-the-bluesguitare-signee-les-paul-epiphone\/","title":{"rendered":"B.B. KING (The King of the Blues)<\/br>guitare sign\u00e9e, Les Paul Epiphone"},"content":{"rendered":"","protected":false},"excerpt":{"rendered":"<p><strong>Guitare \u00e9lectrique sign\u00e9e de la marque Gibson \u00ab\u00a0Les Paul Epiphone\u00a0\u00bb avec l&rsquo;autographe du \u00ab\u00a0King of Blues\u00a0\u00bb B.B. King sur le pickguard de la guitare. La guitare est d\u00e9cor\u00e9e d&rsquo;une peinture de B.B. King sur le corps de la guitare. <\/strong><\/p>\n<p><strong>N\u00e9 en 1925, B.B. King est consid\u00e9r\u00e9, avec d&rsquo;autres l\u00e9gendes comme Jimi Hendrix ou Eric Clapton, comme l&rsquo;un des plus grands guitaristes de tous les temps. Il a \u00e9t\u00e9 intronis\u00e9 au Blues Hall of Fame d\u00e8s 1980 et, sept ans plus tard, au Rock and Roll Hall of Fame. Ses albums ont \u00e9t\u00e9 r\u00e9compens\u00e9s par 15 Grammy Awards, il a re\u00e7u une \u00e9toile sur le Hollywood Walk of Fame et a m\u00eame re\u00e7u en 2006 la Presidential Medal of Freedom, la plus haute distinction civile des \u00c9tats-Unis. En 2015, BB King est d\u00e9c\u00e9d\u00e9 \u00e0 l&rsquo;\u00e2ge de 90 ans, mais sa musique et son influence sur toute l&rsquo;histoire de la musique font que le \u00ab\u00a0Blues Boy\u00a0\u00bb vivra \u00e0 jamais.   <\/strong><\/p>\n<ul style=\"list-style-type: square;\">\n<li>Type de guitare : guitare \u00e9lectrique<\/li>\n<li>Marque : Les Paul (Gibson), Epiphone<\/li>\n<li>Mod\u00e8le : Epiphone Junior Model, Full Size (le mod\u00e8le s&rsquo;appelle \u00ab\u00a0Junior\u00a0\u00bb, mais la guitare est Full Size)<\/li>\n<li>Autographe : B. B. King (\u00ab\u00a0Riley B. King\u00a0\u00bb), crayon de couleur argent\u00e9<\/li>\n<li>Emplacement de l&rsquo;autographe : pickguard de guitare<\/li>\n<li>Authentification : James Spence Authentication (avec num\u00e9ro de s\u00e9rie)<\/li>\n<li>Documents : Lettre d&rsquo;authenticit\u00e9 (document pleine page, environ DIN A4 avec signatures du pr\u00e9sident James Spence et d&rsquo;un notaire de l&rsquo;\u00c9tat am\u00e9ricain du New Jersey sur papier de s\u00e9curit\u00e9 James Spence).<\/li>\n<li>Particularit\u00e9 : la guitare Les Paul a \u00e9t\u00e9 d\u00e9cor\u00e9e d&rsquo;une peinture de B.B. King qui, avec la signature, met parfaitement en valeur l&rsquo;instrument.<\/li>\n<li>Chaque Memorabilia musical sign\u00e9 est v\u00e9rifi\u00e9 par l&rsquo;un des principaux Authenticators am\u00e9ricains du march\u00e9 et est accompagn\u00e9 de caract\u00e9ristiques de s\u00e9curit\u00e9 num\u00e9rot\u00e9es en s\u00e9rie qui confirment l&rsquo;authenticit\u00e9 de l&rsquo;autographe (Certificate of Authenticity et\/ou hologramme de s\u00e9curit\u00e9). Authenticator de musiciens autographes sont disponibles sur Memorabilia Germany exclusivement : <strong><a href=\"https:\/\/memorabilia-germany.de\/fr\/authentification-des-signatures\/#signature-authentication-beckett\">Beckett<\/a><\/strong>, <strong><a href=\"https:\/\/memorabilia-germany.de\/fr\/authentification-des-signatures\/#signature-authentication-james-spence\">James Spence Authentication<\/a><\/strong>, <strong><a href=\"https:\/\/memorabilia-germany.de\/fr\/authentification-des-signatures\/#signature-authentication-psa-dna\">PSA\/DNA<\/a><\/strong> ou <strong><a href=\"https:\/\/memorabilia-germany.de\/fr\/authentification-des-signatures\/#signature-authentication-fanatics\">Fanatics<\/a><\/strong>. Plus d&rsquo;infos sur ce th\u00e8me important Authentification vous trouverez <strong><a href=\"https:\/\/memorabilia-germany.de\/fr\/authentification-des-signatures\/\">ici<\/a><\/strong>.<\/li>\n<\/ul>\n<p> Vous pouvez trouver plus de Memorabilia Musique. <strong><a href=\"https:\/\/memorabilia-germany.de\/fr\/musique-memorabilia\/\">ici<\/a><\/strong>.<\/p>\n","protected":false},"featured_media":50840,"template":"","meta":{"_acf_changed":false,"ocean_post_layout":"","ocean_both_sidebars_style":"","ocean_both_sidebars_content_width":0,"ocean_both_sidebars_sidebars_width":0,"ocean_sidebar":"0","ocean_second_sidebar":"0","ocean_disable_margins":"enable","ocean_add_body_class":"","ocean_shortcode_before_top_bar":"","ocean_shortcode_after_top_bar":"","ocean_shortcode_before_header":"","ocean_shortcode_after_header":"","ocean_has_shortcode":"","ocean_shortcode_after_title":"","ocean_shortcode_before_footer_widgets":"","ocean_shortcode_after_footer_widgets":"","ocean_shortcode_before_footer_bottom":"","ocean_shortcode_after_footer_bottom":"","ocean_display_top_bar":"default","ocean_display_header":"default","ocean_header_style":"","ocean_center_header_left_menu":"0","ocean_custom_header_template":"0","ocean_custom_logo":0,"ocean_custom_retina_logo":0,"ocean_custom_logo_max_width":0,"ocean_custom_logo_tablet_max_width":0,"ocean_custom_logo_mobile_max_width":0,"ocean_custom_logo_max_height":0,"ocean_custom_logo_tablet_max_height":0,"ocean_custom_logo_mobile_max_height":0,"ocean_header_custom_menu":"0","ocean_menu_typo_font_family":"0","ocean_menu_typo_font_subset":"","ocean_menu_typo_font_size":0,"ocean_menu_typo_font_size_tablet":0,"ocean_menu_typo_font_size_mobile":0,"ocean_menu_typo_font_size_unit":"px","ocean_menu_typo_font_weight":"","ocean_menu_typo_font_weight_tablet":"","ocean_menu_typo_font_weight_mobile":"","ocean_menu_typo_transform":"","ocean_menu_typo_transform_tablet":"","ocean_menu_typo_transform_mobile":"","ocean_menu_typo_line_height":0,"ocean_menu_typo_line_height_tablet":0,"ocean_menu_typo_line_height_mobile":0,"ocean_menu_typo_line_height_unit":"","ocean_menu_typo_spacing":0,"ocean_menu_typo_spacing_tablet":0,"ocean_menu_typo_spacing_mobile":0,"ocean_menu_typo_spacing_unit":"","ocean_menu_link_color":"","ocean_menu_link_color_hover":"","ocean_menu_link_color_active":"","ocean_menu_link_background":"","ocean_menu_link_hover_background":"","ocean_menu_link_active_background":"","ocean_menu_social_links_bg":"","ocean_menu_social_hover_links_bg":"","ocean_menu_social_links_color":"","ocean_menu_social_hover_links_color":"","ocean_disable_title":"default","ocean_disable_heading":"default","ocean_post_title":"","ocean_post_subheading":"","ocean_post_title_style":"","ocean_post_title_background_color":"","ocean_post_title_background":0,"ocean_post_title_bg_image_position":"","ocean_post_title_bg_image_attachment":"","ocean_post_title_bg_image_repeat":"","ocean_post_title_bg_image_size":"","ocean_post_title_height":0,"ocean_post_title_bg_overlay":0.5,"ocean_post_title_bg_overlay_color":"","ocean_disable_breadcrumbs":"default","ocean_breadcrumbs_color":"","ocean_breadcrumbs_separator_color":"","ocean_breadcrumbs_links_color":"","ocean_breadcrumbs_links_hover_color":"","ocean_display_footer_widgets":"default","ocean_display_footer_bottom":"default","ocean_custom_footer_template":"0","ofc_enable_fullscreen":"disable","ofc_fullscreen_speed":0,"ofc_fullscreen_nav":"enable","ofc_fullscreen_nav_pos":"right","ofc_fullscreen_nav_color":"","ofc_fullscreen_nav_tooltip_color":"","ofc_fullscreen_responsive":0},"product_brand":[],"product_cat":[3445],"product_tag":[],"class_list":{"0":"post-50916","1":"product","2":"type-product","3":"status-publish","4":"has-post-thumbnail","6":"product_cat-b-b-king-the-king-of-the-blues-guitare-signee-les-paul-epiphone","7":"product_shipping_class-classe-dexpedition_a","9":"entry","10":"has-media","12":"first","13":"instock","14":"taxable","15":"shipping-taxable","16":"purchasable","17":"product-type-simple","18":"col","19":"span_1_of_4","20":"owp-content-center","21":"owp-thumbs-layout-horizontal","22":"owp-btn-normal","23":"owp-tabs-layout-horizontal"},"acf":[],"_links":{"self":[{"href":"https:\/\/memorabilia-germany.de\/fr\/wp-json\/wp\/v2\/product\/50916","targetHints":{"allow":["GET"]}}],"collection":[{"href":"https:\/\/memorabilia-germany.de\/fr\/wp-json\/wp\/v2\/product"}],"about":[{"href":"https:\/\/memorabilia-germany.de\/fr\/wp-json\/wp\/v2\/types\/product"}],"version-history":[{"count":0,"href":"https:\/\/memorabilia-germany.de\/fr\/wp-json\/wp\/v2\/product\/50916\/revisions"}],"wp:featuredmedia":[{"embeddable":true,"href":"https:\/\/memorabilia-germany.de\/fr\/wp-json\/wp\/v2\/media\/50840"}],"wp:attachment":[{"href":"https:\/\/memorabilia-germany.de\/fr\/wp-json\/wp\/v2\/media?parent=50916"}],"wp:term":[{"taxonomy":"product_brand","embeddable":true,"href":"https:\/\/memorabilia-germany.de\/fr\/wp-json\/wp\/v2\/product_brand?post=50916"},{"taxonomy":"product_cat","embeddable":true,"href":"https:\/\/memorabilia-germany.de\/fr\/wp-json\/wp\/v2\/product_cat?post=50916"},{"taxonomy":"product_tag","embeddable":true,"href":"https:\/\/memorabilia-germany.de\/fr\/wp-json\/wp\/v2\/product_tag?post=50916"}],"curies":[{"name":"wp","href":"https:\/\/api.w.org\/{rel}","templated":true}]}}