{"id":50282,"date":"2024-07-18T16:46:45","date_gmt":"2024-07-18T14:46:45","guid":{"rendered":"https:\/\/memorabilia-germany.de\/produkt\/muhammad-ali-vs-joe-frazier-historic-boxing-showcase-gants-de-boxe-everlast-authentic-xxl-historic\/"},"modified":"2025-07-08T18:09:03","modified_gmt":"2025-07-08T16:09:03","slug":"muhammad-ali-vs-joe-frazier-historic-boxing-showcase-gants-de-boxe-everlast-authentic-xxl-historic","status":"publish","type":"product","link":"https:\/\/memorabilia-germany.de\/fr\/produit\/muhammad-ali-vs-joe-frazier-historic-boxing-showcase-gants-de-boxe-everlast-authentic-xxl-historic\/","title":{"rendered":"MUHAMMAD ALI vs. JOE FRAZIER<\/br>Historic Boxing Showcase<\/br>Gants de boxe (Everlast AUTHENTIC) XXL Historic"},"content":{"rendered":"<ul style=\"list-style-type: square;\">\n<li>Marque de gants de boxe : Everlast<\/li>\n<li>Mod\u00e8le : AUTHENTIC Gold Boxing Gloves, Full Size (gants de boxe massifs pour l&rsquo;utilisation dans le sport professionnel)<\/li>\n<li>Autographes : Muhammad Ali + Joe Frazier, crayon de couleur noir (r\u00e9partis sur un gant chacun)<\/li>\n<li>Inscription : \u00ab\u00a068\/500\u00a0\u00bb (Muhammad Ali a appos\u00e9 ce num\u00e9ro de s\u00e9rie \u00e0 la main, les autres mod\u00e8les nous sont inconnus en tant que revendeur)<\/li>\n<li>Authentification : Beckett Authentication (avec num\u00e9ro de s\u00e9rie)<\/li>\n<li>Documents : 2 Letter of Authenticity (1 LOA par gant ; documents pleine page avec image et hologramme de s\u00e9curit\u00e9, environ DIN A4 avec signature d&rsquo;un membre de la direction de Beckett sur papier de s\u00e9curit\u00e9 Beckett Authentication)<\/li>\n<li>Taille du Showcase : environ 55x33x37cm (XXL)<\/li>\n<li>Les gants de boxe sont livr\u00e9s avec un Showcase de boxe XXL \u00e0 des fins d&rsquo;exposition ; le Showcase est de qualit\u00e9 massive et robuste. Le verre est en acrylique, le fond et la paroi arri\u00e8re sont noirs pour mettre id\u00e9alement en valeur les gants de boxe. La Showcase est viss\u00e9e et se ferme compl\u00e8tement. La Name Plate \u00e0 l&rsquo;avant est en aluminium et r\u00e9pertorie les combats de boxe historiques des rivaux. De plus, une mezzanine est utilis\u00e9e dans le Case afin de pouvoir pr\u00e9senter les deux gants de mani\u00e8re id\u00e9ale. Le look est compl\u00e9t\u00e9 par deux affiches sur le \u00ab\u00a0Fight of the Century\u00a0\u00bb et le \u00ab\u00a0Thrilla in Manila\u00a0\u00bb, chacune de la taille d&rsquo;une carte postale.<\/li>\n<li>Tous les gants de boxe sign\u00e9s sont v\u00e9rifi\u00e9s par l&rsquo;un des principaux authentificateurs am\u00e9ricains du march\u00e9 et sont accompagn\u00e9s de caract\u00e9ristiques de s\u00e9curit\u00e9 num\u00e9rot\u00e9es en s\u00e9rie, qui confirment l&rsquo;authenticit\u00e9 des autographes (Certificate of Authenticity et\/ou hologramme de s\u00e9curit\u00e9). Authenticator d&rsquo;autographes de boxeurs sont disponibles chez <strong><a href=\"https:\/\/memorabilia-germany.de\/fr\/nous-memorabilia-germany\/\">Memorabilia Germany<\/a><\/strong> exclusivement : <strong><a href=\"https:\/\/memorabilia-germany.de\/fr\/authentification-des-signatures\/#signature-authentication-beckett\">Beckett<\/a><\/strong>, <strong><a href=\"https:\/\/memorabilia-germany.de\/fr\/authentification-des-signatures\/#signature-authentication-james-spence\">James Spence Authentication<\/a><\/strong>, <strong><a href=\"https:\/\/memorabilia-germany.de\/fr\/authentification-des-signatures\/#signature-authentication-psa-dna\">PSA\/DNA<\/a><\/strong> ou <strong><a href=\"https:\/\/memorabilia-germany.de\/fr\/authentification-des-signatures\/#signature-authentication-fanatics\">Fanatics<\/a><\/strong>. Plus d&rsquo;infos sur ce th\u00e8me important Authentification vous trouverez <strong><a href=\"https:\/\/memorabilia-germany.de\/fr\/authentification-des-signatures\/\">ici<\/a><\/strong>.<\/li>\n<\/ul>\n<p><\/br><\/p>\n<p>Vous pouvez trouver plus de Boxing Showcases <strong><a href=\"https:\/\/memorabilia-germany.de\/fr\/produkt-kategorie\/boxe-memorabilia\/showcase-de-boxe\/\">ici<\/a><\/strong>.<\/p>\n","protected":false},"excerpt":{"rendered":"<p><strong>Boxing Showcase en verre de s\u00e9curit\u00e9 au format XXL. Gants de boxe de Everlast dans un \u00e9tui. Autographes des l\u00e9gendes de la boxe Muhammad Ali et Joe Frazier sur les gants de boxe. Les gants de boxe sont une paire assortie. Ils sont massifs et de grande taille. Num\u00e9ro de s\u00e9rie manuscrit de Mohamed Ali sur le gant gauche. Tous les autographes des boxeurs sont authentifi\u00e9s et poss\u00e8dent un num\u00e9ro de s\u00e9rie. Pour plus d&rsquo;informations, voir ci-dessous.<\/strong><\/p>\n<p>\nCe Showcase rend hommage \u00e0 la plus grande rivalit\u00e9 que la boxe ait jamais connue dans son histoire. Ali et \u00ab\u00a0Smokin Joe\u00a0\u00bb Frazier se sont livr\u00e9s \u00e0 trois m\u00e9ga-combats historiques entre 1971 et 1975. Le 8 mars 1971, ils se sont affront\u00e9s pour la premi\u00e8re fois au Madison Square Garden de New York. Ce que l&rsquo;on appelle le \u00ab\u00a0Fight of the Century\u00a0\u00bb est consid\u00e9r\u00e9 comme le plus grand combat de boxe de tous les temps. Ce combat est encore aujourd&rsquo;hui consid\u00e9r\u00e9 comme l&rsquo;\u00e9v\u00e9nement sportif le plus attendu de l&rsquo;histoire, car il opposait pour la premi\u00e8re fois deux champions du monde poids lourds invaincus, qui \u00e9taient en outre en conflit politique. Le contexte est qu&rsquo;Ali a d\u00fb rendre ses titres de champion du monde en 1967 pour avoir refus\u00e9 de faire son service militaire \u00e0 l&rsquo;\u00e9poque de la guerre du Vietnam et est rest\u00e9 interdit de boxe jusqu&rsquo;en 1970. En raison de ses positions politiques, Ali est rapidement devenu une figure embl\u00e9matique de l&rsquo;anti-establishment. Joe Frazier, quant \u00e0 lui, \u00e9tait consid\u00e9r\u00e9 comme un partisan de l&rsquo;arm\u00e9e am\u00e9ricaine et a tent\u00e9 \u00e0 quatre reprises de s&rsquo;engager comme soldat dans l&rsquo;arm\u00e9e am\u00e9ricaine. Il a toutefois \u00e9t\u00e9 rejet\u00e9 en raison de plusieurs facteurs. L&rsquo;arm\u00e9e essayait d&#8217;emp\u00eacher les hommes mari\u00e9s avec des enfants de faire la guerre. Frazier s&rsquo;est donc pr\u00e9sent\u00e9 au combat en tant que champion du monde et tenant du titre. Les deux combattants se sont livr\u00e9s \u00e0 un \u00e9change acharn\u00e9 pendant 15 rounds complets. Le champion du monde Joe Frazier a finalement r\u00e9ussi \u00e0 d\u00e9fendre son titre \u00e0 l&rsquo;unanimit\u00e9 des points. La premi\u00e8re d\u00e9faite de Mohammed Ali \u00e9tait scell\u00e9e.\n<\/p>\n<p>\nLes deux boxeurs sont rest\u00e9s de f\u00e9roces ennemis pendant de nombreuses ann\u00e9es. Apr\u00e8s qu&rsquo;Ali ait pris sa revanche en janvier 1974 en battant Frazier aux points, la rivalit\u00e9 sportive a culmin\u00e9 le 1er octobre 1975 avec un autre \u00e9v\u00e9nement historique. Le \u00ab\u00a0Thrilla in Manila\u00a0\u00bb, l&rsquo;\u00e9preuve de force finale entre les deux l\u00e9gendes. Le combat a \u00e9t\u00e9 d\u00e9plac\u00e9 \u00e0 Quezon City, aux Philippines, par le c\u00e9l\u00e8bre promoteur de boxe Don King, afin d&rsquo;\u00e9chapper aux r\u00e8gles plus strictes de la boxe am\u00e9ricaine. Le combat a \u00e9t\u00e9 une fois de plus tr\u00e8s dur et les deux parties ont agi de mani\u00e8re antisportive ici et l\u00e0. En raison d&rsquo;un \u0153il enfl\u00e9, Frazier n&rsquo;a pas pu voir correctement au 14e round et a re\u00e7u des coups \u00e0 la t\u00eate sans interruption, mais n&rsquo;est pas tomb\u00e9 au sol. Son entra\u00eeneur Eddie Futch a cependant \u00e9t\u00e9 contraint d&rsquo;arr\u00eater le combat \u00e0 la pause, malgr\u00e9 la forte contestation de Frazier et son avance aux points aupr\u00e8s des arbitres. Ali a donc remport\u00e9 le combat de justesse et a \u00e9t\u00e9 cit\u00e9 plus tard comme disant \u00ab\u00a0Nous sommes arriv\u00e9s \u00e0 Manille en tant que jeunes champions et sommes repartis en tant que vieillards\u00a0\u00bb.<\/p>\n","protected":false},"featured_media":50310,"template":"","meta":{"_acf_changed":false,"ocean_post_layout":"","ocean_both_sidebars_style":"","ocean_both_sidebars_content_width":0,"ocean_both_sidebars_sidebars_width":0,"ocean_sidebar":"0","ocean_second_sidebar":"0","ocean_disable_margins":"enable","ocean_add_body_class":"","ocean_shortcode_before_top_bar":"","ocean_shortcode_after_top_bar":"","ocean_shortcode_before_header":"","ocean_shortcode_after_header":"","ocean_has_shortcode":"","ocean_shortcode_after_title":"","ocean_shortcode_before_footer_widgets":"","ocean_shortcode_after_footer_widgets":"","ocean_shortcode_before_footer_bottom":"","ocean_shortcode_after_footer_bottom":"","ocean_display_top_bar":"default","ocean_display_header":"default","ocean_header_style":"","ocean_center_header_left_menu":"0","ocean_custom_header_template":"0","ocean_custom_logo":0,"ocean_custom_retina_logo":0,"ocean_custom_logo_max_width":0,"ocean_custom_logo_tablet_max_width":0,"ocean_custom_logo_mobile_max_width":0,"ocean_custom_logo_max_height":0,"ocean_custom_logo_tablet_max_height":0,"ocean_custom_logo_mobile_max_height":0,"ocean_header_custom_menu":"0","ocean_menu_typo_font_family":"0","ocean_menu_typo_font_subset":"","ocean_menu_typo_font_size":0,"ocean_menu_typo_font_size_tablet":0,"ocean_menu_typo_font_size_mobile":0,"ocean_menu_typo_font_size_unit":"px","ocean_menu_typo_font_weight":"","ocean_menu_typo_font_weight_tablet":"","ocean_menu_typo_font_weight_mobile":"","ocean_menu_typo_transform":"","ocean_menu_typo_transform_tablet":"","ocean_menu_typo_transform_mobile":"","ocean_menu_typo_line_height":0,"ocean_menu_typo_line_height_tablet":0,"ocean_menu_typo_line_height_mobile":0,"ocean_menu_typo_line_height_unit":"","ocean_menu_typo_spacing":0,"ocean_menu_typo_spacing_tablet":0,"ocean_menu_typo_spacing_mobile":0,"ocean_menu_typo_spacing_unit":"","ocean_menu_link_color":"","ocean_menu_link_color_hover":"","ocean_menu_link_color_active":"","ocean_menu_link_background":"","ocean_menu_link_hover_background":"","ocean_menu_link_active_background":"","ocean_menu_social_links_bg":"","ocean_menu_social_hover_links_bg":"","ocean_menu_social_links_color":"","ocean_menu_social_hover_links_color":"","ocean_disable_title":"default","ocean_disable_heading":"default","ocean_post_title":"","ocean_post_subheading":"","ocean_post_title_style":"","ocean_post_title_background_color":"","ocean_post_title_background":0,"ocean_post_title_bg_image_position":"","ocean_post_title_bg_image_attachment":"","ocean_post_title_bg_image_repeat":"","ocean_post_title_bg_image_size":"","ocean_post_title_height":0,"ocean_post_title_bg_overlay":0.5,"ocean_post_title_bg_overlay_color":"","ocean_disable_breadcrumbs":"default","ocean_breadcrumbs_color":"","ocean_breadcrumbs_separator_color":"","ocean_breadcrumbs_links_color":"","ocean_breadcrumbs_links_hover_color":"","ocean_display_footer_widgets":"default","ocean_display_footer_bottom":"default","ocean_custom_footer_template":"0","ofc_enable_fullscreen":"disable","ofc_fullscreen_speed":0,"ofc_fullscreen_nav":"enable","ofc_fullscreen_nav_pos":"right","ofc_fullscreen_nav_color":"","ofc_fullscreen_nav_tooltip_color":"","ofc_fullscreen_responsive":0},"product_brand":[],"product_cat":[2989],"product_tag":[],"class_list":{"0":"post-50282","1":"product","2":"type-product","3":"status-publish","4":"has-post-thumbnail","6":"product_cat-muhammad-ali-vs-joe-frazier-historic-boxing-showcase-gants-de-boxe-everlast-authentic-xxl-historic","7":"product_shipping_class-classe-dexpedition_a","9":"entry","10":"has-media","12":"first","13":"instock","14":"taxable","15":"shipping-taxable","16":"purchasable","17":"product-type-simple","18":"col","19":"span_1_of_4","20":"owp-content-center","21":"owp-thumbs-layout-horizontal","22":"owp-btn-normal","23":"owp-tabs-layout-horizontal"},"acf":[],"_links":{"self":[{"href":"https:\/\/memorabilia-germany.de\/fr\/wp-json\/wp\/v2\/product\/50282","targetHints":{"allow":["GET"]}}],"collection":[{"href":"https:\/\/memorabilia-germany.de\/fr\/wp-json\/wp\/v2\/product"}],"about":[{"href":"https:\/\/memorabilia-germany.de\/fr\/wp-json\/wp\/v2\/types\/product"}],"version-history":[{"count":0,"href":"https:\/\/memorabilia-germany.de\/fr\/wp-json\/wp\/v2\/product\/50282\/revisions"}],"wp:featuredmedia":[{"embeddable":true,"href":"https:\/\/memorabilia-germany.de\/fr\/wp-json\/wp\/v2\/media\/50310"}],"wp:attachment":[{"href":"https:\/\/memorabilia-germany.de\/fr\/wp-json\/wp\/v2\/media?parent=50282"}],"wp:term":[{"taxonomy":"product_brand","embeddable":true,"href":"https:\/\/memorabilia-germany.de\/fr\/wp-json\/wp\/v2\/product_brand?post=50282"},{"taxonomy":"product_cat","embeddable":true,"href":"https:\/\/memorabilia-germany.de\/fr\/wp-json\/wp\/v2\/product_cat?post=50282"},{"taxonomy":"product_tag","embeddable":true,"href":"https:\/\/memorabilia-germany.de\/fr\/wp-json\/wp\/v2\/product_tag?post=50282"}],"curies":[{"name":"wp","href":"https:\/\/api.w.org\/{rel}","templated":true}]}}