{"id":49547,"date":"2024-07-08T18:39:38","date_gmt":"2024-07-08T16:48:20","guid":{"rendered":"https:\/\/memorabilia-germany.de\/produkt\/pierce-brosnan-jonathan-pryce-james-bond-007-tomorrow-never-dies-affiche-de-film-signee\/"},"modified":"2024-07-08T18:48:20","modified_gmt":"2024-07-08T16:48:20","slug":"pierce-brosnan-jonathan-pryce-james-bond-007-tomorrow-never-dies-affiche-de-film-signee","status":"publish","type":"product","link":"https:\/\/memorabilia-germany.de\/fr\/produit\/pierce-brosnan-jonathan-pryce-james-bond-007-tomorrow-never-dies-affiche-de-film-signee\/","title":{"rendered":"PIERCE BROSNAN &amp; JONATHAN PRYCE (James Bond 007 \u2013 Tomorrow Never Dies) affiche de film sign\u00e9e"},"content":{"rendered":"","protected":false},"excerpt":{"rendered":"<p><strong>Affiche sign\u00e9e et encadr\u00e9e du film \u00ab\u00a0James Bond 007 \u2013 Tomorrow Never Dies\u00a0\u00bb avec les autographes des acteurs principaux Pierce Brosnan et Jonathan Pryce. Tous les autographes de Movie Star sont authentifi\u00e9s et disposent d&rsquo;un num\u00e9ro de s\u00e9rie. Pour plus d&rsquo;informations, voir ci-dessous.<\/strong><\/p>\n<ul style=\"list-style-type: square;\">\n<li>Film: James Bond 007 \u2013 Tomorrow Never Dies<\/li>\n<li>Taille de l&rsquo;affiche du film : environ 30x46cm<\/li>\n<li>Taille avec le cadre : environ 37x53cm<\/li>\n<li>Signatures : Pierce Brosnan (\u00ab\u00a0James Bond\u00a0\u00bb) + Jonathan Pryce (\u00ab\u00a0Elliot Carver\u00a0\u00bb), crayon de couleur argent\u00e9 et noir<\/li>\n<li>Authentification : Authentification Beckett (avec num\u00e9ro de s\u00e9rie)<\/li>\n<li>Documents : Certificate of Authenticity+ hologramme de s\u00e9curit\u00e9 QR Code sur l&rsquo;affiche du film<\/li>\n<li>Toutes les affiches de films sont imprim\u00e9es sur du mat\u00e9riel photographique \u00e9pais.<\/li>\n<li>Le poster Movie est encadr\u00e9 dans un cadre en bois noir avec accrochage mural qui met parfaitement en valeur la pi\u00e8ce. Pour des raisons de s\u00e9curit\u00e9, le cadre dispose d&rsquo;une vitre en verre acrylique qui est trait\u00e9e antireflet pour un look parfait (\u00ab\u00a0antireflets\u00a0\u00bb).<\/li>\n<li>Toutes les affiches de films sign\u00e9es sont v\u00e9rifi\u00e9es par l&rsquo;un des principaux Authenticator am\u00e9ricains du march\u00e9 et sont accompagn\u00e9es de caract\u00e9ristiques de s\u00e9curit\u00e9 num\u00e9rot\u00e9es en s\u00e9rie qui confirment l&rsquo;authenticit\u00e9 des autographes (Certificate of Authenticity et\/ou hologramme de s\u00e9curit\u00e9). Authenticator de Star Autographes sont disponibles chez <strong><a href=\"https:\/\/memorabilia-germany.de\/fr\/nous-memorabilia-germany\/\">Memorabilia Germany<\/a><\/strong> exclusivement : <strong><a href=\"https:\/\/memorabilia-germany.de\/fr\/authentification-des-signatures\/#signature-authentication-beckett\">Beckett<\/a><\/strong>, <strong><a href=\"https:\/\/memorabilia-germany.de\/fr\/authentification-des-signatures\/#signature-authentication-james-spence\">James Spence Authentication<\/a><\/strong>, <strong><a href=\"https:\/\/memorabilia-germany.de\/fr\/authentification-des-signatures\/#signature-authentication-psa-dna\">PSA\/DNA<\/a><\/strong> ou <strong><a href=\"https:\/\/memorabilia-germany.de\/fr\/authentification-des-signatures\/#signature-authentication-fanatics\">Fanatics<\/a><\/strong>. Vous trouverez plus d&rsquo;informations sur le th\u00e8me important de l&rsquo;authentification <strong><a href=\"https:\/\/memorabilia-germany.de\/fr\/authentification-des-signatures\/\">ici<\/a><\/strong>.<\/li>\n<\/ul>\n<p>Tu trouveras d&rsquo;autres affiches de films sign\u00e9es <strong><br \/>\n  <a href=\"https:\/\/memorabilia-germany.de\/fr\/produkt-kategorie\/entertainment-memorabilia\/affiches-de-film-signees\/\">ici<\/a><br \/>\n<\/strong>.<\/p>\n","protected":false},"featured_media":49510,"template":"","meta":{"_acf_changed":false,"ocean_post_layout":"","ocean_both_sidebars_style":"","ocean_both_sidebars_content_width":0,"ocean_both_sidebars_sidebars_width":0,"ocean_sidebar":"0","ocean_second_sidebar":"0","ocean_disable_margins":"enable","ocean_add_body_class":"","ocean_shortcode_before_top_bar":"","ocean_shortcode_after_top_bar":"","ocean_shortcode_before_header":"","ocean_shortcode_after_header":"","ocean_has_shortcode":"","ocean_shortcode_after_title":"","ocean_shortcode_before_footer_widgets":"","ocean_shortcode_after_footer_widgets":"","ocean_shortcode_before_footer_bottom":"","ocean_shortcode_after_footer_bottom":"","ocean_display_top_bar":"default","ocean_display_header":"default","ocean_header_style":"","ocean_center_header_left_menu":"0","ocean_custom_header_template":"0","ocean_custom_logo":0,"ocean_custom_retina_logo":0,"ocean_custom_logo_max_width":0,"ocean_custom_logo_tablet_max_width":0,"ocean_custom_logo_mobile_max_width":0,"ocean_custom_logo_max_height":0,"ocean_custom_logo_tablet_max_height":0,"ocean_custom_logo_mobile_max_height":0,"ocean_header_custom_menu":"0","ocean_menu_typo_font_family":"0","ocean_menu_typo_font_subset":"","ocean_menu_typo_font_size":0,"ocean_menu_typo_font_size_tablet":0,"ocean_menu_typo_font_size_mobile":0,"ocean_menu_typo_font_size_unit":"px","ocean_menu_typo_font_weight":"","ocean_menu_typo_font_weight_tablet":"","ocean_menu_typo_font_weight_mobile":"","ocean_menu_typo_transform":"","ocean_menu_typo_transform_tablet":"","ocean_menu_typo_transform_mobile":"","ocean_menu_typo_line_height":0,"ocean_menu_typo_line_height_tablet":0,"ocean_menu_typo_line_height_mobile":0,"ocean_menu_typo_line_height_unit":"","ocean_menu_typo_spacing":0,"ocean_menu_typo_spacing_tablet":0,"ocean_menu_typo_spacing_mobile":0,"ocean_menu_typo_spacing_unit":"","ocean_menu_link_color":"","ocean_menu_link_color_hover":"","ocean_menu_link_color_active":"","ocean_menu_link_background":"","ocean_menu_link_hover_background":"","ocean_menu_link_active_background":"","ocean_menu_social_links_bg":"","ocean_menu_social_hover_links_bg":"","ocean_menu_social_links_color":"","ocean_menu_social_hover_links_color":"","ocean_disable_title":"default","ocean_disable_heading":"default","ocean_post_title":"","ocean_post_subheading":"","ocean_post_title_style":"","ocean_post_title_background_color":"","ocean_post_title_background":0,"ocean_post_title_bg_image_position":"","ocean_post_title_bg_image_attachment":"","ocean_post_title_bg_image_repeat":"","ocean_post_title_bg_image_size":"","ocean_post_title_height":0,"ocean_post_title_bg_overlay":0.5,"ocean_post_title_bg_overlay_color":"","ocean_disable_breadcrumbs":"default","ocean_breadcrumbs_color":"","ocean_breadcrumbs_separator_color":"","ocean_breadcrumbs_links_color":"","ocean_breadcrumbs_links_hover_color":"","ocean_display_footer_widgets":"default","ocean_display_footer_bottom":"default","ocean_custom_footer_template":"0","ofc_enable_fullscreen":"disable","ofc_fullscreen_speed":0,"ofc_fullscreen_nav":"enable","ofc_fullscreen_nav_pos":"right","ofc_fullscreen_nav_color":"","ofc_fullscreen_nav_tooltip_color":"","ofc_fullscreen_responsive":0},"product_brand":[],"product_cat":[2933],"product_tag":[],"class_list":{"0":"post-49547","1":"product","2":"type-product","3":"status-publish","4":"has-post-thumbnail","6":"product_cat-pierce-brosnan-jonathan-pryce-james-bond-007-tomorrow-never-dies-affiche-de-film-signee","7":"product_shipping_class-classe-dexpedition_a","9":"entry","10":"has-media","12":"first","13":"outofstock","14":"taxable","15":"shipping-taxable","16":"purchasable","17":"product-type-simple","18":"col","19":"span_1_of_4","20":"owp-content-center","21":"owp-thumbs-layout-horizontal","22":"owp-btn-normal","23":"owp-tabs-layout-horizontal"},"acf":[],"_links":{"self":[{"href":"https:\/\/memorabilia-germany.de\/fr\/wp-json\/wp\/v2\/product\/49547","targetHints":{"allow":["GET"]}}],"collection":[{"href":"https:\/\/memorabilia-germany.de\/fr\/wp-json\/wp\/v2\/product"}],"about":[{"href":"https:\/\/memorabilia-germany.de\/fr\/wp-json\/wp\/v2\/types\/product"}],"version-history":[{"count":0,"href":"https:\/\/memorabilia-germany.de\/fr\/wp-json\/wp\/v2\/product\/49547\/revisions"}],"wp:featuredmedia":[{"embeddable":true,"href":"https:\/\/memorabilia-germany.de\/fr\/wp-json\/wp\/v2\/media\/49510"}],"wp:attachment":[{"href":"https:\/\/memorabilia-germany.de\/fr\/wp-json\/wp\/v2\/media?parent=49547"}],"wp:term":[{"taxonomy":"product_brand","embeddable":true,"href":"https:\/\/memorabilia-germany.de\/fr\/wp-json\/wp\/v2\/product_brand?post=49547"},{"taxonomy":"product_cat","embeddable":true,"href":"https:\/\/memorabilia-germany.de\/fr\/wp-json\/wp\/v2\/product_cat?post=49547"},{"taxonomy":"product_tag","embeddable":true,"href":"https:\/\/memorabilia-germany.de\/fr\/wp-json\/wp\/v2\/product_tag?post=49547"}],"curies":[{"name":"wp","href":"https:\/\/api.w.org\/{rel}","templated":true}]}}