{"id":47448,"date":"2024-06-19T16:28:58","date_gmt":"2024-06-19T14:48:21","guid":{"rendered":"https:\/\/memorabilia-germany.de\/produkt\/tom-brady-full-size-helmet-showcase-new-england-patriots-riddell-speed\/"},"modified":"2025-03-07T18:32:08","modified_gmt":"2025-03-07T17:32:08","slug":"tom-brady-full-size-helmet-showcase-new-england-patriots-riddell-speed","status":"publish","type":"product","link":"https:\/\/memorabilia-germany.de\/fr\/produit\/tom-brady-full-size-helmet-showcase-new-england-patriots-riddell-speed\/","title":{"rendered":"TOM BRADY Full Size Helmet Showcase (New England Patriots), Riddell Speed"},"content":{"rendered":"","protected":false},"excerpt":{"rendered":"<p><strong>Full Size Helmet Showcase en verre de s\u00e9curit\u00e9. Casque Full Size sign\u00e9 des New England Patriots par Riddell dans son \u00e9tui. Autographe de la l\u00e9gende de la NFL Tom Brady sur le casque. Tous les autographes de la NFL sont authentifi\u00e9s et poss\u00e8dent un num\u00e9ro de s\u00e9rie. Pour plus d&rsquo;informations, voir ci-dessous.<\/strong><\/p>\n<p><strong>Informations sur les prix : Les Memorabilia de Tom Brady sont consid\u00e9r\u00e9s par les sp\u00e9cialistes non seulement comme le point fort de toute collection, mais aussi comme un investissement financier. La raison en est la valeur marchande tr\u00e8s \u00e9lev\u00e9e des pi\u00e8ces sign\u00e9es, li\u00e9e \u00e0 un strict contrat d&rsquo;exclusivit\u00e9 de signature que Tom Brady a conclu depuis de nombreuses ann\u00e9es avec la soci\u00e9t\u00e9 Fanatics Inc. a \u00e9t\u00e9 re\u00e7ue. Le prix indiqu\u00e9 ici a \u00e9t\u00e9 soigneusement calcul\u00e9 et se compose de diff\u00e9rents facteurs, parmi lesquels le mod\u00e8le de casque, la qualit\u00e9 de la signature, l&rsquo;authentification et le fait d&rsquo;\u00eatre d\u00e9j\u00e0 enti\u00e8rement d\u00e9douan\u00e9 dans l&rsquo;UE ont jou\u00e9 un r\u00f4le. Pour plus d&rsquo;informations, voir ci-dessous.<\/strong><\/p>\n<ul style=\"list-style-type: square;\">\n<li>Marque du casque : Riddell<\/li>\n<li>\u00c9quipe : New England Patriots<\/li>\n<li>Mod\u00e8le : New England Patriots Replica Speed Helmet, Full Size<\/li>\n<li>Autographe : Tom Brady, crayon de couleur bleu<\/li>\n<li>Authentification : Fanatics Authentic (avec num\u00e9ro de s\u00e9rie)<\/li>\n<li>Date\/lieu de signature : 15\/11\/2022 \u00e0 Broward County, Floride, USA<\/li>\n<li>Documents : Letter of Authenticity + hologramme de s\u00e9curit\u00e9 QR Code sur le casque (document pleine page, environ A4, avec signature d&rsquo;un notaire de l&rsquo;\u00c9tat de Floride sur papier de s\u00e9curit\u00e9 Fanatics Authentic et deuxi\u00e8me hologramme de s\u00e9curit\u00e9 QR Code avec num\u00e9ro de s\u00e9rie correspondant).<\/li>\n<li>Statut du certificat : Fanatics Physical Presence (sign\u00e9 en pr\u00e9sence d&rsquo;un notaire de l&rsquo;\u00c9tat am\u00e9ricain de Floride)<\/li>\n<li>Taille du Showcase : environ 36 x 27 x 28 cm<\/li>\n<li>La Letter of Authentication est livr\u00e9e dans un cadre adapt\u00e9, \u00e9quip\u00e9 d&rsquo;une suspension murale, mais qui peut \u00e9galement tenir debout de mani\u00e8re autonome.<\/li>\n<li>Le casque Full Size est livr\u00e9 avec un Football Helmet Showcase \u00e0 des fins d&rsquo;exposition ; le Showcase est de qualit\u00e9 massive et robuste. Le verre est en acrylique, le fond est de couleur noire et le panneau arri\u00e8re est enti\u00e8rement d\u00e9cor\u00e9 d&rsquo;un miroir pour mettre le casque en valeur de mani\u00e8re id\u00e9ale. La Showcase est viss\u00e9e et se ferme compl\u00e8tement. La plaque nominative \u00e0 l&rsquo;avant est en aluminium.<\/li>\n<li>Tous les casques Full Size NFL sign\u00e9s sont v\u00e9rifi\u00e9s par l&rsquo;un des principaux authentificateurs am\u00e9ricains du march\u00e9 et sont livr\u00e9s avec des \u00e9l\u00e9ments de s\u00e9curit\u00e9 num\u00e9rot\u00e9s en s\u00e9rie qui confirment l&rsquo;authenticit\u00e9 des autographes (Certificate of Authenticity et\/ou hologramme de s\u00e9curit\u00e9). Authenticator d&rsquo;autographes de la NFL sont disponibles chez <strong><a href=\"https:\/\/memorabilia-germany.de\/fr\/nous-memorabilia-germany\/\">Memorabilia Germany<\/a><\/strong> exclusivement : <strong><a href=\"https:\/\/memorabilia-germany.de\/fr\/authentification-des-signatures\/#signature-authentication-beckett\">Beckett<\/a><\/strong>, <strong><a href=\"https:\/\/memorabilia-germany.de\/fr\/authentification-des-signatures\/#signature-authentication-james-spence\">James Spence Authentication<\/a><\/strong>, <strong><a href=\"https:\/\/memorabilia-germany.de\/fr\/authentification-des-signatures\/#signature-authentication-psa-dna\">PSA\/DNA<\/a><\/strong> ou <strong><a href=\"https:\/\/memorabilia-germany.de\/fr\/authentification-des-signatures\/#signature-authentication-fanatics\">Fanatics<\/a><\/strong>. Plus d&rsquo;infos sur ce th\u00e8me important <strong><a href=\"https:\/\/memorabilia-germany.de\/fr\/authentification-des-signatures\/\">Authentification<\/a><\/strong> vous trouverez ici.<\/li>\n<\/ul>\n<p>Vous pouvez trouver plus de Football Showcases <strong><a href=\"https:\/\/memorabilia-germany.de\/fr\/produkt-kategorie\/football-memorabilia\/football-americain-showcase\/\">ici<\/a><\/strong>.<\/p>\n","protected":false},"featured_media":47374,"template":"","meta":{"_acf_changed":false,"ocean_post_layout":"","ocean_both_sidebars_style":"","ocean_both_sidebars_content_width":0,"ocean_both_sidebars_sidebars_width":0,"ocean_sidebar":"0","ocean_second_sidebar":"0","ocean_disable_margins":"enable","ocean_add_body_class":"","ocean_shortcode_before_top_bar":"","ocean_shortcode_after_top_bar":"","ocean_shortcode_before_header":"","ocean_shortcode_after_header":"","ocean_has_shortcode":"","ocean_shortcode_after_title":"","ocean_shortcode_before_footer_widgets":"","ocean_shortcode_after_footer_widgets":"","ocean_shortcode_before_footer_bottom":"","ocean_shortcode_after_footer_bottom":"","ocean_display_top_bar":"default","ocean_display_header":"default","ocean_header_style":"","ocean_center_header_left_menu":"0","ocean_custom_header_template":"0","ocean_custom_logo":0,"ocean_custom_retina_logo":0,"ocean_custom_logo_max_width":0,"ocean_custom_logo_tablet_max_width":0,"ocean_custom_logo_mobile_max_width":0,"ocean_custom_logo_max_height":0,"ocean_custom_logo_tablet_max_height":0,"ocean_custom_logo_mobile_max_height":0,"ocean_header_custom_menu":"0","ocean_menu_typo_font_family":"0","ocean_menu_typo_font_subset":"","ocean_menu_typo_font_size":0,"ocean_menu_typo_font_size_tablet":0,"ocean_menu_typo_font_size_mobile":0,"ocean_menu_typo_font_size_unit":"px","ocean_menu_typo_font_weight":"","ocean_menu_typo_font_weight_tablet":"","ocean_menu_typo_font_weight_mobile":"","ocean_menu_typo_transform":"","ocean_menu_typo_transform_tablet":"","ocean_menu_typo_transform_mobile":"","ocean_menu_typo_line_height":0,"ocean_menu_typo_line_height_tablet":0,"ocean_menu_typo_line_height_mobile":0,"ocean_menu_typo_line_height_unit":"","ocean_menu_typo_spacing":0,"ocean_menu_typo_spacing_tablet":0,"ocean_menu_typo_spacing_mobile":0,"ocean_menu_typo_spacing_unit":"","ocean_menu_link_color":"","ocean_menu_link_color_hover":"","ocean_menu_link_color_active":"","ocean_menu_link_background":"","ocean_menu_link_hover_background":"","ocean_menu_link_active_background":"","ocean_menu_social_links_bg":"","ocean_menu_social_hover_links_bg":"","ocean_menu_social_links_color":"","ocean_menu_social_hover_links_color":"","ocean_disable_title":"default","ocean_disable_heading":"default","ocean_post_title":"","ocean_post_subheading":"","ocean_post_title_style":"","ocean_post_title_background_color":"","ocean_post_title_background":0,"ocean_post_title_bg_image_position":"","ocean_post_title_bg_image_attachment":"","ocean_post_title_bg_image_repeat":"","ocean_post_title_bg_image_size":"","ocean_post_title_height":0,"ocean_post_title_bg_overlay":0.5,"ocean_post_title_bg_overlay_color":"","ocean_disable_breadcrumbs":"default","ocean_breadcrumbs_color":"","ocean_breadcrumbs_separator_color":"","ocean_breadcrumbs_links_color":"","ocean_breadcrumbs_links_hover_color":"","ocean_display_footer_widgets":"default","ocean_display_footer_bottom":"default","ocean_custom_footer_template":"0","ofc_enable_fullscreen":"disable","ofc_fullscreen_speed":0,"ofc_fullscreen_nav":"enable","ofc_fullscreen_nav_pos":"right","ofc_fullscreen_nav_color":"","ofc_fullscreen_nav_tooltip_color":"","ofc_fullscreen_responsive":0},"product_brand":[],"product_cat":[2763],"product_tag":[],"class_list":{"0":"post-47448","1":"product","2":"type-product","3":"status-publish","4":"has-post-thumbnail","6":"product_cat-tom-brady-full-size-helmet-showcase-new-england-patriots-riddell-speed-fr","7":"product_shipping_class-classe-dexpedition_a","9":"entry","10":"has-media","12":"first","13":"instock","14":"taxable","15":"shipping-taxable","16":"purchasable","17":"product-type-simple","18":"col","19":"span_1_of_4","20":"owp-content-center","21":"owp-thumbs-layout-horizontal","22":"owp-btn-normal","23":"owp-tabs-layout-horizontal"},"acf":[],"_links":{"self":[{"href":"https:\/\/memorabilia-germany.de\/fr\/wp-json\/wp\/v2\/product\/47448","targetHints":{"allow":["GET"]}}],"collection":[{"href":"https:\/\/memorabilia-germany.de\/fr\/wp-json\/wp\/v2\/product"}],"about":[{"href":"https:\/\/memorabilia-germany.de\/fr\/wp-json\/wp\/v2\/types\/product"}],"version-history":[{"count":0,"href":"https:\/\/memorabilia-germany.de\/fr\/wp-json\/wp\/v2\/product\/47448\/revisions"}],"wp:featuredmedia":[{"embeddable":true,"href":"https:\/\/memorabilia-germany.de\/fr\/wp-json\/wp\/v2\/media\/47374"}],"wp:attachment":[{"href":"https:\/\/memorabilia-germany.de\/fr\/wp-json\/wp\/v2\/media?parent=47448"}],"wp:term":[{"taxonomy":"product_brand","embeddable":true,"href":"https:\/\/memorabilia-germany.de\/fr\/wp-json\/wp\/v2\/product_brand?post=47448"},{"taxonomy":"product_cat","embeddable":true,"href":"https:\/\/memorabilia-germany.de\/fr\/wp-json\/wp\/v2\/product_cat?post=47448"},{"taxonomy":"product_tag","embeddable":true,"href":"https:\/\/memorabilia-germany.de\/fr\/wp-json\/wp\/v2\/product_tag?post=47448"}],"curies":[{"name":"wp","href":"https:\/\/api.w.org\/{rel}","templated":true}]}}