{"id":46513,"date":"2024-06-05T15:42:21","date_gmt":"2024-06-05T13:50:22","guid":{"rendered":"https:\/\/memorabilia-germany.de\/produkt\/uefa-football-soccer-trading-cards-pocket-pack-double2-unopened-packs\/"},"modified":"2024-11-30T18:40:17","modified_gmt":"2024-11-30T17:40:17","slug":"uefa-football-soccer-trading-cards-pocket-pack-double2-unopened-packs","status":"publish","type":"product","link":"https:\/\/memorabilia-germany.de\/fr\/produit\/uefa-football-soccer-trading-cards-pocket-pack-double2-unopened-packs\/","title":{"rendered":"UEFA Football Trading Cards Pocket Pack <\/br> \u00ab\u00a0Double\u00a0\u00bb<\/br>(2 packs unopened)"},"content":{"rendered":"<p style=\"text-align: center;\"><strong>Les paquets de cette s\u00e9rie proviennent des Trading Card Boxes suivants et d&rsquo;une valeur comparable :<\/strong><br \/>\n2023\/24 Panini Prizm Premier League (Hobby &amp; Retail Box)<br \/>\n2023\/24 Topps UEFA Club Competitions Finest Soccer (Hobby Box)<br \/>\n2023\/24 Topps Finest Road to UEFA Euro Soccer (Hobby Box)<br \/>\n2023 Topps Jamal Musiala Platinum Curated Set Soccer (Hobby Box)<br \/>\n2022\/23 Topps Chrome UEFA Club Competitions Soccer (Hobby Box)<br \/>\n2022\/23 Panini Donruss FIFA Soccer (Hobby Box)<br \/>\n2022\/23 Topps UEFA Club Competitions Merlin Chrome Soccer (Hobby Box)<br \/>\n2022\/23 Topps Finest UEFA Club Competitions Soccer (Hobby Box)<br \/>\n2022\/23 Topps Stadium Club Chrome UEFA Club Competitions Soccer (Hobby Box)<br \/>\n2022\/23 Panini Donruss Elite FIFA Soccer (Retail Box)<br \/>\n2022\/23 Topps Finest Bundesliga Soccer (Hobby Box)<br \/>\n2022\/23 Topps UEFA Champions League Gold (Hobby Box)<br \/>\n2022\/23 Panini Revolution Premier League EPL Soccer (Hobby Box)<br \/>\n2022\/23 Topps Jade Edition Bundesliga Soccer (Hobby Box)<br \/>\n2022\/23 Topps Bundesliga International Stars Soccer (Hobby Box)<br \/>\n2023\/24 Topps Bundesliga Match Attax (Display Box)<br \/>\n2022\/23 Panini Donruss Elite Premier League Soccer (Retail Box)<br \/>\n2022\/23 Topps Carnaval Edition UEFA Club Competitions Soccer (Hobby Box)<br \/>\n2022\/23 Panini PRIZM Premier League (Retail Box)<br \/>\n2022\/23 Panini Score Serie A Soccer (Retail Box)<br \/>\n2022\/23 Topps Finest Bundesliga Soccer (Hobby Box)<br \/>\n2022\/23 Panini Select Premier League Soccer (Mega Box)<br \/>\n2022\/23 Topps Chrome UEFA Club Competitions Soccer (Hobby Box Lite)<br \/>\n2022\/23 Topps Stadium Club Chrome UEFA Club Competitions Soccer (Giant Box)<br \/>\n2022\/23 Topps UEFA Club Competitions Soccer (Hobby Box)<br \/>\n2022\/23 Topps Chrome Bundesliga Soccer (Hobby Box)<br \/>\n2022\/23 Panini Score FIFA Soccer (Retail Box)<br \/>\n2022\/23 Panini Score Premier League Soccer (Retail Box)<br \/>\n2022\/23 Panini Donruss Soccer (Blaster Box)<br \/>\n2022\/23 Merlin Topps UEFA Club Competitions Chrome Soccer (Blaster Box)<br \/>\n2022\/23 Panini Select La Liga Soccer (Blaster Box)<br \/>\n2022\/23 Panini Select Premier League (Blaster Box)<\/p>\n<p>Comment fonctionne un Mystery Box?<br \/>\nVous trouverez des informations \u00e0 ce sujet dans nos <strong><a href=\"https:\/\/memorabilia-germany.de\/fr\/sport-memorabilia-faq\/#memorabilia-mystery-box\"><u>FAQ<\/u><\/a><\/strong>!<\/p>\n","protected":false},"excerpt":{"rendered":"<p><strong>Les Double Packs sont notre s\u00e9rie illimit\u00e9e d&rsquo;objets myst\u00e8res. Chaque pack est scell\u00e9 et contient deux paquets non ouverts des \u00e9ditions de Trading Cards les plus exclusives au monde. Trouvez des paquets contenant des cartes de stars de la Ligue des champions, des meilleurs championnats europ\u00e9ens, des \u00e9quipes nationales et de l&rsquo;UEFA Europe et Conference League. De Donruss \u00e0 Prizm et de Chrome \u00e0 Select, nous avons une magnifique s\u00e9lection des meilleures marques de topps et Panini. <\/strong><\/p>\n<p><strong>Information produit :<\/strong><\/p>\n<ul style=\"list-style-type: square;\">\n<li>Contenu de chaque pack : 2 packs non ouverts de la derni\u00e8re s\u00e9rie de cartes (voir liste d\u00e9taill\u00e9e ci-dessous).<\/li>\n<li>Tous les paquets proviennent exclusivement de bo\u00eetes \u00ab\u00a0factory sealed\u00a0\u00bb.<\/li>\n<li>De nombreux paquets de cette s\u00e9rie contiennent des Memorabilia Cards, des Parallels et d&rsquo;autres variations rares.<\/li>\n<li>Trouvez les Trading Cards originales des stars du football comme Erling Haaland, Ronaldo, Messi, Robert Lewandowski, Thomas M\u00fcller, Kylian Mbapp\u00e9, Toni Kroos, Mohamed Salah, Gianluigi Donnarumma, Victor Osimhen, Vinicius Junior, Harry Kane ou Rafael Leao ainsi que des l\u00e9gendes du football comme David Beckham.<\/li>\n<\/ul>\n","protected":false},"featured_media":46486,"template":"","meta":{"_acf_changed":false,"ocean_post_layout":"","ocean_both_sidebars_style":"","ocean_both_sidebars_content_width":0,"ocean_both_sidebars_sidebars_width":0,"ocean_sidebar":"0","ocean_second_sidebar":"0","ocean_disable_margins":"enable","ocean_add_body_class":"","ocean_shortcode_before_top_bar":"","ocean_shortcode_after_top_bar":"","ocean_shortcode_before_header":"","ocean_shortcode_after_header":"","ocean_has_shortcode":"","ocean_shortcode_after_title":"","ocean_shortcode_before_footer_widgets":"","ocean_shortcode_after_footer_widgets":"","ocean_shortcode_before_footer_bottom":"","ocean_shortcode_after_footer_bottom":"","ocean_display_top_bar":"default","ocean_display_header":"default","ocean_header_style":"","ocean_center_header_left_menu":"0","ocean_custom_header_template":"0","ocean_custom_logo":0,"ocean_custom_retina_logo":0,"ocean_custom_logo_max_width":0,"ocean_custom_logo_tablet_max_width":0,"ocean_custom_logo_mobile_max_width":0,"ocean_custom_logo_max_height":0,"ocean_custom_logo_tablet_max_height":0,"ocean_custom_logo_mobile_max_height":0,"ocean_header_custom_menu":"0","ocean_menu_typo_font_family":"0","ocean_menu_typo_font_subset":"","ocean_menu_typo_font_size":0,"ocean_menu_typo_font_size_tablet":0,"ocean_menu_typo_font_size_mobile":0,"ocean_menu_typo_font_size_unit":"px","ocean_menu_typo_font_weight":"","ocean_menu_typo_font_weight_tablet":"","ocean_menu_typo_font_weight_mobile":"","ocean_menu_typo_transform":"","ocean_menu_typo_transform_tablet":"","ocean_menu_typo_transform_mobile":"","ocean_menu_typo_line_height":0,"ocean_menu_typo_line_height_tablet":0,"ocean_menu_typo_line_height_mobile":0,"ocean_menu_typo_line_height_unit":"","ocean_menu_typo_spacing":0,"ocean_menu_typo_spacing_tablet":0,"ocean_menu_typo_spacing_mobile":0,"ocean_menu_typo_spacing_unit":"","ocean_menu_link_color":"","ocean_menu_link_color_hover":"","ocean_menu_link_color_active":"","ocean_menu_link_background":"","ocean_menu_link_hover_background":"","ocean_menu_link_active_background":"","ocean_menu_social_links_bg":"","ocean_menu_social_hover_links_bg":"","ocean_menu_social_links_color":"","ocean_menu_social_hover_links_color":"","ocean_disable_title":"default","ocean_disable_heading":"default","ocean_post_title":"","ocean_post_subheading":"","ocean_post_title_style":"","ocean_post_title_background_color":"","ocean_post_title_background":0,"ocean_post_title_bg_image_position":"","ocean_post_title_bg_image_attachment":"","ocean_post_title_bg_image_repeat":"","ocean_post_title_bg_image_size":"","ocean_post_title_height":0,"ocean_post_title_bg_overlay":0.5,"ocean_post_title_bg_overlay_color":"","ocean_disable_breadcrumbs":"default","ocean_breadcrumbs_color":"","ocean_breadcrumbs_separator_color":"","ocean_breadcrumbs_links_color":"","ocean_breadcrumbs_links_hover_color":"","ocean_display_footer_widgets":"default","ocean_display_footer_bottom":"default","ocean_custom_footer_template":"0","ofc_enable_fullscreen":"disable","ofc_fullscreen_speed":0,"ofc_fullscreen_nav":"enable","ofc_fullscreen_nav_pos":"right","ofc_fullscreen_nav_color":"","ofc_fullscreen_nav_tooltip_color":"","ofc_fullscreen_responsive":0},"product_brand":[],"product_cat":[2688],"product_tag":[],"class_list":{"0":"post-46513","1":"product","2":"type-product","3":"status-publish","4":"has-post-thumbnail","6":"product_cat-uefa-football-soccer-trading-cards-pocket-pack-double-fr","7":"product_shipping_class-classe-dexpedition_a","9":"entry","10":"has-media","12":"first","13":"instock","14":"taxable","15":"shipping-taxable","16":"purchasable","17":"product-type-simple","18":"col","19":"span_1_of_4","20":"owp-content-center","21":"owp-thumbs-layout-horizontal","22":"owp-btn-normal","23":"owp-tabs-layout-horizontal"},"acf":[],"_links":{"self":[{"href":"https:\/\/memorabilia-germany.de\/fr\/wp-json\/wp\/v2\/product\/46513","targetHints":{"allow":["GET"]}}],"collection":[{"href":"https:\/\/memorabilia-germany.de\/fr\/wp-json\/wp\/v2\/product"}],"about":[{"href":"https:\/\/memorabilia-germany.de\/fr\/wp-json\/wp\/v2\/types\/product"}],"version-history":[{"count":0,"href":"https:\/\/memorabilia-germany.de\/fr\/wp-json\/wp\/v2\/product\/46513\/revisions"}],"wp:featuredmedia":[{"embeddable":true,"href":"https:\/\/memorabilia-germany.de\/fr\/wp-json\/wp\/v2\/media\/46486"}],"wp:attachment":[{"href":"https:\/\/memorabilia-germany.de\/fr\/wp-json\/wp\/v2\/media?parent=46513"}],"wp:term":[{"taxonomy":"product_brand","embeddable":true,"href":"https:\/\/memorabilia-germany.de\/fr\/wp-json\/wp\/v2\/product_brand?post=46513"},{"taxonomy":"product_cat","embeddable":true,"href":"https:\/\/memorabilia-germany.de\/fr\/wp-json\/wp\/v2\/product_cat?post=46513"},{"taxonomy":"product_tag","embeddable":true,"href":"https:\/\/memorabilia-germany.de\/fr\/wp-json\/wp\/v2\/product_tag?post=46513"}],"curies":[{"name":"wp","href":"https:\/\/api.w.org\/{rel}","templated":true}]}}