{"id":41321,"date":"2024-03-26T19:53:13","date_gmt":"2024-03-27T11:02:15","guid":{"rendered":"https:\/\/memorabilia-germany.de\/produkt\/marvels-avengers-prelude-1josh-brolin\/"},"modified":"2025-02-07T12:28:43","modified_gmt":"2025-02-07T11:28:43","slug":"marvels-avengers-prelude-1josh-brolin","status":"publish","type":"product","link":"https:\/\/memorabilia-germany.de\/fr\/produit\/marvels-avengers-prelude-1josh-brolin\/","title":{"rendered":"MARVEL\u2019S AVENGERS: PRELUDE # 1<\/br>(Josh Brolin)"},"content":{"rendered":"","protected":false},"excerpt":{"rendered":"<p><strong>Comic book sign\u00e9 et grad\u00e9 de la \u00ab\u00a0CGC Signature Series\u00a0\u00bb. Autographe de la star hollywoodienne Josh Brolin sur la couverture. Josh Brolin joue \u00ab Thanos \u00bb dans les films Marvel Infinity Saga. Toutes les signatures sur les bandes dessin\u00e9es CGC de cette s\u00e9rie ont \u00e9t\u00e9 remises et attest\u00e9es en pr\u00e9sence d&rsquo;un expert CGC. Pour plus d&rsquo;informations, voir ci-dessous.<\/strong><\/p>\n<ul style=\"list-style-type: square;\">\n<li>Marque de la soci\u00e9t\u00e9 de notation : Certified Guaranty Company (CGC)<\/li>\n<li>Titre: Marvel\u2019s Avengers: Prelude #1<\/li>\n<li>\u00c9diteur: MARVEL Comics<\/li>\n<li>Ann\u00e9e de publication : 2019<\/li>\n<li>Grading Note: 9.8<\/li>\n<li>Signature : Josh Brolin, crayon de couleur bleu<\/li>\n<li>Date de signature : 30 juin 2019<\/li>\n<li>Informations sur l&rsquo;artiste : Josh Brolin est un acteur hollywoodien bien connu depuis qu&rsquo;il a jou\u00e9 dans le classique de 1985 \u00ab\u00a0The Goonies\u00a0\u00bb. Il joue le r\u00f4le de Thanos dans les films Marvel Hollywood. En tant que m\u00e9chant le plus puissant de l&rsquo;univers Marvel, il peut \u00eatre vu dans divers films de la s\u00e9rie Avengers et a \u00e9galement des apparitions dans d&rsquo;autres titres qui font suite \u00e0 la Infinity Saga.<\/li>\n<\/ul>\n<p>Tu trouveras plus de CGC Comics <strong><a href=\"https:\/\/memorabilia-germany.de\/fr\/cgc-comics-fr\/\">ici<\/a><\/strong>.<\/p>\n","protected":false},"featured_media":41284,"template":"","meta":{"_acf_changed":false,"ocean_post_layout":"","ocean_both_sidebars_style":"","ocean_both_sidebars_content_width":0,"ocean_both_sidebars_sidebars_width":0,"ocean_sidebar":"0","ocean_second_sidebar":"0","ocean_disable_margins":"enable","ocean_add_body_class":"","ocean_shortcode_before_top_bar":"","ocean_shortcode_after_top_bar":"","ocean_shortcode_before_header":"","ocean_shortcode_after_header":"","ocean_has_shortcode":"","ocean_shortcode_after_title":"","ocean_shortcode_before_footer_widgets":"","ocean_shortcode_after_footer_widgets":"","ocean_shortcode_before_footer_bottom":"","ocean_shortcode_after_footer_bottom":"","ocean_display_top_bar":"default","ocean_display_header":"default","ocean_header_style":"","ocean_center_header_left_menu":"0","ocean_custom_header_template":"0","ocean_custom_logo":0,"ocean_custom_retina_logo":0,"ocean_custom_logo_max_width":0,"ocean_custom_logo_tablet_max_width":0,"ocean_custom_logo_mobile_max_width":0,"ocean_custom_logo_max_height":0,"ocean_custom_logo_tablet_max_height":0,"ocean_custom_logo_mobile_max_height":0,"ocean_header_custom_menu":"0","ocean_menu_typo_font_family":"0","ocean_menu_typo_font_subset":"","ocean_menu_typo_font_size":0,"ocean_menu_typo_font_size_tablet":0,"ocean_menu_typo_font_size_mobile":0,"ocean_menu_typo_font_size_unit":"px","ocean_menu_typo_font_weight":"","ocean_menu_typo_font_weight_tablet":"","ocean_menu_typo_font_weight_mobile":"","ocean_menu_typo_transform":"","ocean_menu_typo_transform_tablet":"","ocean_menu_typo_transform_mobile":"","ocean_menu_typo_line_height":0,"ocean_menu_typo_line_height_tablet":0,"ocean_menu_typo_line_height_mobile":0,"ocean_menu_typo_line_height_unit":"","ocean_menu_typo_spacing":0,"ocean_menu_typo_spacing_tablet":0,"ocean_menu_typo_spacing_mobile":0,"ocean_menu_typo_spacing_unit":"","ocean_menu_link_color":"","ocean_menu_link_color_hover":"","ocean_menu_link_color_active":"","ocean_menu_link_background":"","ocean_menu_link_hover_background":"","ocean_menu_link_active_background":"","ocean_menu_social_links_bg":"","ocean_menu_social_hover_links_bg":"","ocean_menu_social_links_color":"","ocean_menu_social_hover_links_color":"","ocean_disable_title":"default","ocean_disable_heading":"default","ocean_post_title":"","ocean_post_subheading":"","ocean_post_title_style":"","ocean_post_title_background_color":"","ocean_post_title_background":0,"ocean_post_title_bg_image_position":"","ocean_post_title_bg_image_attachment":"","ocean_post_title_bg_image_repeat":"","ocean_post_title_bg_image_size":"","ocean_post_title_height":0,"ocean_post_title_bg_overlay":0.5,"ocean_post_title_bg_overlay_color":"","ocean_disable_breadcrumbs":"default","ocean_breadcrumbs_color":"","ocean_breadcrumbs_separator_color":"","ocean_breadcrumbs_links_color":"","ocean_breadcrumbs_links_hover_color":"","ocean_display_footer_widgets":"default","ocean_display_footer_bottom":"default","ocean_custom_footer_template":"0","ofc_enable_fullscreen":"disable","ofc_fullscreen_speed":0,"ofc_fullscreen_nav":"enable","ofc_fullscreen_nav_pos":"right","ofc_fullscreen_nav_color":"","ofc_fullscreen_nav_tooltip_color":"","ofc_fullscreen_responsive":0},"product_brand":[],"product_cat":[3716],"product_tag":[],"class_list":{"0":"post-41321","1":"product","2":"type-product","3":"status-publish","4":"has-post-thumbnail","6":"product_cat-marvels-avengers-prelude-1-josh-brolin-fr","7":"product_shipping_class-classe-dexpedition_a","9":"entry","10":"has-media","12":"first","13":"instock","14":"taxable","15":"shipping-taxable","16":"purchasable","17":"product-type-simple","18":"col","19":"span_1_of_4","20":"owp-content-center","21":"owp-thumbs-layout-horizontal","22":"owp-btn-normal","23":"owp-tabs-layout-horizontal"},"acf":[],"_links":{"self":[{"href":"https:\/\/memorabilia-germany.de\/fr\/wp-json\/wp\/v2\/product\/41321","targetHints":{"allow":["GET"]}}],"collection":[{"href":"https:\/\/memorabilia-germany.de\/fr\/wp-json\/wp\/v2\/product"}],"about":[{"href":"https:\/\/memorabilia-germany.de\/fr\/wp-json\/wp\/v2\/types\/product"}],"version-history":[{"count":0,"href":"https:\/\/memorabilia-germany.de\/fr\/wp-json\/wp\/v2\/product\/41321\/revisions"}],"wp:featuredmedia":[{"embeddable":true,"href":"https:\/\/memorabilia-germany.de\/fr\/wp-json\/wp\/v2\/media\/41284"}],"wp:attachment":[{"href":"https:\/\/memorabilia-germany.de\/fr\/wp-json\/wp\/v2\/media?parent=41321"}],"wp:term":[{"taxonomy":"product_brand","embeddable":true,"href":"https:\/\/memorabilia-germany.de\/fr\/wp-json\/wp\/v2\/product_brand?post=41321"},{"taxonomy":"product_cat","embeddable":true,"href":"https:\/\/memorabilia-germany.de\/fr\/wp-json\/wp\/v2\/product_cat?post=41321"},{"taxonomy":"product_tag","embeddable":true,"href":"https:\/\/memorabilia-germany.de\/fr\/wp-json\/wp\/v2\/product_tag?post=41321"}],"curies":[{"name":"wp","href":"https:\/\/api.w.org\/{rel}","templated":true}]}}