{"id":40672,"date":"2024-03-19T17:28:07","date_gmt":"2024-03-19T16:28:07","guid":{"rendered":"https:\/\/memorabilia-germany.de\/produkt\/one-piece-card-game-pocket-pack-gold-edition-5-paquets-non-ouverts\/"},"modified":"2025-11-18T09:08:38","modified_gmt":"2025-11-18T08:08:38","slug":"one-piece-card-game-pocket-pack-gold-edition-5-paquets-non-ouverts","status":"publish","type":"product","link":"https:\/\/memorabilia-germany.de\/fr\/produit\/one-piece-card-game-pocket-pack-gold-edition-5-paquets-non-ouverts\/","title":{"rendered":"One Piece Card Game Pocket Pack<\/br>\u201cGold Edition\u201d<\/br>(5 paquets non ouverts)"},"content":{"rendered":"<p style=\"text-align: center;\"><strong>Tous les packages de cette s\u00e9rie proviennent exclusivement des One Piece Card Game Booster Boxes :<\/strong><\/p>\n<p style=\"text-align: center;\">\nRomance Dawn Booster Box OP-01<br \/>\nParamount War Booster Box OP-02<br \/>\nPillars of Strength Booster Box OP-03<br \/>\nKingdoms of Intrigue Booster Box OP-04<br \/>\nAwakening of the New Era Booster Box OP-05<br \/>\nWings of the Captain Booster Box OP-06<\/p>\n<p>Comment fonctionne une Mystery Box ?<br \/>\nVous pouvez trouver des informations \u00e0 ce sujet dans notre <strong><a href=\"https:\/\/memorabilia-germany.de\/fr\/sports-memorabilia-faq\/#memorabilia-mystery-box\"><u>FAQ<\/u><\/a><\/strong>!<\/p>\n","protected":false},"excerpt":{"rendered":"<p><strong>Cette s\u00e9rie est limit\u00e9e \u00e0 un total de 50 Pocket Packs One Piece Card Game. Chaque pack est scell\u00e9 et poss\u00e8de un num\u00e9ro de s\u00e9rie. Les Pocket Packs contiennent des boosters non ouverts de tous les jeux de cartes en version anglaise publi\u00e9s par Bandai \u00e0 ce jour. Des toutes premi\u00e8res \u00e9ditions comme \u00ab\u00a0Romance Dawn\u00a0\u00bb ou \u00ab\u00a0Paramount War\u00a0\u00bb jusqu&rsquo;au tout dernier titre \u00ab\u00a0Wings Of The Captain\u00a0\u00bb, vous pourrez d\u00e9nicher les tr\u00e9sors les plus rares de l&rsquo;univers du c\u00e9l\u00e8bre jeu de cartes Bandai consacr\u00e9 aux aventures de Monkey D. Ruffy et de sa bande de pirates au chapeau de paille !<\/strong><\/p>\n<p><strong>Cette s\u00e9rie de Pocket Packs contient uniquement des packs de la version anglaise de la carte, qui est presque syst\u00e9matiquement \u00e9puis\u00e9e dans le monde entier. En outre, dans cette s\u00e9rie, vous pouvez obtenir un <a href=\"https:\/\/memorabilia-germany.de\/fr\/sports-memorabilia-faq\/#redemption\"><u>Redemption Voucher<\/u><\/a> que vous pouvez \u00e9changer contre une bo\u00eete de jeu de cartes One Piece compl\u00e8te. Naturellement soud\u00e9 d&rsquo;origine, donc \u00ab\u00a0factory sealed\u00a0\u00bb.<\/strong><\/p>\n<p><i><strong>Remarque:<\/strong>Cette s\u00e9rie est strictement limit\u00e9e et ne contient que des boosters issus des bo\u00eetes list\u00e9es ci-dessous. Les 50 Pocket Packs sont donc tous dot\u00e9s d&rsquo;un \u00e9quipement de qualit\u00e9.<\/i><\/p>\n<p><strong>Information produit :<\/strong><\/p>\n<ul style=\"list-style-type: square;\">\n<li>contenu de chaque pack : 5 boosters One Piece Card Game non ouverts des sets \u00ab\u00a0OP-01 : Romance Dawn\u00a0\u00bb \u00e0 \u00ab\u00a0OP-06 : Wings of the Captain\u00a0\u00bb liste d\u00e9taill\u00e9e voir ci-dessous.<\/li>\n<li>Tous les packs proviennent exclusivement de Booster Boxes \u00ab factory sealed \u00bb de Bandai.<\/li>\n<li>Les cartes de cette s\u00e9rie sont exclusivement en anglais.<\/li>\n<li>Un pack contient, en plus des 5 boosters, un Memorabilia Germany <a href=\"https:\/\/memorabilia-germany.de\/fr\/sports-memorabilia-faq\/#redemption\"><strong><u>Redemption Voucher<\/u><\/strong><\/a> pour une bo\u00eete de jeu de cartes One Piece compl\u00e8te \u00ab\u00a0scell\u00e9e en usine\u00a0\u00bb.<\/li>\n<li>Promotion Card Specials dans plusieurs Pocket Packs de la s\u00e9rie.<\/li>\n<li>Trouvez des cartes \u00e0 collectionner One Piece issues d&rsquo;\u00e9ditions \u00e9puis\u00e9es dans le monde entier, ainsi que des cartes tr\u00e8s r\u00e9centes qui viennent juste d&rsquo;\u00eatre publi\u00e9es et qui sont pourtant d\u00e9j\u00e0 \u00e9puis\u00e9es partout. Qu&rsquo;ils soient \u00ab\u00a0rare\u00a0\u00bb, \u00ab\u00a0super rare\u00a0\u00bb ou \u00ab\u00a0secrets rare\u00a0\u00bb, tu peux d\u00e9couvrir ici les tr\u00e9sors les plus rares du jeu de cartes Bandai One Piece !<\/li>\n<\/ul>\n<p>&nbsp;<\/p>\n<p><strong>Highlight Chances :<\/strong><\/p>\n<ul style=\"list-style-type: square;\">\n<li>Trouvez des booster packs non ouverts de sets \u00e9puis\u00e9s dans le monde entier comme \u00ab\u00a0Romance Dawn\u00a0\u00bb ou \u00ab\u00a0Paramount War\u00a0\u00bb !<\/li>\n<li><a href=\"https:\/\/memorabilia-germany.de\/fr\/sports-memorabilia-faq\/#redemption\"><strong><u>Redemption Vouchers<\/u><\/strong><\/a>Retrouvez un Redemption Voucher et \u00e9changez-le contre une bo\u00eete de jeu de cartes One Piece compl\u00e8te !<\/li>\n<li>Promotion Card Specials : dans certains Pocket Packs, nous avons mis des Promotion Card Packs emball\u00e9s d&rsquo;origine, provenant de diff\u00e9rentes Booster Boxes, que nous avons utilis\u00e9es pour remplir cette s\u00e9rie de Pocket Packs.<\/li>\n<li>Alternative Art &amp; Parallel Design Cards de toutes les \u00e9ditions de One Piece Card Game Editions parues jusqu&rsquo;\u00e0 pr\u00e9sent. Voici quelques points forts :\n<ul style=\"list-style-type: circle;\">\n<li>Shanks OP-01 Manga Alternate Art Card<\/li>\n<li>Monkey D. Luffy OP-05 Manga Alternate Art Card<\/li>\n<li>Portgas.D.Ace OP-02 Manga Alternate Art Card<\/li>\n<li>Yamato Green Secret Rare Foil Parallel Card<\/li>\n<li>Sabo OP-04 Manga Alternate Art Card<\/li>\n<li>Roronoa Zoro OP-06 Manga Alternate Art Card<\/li>\n<li>Sogeking OP-03 Manga Alternate Art Card<\/li>\n<li>Eustass \u00ab\u00a0Captain\u00a0\u00bb Kid OP-03 Manga Alternate Art Card<\/li>\n<li>Nami OP-01 Alternate Art Card<\/li>\n<li>Trafalgar Law OP-05 Manga Alternate Art Card<\/li>\n<li>Donquixote Doflamingo OP-01 Leader Parallel Alternate<\/li>\n<\/ul>\n<\/li>\n<\/ul>\n","protected":false},"featured_media":40635,"template":"","meta":{"_acf_changed":false,"ocean_post_layout":"","ocean_both_sidebars_style":"","ocean_both_sidebars_content_width":0,"ocean_both_sidebars_sidebars_width":0,"ocean_sidebar":"0","ocean_second_sidebar":"0","ocean_disable_margins":"enable","ocean_add_body_class":"","ocean_shortcode_before_top_bar":"","ocean_shortcode_after_top_bar":"","ocean_shortcode_before_header":"","ocean_shortcode_after_header":"","ocean_has_shortcode":"","ocean_shortcode_after_title":"","ocean_shortcode_before_footer_widgets":"","ocean_shortcode_after_footer_widgets":"","ocean_shortcode_before_footer_bottom":"","ocean_shortcode_after_footer_bottom":"","ocean_display_top_bar":"default","ocean_display_header":"default","ocean_header_style":"","ocean_center_header_left_menu":"0","ocean_custom_header_template":"0","ocean_custom_logo":0,"ocean_custom_retina_logo":0,"ocean_custom_logo_max_width":0,"ocean_custom_logo_tablet_max_width":0,"ocean_custom_logo_mobile_max_width":0,"ocean_custom_logo_max_height":0,"ocean_custom_logo_tablet_max_height":0,"ocean_custom_logo_mobile_max_height":0,"ocean_header_custom_menu":"0","ocean_menu_typo_font_family":"0","ocean_menu_typo_font_subset":"","ocean_menu_typo_font_size":0,"ocean_menu_typo_font_size_tablet":0,"ocean_menu_typo_font_size_mobile":0,"ocean_menu_typo_font_size_unit":"px","ocean_menu_typo_font_weight":"","ocean_menu_typo_font_weight_tablet":"","ocean_menu_typo_font_weight_mobile":"","ocean_menu_typo_transform":"","ocean_menu_typo_transform_tablet":"","ocean_menu_typo_transform_mobile":"","ocean_menu_typo_line_height":0,"ocean_menu_typo_line_height_tablet":0,"ocean_menu_typo_line_height_mobile":0,"ocean_menu_typo_line_height_unit":"","ocean_menu_typo_spacing":0,"ocean_menu_typo_spacing_tablet":0,"ocean_menu_typo_spacing_mobile":0,"ocean_menu_typo_spacing_unit":"","ocean_menu_link_color":"","ocean_menu_link_color_hover":"","ocean_menu_link_color_active":"","ocean_menu_link_background":"","ocean_menu_link_hover_background":"","ocean_menu_link_active_background":"","ocean_menu_social_links_bg":"","ocean_menu_social_hover_links_bg":"","ocean_menu_social_links_color":"","ocean_menu_social_hover_links_color":"","ocean_disable_title":"default","ocean_disable_heading":"default","ocean_post_title":"","ocean_post_subheading":"","ocean_post_title_style":"","ocean_post_title_background_color":"","ocean_post_title_background":0,"ocean_post_title_bg_image_position":"","ocean_post_title_bg_image_attachment":"","ocean_post_title_bg_image_repeat":"","ocean_post_title_bg_image_size":"","ocean_post_title_height":0,"ocean_post_title_bg_overlay":0.5,"ocean_post_title_bg_overlay_color":"","ocean_disable_breadcrumbs":"default","ocean_breadcrumbs_color":"","ocean_breadcrumbs_separator_color":"","ocean_breadcrumbs_links_color":"","ocean_breadcrumbs_links_hover_color":"","ocean_display_footer_widgets":"default","ocean_display_footer_bottom":"default","ocean_custom_footer_template":"0","ofc_enable_fullscreen":"disable","ofc_fullscreen_speed":0,"ofc_fullscreen_nav":"enable","ofc_fullscreen_nav_pos":"right","ofc_fullscreen_nav_color":"","ofc_fullscreen_nav_tooltip_color":"","ofc_fullscreen_responsive":0},"product_brand":[],"product_cat":[1851],"product_tag":[],"class_list":{"0":"post-40672","1":"product","2":"type-product","3":"status-publish","4":"has-post-thumbnail","6":"product_cat-one-piece-card-game-pocket-pack-gold-edition-fr","7":"product_shipping_class-classe-dexpedition_a","9":"entry","10":"has-media","12":"first","13":"outofstock","14":"taxable","15":"shipping-taxable","16":"purchasable","17":"product-type-simple","18":"col","19":"span_1_of_4","20":"owp-content-center","21":"owp-thumbs-layout-horizontal","22":"owp-btn-normal","23":"owp-tabs-layout-horizontal"},"acf":[],"_links":{"self":[{"href":"https:\/\/memorabilia-germany.de\/fr\/wp-json\/wp\/v2\/product\/40672","targetHints":{"allow":["GET"]}}],"collection":[{"href":"https:\/\/memorabilia-germany.de\/fr\/wp-json\/wp\/v2\/product"}],"about":[{"href":"https:\/\/memorabilia-germany.de\/fr\/wp-json\/wp\/v2\/types\/product"}],"version-history":[{"count":0,"href":"https:\/\/memorabilia-germany.de\/fr\/wp-json\/wp\/v2\/product\/40672\/revisions"}],"wp:featuredmedia":[{"embeddable":true,"href":"https:\/\/memorabilia-germany.de\/fr\/wp-json\/wp\/v2\/media\/40635"}],"wp:attachment":[{"href":"https:\/\/memorabilia-germany.de\/fr\/wp-json\/wp\/v2\/media?parent=40672"}],"wp:term":[{"taxonomy":"product_brand","embeddable":true,"href":"https:\/\/memorabilia-germany.de\/fr\/wp-json\/wp\/v2\/product_brand?post=40672"},{"taxonomy":"product_cat","embeddable":true,"href":"https:\/\/memorabilia-germany.de\/fr\/wp-json\/wp\/v2\/product_cat?post=40672"},{"taxonomy":"product_tag","embeddable":true,"href":"https:\/\/memorabilia-germany.de\/fr\/wp-json\/wp\/v2\/product_tag?post=40672"}],"curies":[{"name":"wp","href":"https:\/\/api.w.org\/{rel}","templated":true}]}}