{"id":40626,"date":"2024-03-19T16:36:58","date_gmt":"2024-03-19T15:36:58","guid":{"rendered":"https:\/\/memorabilia-germany.de\/produkt\/one-piece-card-game-pocket-pack-black-edition-5-paquets-non-ouverts\/"},"modified":"2025-08-03T16:23:11","modified_gmt":"2025-08-03T14:23:11","slug":"one-piece-card-game-pocket-pack-black-edition-5-paquets-non-ouverts","status":"publish","type":"product","link":"https:\/\/memorabilia-germany.de\/fr\/produit\/one-piece-card-game-pocket-pack-black-edition-5-paquets-non-ouverts\/","title":{"rendered":"One Piece Card Game Pocket Pack <\/br> \u00ab\u00a0Black Edition\u00a0\u00bb<\/br>(5 packs unopened)"},"content":{"rendered":"<p style=\"text-align: center;\"><strong>Tous les paquets de cette s\u00e9rie proviennent exclusivement des Booster Boxes One Piece Card Game suivants :<\/strong><br \/>\n<strong>BOOSTER ENGLISH :<\/strong><br \/>\nRomance Dawn Booster Box OP-01<br \/>\nParamount War Booster Box OP-02<br \/>\nPillars of Strength Booster Box OP-03<br \/>\nKingdoms of Intrigue Booster Box OP-04<br \/>\nAwakening of the New Era Booster Box OP-05<br \/>\nWings of the Captain Booster Box OP-06<\/p>\n<p style=\"text-align: center;\"><strong>BOOSTER JAPONAIS :<\/strong><br \/>\nRomance Dawn Booster Box OP-01<br \/>\nParamount War Booster Box OP-02<br \/>\nPillars of Strength Booster Box OP-03<br \/>\nKingdoms of Intrigue Booster Box OP-04<br \/>\nAwakening of the New Era Booster Box OP-05<br \/>\nWings of the Captain Booster Box OP-06<br \/>\n500 Years in the Future Booster Box OP-07<br \/>\nSPECIAL : Memorial Collection EB-01<\/p>\n<p>Comment fonctionne une Mystery Box ?<br \/>\nVous pouvez trouver des informations \u00e0 ce sujet dans notre <strong><a href=\"https:\/\/memorabilia-germany.de\/fr\/sport-memorabilia-faq\/#memorabilia-mystery-box\"><u>FAQ<\/u><\/a><\/strong>!<\/p>\n","protected":false},"excerpt":{"rendered":"<p><strong>Cette s\u00e9rie est limit\u00e9e \u00e0 un total de 50 One Piece Card Game Pocket Packs. Chaque pack est scell\u00e9 et poss\u00e8de un num\u00e9ro de s\u00e9rie. Les Pocket Packs contiennent des boosters non ouverts de tous les sets Card Game publi\u00e9s jusqu&rsquo;\u00e0 pr\u00e9sent par Bandai. Des toutes premi\u00e8res \u00e9ditions comme \u00ab\u00a0Romance Dawn\u00a0\u00bb ou \u00ab\u00a0Paramount War\u00a0\u00bb aux derniers titres \u00ab\u00a0Wings Of The Captain\u00a0\u00bb et \u00ab\u00a0500 Years in the Future\u00a0\u00bb, vous pourrez d\u00e9nicher les tr\u00e9sors les plus rares de l&rsquo;univers du c\u00e9l\u00e8bre jeu de cartes Bandai consacr\u00e9 aux aventures de Monkey D. Ruffy et de sa bande de pirates au chapeau de paille !<\/strong><\/p>\n<p><i><strong>Note:<\/strong>Cette s\u00e9rie est strictement limit\u00e9e et ne comprend que des boosters provenant des bo\u00eetes list\u00e9es ci-dessous. Les 50 Pocket Packs sont donc tous dot\u00e9s d&rsquo;un \u00e9quipement de qualit\u00e9.<\/i><\/p>\n<p><strong>Information produit :<\/strong><\/p>\n<ul style=\"list-style-type: square;\">\n<li>Contenu de chaque paquet : 5 Booster Packs One Piece Card Game non ouverts des ensembles \u00ab\u00a0OP-01 : Romance Dawn\u00a0\u00bb \u00e0 \u00ab\u00a0OP-07 : 500 Years in the Future\u00a0\u00bb (voir la liste d\u00e9taill\u00e9e ci-dessous). Chaque Pocket Pack contient 2 ou 3 paquets de la version anglaise et de la version japonaise.<\/li>\n<li>Tous les packs proviennent exclusivement de Booster Boxes \u00ab factory sealed \u00bb de Bandai.<\/li>\n<li>Les cartes de cette s\u00e9rie sont en anglais et en japonais.<\/li>\n<li>La s\u00e9rie comprend \u00e9galement des booster packs de la flamboyante \u00ab\u00a0EB-01 : Memorial Collection\u00a0\u00bb !<\/li>\n<li>Promotion Card Specials dans plusieurs Pocket Packs de la s\u00e9rie.<\/li>\n<li>Trouvez des cartes \u00e0 collectionner One Piece issues d&rsquo;\u00e9ditions \u00e9puis\u00e9es dans le monde entier, ainsi que des cartes tr\u00e8s r\u00e9centes qui viennent juste d&rsquo;\u00eatre publi\u00e9es et qui sont pourtant d\u00e9j\u00e0 \u00e9puis\u00e9es partout. Qu\u2019ils soient \u00ab rare \u00bb, \u00ab super rare \u00bb ou \u00ab secrets rare \u00bb, vous pouvez d\u00e9couvrir ici les tr\u00e9sors les plus rares du Bandai One Piece Card Game !<\/li>\n<\/ul>\n<p>&nbsp;<\/p>\n<p><strong>Highlight Chances:<\/strong><\/p>\n<ul style=\"list-style-type: square;\">\n<li>Trouvez des booster packs non ouverts de sets \u00e9puis\u00e9s dans le monde entier comme \u00ab\u00a0Romance Dawn\u00a0\u00bb ou \u00ab\u00a0Paramount War\u00a0\u00bb !<\/li>\n<li>Promotion Card SpecialsDans certains pocket packs, nous avons emball\u00e9 des packs Promotion Card originaux de diff\u00e9rentes bo\u00eetes de boosters que nous avons utilis\u00e9es pour remplir cette s\u00e9rie Pocket Pack.<\/li>\n<li>Alternative Art &amp; Parallel Design Cards de toutes les \u00e9ditions de One Piece Card Game Editions parues jusqu&rsquo;\u00e0 pr\u00e9sent. Voici quelques points forts :\n<ul style=\"list-style-type: circle;\">\n<li>Shanks OP-01 Manga Alternate Art Card<\/li>\n<li>Monkey D. Luffy OP-05 Manga Alternate Art Card<\/li>\n<li>Portgas.D.Ace OP-02 Manga Alternate Art Card<\/li>\n<li>Boa Hancock OP-07 Manga Alternate Art Card<\/li>\n<li>Yamato Green Secret Rare Foil Parallel Card<\/li>\n<li>Sabo OP-04 Manga Alternate Art Card<\/li>\n<li>Roronoa Zoro OP-06 Manga Alternate Art Card<\/li>\n<li>Sogeking OP-03 Manga Alternate Art Card<\/li>\n<li>Eustass \u00ab\u00a0Captain\u00a0\u00bb Kid OP-03 Manga Alternate Art Card<\/li>\n<li>Nami OP-01 Alternate Art Card<\/li>\n<li>Trafalgar Law OP-05 Manga Alternate Art Card<\/li>\n<li>Donquixote Doflamingo OP-01 Leader Parallel Alternate<\/li>\n<\/ul>\n<\/li>\n<\/ul>\n","protected":false},"featured_media":40424,"template":"","meta":{"_acf_changed":false,"ocean_post_layout":"","ocean_both_sidebars_style":"","ocean_both_sidebars_content_width":0,"ocean_both_sidebars_sidebars_width":0,"ocean_sidebar":"0","ocean_second_sidebar":"0","ocean_disable_margins":"enable","ocean_add_body_class":"","ocean_shortcode_before_top_bar":"","ocean_shortcode_after_top_bar":"","ocean_shortcode_before_header":"","ocean_shortcode_after_header":"","ocean_has_shortcode":"","ocean_shortcode_after_title":"","ocean_shortcode_before_footer_widgets":"","ocean_shortcode_after_footer_widgets":"","ocean_shortcode_before_footer_bottom":"","ocean_shortcode_after_footer_bottom":"","ocean_display_top_bar":"default","ocean_display_header":"default","ocean_header_style":"","ocean_center_header_left_menu":"0","ocean_custom_header_template":"0","ocean_custom_logo":0,"ocean_custom_retina_logo":0,"ocean_custom_logo_max_width":0,"ocean_custom_logo_tablet_max_width":0,"ocean_custom_logo_mobile_max_width":0,"ocean_custom_logo_max_height":0,"ocean_custom_logo_tablet_max_height":0,"ocean_custom_logo_mobile_max_height":0,"ocean_header_custom_menu":"0","ocean_menu_typo_font_family":"0","ocean_menu_typo_font_subset":"","ocean_menu_typo_font_size":0,"ocean_menu_typo_font_size_tablet":0,"ocean_menu_typo_font_size_mobile":0,"ocean_menu_typo_font_size_unit":"px","ocean_menu_typo_font_weight":"","ocean_menu_typo_font_weight_tablet":"","ocean_menu_typo_font_weight_mobile":"","ocean_menu_typo_transform":"","ocean_menu_typo_transform_tablet":"","ocean_menu_typo_transform_mobile":"","ocean_menu_typo_line_height":0,"ocean_menu_typo_line_height_tablet":0,"ocean_menu_typo_line_height_mobile":0,"ocean_menu_typo_line_height_unit":"","ocean_menu_typo_spacing":0,"ocean_menu_typo_spacing_tablet":0,"ocean_menu_typo_spacing_mobile":0,"ocean_menu_typo_spacing_unit":"","ocean_menu_link_color":"","ocean_menu_link_color_hover":"","ocean_menu_link_color_active":"","ocean_menu_link_background":"","ocean_menu_link_hover_background":"","ocean_menu_link_active_background":"","ocean_menu_social_links_bg":"","ocean_menu_social_hover_links_bg":"","ocean_menu_social_links_color":"","ocean_menu_social_hover_links_color":"","ocean_disable_title":"default","ocean_disable_heading":"default","ocean_post_title":"","ocean_post_subheading":"","ocean_post_title_style":"","ocean_post_title_background_color":"","ocean_post_title_background":0,"ocean_post_title_bg_image_position":"","ocean_post_title_bg_image_attachment":"","ocean_post_title_bg_image_repeat":"","ocean_post_title_bg_image_size":"","ocean_post_title_height":0,"ocean_post_title_bg_overlay":0.5,"ocean_post_title_bg_overlay_color":"","ocean_disable_breadcrumbs":"default","ocean_breadcrumbs_color":"","ocean_breadcrumbs_separator_color":"","ocean_breadcrumbs_links_color":"","ocean_breadcrumbs_links_hover_color":"","ocean_display_footer_widgets":"default","ocean_display_footer_bottom":"default","ocean_custom_footer_template":"0","ofc_enable_fullscreen":"disable","ofc_fullscreen_speed":0,"ofc_fullscreen_nav":"enable","ofc_fullscreen_nav_pos":"right","ofc_fullscreen_nav_color":"","ofc_fullscreen_nav_tooltip_color":"","ofc_fullscreen_responsive":0},"product_brand":[],"product_cat":[1848],"product_tag":[],"class_list":{"0":"post-40626","1":"product","2":"type-product","3":"status-publish","4":"has-post-thumbnail","6":"product_cat-one-piece-card-game-pocket-pack-black-edition-fr","7":"product_shipping_class-classe-dexpedition_a","9":"entry","10":"has-media","12":"first","13":"outofstock","14":"taxable","15":"shipping-taxable","16":"purchasable","17":"product-type-simple","18":"col","19":"span_1_of_4","20":"owp-content-center","21":"owp-thumbs-layout-horizontal","22":"owp-btn-normal","23":"owp-tabs-layout-horizontal"},"acf":[],"_links":{"self":[{"href":"https:\/\/memorabilia-germany.de\/fr\/wp-json\/wp\/v2\/product\/40626","targetHints":{"allow":["GET"]}}],"collection":[{"href":"https:\/\/memorabilia-germany.de\/fr\/wp-json\/wp\/v2\/product"}],"about":[{"href":"https:\/\/memorabilia-germany.de\/fr\/wp-json\/wp\/v2\/types\/product"}],"version-history":[{"count":0,"href":"https:\/\/memorabilia-germany.de\/fr\/wp-json\/wp\/v2\/product\/40626\/revisions"}],"wp:featuredmedia":[{"embeddable":true,"href":"https:\/\/memorabilia-germany.de\/fr\/wp-json\/wp\/v2\/media\/40424"}],"wp:attachment":[{"href":"https:\/\/memorabilia-germany.de\/fr\/wp-json\/wp\/v2\/media?parent=40626"}],"wp:term":[{"taxonomy":"product_brand","embeddable":true,"href":"https:\/\/memorabilia-germany.de\/fr\/wp-json\/wp\/v2\/product_brand?post=40626"},{"taxonomy":"product_cat","embeddable":true,"href":"https:\/\/memorabilia-germany.de\/fr\/wp-json\/wp\/v2\/product_cat?post=40626"},{"taxonomy":"product_tag","embeddable":true,"href":"https:\/\/memorabilia-germany.de\/fr\/wp-json\/wp\/v2\/product_tag?post=40626"}],"curies":[{"name":"wp","href":"https:\/\/api.w.org\/{rel}","templated":true}]}}