{"id":40522,"date":"2024-03-18T20:10:05","date_gmt":"2024-03-18T19:10:05","guid":{"rendered":"https:\/\/memorabilia-germany.de\/produkt\/gaming-trading-cards-mystery-box-one-piece-card-game-10-paquets-non-ouverts\/"},"modified":"2024-04-03T16:01:54","modified_gmt":"2024-04-03T14:01:54","slug":"gaming-trading-cards-mystery-box-one-piece-card-game-10-paquets-non-ouverts","status":"publish","type":"product","link":"https:\/\/memorabilia-germany.de\/fr\/produit\/gaming-trading-cards-mystery-box-one-piece-card-game-10-paquets-non-ouverts\/","title":{"rendered":"Gaming Trading Cards Mystery Box<\/br>\u201cOne Piece Card Game\u201d<\/br>(10 paquets non ouverts)"},"content":{"rendered":"<p style=\"text-align: center;\"><strong>Tous les packages de cette s\u00e9rie proviennent exclusivement des One Piece Card Game Booster Boxes :<\/strong><br \/>\n<strong>BOOSTER BOXES ANGLAISES :<\/strong><br \/>\nRomance Dawn Booster Box OP-01 (First Print \u2013 Blue Bottom)<br \/>\nRomance Dawn Booster Box OP-01 (Reprint \u2013 White Bottom)<br \/>\nParamount War Booster Box OP-02 (First Print \u2013 Side Panel Serial Number)<br \/>\nParamount War Booster Box OP-02 (Reprint \u2013 No Serial Number)<br \/>\nPillars of Strength Booster Box OP-03<br \/>\nKingdoms of Intrigue Booster Box OP-04<br \/>\nAwakening of the New Era Booster Box OP-05<br \/>\nWings of the Captain Booster Box OP-06<\/p>\n<p style=\"text-align: center;\"><strong>BOOSTER BOXES JAPONAIS :<\/strong><br \/>\nRomance Dawn Booster Box OP-01<br \/>\nParamount War Booster Box OP-02<br \/>\nPillars of Strength Booster Box OP-03<br \/>\nKingdoms of Intrigue Booster Box OP-04<br \/>\nAwakening of the New Era Booster Box OP-05<br \/>\nWings of the Captain Booster Box OP-06<br \/>\n500 Years in the Future Booster Box OP-07<br \/>\nSP\u00c9CIAL : Memorial Collection EB-01<\/p>\n<p>Comment fonctionne une Mystery Box ?<br \/>\nVous pouvez trouver des informations \u00e0 ce sujet dans notre <strong><a href=\"https:\/\/memorabilia-germany.de\/fr\/sports-memorabilia-faq\/#memorabilia-mystery-box\"><u>FAQ<\/u><\/a><\/strong>!<\/p>\n","protected":false},"excerpt":{"rendered":"<p><strong>Cette s\u00e9rie comprend 50 One Piece Card Game <a href=\"https:\/\/memorabilia-germany.de\/fr\/sports-memorabilia-faq\/#memorabilia-mystery-box\"><u>Mystery Boxes<\/u><\/a> limit\u00e9es. Chaque bo\u00eete est scell\u00e9e et porte un num\u00e9ro de s\u00e9rie. Les bo\u00eetes contiennent des packs non ouverts de tous les sets de jeux de cartes publi\u00e9s jusqu&rsquo;\u00e0 pr\u00e9sent par Bandai. Des toutes premi\u00e8res \u00e9ditions comme \u00ab Romance Dawn \u00bb ou \u00ab Paramount War \u00bb aux derniers titres \u00ab Wings of the Captain \u00bb et \u00ab 500 Years in the Future \u00bb, vous trouverez ici les tr\u00e9sors les plus rares du monde du c\u00e9l\u00e8bre jeu de cartes Bandai. Mettez en valeur les aventures de Monkey D. Luffy et de son gang de pirates au Chapeau de Paille !<\/strong><\/p>\n<p><strong>Cette s\u00e9rie Mystery Box contient un m\u00e9lange de packs de versions de cartes anglaises et japonaises. Comme point fort particulier, vous pouvez trouver ici des paquets de l\u2019\u00e9dition First Print des bo\u00eetes booster \u00ab Romance Dawn \u00bb en anglais, qui ont un fond bleu comme signe distinctif et qui atteignent des prix record dans le monde entier. De plus, certaines Mystery Box contiennent \u00e9galement des <a href=\"https:\/\/memorabilia-germany.de\/fr\/sports-memorabilia-faq\/#redemption\"><u>Redemption Vouchers<\/u><\/a>Ces derniers peuvent \u00eatre \u00e9chang\u00e9s contre des bo\u00eetes compl\u00e8tes de jeux de cartes One Piece, naturellement soud\u00e9es d\u2019origine, donc \u00ab factory sealed \u00bb. <\/strong><\/p>\n<p><i><strong>Remarque:<\/strong>Cette s\u00e9rie est strictement limit\u00e9e et ne contient que des packs issus des bo\u00eetes list\u00e9es ci-dessous. Les 50 bo\u00eetes sont donc \u00e9quip\u00e9es de mani\u00e8re haut de gamme.<\/i><\/p>\n<p><strong>Information produit :<\/strong><\/p>\n<ul style=\"list-style-type: square;\">\n<li>Contenu de chaque bo\u00eete : 10 Booster Packs One Piece Card Game non ouverts des sets \u00ab\u00a0OP-01 : Romance Dawn\u00a0\u00bb \u00e0 \u00ab\u00a0OP-07 : 500 Years in the Future\u00a0\u00bb (voir la liste d\u00e9taill\u00e9e ci-dessous). Chaque bo\u00eete contient 5 paquets des versions anglaise et japonaise.<\/li>\n<li>Tous les packs proviennent exclusivement de Booster Boxes \u00ab factory sealed \u00bb de Bandai.<\/li>\n<li>Les cartes de cette s\u00e9rie sont en anglais et en japonais (5 + 5 Booster Packs par bo\u00eete).<\/li>\n<li>3 des 50 bo\u00eetes contiennent, en plus des 10 Card Game Packs, un Memorabilia Germany <a href=\"https:\/\/memorabilia-germany.de\/fr\/sports-memorabilia-faq\/#redemption\"><strong><u>Redemption Voucher<\/u><\/strong><\/a>. Un Voucher peut \u00eatre \u00e9chang\u00e9 chez nous contre diff\u00e9rentes bo\u00eetes compl\u00e8tes \u00ab\u00a0factory sealed\u00a0\u00bb.<\/li>\n<li>Paquet de l&rsquo;\u00e9dition First Print \u00ab\u00a0OP-01 : Romance Dawn\u00a0\u00bb avec fond bleu inclus dans cette s\u00e9rie !<\/li>\n<li>La s\u00e9rie comprend \u00e9galement des booster packs de la flamboyante \u00ab\u00a0EB-01 : Memorial Collection\u00a0\u00bb !<\/li>\n<li>Promotion Card Specials dans plusieurs bo\u00eetes de la s\u00e9rie.<\/li>\n<li>Trouvez des cartes \u00e0 collectionner One Piece issues d&rsquo;\u00e9ditions \u00e9puis\u00e9es dans le monde entier, ainsi que des cartes tr\u00e8s r\u00e9centes qui viennent juste d&rsquo;\u00eatre publi\u00e9es et qui sont pourtant d\u00e9j\u00e0 \u00e9puis\u00e9es partout. Qu\u2019ils soient \u00ab rare \u00bb, \u00ab super rare \u00bb ou \u00ab secrets rare \u00bb, vous pouvez d\u00e9couvrir ici les tr\u00e9sors les plus rares du Bandai One Piece Card Game !<\/li>\n<\/ul>\n<p>&nbsp;<\/p>\n<p><strong>Highlight Chances :<\/strong><\/p>\n<ul style=\"list-style-type: square;\">\n<li><a href=\"https:\/\/memorabilia-germany.de\/fr\/sports-memorabilia-faq\/#redemption\"><strong><u>Redemption Vouchers<\/u><\/strong><\/a> trouve des Redemption Vouchers et \u00e9change-les contre des bo\u00eetes compl\u00e8tes de One Piece !<\/li>\n<li>Romance Dawn First Print-Edition Booster Packs (\u00ab\u00a0Blue Bottom Box\u00a0\u00bb : les bo\u00eetes de booster First Print ont un fond bleu, les bo\u00eetes de booster Reprint ont un fond blanc).<\/li>\n<li>Promotion Card Specials : dans certaines bo\u00eetes, nous avons mis des paquets de cartes promotionnelles emball\u00e9es d&rsquo;origine, provenant de diff\u00e9rentes Booster Box, que nous avons utilis\u00e9es pour remplir cette s\u00e9rie de Mystery Box.<\/li>\n<li>Rare Romance Dawn First Print Cards : watch the Details ! Exemples :\n<ul style=\"list-style-type: circle;\">\n<li>First Print Nami Character Cards : Impression erron\u00e9e (\u00ab\u00a0&#8230;reveal 1 (Straw Hat Crew) type CHARACTER card\u00a0\u00bb &#8211; r\u00e8gle du jeu erron\u00e9e : toute carte Straw Hat Crew pourrait \u00eatre jou\u00e9e)<\/li>\n<li>First Print Trafalgar Law Alternate Leader Card (\u201cIf you have 5 characters, return 1 of your characters to YOUR hand, then play one character.\u201d \u2013 et non: \u201c\u2026to the OWNERS hand, then play UP TO one character\u201d).<\/li>\n<li>First Print Page One Card (\u201cOn Play\/Once per turn\u201d \u2013 et non: \u201cActivate Main\/Once per turn\u201d)<\/li>\n<li>First Print Monkey D. Luffy Leader Card (\u201cSet 1 of your Supernovas\u201d \u2013 et non: \u201cSet up to 1 of your Supernovas\u201d)<\/li>\n<li>First Print Thunder Bagua Card (\u201cadd 1 DON!! card\u201d \u2013 et non: \u201cadd up to 1 DON!! card\u201d)<\/li>\n<li>First Print Artificial Devil Fruit SMILE (\u201cplay 1 (SMILE) type Character card\u201d \u2013 et non: \u201cplay up to 1 (SMILE) type Character card\u201d)<\/li>\n<\/ul>\n<\/li>\n<li>Alternative Art &amp; Parallel Design Cards de toutes les \u00e9ditions de One Piece Card Game Editions parues jusqu&rsquo;\u00e0 pr\u00e9sent. Voici quelques points forts :\n<ul style=\"list-style-type: circle;\">\n<li>Shanks OP-01 Manga Alternate Art Card<\/li>\n<li>Monkey D. Luffy OP-05 Manga Alternate Art Card<\/li>\n<li>Portgas.D.Ace OP-02 Manga Alternate Art Card<\/li>\n<li>Boa Hancock OP-07 Manga Alternate Art Card<\/li>\n<li>Yamato Green Secret Rare Foil Parallel Card<\/li>\n<li>Sabo OP-04 Manga Alternate Art Card<\/li>\n<li>Roronoa Zoro OP-06 Manga Alternate Art Card<\/li>\n<li>Sogeking OP-03 Manga Alternate Art Card<\/li>\n<li>Eustass \u00ab\u00a0Captain\u00a0\u00bb Kid OP-03 Manga Alternate Art Card<\/li>\n<li>Nami OP-01 Alternate Art Card<\/li>\n<li>Trafalgar Law OP-05 Manga Alternate Art Card<\/li>\n<li>Donquixote Doflamingo OP-01 Leader Parallel Alternate<\/li>\n<\/ul>\n<\/li>\n<\/ul>\n","protected":false},"featured_media":40466,"template":"","meta":{"_acf_changed":false,"ocean_post_layout":"","ocean_both_sidebars_style":"","ocean_both_sidebars_content_width":0,"ocean_both_sidebars_sidebars_width":0,"ocean_sidebar":"0","ocean_second_sidebar":"0","ocean_disable_margins":"enable","ocean_add_body_class":"","ocean_shortcode_before_top_bar":"","ocean_shortcode_after_top_bar":"","ocean_shortcode_before_header":"","ocean_shortcode_after_header":"","ocean_has_shortcode":"","ocean_shortcode_after_title":"","ocean_shortcode_before_footer_widgets":"","ocean_shortcode_after_footer_widgets":"","ocean_shortcode_before_footer_bottom":"","ocean_shortcode_after_footer_bottom":"","ocean_display_top_bar":"default","ocean_display_header":"default","ocean_header_style":"","ocean_center_header_left_menu":"0","ocean_custom_header_template":"0","ocean_custom_logo":0,"ocean_custom_retina_logo":0,"ocean_custom_logo_max_width":0,"ocean_custom_logo_tablet_max_width":0,"ocean_custom_logo_mobile_max_width":0,"ocean_custom_logo_max_height":0,"ocean_custom_logo_tablet_max_height":0,"ocean_custom_logo_mobile_max_height":0,"ocean_header_custom_menu":"0","ocean_menu_typo_font_family":"0","ocean_menu_typo_font_subset":"","ocean_menu_typo_font_size":0,"ocean_menu_typo_font_size_tablet":0,"ocean_menu_typo_font_size_mobile":0,"ocean_menu_typo_font_size_unit":"px","ocean_menu_typo_font_weight":"","ocean_menu_typo_font_weight_tablet":"","ocean_menu_typo_font_weight_mobile":"","ocean_menu_typo_transform":"","ocean_menu_typo_transform_tablet":"","ocean_menu_typo_transform_mobile":"","ocean_menu_typo_line_height":0,"ocean_menu_typo_line_height_tablet":0,"ocean_menu_typo_line_height_mobile":0,"ocean_menu_typo_line_height_unit":"","ocean_menu_typo_spacing":0,"ocean_menu_typo_spacing_tablet":0,"ocean_menu_typo_spacing_mobile":0,"ocean_menu_typo_spacing_unit":"","ocean_menu_link_color":"","ocean_menu_link_color_hover":"","ocean_menu_link_color_active":"","ocean_menu_link_background":"","ocean_menu_link_hover_background":"","ocean_menu_link_active_background":"","ocean_menu_social_links_bg":"","ocean_menu_social_hover_links_bg":"","ocean_menu_social_links_color":"","ocean_menu_social_hover_links_color":"","ocean_disable_title":"default","ocean_disable_heading":"default","ocean_post_title":"","ocean_post_subheading":"","ocean_post_title_style":"","ocean_post_title_background_color":"","ocean_post_title_background":0,"ocean_post_title_bg_image_position":"","ocean_post_title_bg_image_attachment":"","ocean_post_title_bg_image_repeat":"","ocean_post_title_bg_image_size":"","ocean_post_title_height":0,"ocean_post_title_bg_overlay":0.5,"ocean_post_title_bg_overlay_color":"","ocean_disable_breadcrumbs":"default","ocean_breadcrumbs_color":"","ocean_breadcrumbs_separator_color":"","ocean_breadcrumbs_links_color":"","ocean_breadcrumbs_links_hover_color":"","ocean_display_footer_widgets":"default","ocean_display_footer_bottom":"default","ocean_custom_footer_template":"0","ofc_enable_fullscreen":"disable","ofc_fullscreen_speed":0,"ofc_fullscreen_nav":"enable","ofc_fullscreen_nav_pos":"right","ofc_fullscreen_nav_color":"","ofc_fullscreen_nav_tooltip_color":"","ofc_fullscreen_responsive":0},"product_brand":[],"product_cat":[1840],"product_tag":[],"class_list":{"0":"post-40522","1":"product","2":"type-product","3":"status-publish","4":"has-post-thumbnail","6":"product_cat-gaming-trading-cards-mystery-box-one-piece-card-game-fr","7":"product_shipping_class-classe-dexpedition_a","9":"entry","10":"has-media","12":"first","13":"outofstock","14":"taxable","15":"shipping-taxable","16":"purchasable","17":"product-type-simple","18":"col","19":"span_1_of_4","20":"owp-content-center","21":"owp-thumbs-layout-horizontal","22":"owp-btn-normal","23":"owp-tabs-layout-horizontal"},"acf":[],"_links":{"self":[{"href":"https:\/\/memorabilia-germany.de\/fr\/wp-json\/wp\/v2\/product\/40522","targetHints":{"allow":["GET"]}}],"collection":[{"href":"https:\/\/memorabilia-germany.de\/fr\/wp-json\/wp\/v2\/product"}],"about":[{"href":"https:\/\/memorabilia-germany.de\/fr\/wp-json\/wp\/v2\/types\/product"}],"version-history":[{"count":0,"href":"https:\/\/memorabilia-germany.de\/fr\/wp-json\/wp\/v2\/product\/40522\/revisions"}],"wp:featuredmedia":[{"embeddable":true,"href":"https:\/\/memorabilia-germany.de\/fr\/wp-json\/wp\/v2\/media\/40466"}],"wp:attachment":[{"href":"https:\/\/memorabilia-germany.de\/fr\/wp-json\/wp\/v2\/media?parent=40522"}],"wp:term":[{"taxonomy":"product_brand","embeddable":true,"href":"https:\/\/memorabilia-germany.de\/fr\/wp-json\/wp\/v2\/product_brand?post=40522"},{"taxonomy":"product_cat","embeddable":true,"href":"https:\/\/memorabilia-germany.de\/fr\/wp-json\/wp\/v2\/product_cat?post=40522"},{"taxonomy":"product_tag","embeddable":true,"href":"https:\/\/memorabilia-germany.de\/fr\/wp-json\/wp\/v2\/product_tag?post=40522"}],"curies":[{"name":"wp","href":"https:\/\/api.w.org\/{rel}","templated":true}]}}