{"id":40218,"date":"2022-01-27T17:04:14","date_gmt":"2024-03-10T10:35:55","guid":{"rendered":"https:\/\/memorabilia-germany.de\/produkt\/nfl-full-size-helmet-mystery-box-superstar-hunter-series-bonus-jersey-chance\/"},"modified":"2025-01-07T11:28:11","modified_gmt":"2025-01-07T10:28:11","slug":"nfl-full-size-helmet-mystery-box-superstar-hunter-series-bonus-jersey-chance","status":"publish","type":"product","link":"https:\/\/memorabilia-germany.de\/fr\/produit\/nfl-full-size-helmet-mystery-box-superstar-hunter-series-bonus-jersey-chance\/","title":{"rendered":"NFL Full Size Helmet Mystery Box : SUPERSTAR HUNTER SERIES (Bonus Jersey Chance !)"},"content":{"rendered":"<p><strong>Plus d&rsquo;informations sur cette s\u00e9rie Full Size Helmet Mystery Box :<\/strong><\/p>\n<ul style=\"list-style-type: square;\">\n<li>De nombreuses bo\u00eetes de cette s\u00e9rie contiennent des casques NFL Riddell Limited Edition issus d&rsquo;\u00e9ditions telles que : \u00ab\u00a0Eclipse Series\u00a0\u00bb, \u00ab\u00a0Lunar Eclipse Series\u00a0\u00bb, \u00ab\u00a0Camo\u00a0\u00bb, \u00ab\u00a0Flash\u00a0\u00bb \u00ab\u00a0AMP\u00a0\u00bb, \u00ab\u00a0Matte White\u00a0\u00bb, \u00ab\u00a0Matte Black\u00a0\u00bb.<\/li>\n<li>Les casques de football ont \u00e9t\u00e9 r\u00e9partis de mani\u00e8re al\u00e9atoire dans les bo\u00eetes.<\/li>\n<li><strong>Consigne de s\u00e9curit\u00e9 :<\/strong> objets \u00e0 autographes. Ne convient pas \u00e0 une utilisation sportive.<\/li>\n<li>Tous les Memorabilia contenus dans une Full Size Helmet Mystery Box ont \u00e9t\u00e9 v\u00e9rifi\u00e9s par l&rsquo;un des principaux authentificateurs am\u00e9ricains du march\u00e9 et sont accompagn\u00e9s de caract\u00e9ristiques de s\u00e9curit\u00e9 num\u00e9rot\u00e9es en s\u00e9rie (Certificat d&rsquo;authenticit\u00e9 et\/ou hologramme de s\u00e9curit\u00e9). Les authentifiants sont exclusivement : Beckett, James Spence Authentication, PSA\/DNA ou Fanatics. Plus d&rsquo;infos sur ce th\u00e8me important Authentification vous trouverez <strong><a href=\"https:\/\/memorabilia-germany.de\/fr\/authentification-des-signatures\/\">ici<\/a><\/strong>.<\/li>\n<li>Vous trouverez chez nous un aper\u00e7u COMPLET de la liste des joueurs dont les casques sont inclus dans cette s\u00e9rie de Mystery Box :<\/li>\n<\/ul>\n<p style=\"text-align: center;\">Joe Burrow<br \/>\nDrew Brees<br \/>\nKyler Murray<br \/>\nTrey Lance<br \/>\nTerry Bradshaw<br \/>\nOJ Simpson<br \/>\nDeandre Hopkins<br \/>\nD.K. Metcalf<br \/>\nClyde Edwards-Helaire<br \/>\nAlvin Kamara<br \/>\nDavante Adams<br \/>\nJames Cook<br \/>\nAmari Cooper<br \/>\nSteve Largent<br \/>\nDaunte Culpepper<br \/>\nMike Singletary<br \/>\nDevonta Smith<br \/>\nTyreek Hill<br \/>\nTyler Lockett<br \/>\nJuJu Smith-Schuster<br \/>\nDeebo Samuel<br \/>\nStefon Diggs<br \/>\nBrandon Aiyuk<br \/>\nBruce Matthews<br \/>\nDaniel Jones<br \/>\nCeeDee Lamb<br \/>\nFrank Gore<br \/>\nJerry Jeudy<br \/>\nNoah Fant<br \/>\nJalen Hurts<br \/>\nKeenan Allen<br \/>\nTrevon Diggs<br \/>\nSam Darnold<br \/>\nDarius Leonard<br \/>\nMichael Vick<br \/>\nRicky Williams<br \/>\nLawrence Taylor<br \/>\nThurman Thomas<br \/>\nD\u2019Andre Swift<br \/>\nNick Bosa<br \/>\nDick Butkus<br \/>\nMarquez Valdes-Scantling<br \/>\nWarren Moon<\/p>\n<p>Si une s\u00e9rie contient plus d&rsquo;un Memorabilia de football du m\u00eame joueur, vous obtiendrez une \u00ab\u00a0No Double Option\u00a0\u00bb. Cela signifie que vous ne recevrez certainement pas de joueur en double si vous achetez plus d&rsquo;une bo\u00eete.<\/p>\n<p>Comment fonctionne un Full Size Helmet Mystery Box?<br \/>\nVous trouverez des informations \u00e0 ce sujet dans nos <strong><a href=\"https:\/\/memorabilia-germany.de\/fr\/sport-memorabilia-faq\/#memorabilia-mystery-box\"><u>FAQ<\/u><\/a><\/strong>! Quelle est la diff\u00e9rence entre les casques NFL Authentic et Replica?<br \/>\nVous trouverez des informations \u00e0 ce sujet dans nos <strong><a href=\"https:\/\/memorabilia-germany.de\/de\/sport-memorabilia-faq\/#faq-helm-arten\"><u>FAQ<\/u><\/a><\/strong>!<\/p>\n<p>Tu trouveras plus de Memorabilia Football Am\u00e9ricain <strong><a href=\"https:\/\/memorabilia-germany.de\/fr\/football-americain-memorabilia\"><u>ici<\/u><\/a><\/strong>!<\/p>\n","protected":false},"excerpt":{"rendered":"<p><strong>Cette s\u00e9rie est limit\u00e9e \u00e0 un total de 60 Full Size Helmet <a href=\"https:\/\/memorabilia-germany.de\/fr\/sport-memorabilia-faq\/#memorabilia-mystery-box\"><u>Mystery Boxes<\/u><\/a> en \u00e9dition limit\u00e9e. Chaque bo\u00eete poss\u00e8de un num\u00e9ro de s\u00e9rie. Retrouve les casques de football en \u00e9dition limit\u00e9e des l\u00e9gendes de la NFL comme Drew Brees ou Terry Bradshaw et des superstars actuelles de la NFL comme Joe Burrow, D.K. Metcalf ou Kyler Murray dans cette s\u00e9rie !<\/strong><\/p>\n<p><strong>Vue d\u2019ensemble rapide :<\/strong><\/p>\n<ul style=\"list-style-type: square;\">\n<li><a href=\"https:\/\/memorabilia-germany.de\/de\/sport-memorabilia-faq\/#faq-helm-arten\"><strong><u>Casque Replica Full Size NFL<\/u><\/strong><\/a> sous licence &amp; sign\u00e9 de Riddell. Les images vous donnent un petit aper\u00e7u du secret de la s\u00e9rie !<\/li>\n<li>Tous les casques sont sign\u00e9s par une star actuelle de la NFL ou une l\u00e9gende de la NFL. De plus, de nombreux casques sont sign\u00e9s par les joueurs !<\/li>\n<li>Plus de la moiti\u00e9 des casques de cette s\u00e9rie sont des casques NFL en \u00e9dition limit\u00e9e (voir ci-dessous pour plus d&rsquo;informations).<\/li>\n<li><strong>Bonus Jersey Chance :<\/strong> certaines bo\u00eetes de cette s\u00e9rie contiennent en plus gratuitement un Custom Jersey avec la signature originale d&rsquo;une star de la NFL !<\/li>\n<li>Authentification des autographes (exclusivement) : <strong><br \/>\n  <a href=\"https:\/\/memorabilia-germany.de\/fr\/authentification-des-signatures\/#signature-authentication-beckett\">Beckett<\/a><br \/>\n<\/strong>, <strong><br \/>\n  <a href=\"https:\/\/memorabilia-germany.de\/fr\/authentification-des-signatures\/#signature-authentication-james-spence\">James Spence Authentication<\/a><br \/>\n<\/strong>, <strong><br \/>\n  <a href=\"https:\/\/memorabilia-germany.de\/fr\/authentification-des-signatures\/#signature-authentication-psa-dna\">PSA\/DNA<\/a><br \/>\n<\/strong> ou <strong><br \/>\n  <a href=\"https:\/\/memorabilia-germany.de\/fr\/authentification-des-signatures\/#signature-authentication-fanatics\">Fanatics<\/a><br \/>\n<\/strong> (s&rsquo;applique \u00e9galement \u00e0 tous les maillots dans les bo\u00eetes).<\/li>\n<\/ul>\n","protected":false},"featured_media":40219,"template":"","meta":{"_acf_changed":false,"ocean_post_layout":"","ocean_both_sidebars_style":"","ocean_both_sidebars_content_width":0,"ocean_both_sidebars_sidebars_width":0,"ocean_sidebar":"0","ocean_second_sidebar":"0","ocean_disable_margins":"enable","ocean_add_body_class":"","ocean_shortcode_before_top_bar":"","ocean_shortcode_after_top_bar":"","ocean_shortcode_before_header":"","ocean_shortcode_after_header":"","ocean_has_shortcode":"","ocean_shortcode_after_title":"","ocean_shortcode_before_footer_widgets":"","ocean_shortcode_after_footer_widgets":"","ocean_shortcode_before_footer_bottom":"","ocean_shortcode_after_footer_bottom":"","ocean_display_top_bar":"default","ocean_display_header":"default","ocean_header_style":"","ocean_center_header_left_menu":"0","ocean_custom_header_template":"0","ocean_custom_logo":0,"ocean_custom_retina_logo":0,"ocean_custom_logo_max_width":0,"ocean_custom_logo_tablet_max_width":0,"ocean_custom_logo_mobile_max_width":0,"ocean_custom_logo_max_height":0,"ocean_custom_logo_tablet_max_height":0,"ocean_custom_logo_mobile_max_height":0,"ocean_header_custom_menu":"0","ocean_menu_typo_font_family":"0","ocean_menu_typo_font_subset":"","ocean_menu_typo_font_size":0,"ocean_menu_typo_font_size_tablet":0,"ocean_menu_typo_font_size_mobile":0,"ocean_menu_typo_font_size_unit":"px","ocean_menu_typo_font_weight":"","ocean_menu_typo_font_weight_tablet":"","ocean_menu_typo_font_weight_mobile":"","ocean_menu_typo_transform":"","ocean_menu_typo_transform_tablet":"","ocean_menu_typo_transform_mobile":"","ocean_menu_typo_line_height":0,"ocean_menu_typo_line_height_tablet":0,"ocean_menu_typo_line_height_mobile":0,"ocean_menu_typo_line_height_unit":"","ocean_menu_typo_spacing":0,"ocean_menu_typo_spacing_tablet":0,"ocean_menu_typo_spacing_mobile":0,"ocean_menu_typo_spacing_unit":"","ocean_menu_link_color":"","ocean_menu_link_color_hover":"","ocean_menu_link_color_active":"","ocean_menu_link_background":"","ocean_menu_link_hover_background":"","ocean_menu_link_active_background":"","ocean_menu_social_links_bg":"","ocean_menu_social_hover_links_bg":"","ocean_menu_social_links_color":"","ocean_menu_social_hover_links_color":"","ocean_disable_title":"default","ocean_disable_heading":"default","ocean_post_title":"","ocean_post_subheading":"","ocean_post_title_style":"","ocean_post_title_background_color":"","ocean_post_title_background":0,"ocean_post_title_bg_image_position":"","ocean_post_title_bg_image_attachment":"","ocean_post_title_bg_image_repeat":"","ocean_post_title_bg_image_size":"","ocean_post_title_height":0,"ocean_post_title_bg_overlay":0.5,"ocean_post_title_bg_overlay_color":"","ocean_disable_breadcrumbs":"default","ocean_breadcrumbs_color":"","ocean_breadcrumbs_separator_color":"","ocean_breadcrumbs_links_color":"","ocean_breadcrumbs_links_hover_color":"","ocean_display_footer_widgets":"default","ocean_display_footer_bottom":"default","ocean_custom_footer_template":"0","ofc_enable_fullscreen":"disable","ofc_fullscreen_speed":0,"ofc_fullscreen_nav":"enable","ofc_fullscreen_nav_pos":"right","ofc_fullscreen_nav_color":"","ofc_fullscreen_nav_tooltip_color":"","ofc_fullscreen_responsive":0},"product_brand":[],"product_cat":[2215],"product_tag":[],"class_list":{"0":"post-40218","1":"product","2":"type-product","3":"status-publish","4":"has-post-thumbnail","6":"product_cat-nfl-full-size-helmet-mystery-box-superstar-hunter-series-fr","7":"product_shipping_class-classe-dexpedition_a","9":"entry","10":"has-media","12":"first","13":"outofstock","14":"taxable","15":"shipping-taxable","16":"purchasable","17":"product-type-simple","18":"col","19":"span_1_of_4","20":"owp-content-center","21":"owp-thumbs-layout-horizontal","22":"owp-btn-normal","23":"owp-tabs-layout-horizontal"},"acf":[],"_links":{"self":[{"href":"https:\/\/memorabilia-germany.de\/fr\/wp-json\/wp\/v2\/product\/40218","targetHints":{"allow":["GET"]}}],"collection":[{"href":"https:\/\/memorabilia-germany.de\/fr\/wp-json\/wp\/v2\/product"}],"about":[{"href":"https:\/\/memorabilia-germany.de\/fr\/wp-json\/wp\/v2\/types\/product"}],"version-history":[{"count":0,"href":"https:\/\/memorabilia-germany.de\/fr\/wp-json\/wp\/v2\/product\/40218\/revisions"}],"wp:featuredmedia":[{"embeddable":true,"href":"https:\/\/memorabilia-germany.de\/fr\/wp-json\/wp\/v2\/media\/40219"}],"wp:attachment":[{"href":"https:\/\/memorabilia-germany.de\/fr\/wp-json\/wp\/v2\/media?parent=40218"}],"wp:term":[{"taxonomy":"product_brand","embeddable":true,"href":"https:\/\/memorabilia-germany.de\/fr\/wp-json\/wp\/v2\/product_brand?post=40218"},{"taxonomy":"product_cat","embeddable":true,"href":"https:\/\/memorabilia-germany.de\/fr\/wp-json\/wp\/v2\/product_cat?post=40218"},{"taxonomy":"product_tag","embeddable":true,"href":"https:\/\/memorabilia-germany.de\/fr\/wp-json\/wp\/v2\/product_tag?post=40218"}],"curies":[{"name":"wp","href":"https:\/\/api.w.org\/{rel}","templated":true}]}}