{"id":40210,"date":"2022-01-27T17:43:39","date_gmt":"2024-03-10T10:31:28","guid":{"rendered":"https:\/\/memorabilia-germany.de\/produkt\/nfl-mini-helmet-mystery-box-superstar-hunter-series-2\/"},"modified":"2024-07-12T16:55:25","modified_gmt":"2024-07-12T14:55:25","slug":"nfl-mini-helmet-mystery-box-superstar-hunter-series-2","status":"publish","type":"product","link":"https:\/\/memorabilia-germany.de\/fr\/produit\/nfl-mini-helmet-mystery-box-superstar-hunter-series-2\/","title":{"rendered":"NFL Mini Helmet Mystery Box : SUPERSTAR HUNTER SERIES"},"content":{"rendered":"<p><strong>Plus d\u2019informations sur cette s\u00e9rie Mini Casque Mystery Box :<\/strong><\/p>\n<ul style=\"list-style-type: square;\">\n<li>De nombreuses bo\u00eetes de cette s\u00e9rie contiennent des casques Riddell Limited Edition NFL Mini issus d&rsquo;\u00e9ditions telles que : \u00ab\u00a0Eclipse Series\u00a0\u00bb, \u00ab\u00a0Lunar Eclipse Series\u00a0\u00bb, \u00ab\u00a0Camo\u00a0\u00bb, \u00ab\u00a0Flash\u00a0\u00bb \u00ab\u00a0AMP\u00a0\u00bb, \u00ab\u00a0Matte White\u00a0\u00bb, \u00ab\u00a0Matte Black\u00a0\u00bb. Tous les mini-casques sont des casques d&rsquo;\u00e9quipes de la NFL.<\/li>\n<li>Les mini-casques ont \u00e9t\u00e9 r\u00e9partis de mani\u00e8re al\u00e9atoire dans les bo\u00eetes.<\/li>\n<li>Tous les Memorabilia contenus dans une Mystery Box Mini Helm ont \u00e9t\u00e9 v\u00e9rifi\u00e9s par l&rsquo;un des principaux authentificateurs am\u00e9ricains du march\u00e9 et sont accompagn\u00e9s d&rsquo;\u00e9l\u00e9ments de s\u00e9curit\u00e9 num\u00e9rot\u00e9s en s\u00e9rie (Certificate of Authenticity et\/ou hologramme de s\u00e9curit\u00e9). Les authentifiants sont exclusivement : Beckett, James Spence Authentication, PSA\/DNA ou Fanatics. Vous trouverez plus d&rsquo;informations sur le th\u00e8me important de l&rsquo;authentification <strong><a href=\"https:\/\/memorabilia-germany.de\/fr\/authentification-des-signatures\/\">ici<\/a><\/strong>.<\/li>\n<li>Vous trouverez chez nous un aper\u00e7u COMPLET de la liste des joueurs inclus dans cette s\u00e9rie de Mystery Box :<\/li>\n<\/ul>\n<p style=\"text-align: center;\">Joe Burrow<br \/>\nDak Prescott<br \/>\nKyler Murray<br \/>\nGeorge Kittle<br \/>\nTravis Kelce<br \/>\nChristian McCaffrey<br \/>\nD.K. Metcalf<br \/>\nTrey Lance<br \/>\nDeshaun Watson<br \/>\nRay Lewis<br \/>\nJoey Bosa<br \/>\nNick Bosa<br \/>\nAaron Donald<br \/>\nDaniel Jones<br \/>\nAlvin Kamara<br \/>\nMike Singletary<br \/>\nAntonio Brown<br \/>\nAaron Jones<br \/>\nGreg Olsen<br \/>\nKirk Cousins<br \/>\nMinkah Fitzpatrick<br \/>\nDeebo Samuel<br \/>\nRicky Williams<br \/>\nSterling Shepard<br \/>\nBob Griese<br \/>\nNoah Fant<br \/>\nJerry Jeudy<br \/>\nClyde Edwards-Helaire<br \/>\nTrevon Diggs<br \/>\nCameron Heyward<br \/>\nKeenan Allen<br \/>\nDarius Leonard<br \/>\nMichael Vick<br \/>\nMarquez Valdes-Scantling<br \/>\nDaunte Culpepper<br \/>\nDavante Adams<br \/>\nTJ Watt<br \/>\nSteve Largent<br \/>\nWarren Moon\n<\/p>\n<p>\nSi une s\u00e9rie contient plus d&rsquo;un Memorabilia de football du m\u00eame joueur, vous obtiendrez une \u00ab\u00a0No Double Option\u00a0\u00bb. Cela signifie que vous ne recevrez certainement pas de joueur en double si vous achetez plus d&rsquo;une bo\u00eete.\n<\/p>\n<p>\nComment fonctionne une Mini Helm Mystery Box ?<br \/>\nVous pouvez trouver des informations \u00e0 ce sujet dans notre <strong><a href=\"https:\/\/memorabilia-germany.de\/fr\/sports-memorabilia-faq\/#memorabilia-mystery-box\"><u>FAQ<\/u><\/a><\/strong>!\n<\/p>\n<p>\nTu trouveras plus de Memorabilia Football Am\u00e9ricain <strong><a href=\"https:\/\/memorabilia-germany.de\/fr\/football-americain-memorabilia\"><u>ici<\/u><\/a><\/strong>!<\/p>\n","protected":false},"excerpt":{"rendered":"<p><strong>Cette s\u00e9rie est disponible sur un total de 60 mini casques <a href=\"https:\/\/memorabilia-germany.de\/fr\/sports-memorabilia-faq\/#memorabilia-mystery-box\"><br \/>\n  <u>Mystery Boxes<\/u><br \/>\n<\/a> en \u00e9dition limit\u00e9e. Chaque bo\u00eete poss\u00e8de un num\u00e9ro de s\u00e9rie. Retrouve les casques NFL Mini en \u00e9dition limit\u00e9e des superstars de la NFL comme Joe Burrow, Travis Kelce ou Dak Prescott dans cette s\u00e9rie !<\/strong><\/p>\n<p><strong>Vue d\u2019ensemble rapide :<\/strong><\/p>\n<ul style=\"list-style-type: square;\">\n<li>Contenu de chaque bo\u00eete : mini casque NFL sous licence &amp; sign\u00e9 (marque : Riddell ou Schutt). Les images vous donnent un petit aper\u00e7u du secret de la s\u00e9rie !<\/li>\n<li>Tous les casques sont sign\u00e9s par une star actuelle de la NFL. De plus, de nombreux casques sont sign\u00e9s par les joueurs !<\/li>\n<li>Plus de la moiti\u00e9 des casques de cette s\u00e9rie sont des casques NFL Mini en \u00e9dition limit\u00e9e (voir ci-dessous pour plus d&rsquo;informations).<\/li>\n<li>Authentification des autographes (exclusivement) : <strong><a href=\"https:\/\/memorabilia-germany.de\/fr\/authentification-des-signatures\/#signature-authentication-beckett\">Beckett<\/a><\/strong>, <strong><a href=\"https:\/\/memorabilia-germany.de\/fr\/authentification-des-signatures\/#signature-authentication-james-spence\">James Spence Authentication<\/a><\/strong>, <strong><a href=\"https:\/\/memorabilia-germany.de\/fr\/authentification-des-signatures\/#signature-authentication-psa-dna\">PSA\/DNA<\/a><\/strong> ou <strong><a href=\"https:\/\/memorabilia-germany.de\/fr\/authentification-des-signatures\/#signature-authentication-fanatics\">Fanatics<\/a><\/strong>.<\/li>\n<\/ul>\n","protected":false},"featured_media":40211,"template":"","meta":{"_acf_changed":false,"ocean_post_layout":"","ocean_both_sidebars_style":"","ocean_both_sidebars_content_width":0,"ocean_both_sidebars_sidebars_width":0,"ocean_sidebar":"0","ocean_second_sidebar":"0","ocean_disable_margins":"enable","ocean_add_body_class":"","ocean_shortcode_before_top_bar":"","ocean_shortcode_after_top_bar":"","ocean_shortcode_before_header":"","ocean_shortcode_after_header":"","ocean_has_shortcode":"","ocean_shortcode_after_title":"","ocean_shortcode_before_footer_widgets":"","ocean_shortcode_after_footer_widgets":"","ocean_shortcode_before_footer_bottom":"","ocean_shortcode_after_footer_bottom":"","ocean_display_top_bar":"default","ocean_display_header":"default","ocean_header_style":"","ocean_center_header_left_menu":"0","ocean_custom_header_template":"0","ocean_custom_logo":0,"ocean_custom_retina_logo":0,"ocean_custom_logo_max_width":0,"ocean_custom_logo_tablet_max_width":0,"ocean_custom_logo_mobile_max_width":0,"ocean_custom_logo_max_height":0,"ocean_custom_logo_tablet_max_height":0,"ocean_custom_logo_mobile_max_height":0,"ocean_header_custom_menu":"0","ocean_menu_typo_font_family":"0","ocean_menu_typo_font_subset":"","ocean_menu_typo_font_size":0,"ocean_menu_typo_font_size_tablet":0,"ocean_menu_typo_font_size_mobile":0,"ocean_menu_typo_font_size_unit":"px","ocean_menu_typo_font_weight":"","ocean_menu_typo_font_weight_tablet":"","ocean_menu_typo_font_weight_mobile":"","ocean_menu_typo_transform":"","ocean_menu_typo_transform_tablet":"","ocean_menu_typo_transform_mobile":"","ocean_menu_typo_line_height":0,"ocean_menu_typo_line_height_tablet":0,"ocean_menu_typo_line_height_mobile":0,"ocean_menu_typo_line_height_unit":"","ocean_menu_typo_spacing":0,"ocean_menu_typo_spacing_tablet":0,"ocean_menu_typo_spacing_mobile":0,"ocean_menu_typo_spacing_unit":"","ocean_menu_link_color":"","ocean_menu_link_color_hover":"","ocean_menu_link_color_active":"","ocean_menu_link_background":"","ocean_menu_link_hover_background":"","ocean_menu_link_active_background":"","ocean_menu_social_links_bg":"","ocean_menu_social_hover_links_bg":"","ocean_menu_social_links_color":"","ocean_menu_social_hover_links_color":"","ocean_disable_title":"default","ocean_disable_heading":"default","ocean_post_title":"","ocean_post_subheading":"","ocean_post_title_style":"","ocean_post_title_background_color":"","ocean_post_title_background":0,"ocean_post_title_bg_image_position":"","ocean_post_title_bg_image_attachment":"","ocean_post_title_bg_image_repeat":"","ocean_post_title_bg_image_size":"","ocean_post_title_height":0,"ocean_post_title_bg_overlay":0.5,"ocean_post_title_bg_overlay_color":"","ocean_disable_breadcrumbs":"default","ocean_breadcrumbs_color":"","ocean_breadcrumbs_separator_color":"","ocean_breadcrumbs_links_color":"","ocean_breadcrumbs_links_hover_color":"","ocean_display_footer_widgets":"default","ocean_display_footer_bottom":"default","ocean_custom_footer_template":"0","ofc_enable_fullscreen":"disable","ofc_fullscreen_speed":0,"ofc_fullscreen_nav":"enable","ofc_fullscreen_nav_pos":"right","ofc_fullscreen_nav_color":"","ofc_fullscreen_nav_tooltip_color":"","ofc_fullscreen_responsive":0},"product_brand":[],"product_cat":[2217],"product_tag":[],"class_list":{"0":"post-40210","1":"product","2":"type-product","3":"status-publish","4":"has-post-thumbnail","6":"product_cat-mystery-box-du-mini-casque-nfl-superstar-hunter-series","7":"product_shipping_class-classe-dexpedition_a","9":"entry","10":"has-media","12":"first","13":"outofstock","14":"taxable","15":"shipping-taxable","16":"product-type-simple","17":"col","18":"span_1_of_4","19":"owp-content-center","20":"owp-thumbs-layout-horizontal","21":"owp-btn-normal","22":"owp-tabs-layout-horizontal"},"acf":[],"_links":{"self":[{"href":"https:\/\/memorabilia-germany.de\/fr\/wp-json\/wp\/v2\/product\/40210","targetHints":{"allow":["GET"]}}],"collection":[{"href":"https:\/\/memorabilia-germany.de\/fr\/wp-json\/wp\/v2\/product"}],"about":[{"href":"https:\/\/memorabilia-germany.de\/fr\/wp-json\/wp\/v2\/types\/product"}],"version-history":[{"count":0,"href":"https:\/\/memorabilia-germany.de\/fr\/wp-json\/wp\/v2\/product\/40210\/revisions"}],"wp:featuredmedia":[{"embeddable":true,"href":"https:\/\/memorabilia-germany.de\/fr\/wp-json\/wp\/v2\/media\/40211"}],"wp:attachment":[{"href":"https:\/\/memorabilia-germany.de\/fr\/wp-json\/wp\/v2\/media?parent=40210"}],"wp:term":[{"taxonomy":"product_brand","embeddable":true,"href":"https:\/\/memorabilia-germany.de\/fr\/wp-json\/wp\/v2\/product_brand?post=40210"},{"taxonomy":"product_cat","embeddable":true,"href":"https:\/\/memorabilia-germany.de\/fr\/wp-json\/wp\/v2\/product_cat?post=40210"},{"taxonomy":"product_tag","embeddable":true,"href":"https:\/\/memorabilia-germany.de\/fr\/wp-json\/wp\/v2\/product_tag?post=40210"}],"curies":[{"name":"wp","href":"https:\/\/api.w.org\/{rel}","templated":true}]}}