{"id":40201,"date":"2022-01-27T18:13:10","date_gmt":"2024-03-10T10:21:55","guid":{"rendered":"https:\/\/memorabilia-germany.de\/produkt\/mystery-box-de-football-americain-signee-superstar-hunter-series\/"},"modified":"2025-01-15T09:45:24","modified_gmt":"2025-01-15T08:45:24","slug":"mystery-box-de-football-americain-signee-superstar-hunter-series","status":"publish","type":"product","link":"https:\/\/memorabilia-germany.de\/fr\/produit\/mystery-box-de-football-americain-signee-superstar-hunter-series\/","title":{"rendered":"Mystery Box Football Am\u00e9ricain sign\u00e9e : SUPERSTAR HUNTER SERIES"},"content":{"rendered":"<p><strong>Plus d&rsquo;informations sur cette s\u00e9rie Football Am\u00e9ricain Mystery Box :<\/strong><\/p>\n<ul style=\"list-style-type: square;\">\n<li>Toutes les bo\u00eetes de cette s\u00e9rie contiennent des ballons de marque, comme les ballons Wilson \u00ab\u00a0The Duke\u00a0\u00bb Footballs, Wilson \u00ab\u00a0NFL Footballs\u00a0\u00bb ou NFL \u00ab\u00a0Team Logo White Panel\u00a0\u00bb Footballs.<\/li>\n<li>Balles d\u00e9dicac\u00e9es par plusieurs joueurs NFL (2 ou plus) incluses dans cette s\u00e9rie !<\/li>\n<li>Les balles \u00e9taient r\u00e9parties al\u00e9atoirement dans les bo\u00eetes.<\/li>\n<li>Tous les Memorabilia contenus dans une FOOTBALL MYSTERY BOX ont \u00e9t\u00e9 v\u00e9rifi\u00e9s par l&rsquo;un des principaux authentificateurs am\u00e9ricains du march\u00e9 et sont accompagn\u00e9s d&rsquo;\u00e9l\u00e9ments de s\u00e9curit\u00e9 num\u00e9rot\u00e9s en s\u00e9rie (Certificate of Authenticity et\/ou hologramme de s\u00e9curit\u00e9). Les authentifiants sont exclusivement : Beckett, James Spence Authentication, PSA\/DNA ou Fanatics. Plus d&rsquo;infos sur ce th\u00e8me important Authentification vous trouverez <strong><a href=\"https:\/\/memorabilia-germany.de\/fr\/authentification-des-signatures\/\">ici<\/a><\/strong>.<\/li>\n<li>Vous trouverez chez nous un aper\u00e7u COMPLET de la liste des joueurs inclus dans cette s\u00e9rie de Mystery Box :<\/li>\n<\/ul>\n<p style=\"text-align: center;\">Ben Roethlisberger<br \/>\nEmmitt Smith<br \/>\nCooper Kupp<br \/>\nJ.J. Watt<br \/>\nAlvin Kamara<br \/>\nDavante Adams<br \/>\nD.K. Metcalf<br \/>\nCris Carter<br \/>\nDeebo Samuel<br \/>\nOdell Beckham Jr.<br \/>\nRay Lewis<br \/>\nDeion Sanders<br \/>\nGale \u201cKansas Comet\u201d Sayers<br \/>\nTyler Lockett<br \/>\nJames Connor<br \/>\nD\u2019Andre Swift<br \/>\nMichael Strahan<br \/>\nEmmanuel Sanders<br \/>\nLuke Kuechly<br \/>\nDick Vermeil<br \/>\nY.A. Tittle<br \/>\nNick Bolton<br \/>\nTremaine Edmunds<br \/>\nDonovan McNabb<br \/>\nAndre Reed<br \/>\nThurman Thomas<br \/>\nBruce Matthews<br \/>\nMichael Vick<br \/>\nClyde Edwards-Helaire<br \/>\nD.J. Moore<br \/>\nTedy Bruschi<br \/>\nMarquez Valdes-Scantling<br \/>\nArt Donovan<br \/>\nDavid Johnson<br \/>\nDarius Leonard<br \/>\nMike Singletary<br \/>\nJoe Theismann<br \/>\nTom Flores<br \/>\nDaniel Jones<br \/>\nJalen Hurts\n<\/p>\n<p>\nSi une s\u00e9rie contient plus d&rsquo;un Memorabilia de football du m\u00eame joueur, vous obtiendrez une \u00ab\u00a0No Double Option\u00a0\u00bb. Cela signifie que vous ne recevrez certainement pas de joueur en double si vous achetez plus d&rsquo;une bo\u00eete.\n<\/p>\n<p>\nComment fonctionne un Football Am\u00e9ricain Mystery Box ?<br \/>\nVous trouverez des informations \u00e0 ce sujet dans nos <strong><a href=\"https:\/\/memorabilia-germany.de\/fr\/sport-memorabilia-faq\/#memorabilia-mystery-box\"><u>FAQ<\/u><\/a><\/strong>!\n<\/p>\n<p>\nTu trouveras plus de Memorabilia Football Am\u00e9ricain <strong><a href=\"https:\/\/memorabilia-germany.de\/fr\/football-americain-memorabilia\"><u>ici<\/u><\/a><\/strong>!<\/p>\n","protected":false},"excerpt":{"rendered":"<p><strong>Cette s\u00e9rie est disponible sur un total de 60 Football Am\u00e9ricain. <a href=\"https:\/\/memorabilia-germany.de\/fr\/sport-memorabilia-faq\/#memorabilia-mystery-box\"><u>Mystery Boxes<\/u><\/a> en \u00e9dition limit\u00e9e. Chaque bo\u00eete poss\u00e8de un num\u00e9ro de s\u00e9rie. Trouvez des ballons de football am\u00e9ricain sign\u00e9s par des l\u00e9gendes de la NFL comme \u00ab\u00a0Big Ben\u00a0\u00bb Roethlisberger ou Emmitt Smith et des superstars actuelles comme Cooper Kupp ou Davante Adams !<\/strong><\/p>\n<p><strong>Vue d\u2019ensemble rapide :<\/strong><\/p>\n<ul style=\"list-style-type: square;\">\n<li>Contenu de chaque bo\u00eete : Football Am\u00e9ricain sign\u00e9 (Full Size, marque : Wilson, Reebok, Rawlings). Les images vous donnent un petit aper\u00e7u du secret de la s\u00e9rie !<\/li>\n<li>Tous les footballs Am\u00e9ricain sont sign\u00e9s par au moins une star actuelle de la NFL ou une l\u00e9gende de la NFL. De plus, de nombreux ballons sont \u00e9galement sign\u00e9s avec des inscriptions par les joueurs !<\/li>\n<li>Authentification des autographes (exclusivement) : <strong><a href=\"https:\/\/memorabilia-germany.de\/fr\/authentification-des-signatures\/#signature-authentication-beckett\">Beckett<\/a><\/strong>, <strong><a href=\"https:\/\/memorabilia-germany.de\/fr\/authentification-des-signatures\/#signature-authentication-james-spence\">James Spence Authentication<\/a><\/strong>, <strong><a href=\"https:\/\/memorabilia-germany.de\/fr\/authentification-des-signatures\/#signature-authentication-psa-dna\">PSA\/DNA<\/a><\/strong> ou <strong><a href=\"https:\/\/memorabilia-germany.de\/fr\/authentification-des-signatures\/#signature-authentication-fanatics\">Fanatics<\/a><\/strong>.<\/li>\n<\/ul>\n","protected":false},"featured_media":40202,"template":"","meta":{"_acf_changed":false,"ocean_post_layout":"","ocean_both_sidebars_style":"","ocean_both_sidebars_content_width":0,"ocean_both_sidebars_sidebars_width":0,"ocean_sidebar":"0","ocean_second_sidebar":"0","ocean_disable_margins":"enable","ocean_add_body_class":"","ocean_shortcode_before_top_bar":"","ocean_shortcode_after_top_bar":"","ocean_shortcode_before_header":"","ocean_shortcode_after_header":"","ocean_has_shortcode":"","ocean_shortcode_after_title":"","ocean_shortcode_before_footer_widgets":"","ocean_shortcode_after_footer_widgets":"","ocean_shortcode_before_footer_bottom":"","ocean_shortcode_after_footer_bottom":"","ocean_display_top_bar":"default","ocean_display_header":"default","ocean_header_style":"","ocean_center_header_left_menu":"0","ocean_custom_header_template":"0","ocean_custom_logo":0,"ocean_custom_retina_logo":0,"ocean_custom_logo_max_width":0,"ocean_custom_logo_tablet_max_width":0,"ocean_custom_logo_mobile_max_width":0,"ocean_custom_logo_max_height":0,"ocean_custom_logo_tablet_max_height":0,"ocean_custom_logo_mobile_max_height":0,"ocean_header_custom_menu":"0","ocean_menu_typo_font_family":"0","ocean_menu_typo_font_subset":"","ocean_menu_typo_font_size":0,"ocean_menu_typo_font_size_tablet":0,"ocean_menu_typo_font_size_mobile":0,"ocean_menu_typo_font_size_unit":"px","ocean_menu_typo_font_weight":"","ocean_menu_typo_font_weight_tablet":"","ocean_menu_typo_font_weight_mobile":"","ocean_menu_typo_transform":"","ocean_menu_typo_transform_tablet":"","ocean_menu_typo_transform_mobile":"","ocean_menu_typo_line_height":0,"ocean_menu_typo_line_height_tablet":0,"ocean_menu_typo_line_height_mobile":0,"ocean_menu_typo_line_height_unit":"","ocean_menu_typo_spacing":0,"ocean_menu_typo_spacing_tablet":0,"ocean_menu_typo_spacing_mobile":0,"ocean_menu_typo_spacing_unit":"","ocean_menu_link_color":"","ocean_menu_link_color_hover":"","ocean_menu_link_color_active":"","ocean_menu_link_background":"","ocean_menu_link_hover_background":"","ocean_menu_link_active_background":"","ocean_menu_social_links_bg":"","ocean_menu_social_hover_links_bg":"","ocean_menu_social_links_color":"","ocean_menu_social_hover_links_color":"","ocean_disable_title":"default","ocean_disable_heading":"default","ocean_post_title":"","ocean_post_subheading":"","ocean_post_title_style":"","ocean_post_title_background_color":"","ocean_post_title_background":0,"ocean_post_title_bg_image_position":"","ocean_post_title_bg_image_attachment":"","ocean_post_title_bg_image_repeat":"","ocean_post_title_bg_image_size":"","ocean_post_title_height":0,"ocean_post_title_bg_overlay":0.5,"ocean_post_title_bg_overlay_color":"","ocean_disable_breadcrumbs":"default","ocean_breadcrumbs_color":"","ocean_breadcrumbs_separator_color":"","ocean_breadcrumbs_links_color":"","ocean_breadcrumbs_links_hover_color":"","ocean_display_footer_widgets":"default","ocean_display_footer_bottom":"default","ocean_custom_footer_template":"0","ofc_enable_fullscreen":"disable","ofc_fullscreen_speed":0,"ofc_fullscreen_nav":"enable","ofc_fullscreen_nav_pos":"right","ofc_fullscreen_nav_color":"","ofc_fullscreen_nav_tooltip_color":"","ofc_fullscreen_responsive":0},"product_brand":[],"product_cat":[2218],"product_tag":[],"class_list":{"0":"post-40201","1":"product","2":"type-product","3":"status-publish","4":"has-post-thumbnail","6":"product_cat-football-americain-mystery-box-signee-superstar-hunter-series","7":"product_shipping_class-classe-dexpedition_a","9":"entry","10":"has-media","12":"first","13":"instock","14":"taxable","15":"shipping-taxable","16":"purchasable","17":"product-type-simple","18":"col","19":"span_1_of_4","20":"owp-content-center","21":"owp-thumbs-layout-horizontal","22":"owp-btn-normal","23":"owp-tabs-layout-horizontal"},"acf":[],"_links":{"self":[{"href":"https:\/\/memorabilia-germany.de\/fr\/wp-json\/wp\/v2\/product\/40201","targetHints":{"allow":["GET"]}}],"collection":[{"href":"https:\/\/memorabilia-germany.de\/fr\/wp-json\/wp\/v2\/product"}],"about":[{"href":"https:\/\/memorabilia-germany.de\/fr\/wp-json\/wp\/v2\/types\/product"}],"version-history":[{"count":0,"href":"https:\/\/memorabilia-germany.de\/fr\/wp-json\/wp\/v2\/product\/40201\/revisions"}],"wp:featuredmedia":[{"embeddable":true,"href":"https:\/\/memorabilia-germany.de\/fr\/wp-json\/wp\/v2\/media\/40202"}],"wp:attachment":[{"href":"https:\/\/memorabilia-germany.de\/fr\/wp-json\/wp\/v2\/media?parent=40201"}],"wp:term":[{"taxonomy":"product_brand","embeddable":true,"href":"https:\/\/memorabilia-germany.de\/fr\/wp-json\/wp\/v2\/product_brand?post=40201"},{"taxonomy":"product_cat","embeddable":true,"href":"https:\/\/memorabilia-germany.de\/fr\/wp-json\/wp\/v2\/product_cat?post=40201"},{"taxonomy":"product_tag","embeddable":true,"href":"https:\/\/memorabilia-germany.de\/fr\/wp-json\/wp\/v2\/product_tag?post=40201"}],"curies":[{"name":"wp","href":"https:\/\/api.w.org\/{rel}","templated":true}]}}