{"id":40174,"date":"2022-01-30T11:37:49","date_gmt":"2024-03-10T09:58:45","guid":{"rendered":"https:\/\/memorabilia-germany.de\/produkt\/movie-poster-mystery-box-signee-star-explorer-series\/"},"modified":"2024-04-03T17:46:34","modified_gmt":"2024-04-03T15:46:34","slug":"movie-poster-mystery-box-signee-star-explorer-series","status":"publish","type":"product","link":"https:\/\/memorabilia-germany.de\/fr\/produit\/movie-poster-mystery-box-signee-star-explorer-series\/","title":{"rendered":"Movie Poster Mystery Box sign\u00e9e : STAR EXPLORER SERIES"},"content":{"rendered":"<p><strong>Plus d\u2019informations sur cette s\u00e9rie Movie Poster Mystery Box :<\/strong><\/p>\n<ul style=\"list-style-type: square;\">\n<li>Toutes les affiches de films sont imprim\u00e9es sur du papier photo de haute qualit\u00e9 et proviennent de d\u00e9dicaces officielles des stars du cin\u00e9ma et s\u00e9ries. Les tailles des articles sont diff\u00e9rentes et varient entre 20x26cm et 31x46cm.<\/li>\n<li>Affiches avec autographes de plusieurs stars (2 ou plus) incluses dans cette s\u00e9rie !<\/li>\n<li>Les Movie Poster sont r\u00e9parties au hasard dans les cartons.<\/li>\n<li>Tous les Memorabilia contenus dans une Mystery Box Movie Poster ont \u00e9t\u00e9 v\u00e9rifi\u00e9s par l&rsquo;un des principaux Authenticators am\u00e9ricains et sont accompagn\u00e9s de caract\u00e9ristiques de s\u00e9curit\u00e9 num\u00e9rot\u00e9es en s\u00e9rie (Certificate of Authenticity et\/ou hologramme de s\u00e9curit\u00e9). Les authentifiants sont exclusivement : Beckett, James Spence Authentication, PSA\/DNA ou Fanatics. Vous trouverez plus d&rsquo;informations sur le th\u00e8me important de l&rsquo;authentification <strong><a href=\"https:\/\/memorabilia-germany.de\/fr\/authentification-des-signatures\/\">ici<\/a><\/strong>.<\/li>\n<li>Avec nous, vous obtenez un aper\u00e7u COMPLET de la liste des stars incluses dans cette s\u00e9rie :<\/li>\n<\/ul>\n<p style=\"text-align: center;\">Chris Hemsworth<br \/>\nJennifer Lawrence<br \/>\nMatthew McConaughey<br \/>\nJohnny Depp<br \/>\nHugh Jackman<br \/>\nStar Wars Solo Crew Signed<br \/>\nPeter Jackson<br \/>\nJohn Cena<br \/>\nJamie Foxx<br \/>\nSusan Sarandon<br \/>\nGiancarlo Esposito<br \/>\nPaul Bettany<br \/>\nEddie Redmayne<br \/>\nFelicity Jones<br \/>\nEzra Miller<br \/>\nDolph Lundgren<br \/>\nBenicio del Toro<br \/>\nJamie Dornan<br \/>\nKevin James<br \/>\nChevy Chase<br \/>\nNeve Campbell<br \/>\nNaomi Watts<br \/>\nBilly Bob Thornton<br \/>\nMalcolm McDowell<br \/>\nSaoirse Ronan<br \/>\nSkeet Ulrich<br \/>\nShailene Woodley<br \/>\nGuy Ritchie<br \/>\nMilla Jovovich<br \/>\nJJ Abrams<br \/>\nDiane Keaton<br \/>\nKatey Sagal<br \/>\nCasey Affleck<br \/>\nEvangeline Lilly<br \/>\nJerry Bruckheimer<br \/>\nVera Miles<br \/>\nChristopher Lloyd<br \/>\nYahya Abdul-Mateen<br \/>\nRay Stevenson<br \/>\nBill Pullman<br \/>\nBruce Dern<br \/>\nAaron Eckhardt<br \/>\nJoel Kinnaman<br \/>\nAri Lehman<br \/>\nNatalia Reyes<br \/>\nNick Castle<br \/>\nSeth Rogen<br \/>\nDiane Guerrero<br \/>\nHenry Winkler<br \/>\nRalph Macchio<br \/>\nLinda Blair<br \/>\nAndy Serkis<br \/>\nTommy Chong + Cheech Marin<br \/>\nKevin Dillon<br \/>\nMichael Winslow<br \/>\nRichard Kiel<br \/>\nJoel Edgerton<br \/>\nMichael Madsen<br \/>\nSean Astin<br \/>\nRichard Donner<\/p>\n<p>Si une s\u00e9rie contient plus d&rsquo;un objet de la m\u00eame star, vous recevrez une \u00ab\u00a0No Double Option\u00a0\u00bb. Cela signifie que vous ne recevrez certainement pas d\u2019objet sign\u00e9 par une star en double si vous achetez plus d\u2019une bo\u00eete.<\/p>\n<p>Comment fonctionne une Movie Poster Mystery Box ?<br \/>\nVous pouvez trouver des informations \u00e0 ce sujet dans notre <strong><a href=\"https:\/\/memorabilia-germany.de\/fr\/sports-memorabilia-faq\/#memorabilia-mystery-box\"><u>FAQ<\/u><\/a><\/strong>!<\/p>\n<p>Vous pouvez trouver plus d\u2019autographes de stars hollywoodiennes <strong><a href=\"https:\/\/memorabilia-germany.de\/fr\/entertainment-memorabilia\/\"><u>ici<\/u><\/a><\/strong>!<\/p>\n","protected":false},"excerpt":{"rendered":"<p><strong>Cette s\u00e9rie est disponible sur un total de 75 Movie Poster <a href=\"https:\/\/memorabilia-germany.de\/fr\/sports-memorabilia-faq\/#memorabilia-mystery-box\"><u>Mystery Boxes<\/u><\/a> en \u00e9dition limit\u00e9e.<br \/>\nChaque bo\u00eete poss\u00e8de un num\u00e9ro de s\u00e9rie. Retrouvez des Movie Poster avec des autographes de stars comme Chris Hemsworth, Matthew McConaughey ou Jennifer Lawrence dans cette s\u00e9rie !<\/strong><\/p>\n<p><strong>Vue d\u2019ensemble rapide :<\/strong><\/p>\n<ul style=\"list-style-type: square;\">\n<li>Contenu de chaque bo\u00eete : Affiche de film avec autographe d&rsquo;une star d&rsquo;un film hollywoodien bien connu ou d&rsquo;une s\u00e9rie US connue. Les images vous donnent un petit aper\u00e7u du secret de la s\u00e9rie !<\/li>\n<li>Toutes les affiches de films sont sign\u00e9es par au moins une star de film ou de s\u00e9rie connue. De plus, de nombreux posters sont sign\u00e9s par les stars !<\/li>\n<li>Authentification des autographes (exclusivement) : <strong><a href=\"https:\/\/memorabilia-germany.de\/fr\/authentification-des-signatures\/#signature-authentication-beckett\">Beckett<\/a><\/strong>, <strong><a href=\"https:\/\/memorabilia-germany.de\/fr\/authentification-des-signatures\/#signature-authentication-james-spence\">James Spence Authentication<\/a><\/strong>, <strong><a href=\"https:\/\/memorabilia-germany.de\/fr\/authentification-des-signatures\/#signature-authentication-psa-dna\">PSA\/DNA<\/a><\/strong> ou <strong><a href=\"https:\/\/memorabilia-germany.de\/fr\/authentification-des-signatures\/#signature-authentication-fanatics\">Fanatics<\/a><\/strong>.<\/li>\n<\/ul>\n","protected":false},"featured_media":40175,"template":"","meta":{"_acf_changed":false,"ocean_post_layout":"","ocean_both_sidebars_style":"","ocean_both_sidebars_content_width":0,"ocean_both_sidebars_sidebars_width":0,"ocean_sidebar":"0","ocean_second_sidebar":"0","ocean_disable_margins":"enable","ocean_add_body_class":"","ocean_shortcode_before_top_bar":"","ocean_shortcode_after_top_bar":"","ocean_shortcode_before_header":"","ocean_shortcode_after_header":"","ocean_has_shortcode":"","ocean_shortcode_after_title":"","ocean_shortcode_before_footer_widgets":"","ocean_shortcode_after_footer_widgets":"","ocean_shortcode_before_footer_bottom":"","ocean_shortcode_after_footer_bottom":"","ocean_display_top_bar":"default","ocean_display_header":"default","ocean_header_style":"","ocean_center_header_left_menu":"0","ocean_custom_header_template":"0","ocean_custom_logo":0,"ocean_custom_retina_logo":0,"ocean_custom_logo_max_width":0,"ocean_custom_logo_tablet_max_width":0,"ocean_custom_logo_mobile_max_width":0,"ocean_custom_logo_max_height":0,"ocean_custom_logo_tablet_max_height":0,"ocean_custom_logo_mobile_max_height":0,"ocean_header_custom_menu":"0","ocean_menu_typo_font_family":"0","ocean_menu_typo_font_subset":"","ocean_menu_typo_font_size":0,"ocean_menu_typo_font_size_tablet":0,"ocean_menu_typo_font_size_mobile":0,"ocean_menu_typo_font_size_unit":"px","ocean_menu_typo_font_weight":"","ocean_menu_typo_font_weight_tablet":"","ocean_menu_typo_font_weight_mobile":"","ocean_menu_typo_transform":"","ocean_menu_typo_transform_tablet":"","ocean_menu_typo_transform_mobile":"","ocean_menu_typo_line_height":0,"ocean_menu_typo_line_height_tablet":0,"ocean_menu_typo_line_height_mobile":0,"ocean_menu_typo_line_height_unit":"","ocean_menu_typo_spacing":0,"ocean_menu_typo_spacing_tablet":0,"ocean_menu_typo_spacing_mobile":0,"ocean_menu_typo_spacing_unit":"","ocean_menu_link_color":"","ocean_menu_link_color_hover":"","ocean_menu_link_color_active":"","ocean_menu_link_background":"","ocean_menu_link_hover_background":"","ocean_menu_link_active_background":"","ocean_menu_social_links_bg":"","ocean_menu_social_hover_links_bg":"","ocean_menu_social_links_color":"","ocean_menu_social_hover_links_color":"","ocean_disable_title":"default","ocean_disable_heading":"default","ocean_post_title":"","ocean_post_subheading":"","ocean_post_title_style":"","ocean_post_title_background_color":"","ocean_post_title_background":0,"ocean_post_title_bg_image_position":"","ocean_post_title_bg_image_attachment":"","ocean_post_title_bg_image_repeat":"","ocean_post_title_bg_image_size":"","ocean_post_title_height":0,"ocean_post_title_bg_overlay":0.5,"ocean_post_title_bg_overlay_color":"","ocean_disable_breadcrumbs":"default","ocean_breadcrumbs_color":"","ocean_breadcrumbs_separator_color":"","ocean_breadcrumbs_links_color":"","ocean_breadcrumbs_links_hover_color":"","ocean_display_footer_widgets":"default","ocean_display_footer_bottom":"default","ocean_custom_footer_template":"0","ofc_enable_fullscreen":"disable","ofc_fullscreen_speed":0,"ofc_fullscreen_nav":"enable","ofc_fullscreen_nav_pos":"right","ofc_fullscreen_nav_color":"","ofc_fullscreen_nav_tooltip_color":"","ofc_fullscreen_responsive":0},"product_brand":[],"product_cat":[2159],"product_tag":[],"class_list":{"0":"post-40174","1":"product","2":"type-product","3":"status-publish","4":"has-post-thumbnail","6":"product_cat-movie-poster-mystery-box-signee-star-explorer-series","7":"product_shipping_class-classe-dexpedition_a","9":"entry","10":"has-media","12":"first","13":"instock","14":"taxable","15":"shipping-taxable","16":"purchasable","17":"product-type-simple","18":"col","19":"span_1_of_4","20":"owp-content-center","21":"owp-thumbs-layout-horizontal","22":"owp-btn-normal","23":"owp-tabs-layout-horizontal"},"acf":[],"_links":{"self":[{"href":"https:\/\/memorabilia-germany.de\/fr\/wp-json\/wp\/v2\/product\/40174","targetHints":{"allow":["GET"]}}],"collection":[{"href":"https:\/\/memorabilia-germany.de\/fr\/wp-json\/wp\/v2\/product"}],"about":[{"href":"https:\/\/memorabilia-germany.de\/fr\/wp-json\/wp\/v2\/types\/product"}],"version-history":[{"count":0,"href":"https:\/\/memorabilia-germany.de\/fr\/wp-json\/wp\/v2\/product\/40174\/revisions"}],"wp:featuredmedia":[{"embeddable":true,"href":"https:\/\/memorabilia-germany.de\/fr\/wp-json\/wp\/v2\/media\/40175"}],"wp:attachment":[{"href":"https:\/\/memorabilia-germany.de\/fr\/wp-json\/wp\/v2\/media?parent=40174"}],"wp:term":[{"taxonomy":"product_brand","embeddable":true,"href":"https:\/\/memorabilia-germany.de\/fr\/wp-json\/wp\/v2\/product_brand?post=40174"},{"taxonomy":"product_cat","embeddable":true,"href":"https:\/\/memorabilia-germany.de\/fr\/wp-json\/wp\/v2\/product_cat?post=40174"},{"taxonomy":"product_tag","embeddable":true,"href":"https:\/\/memorabilia-germany.de\/fr\/wp-json\/wp\/v2\/product_tag?post=40174"}],"curies":[{"name":"wp","href":"https:\/\/api.w.org\/{rel}","templated":true}]}}